{"id":1160,"date":"2022-09-04T04:20:54","date_gmt":"2022-09-03T23:20:54","guid":{"rendered":"https:\/\/bambu-arquitectura.com\/?page_id=1160"},"modified":"2023-07-03T22:47:36","modified_gmt":"2023-07-03T17:47:36","slug":"planos-descargables","status":"publish","type":"page","link":"https:\/\/bambu-arquitectura.com\/en\/planos-descargables\/","title":{"rendered":"Plans for Sale"},"content":{"rendered":"<p>In <a href=\"https:\/\/bambu-arquitectura.net\" target=\"_blank\" rel=\"noreferrer noopener\">Planos Bamb\u00fa Arquitectura<\/a> you can buy Architectural Plans and Technical Plans for the construction of caba\u00f1as and bamboo houses.<\/p>\n\n\n\n<figure class=\"wp-block-embed aligncenter is-type-wp-embed is-provider-planos-bambu-arquitectura wp-block-embed-planos-bambu-arquitectura\"><div class=\"wp-block-embed__wrapper\">\n<blockquote class=\"wp-embedded-content\" data-secret=\"6xdULwy55Z\"><a href=\"https:\/\/bambu-arquitectura.net\/producto\/planos-arquitectonicos-casa-dos-mangas-piho\/\">Architectural Plans House Dos Mangas PiHo<\/a><\/blockquote><iframe loading=\"lazy\" class=\"wp-embedded-content\" sandbox=\"allow-scripts\" security=\"restricted\" style=\"position: absolute; clip: rect(1px, 1px, 1px, 1px);\" title=\"\u00abArchitectural Plans House Dos Mangas PiHo\u00bb \u2014 Planos Bamb\u00fa Arquitectura\" src=\"https:\/\/bambu-arquitectura.net\/producto\/planos-arquitectonicos-casa-dos-mangas-piho\/embed\/#?secret=2UL40sF2gd#?secret=6xdULwy55Z\" data-secret=\"6xdULwy55Z\" width=\"600\" height=\"338\" frameborder=\"0\" marginwidth=\"0\" marginheight=\"0\" scrolling=\"no\"><\/iframe>\n<\/div><\/figure>\n\n\n\n<figure class=\"wp-block-embed aligncenter is-type-wp-embed is-provider-planos-bambu-arquitectura wp-block-embed-planos-bambu-arquitectura\"><div class=\"wp-block-embed__wrapper\">\n<blockquote class=\"wp-embedded-content\" data-secret=\"1rmexZ6y7g\"><a href=\"https:\/\/bambu-arquitectura.net\/producto\/planos-tecnicos-casa-dos-mangas-piho\/\">Technical Plans House Dos Mangas PiHo<\/a><\/blockquote><iframe loading=\"lazy\" class=\"wp-embedded-content\" sandbox=\"allow-scripts\" security=\"restricted\" style=\"position: absolute; clip: rect(1px, 1px, 1px, 1px);\" title=\"\u00abTechnical Plans House Dos Mangas PiHo\u00bb \u2014 Plans Bamb\u00fa Arquitectura\" src=\"https:\/\/bambu-arquitectura.net\/producto\/planos-tecnicos-casa-dos-mangas-piho\/embed\/#?secret=c71TZLRk6N#?secret=1rmexZ6y7g\" data-secret=\"1rmexZ6y7g\" width=\"600\" height=\"338\" frameborder=\"0\" marginwidth=\"0\" marginheight=\"0\" scrolling=\"no\"><\/iframe>\n<\/div><\/figure>\n\n\n\n<figure class=\"wp-block-embed aligncenter is-type-wp-embed is-provider-planos-bambu-arquitectura wp-block-embed-planos-bambu-arquitectura\"><div class=\"wp-block-embed__wrapper\">\n<blockquote class=\"wp-embedded-content\" data-secret=\"1tvM85jq9L\"><a href=\"https:\/\/bambu-arquitectura.net\/producto\/planos-arquitectonicos-casa-piura-piho-do2\/\">Architectural Plans House Piura PiHo Do2<\/a><\/blockquote><iframe loading=\"lazy\" class=\"wp-embedded-content\" sandbox=\"allow-scripts\" security=\"restricted\" style=\"position: absolute; clip: rect(1px, 1px, 1px, 1px);\" title=\"\u00abArchitectural Plans House Piura PiHo Do2\u00bb \u2014 Plans Bamb\u00fa Arquitectura\" src=\"https:\/\/bambu-arquitectura.net\/producto\/planos-arquitectonicos-casa-piura-piho-do2\/embed\/#?secret=kJQ1xmPuhw#?secret=1tvM85jq9L\" data-secret=\"1tvM85jq9L\" width=\"600\" height=\"338\" frameborder=\"0\" marginwidth=\"0\" marginheight=\"0\" scrolling=\"no\"><\/iframe>\n<\/div><\/figure>\n\n\n\n<figure class=\"wp-block-embed aligncenter is-type-wp-embed is-provider-planos-bambu-arquitectura wp-block-embed-planos-bambu-arquitectura\"><div class=\"wp-block-embed__wrapper\">\n<blockquote class=\"wp-embedded-content\" data-secret=\"aUOinjXhyP\"><a href=\"https:\/\/bambu-arquitectura.net\/producto\/planos-arquitectonicos-casa-piura-piho-do3\/\">Architectural Plans House Piura PiHo Do3<\/a><\/blockquote><iframe loading=\"lazy\" class=\"wp-embedded-content\" sandbox=\"allow-scripts\" security=\"restricted\" style=\"position: absolute; clip: rect(1px, 1px, 1px, 1px);\" title=\"\u00abArchitectural Plans House Piura PiHo Do3\u00bb \u2014 Plans Bamb\u00fa Arquitectura\" src=\"https:\/\/bambu-arquitectura.net\/producto\/planos-arquitectonicos-casa-piura-piho-do3\/embed\/#?secret=cRbo7MnBya#?secret=aUOinjXhyP\" data-secret=\"aUOinjXhyP\" width=\"600\" height=\"338\" frameborder=\"0\" marginwidth=\"0\" marginheight=\"0\" scrolling=\"no\"><\/iframe>\n<\/div><\/figure>\n\n\n\n<figure class=\"wp-block-embed aligncenter is-type-wp-embed is-provider-planos-bambu-arquitectura wp-block-embed-planos-bambu-arquitectura\"><div class=\"wp-block-embed__wrapper\">\n<blockquote class=\"wp-embedded-content\" data-secret=\"BtcFMJaG6B\"><a href=\"https:\/\/bambu-arquitectura.net\/producto\/planos-tecnicos-casa-piura-piho-do3\/\">Technical Plans House Piura PiHo Do3<\/a><\/blockquote><iframe loading=\"lazy\" class=\"wp-embedded-content\" sandbox=\"allow-scripts\" security=\"restricted\" style=\"position: absolute; clip: rect(1px, 1px, 1px, 1px);\" title=\"\u00abPiura PiHo Do3 House Technical Plans\u00bb \u2014 Plans Bamb\u00fa Arquitectura\" src=\"https:\/\/bambu-arquitectura.net\/producto\/planos-tecnicos-casa-piura-piho-do3\/embed\/#?secret=gjVKm1n2B7#?secret=BtcFMJaG6B\" data-secret=\"BtcFMJaG6B\" width=\"600\" height=\"338\" frameborder=\"0\" marginwidth=\"0\" marginheight=\"0\" scrolling=\"no\"><\/iframe>\n<\/div><\/figure>\n\n\n\n<figure class=\"wp-block-embed is-type-wp-embed is-provider-planos-bambu-arquitectura wp-block-embed-planos-bambu-arquitectura\"><div class=\"wp-block-embed__wrapper\">\n<blockquote class=\"wp-embedded-content\" data-secret=\"SPpZ5UXYni\"><a href=\"https:\/\/bambu-arquitectura.net\/producto\/planos-arquitectonicos-casa-piura-pima-do2\/\">Architectural Plans House Piura PiMa Do2<\/a><\/blockquote><iframe loading=\"lazy\" class=\"wp-embedded-content\" sandbox=\"allow-scripts\" security=\"restricted\" style=\"position: absolute; clip: rect(1px, 1px, 1px, 1px);\" title=\"\u00abArchitectural Plans House Piura PiMa Do2\u00bb \u2014 Plans Bamb\u00fa Arquitectura\" src=\"https:\/\/bambu-arquitectura.net\/producto\/planos-arquitectonicos-casa-piura-pima-do2\/embed\/#?secret=pNhPxwDGVa#?secret=SPpZ5UXYni\" data-secret=\"SPpZ5UXYni\" width=\"600\" height=\"338\" frameborder=\"0\" marginwidth=\"0\" marginheight=\"0\" scrolling=\"no\"><\/iframe>\n<\/div><\/figure>\n\n\n\n<figure class=\"wp-block-embed aligncenter is-type-wp-embed is-provider-planos-bambu-arquitectura wp-block-embed-planos-bambu-arquitectura\"><div class=\"wp-block-embed__wrapper\">\n<blockquote class=\"wp-embedded-content\" data-secret=\"tOlfTiBisG\"><a href=\"https:\/\/bambu-arquitectura.net\/producto\/planos-arquitectonicos-casa-piura-pima-do3\/\">Architectural Plans House Piura PiMa Do3<\/a><\/blockquote><iframe loading=\"lazy\" class=\"wp-embedded-content\" sandbox=\"allow-scripts\" security=\"restricted\" style=\"position: absolute; clip: rect(1px, 1px, 1px, 1px);\" title=\"\u00abArchitectural Plans House Piura PiMa Do3\u00bb \u2014 Plans Bamb\u00fa Arquitectura\" src=\"https:\/\/bambu-arquitectura.net\/producto\/planos-arquitectonicos-casa-piura-pima-do3\/embed\/#?secret=wUrjEWVmn7#?secret=tOlfTiBisG\" data-secret=\"tOlfTiBisG\" width=\"600\" height=\"338\" frameborder=\"0\" marginwidth=\"0\" marginheight=\"0\" scrolling=\"no\"><\/iframe>\n<\/div><\/figure>\n\n\n\n<figure class=\"wp-block-embed is-type-wp-embed is-provider-planos-bambu-arquitectura wp-block-embed-planos-bambu-arquitectura\"><div class=\"wp-block-embed__wrapper\">\n<blockquote class=\"wp-embedded-content\" data-secret=\"11BjcevTX9\"><a href=\"https:\/\/bambu-arquitectura.net\/producto\/planos-tecnicos-cabana-ballenita-xl-piho\/\">Technical Drawings Caba\u00f1a Ballenita XL PiHo<\/a><\/blockquote><iframe loading=\"lazy\" class=\"wp-embedded-content\" sandbox=\"allow-scripts\" security=\"restricted\" style=\"position: absolute; clip: rect(1px, 1px, 1px, 1px);\" title=\"\u00abCaba\u00f1a Ballenita XL PiHo Technical Drawings\u00bb \u2014 Bamb\u00fa Arquitectura Drawings\" src=\"https:\/\/bambu-arquitectura.net\/producto\/planos-tecnicos-cabana-ballenita-xl-piho\/embed\/#?secret=bwEp66WysX#?secret=11BjcevTX9\" data-secret=\"11BjcevTX9\" width=\"600\" height=\"338\" frameborder=\"0\" marginwidth=\"0\" marginheight=\"0\" scrolling=\"no\"><\/iframe>\n<\/div><\/figure>","protected":false},"excerpt":{"rendered":"<p>In Planos Bamb\u00fa Arquitectura you can buy Architectural Plans and Technical Plans for the construction of caba\u00f1as and bamboo houses.<\/p>","protected":false},"author":1,"featured_media":1181,"parent":0,"menu_order":0,"comment_status":"closed","ping_status":"closed","template":"","meta":{"footnotes":""},"class_list":["post-1160","page","type-page","status-publish","has-post-thumbnail","hentry"],"yoast_head":"<!-- This site is optimized with the Yoast SEO plugin v27.3 - https:\/\/yoast.com\/product\/yoast-seo-wordpress\/ -->\n<title>Planos en Venta - Dise\u00f1os Bamb\u00fa Arquitectura<\/title>\n<meta name=\"description\" content=\"Enlace al sitio Planos Bamb\u00fa Arquitectura para encontrar Planos Arquitect\u00f3nicos, Planos T\u00e9cnicos y Presupuestos para Construcciones de Bamb\u00fa.\" \/>\n<meta name=\"robots\" content=\"index, follow, max-snippet:-1, max-image-preview:large, max-video-preview:-1\" \/>\n<link rel=\"canonical\" href=\"https:\/\/bambu-arquitectura.com\/en\/planos-descargables\/\" \/>\n<meta property=\"og:locale\" content=\"en_US\" \/>\n<meta property=\"og:type\" content=\"article\" \/>\n<meta property=\"og:title\" content=\"Planos en Venta - Dise\u00f1os Bamb\u00fa Arquitectura\" \/>\n<meta property=\"og:description\" content=\"Enlace al sitio Planos Bamb\u00fa Arquitectura para encontrar Planos Arquitect\u00f3nicos, Planos T\u00e9cnicos y Presupuestos para Construcciones de Bamb\u00fa.\" \/>\n<meta property=\"og:url\" content=\"https:\/\/bambu-arquitectura.com\/en\/planos-descargables\/\" \/>\n<meta property=\"og:site_name\" content=\"Dise\u00f1os Bamb\u00fa Arquitectura\" \/>\n<meta property=\"article:modified_time\" content=\"2023-07-03T17:47:36+00:00\" \/>\n<meta property=\"og:image\" content=\"https:\/\/bambu-arquitectura.com\/wp-content\/uploads\/2022\/09\/Casa-de-Bambu-Manglaralto-07122021-scaled.webp\" \/>\n\t<meta property=\"og:image:width\" content=\"2560\" \/>\n\t<meta property=\"og:image:height\" content=\"1280\" \/>\n\t<meta property=\"og:image:type\" content=\"image\/webp\" \/>\n<meta name=\"twitter:card\" content=\"summary_large_image\" \/>\n<meta name=\"twitter:label1\" content=\"Est. reading time\" \/>\n\t<meta name=\"twitter:data1\" content=\"1 minute\" \/>\n<script type=\"application\/ld+json\" class=\"yoast-schema-graph\">{\"@context\":\"https:\\\/\\\/schema.org\",\"@graph\":[{\"@type\":\"WebPage\",\"@id\":\"https:\\\/\\\/bambu-arquitectura.com\\\/planos-descargables\\\/\",\"url\":\"https:\\\/\\\/bambu-arquitectura.com\\\/planos-descargables\\\/\",\"name\":\"Planos en Venta - Dise\u00f1os Bamb\u00fa Arquitectura\",\"isPartOf\":{\"@id\":\"https:\\\/\\\/bambu-arquitectura.com\\\/#website\"},\"primaryImageOfPage\":{\"@id\":\"https:\\\/\\\/bambu-arquitectura.com\\\/planos-descargables\\\/#primaryimage\"},\"image\":{\"@id\":\"https:\\\/\\\/bambu-arquitectura.com\\\/planos-descargables\\\/#primaryimage\"},\"thumbnailUrl\":\"https:\\\/\\\/bambu-arquitectura.com\\\/wp-content\\\/uploads\\\/2022\\\/09\\\/Casa-de-Bambu-Manglaralto-07122021-scaled.webp\",\"datePublished\":\"2022-09-03T23:20:54+00:00\",\"dateModified\":\"2023-07-03T17:47:36+00:00\",\"description\":\"Enlace al sitio Planos Bamb\u00fa Arquitectura para encontrar Planos Arquitect\u00f3nicos, Planos T\u00e9cnicos y Presupuestos para Construcciones de Bamb\u00fa.\",\"breadcrumb\":{\"@id\":\"https:\\\/\\\/bambu-arquitectura.com\\\/planos-descargables\\\/#breadcrumb\"},\"inLanguage\":\"en-US\",\"potentialAction\":[{\"@type\":\"ReadAction\",\"target\":[\"https:\\\/\\\/bambu-arquitectura.com\\\/planos-descargables\\\/\"]}]},{\"@type\":\"ImageObject\",\"inLanguage\":\"en-US\",\"@id\":\"https:\\\/\\\/bambu-arquitectura.com\\\/planos-descargables\\\/#primaryimage\",\"url\":\"https:\\\/\\\/bambu-arquitectura.com\\\/wp-content\\\/uploads\\\/2022\\\/09\\\/Casa-de-Bambu-Manglaralto-07122021-scaled.webp\",\"contentUrl\":\"https:\\\/\\\/bambu-arquitectura.com\\\/wp-content\\\/uploads\\\/2022\\\/09\\\/Casa-de-Bambu-Manglaralto-07122021-scaled.webp\",\"width\":2560,\"height\":1280,\"caption\":\"Render del dise\u00f1o de la casa de bamb\u00fa Manglaralto - Bamb\u00fa Arquitectura\"},{\"@type\":\"BreadcrumbList\",\"@id\":\"https:\\\/\\\/bambu-arquitectura.com\\\/planos-descargables\\\/#breadcrumb\",\"itemListElement\":[{\"@type\":\"ListItem\",\"position\":1,\"name\":\"Home\",\"item\":\"https:\\\/\\\/bambu-arquitectura.com\\\/\"},{\"@type\":\"ListItem\",\"position\":2,\"name\":\"Planos en Venta\"}]},{\"@type\":\"WebSite\",\"@id\":\"https:\\\/\\\/bambu-arquitectura.com\\\/#website\",\"url\":\"https:\\\/\\\/bambu-arquitectura.com\\\/\",\"name\":\"Bamb\u00fa Arquitectura\",\"description\":\"Dise\u00f1os caba\u00f1as y casas de bamb\u00fa\",\"potentialAction\":[{\"@type\":\"SearchAction\",\"target\":{\"@type\":\"EntryPoint\",\"urlTemplate\":\"https:\\\/\\\/bambu-arquitectura.com\\\/?s={search_term_string}\"},\"query-input\":{\"@type\":\"PropertyValueSpecification\",\"valueRequired\":true,\"valueName\":\"search_term_string\"}}],\"inLanguage\":\"en-US\"}]}<\/script>\n<!-- \/ Yoast SEO plugin. -->","yoast_head_json":{"title":"Plans for Sale - Bamb\u00fa Arquitectura Designs","description":"Link to the Bamb\u00fa Arquitectura Plans site to find architectural plans, technical plans, and estimates for bamboo constructions.","robots":{"index":"index","follow":"follow","max-snippet":"max-snippet:-1","max-image-preview":"max-image-preview:large","max-video-preview":"max-video-preview:-1"},"canonical":"https:\/\/bambu-arquitectura.com\/en\/planos-descargables\/","og_locale":"en_US","og_type":"article","og_title":"Planos en Venta - Dise\u00f1os Bamb\u00fa Arquitectura","og_description":"Enlace al sitio Planos Bamb\u00fa Arquitectura para encontrar Planos Arquitect\u00f3nicos, Planos T\u00e9cnicos y Presupuestos para Construcciones de Bamb\u00fa.","og_url":"https:\/\/bambu-arquitectura.com\/en\/planos-descargables\/","og_site_name":"Dise\u00f1os Bamb\u00fa Arquitectura","article_modified_time":"2023-07-03T17:47:36+00:00","og_image":[{"width":2560,"height":1280,"url":"https:\/\/bambu-arquitectura.com\/wp-content\/uploads\/2022\/09\/Casa-de-Bambu-Manglaralto-07122021-scaled.webp","type":"image\/webp"}],"twitter_card":"summary_large_image","twitter_misc":{"Est. reading time":"1 minute"},"schema":{"@context":"https:\/\/schema.org","@graph":[{"@type":"WebPage","@id":"https:\/\/bambu-arquitectura.com\/planos-descargables\/","url":"https:\/\/bambu-arquitectura.com\/planos-descargables\/","name":"Plans for Sale - Bamb\u00fa Arquitectura Designs","isPartOf":{"@id":"https:\/\/bambu-arquitectura.com\/#website"},"primaryImageOfPage":{"@id":"https:\/\/bambu-arquitectura.com\/planos-descargables\/#primaryimage"},"image":{"@id":"https:\/\/bambu-arquitectura.com\/planos-descargables\/#primaryimage"},"thumbnailUrl":"https:\/\/bambu-arquitectura.com\/wp-content\/uploads\/2022\/09\/Casa-de-Bambu-Manglaralto-07122021-scaled.webp","datePublished":"2022-09-03T23:20:54+00:00","dateModified":"2023-07-03T17:47:36+00:00","description":"Link to the Bamb\u00fa Arquitectura Plans site to find architectural plans, technical plans, and estimates for bamboo constructions.","breadcrumb":{"@id":"https:\/\/bambu-arquitectura.com\/planos-descargables\/#breadcrumb"},"inLanguage":"en-US","potentialAction":[{"@type":"ReadAction","target":["https:\/\/bambu-arquitectura.com\/planos-descargables\/"]}]},{"@type":"ImageObject","inLanguage":"en-US","@id":"https:\/\/bambu-arquitectura.com\/planos-descargables\/#primaryimage","url":"https:\/\/bambu-arquitectura.com\/wp-content\/uploads\/2022\/09\/Casa-de-Bambu-Manglaralto-07122021-scaled.webp","contentUrl":"https:\/\/bambu-arquitectura.com\/wp-content\/uploads\/2022\/09\/Casa-de-Bambu-Manglaralto-07122021-scaled.webp","width":2560,"height":1280,"caption":"Render del dise\u00f1o de la casa de bamb\u00fa Manglaralto - Bamb\u00fa Arquitectura"},{"@type":"BreadcrumbList","@id":"https:\/\/bambu-arquitectura.com\/planos-descargables\/#breadcrumb","itemListElement":[{"@type":"ListItem","position":1,"name":"Home","item":"https:\/\/bambu-arquitectura.com\/"},{"@type":"ListItem","position":2,"name":"Planos en Venta"}]},{"@type":"WebSite","@id":"https:\/\/bambu-arquitectura.com\/#website","url":"https:\/\/bambu-arquitectura.com\/","name":"Bamb\u00fa Arquitectura","description":"Designing bamboo caba\u00f1as and bamboo houses","potentialAction":[{"@type":"SearchAction","target":{"@type":"EntryPoint","urlTemplate":"https:\/\/bambu-arquitectura.com\/?s={search_term_string}"},"query-input":{"@type":"PropertyValueSpecification","valueRequired":true,"valueName":"search_term_string"}}],"inLanguage":"en-US"}]}},"jetpack_sharing_enabled":true,"_links":{"self":[{"href":"https:\/\/bambu-arquitectura.com\/en\/wp-json\/wp\/v2\/pages\/1160","targetHints":{"allow":["GET"]}}],"collection":[{"href":"https:\/\/bambu-arquitectura.com\/en\/wp-json\/wp\/v2\/pages"}],"about":[{"href":"https:\/\/bambu-arquitectura.com\/en\/wp-json\/wp\/v2\/types\/page"}],"author":[{"embeddable":true,"href":"https:\/\/bambu-arquitectura.com\/en\/wp-json\/wp\/v2\/users\/1"}],"replies":[{"embeddable":true,"href":"https:\/\/bambu-arquitectura.com\/en\/wp-json\/wp\/v2\/comments?post=1160"}],"version-history":[{"count":24,"href":"https:\/\/bambu-arquitectura.com\/en\/wp-json\/wp\/v2\/pages\/1160\/revisions"}],"predecessor-version":[{"id":1557,"href":"https:\/\/bambu-arquitectura.com\/en\/wp-json\/wp\/v2\/pages\/1160\/revisions\/1557"}],"wp:featuredmedia":[{"embeddable":true,"href":"https:\/\/bambu-arquitectura.com\/en\/wp-json\/wp\/v2\/media\/1181"}],"wp:attachment":[{"href":"https:\/\/bambu-arquitectura.com\/en\/wp-json\/wp\/v2\/media?parent=1160"}],"curies":[{"name":"wp","href":"https:\/\/api.w.org\/{rel}","templated":true}]}}