{"id":1274,"date":"2022-09-05T01:04:30","date_gmt":"2022-09-04T20:04:30","guid":{"rendered":"https:\/\/bambu-arquitectura.com\/?page_id=1274"},"modified":"2022-09-05T01:39:41","modified_gmt":"2022-09-04T20:39:41","slug":"casa-de-bambu-piura","status":"publish","type":"page","link":"https:\/\/bambu-arquitectura.com\/en\/casa-de-bambu-piura\/","title":{"rendered":"Bamboo House Piura"},"content":{"rendered":"<h5 class=\"wp-block-heading\">Design Bamboo House Piura<\/h5>\n\n\n\n<p>Design for a two-story bamboo house in Piura, Peru. The house is earthquake resistant, has a bamboo structure, concrete block walls (ground floor) and walls of chopped cane (second floor) plastered on the interior side, ground floor reinforced concrete slab, second floor wooden slab. Total area of the house: 138.8 m<sup>2<\/sup>.<\/p>\n\n\n\n<figure class=\"wp-block-image size-large\"><img loading=\"lazy\" decoding=\"async\" width=\"1024\" height=\"563\" src=\"https:\/\/bambu-arquitectura.com\/wp-content\/uploads\/2022\/09\/Casa-de-Bambu-Piura-04072022a-1024x563.webp\" alt=\"\" class=\"wp-image-1277\" srcset=\"https:\/\/bambu-arquitectura.com\/wp-content\/uploads\/2022\/09\/Casa-de-Bambu-Piura-04072022a-1024x563.webp 1024w, https:\/\/bambu-arquitectura.com\/wp-content\/uploads\/2022\/09\/Casa-de-Bambu-Piura-04072022a-300x165.webp 300w, https:\/\/bambu-arquitectura.com\/wp-content\/uploads\/2022\/09\/Casa-de-Bambu-Piura-04072022a-768x423.webp 768w, https:\/\/bambu-arquitectura.com\/wp-content\/uploads\/2022\/09\/Casa-de-Bambu-Piura-04072022a-1536x845.webp 1536w, https:\/\/bambu-arquitectura.com\/wp-content\/uploads\/2022\/09\/Casa-de-Bambu-Piura-04072022a-2048x1127.webp 2048w, https:\/\/bambu-arquitectura.com\/wp-content\/uploads\/2022\/09\/Casa-de-Bambu-Piura-04072022a-421x232.webp 421w\" sizes=\"auto, (max-width: 1024px) 100vw, 1024px\" \/><\/figure>\n\n\n\n<figure class=\"wp-block-image size-large\"><img loading=\"lazy\" decoding=\"async\" width=\"1024\" height=\"564\" src=\"https:\/\/bambu-arquitectura.com\/wp-content\/uploads\/2022\/09\/Casa-de-Bambu-Piura-04072022-1024x564.webp\" alt=\"\" class=\"wp-image-1278\" srcset=\"https:\/\/bambu-arquitectura.com\/wp-content\/uploads\/2022\/09\/Casa-de-Bambu-Piura-04072022-1024x564.webp 1024w, https:\/\/bambu-arquitectura.com\/wp-content\/uploads\/2022\/09\/Casa-de-Bambu-Piura-04072022-300x165.webp 300w, https:\/\/bambu-arquitectura.com\/wp-content\/uploads\/2022\/09\/Casa-de-Bambu-Piura-04072022-768x423.webp 768w, https:\/\/bambu-arquitectura.com\/wp-content\/uploads\/2022\/09\/Casa-de-Bambu-Piura-04072022-1536x845.webp 1536w, https:\/\/bambu-arquitectura.com\/wp-content\/uploads\/2022\/09\/Casa-de-Bambu-Piura-04072022-2048x1127.webp 2048w, https:\/\/bambu-arquitectura.com\/wp-content\/uploads\/2022\/09\/Casa-de-Bambu-Piura-04072022-421x232.webp 421w\" sizes=\"auto, (max-width: 1024px) 100vw, 1024px\" \/><\/figure>\n\n\n\n<h6 class=\"wp-block-heading\">Spaces<\/h6>\n\n\n\n<p>Ground Floor: main room with terrace, bathroom with toilet, sink and shower, living\/dining room, kitchen, corridor, laundry room, stairs. Ground floor area: 56 m<sup>2<\/sup>. <\/p>\n\n\n\n<p>Second Floor: 2 bedrooms, bathroom with toilet, sink and shower, main terrace, staircase. Second floor area: 82.8 m<sup>2<\/sup>.<\/p>\n\n\n\n<p>For more information, see the <a href=\"https:\/\/bambu-arquitectura.net\/planos-arquitectonicos-casa-de-bambu-piura-pima-do2\/\" target=\"_blank\" rel=\"noreferrer noopener\">Architectural Drawings<\/a> of this design. <\/p>\n\n\n\n<h6 class=\"wp-block-heading\">Variant with 3 bedrooms<\/h6>\n\n\n\n<p>There is a variant of this design with a wooden floor on the second floor, with another distribution of spaces on the ground floor, more space for living and dining room, fewer bedrooms (2 instead of 3). See the <a href=\"https:\/\/bambu-arquitectura.net\/planos-arquitectonicos-casa-de-bambu-piura-pima-do2\/\" target=\"_blank\" rel=\"noreferrer noopener\">Architectural Drawings<\/a> of this variant.<\/p>\n\n\n\n<figure class=\"wp-block-gallery has-nested-images columns-default is-cropped wp-block-gallery-1 is-layout-flex wp-block-gallery-is-layout-flex\">\n<figure class=\"wp-block-image size-large\"><img decoding=\"async\" data-id=\"10426\" src=\"https:\/\/bambu-arquitectura.net\/wp-content\/uploads\/2022\/07\/Casa-de-Bambu-Piura-04072022b-scaled.webp\" alt=\"Casa de Bamb\u00fa Piura 2PiMa Do3\" class=\"wp-image-10426\"\/><figcaption>East Perspective \u2013 Second Floor Wood Floor<\/figcaption><\/figure>\n\n\n\n<figure class=\"wp-block-image size-large\"><img decoding=\"async\" data-id=\"10355\" src=\"https:\/\/bambu-arquitectura.net\/wp-content\/uploads\/2022\/07\/Casa-de-Bambu-Piura-04072022-scaled.webp\" alt=\"Casa de Bamb\u00fa Piura 04072022\" class=\"wp-image-10355\"\/><figcaption>South Perspective \u2013 Second Floor Wooden Floor<\/figcaption><\/figure>\n<\/figure>\n\n\n\n<h6 class=\"wp-block-heading\">Variants with concrete floor<\/h6>\n\n\n\n<p>There are two more variants, with the floor of the second floor made of concrete, with two or three bedrooms. The second floor of these variants is smaller and has an area of 56 m2. Here are the <a href=\"https:\/\/bambu-arquitectura.net\/planos-arquitectonicos-casa-de-bambu-piura-piho-do2\/\">Architectural Drawings<\/a> with two bedrooms. That's the link to the <a href=\"https:\/\/bambu-arquitectura.net\/planos-arquitectonicos-casa-de-bambu-piura-piho-do3\/\">Architectural Drawings<\/a> with three bedrooms. <\/p>\n\n\n\n<figure class=\"wp-block-gallery has-nested-images columns-default is-cropped wp-block-gallery-2 is-layout-flex wp-block-gallery-is-layout-flex\">\n<figure class=\"wp-block-image size-large\"><img decoding=\"async\" data-id=\"9533\" src=\"https:\/\/bambu-arquitectura.net\/wp-content\/uploads\/2022\/06\/Casa-de-Bambu-Piura-26062022-scaled.jpg\" alt=\"\" class=\"wp-image-9533\"\/><figcaption>West Perspective \u2013 Second Floor Concrete Floor<\/figcaption><\/figure>\n\n\n\n<figure class=\"wp-block-image size-large\"><img decoding=\"async\" data-id=\"9164\" src=\"https:\/\/bambu-arquitectura.net\/wp-content\/uploads\/2022\/06\/Casa-de-Bambu-Piura-15062022b-scaled.jpg\" alt=\"\" class=\"wp-image-9164\"\/><figcaption>North Perspective \u2013 Second Floor Concrete Floor<\/figcaption><\/figure>\n<\/figure>\n\n\n\n<div class=\"wp-block-group\"><div class=\"wp-block-group__inner-container is-layout-flow wp-block-group-is-layout-flow\">\n<div class=\"wp-block-group\"><div class=\"wp-block-group__inner-container is-layout-flow wp-block-group-is-layout-flow\">\n<div style=\"height:25px\" aria-hidden=\"true\" class=\"wp-block-spacer\"><\/div>\n<\/div><\/div>\n<\/div><\/div>\n\n\n\n<div class=\"wp-block-group\"><div class=\"wp-block-group__inner-container is-layout-flow wp-block-group-is-layout-flow\">\n<h6 class=\"wp-block-heading\">3d model<\/h6>\n\n\n\n<figure class=\"wp-block-embed is-type-rich is-provider-sketchfab wp-block-embed-sketchfab\"><div class=\"wp-block-embed__wrapper\">\n<div class=\"sketchfab-embed-wrapper\">    <iframe loading=\"lazy\" title=\"Bamboo House Piura 21062022\" id=\"\" class=\"\" width=\"760\" height=\"427\" src=\"https:\/\/sketchfab.com\/models\/83e85648bda44ff097896e012e7f44ac\/embed\" frameborder=\"0\" allow=\"autoplay; fullscreen; xr-spatial-tracking\" allowfullscreen=\"\" mozallowfullscreen=\"true\" webkitallowfullscreen=\"true\" xr-spatial-tracking=\"true\" execution-while-out-of-viewport=\"true\" execution-while-not-rendered=\"true\" web-share=\"true\"><\/iframe><\/div>\n<\/div><\/figure>\n<\/div><\/div>\n\n\n\n<p><a href=\"https:\/\/sketchfab.com\/3d-models\/casa-de-bambu-piura-21062022-83e85648bda44ff097896e012e7f44ac?utm_medium=embed&amp;utm_campaign=share-popup&amp;utm_content=83e85648bda44ff097896e012e7f44ac\" target=\"_blank\" rel=\"noreferrer noopener\">Bamboo House Piura 21062022<\/a> by <a href=\"https:\/\/sketchfab.com\/lucaskremer57?utm_medium=embed&amp;utm_campaign=share-popup&amp;utm_content=83e85648bda44ff097896e012e7f44ac\" target=\"_blank\" rel=\"noreferrer noopener\">Bamb\u00fa Arquitectura<\/a> on <a href=\"https:\/\/sketchfab.com?utm_medium=embed&amp;utm_campaign=share-popup&amp;utm_content=83e85648bda44ff097896e012e7f44ac\" target=\"_blank\" rel=\"noreferrer noopener\">Sketchfab<\/a><\/p>\n\n\n\n<p><\/p>\n\n\n\n<p><\/p>","protected":false},"excerpt":{"rendered":"<p>Piura Bamboo House Design Design for a two-story bamboo house in Piura, Peru. The house is earthquake resistant, has a structure\u2026<\/p>","protected":false},"author":1,"featured_media":1277,"parent":0,"menu_order":0,"comment_status":"closed","ping_status":"closed","template":"","meta":{"footnotes":""},"class_list":["post-1274","page","type-page","status-publish","has-post-thumbnail","hentry"],"yoast_head":"<!-- This site is optimized with the Yoast SEO plugin v27.3 - https:\/\/yoast.com\/product\/yoast-seo-wordpress\/ -->\n<title>Casa de Bamb\u00fa Piura - Dise\u00f1os Bamb\u00fa Arquitectura<\/title>\n<meta name=\"robots\" content=\"index, follow, max-snippet:-1, max-image-preview:large, max-video-preview:-1\" \/>\n<link rel=\"canonical\" href=\"https:\/\/bambu-arquitectura.com\/en\/casa-de-bambu-piura\/\" \/>\n<meta property=\"og:locale\" content=\"en_US\" \/>\n<meta property=\"og:type\" content=\"article\" \/>\n<meta property=\"og:title\" content=\"Casa de Bamb\u00fa Piura - Dise\u00f1os Bamb\u00fa Arquitectura\" \/>\n<meta property=\"og:description\" content=\"Dise\u00f1o Casa de Bamb\u00fa Piura Dise\u00f1o para una casa de bamb\u00fa de dos pisos en Piura, Per\u00fa. La casa es sismo resistente, tiene una estructura&hellip;\" \/>\n<meta property=\"og:url\" content=\"https:\/\/bambu-arquitectura.com\/en\/casa-de-bambu-piura\/\" \/>\n<meta property=\"og:site_name\" content=\"Dise\u00f1os Bamb\u00fa Arquitectura\" \/>\n<meta property=\"article:modified_time\" content=\"2022-09-04T20:39:41+00:00\" \/>\n<meta property=\"og:image\" content=\"https:\/\/bambu-arquitectura.com\/wp-content\/uploads\/2022\/09\/Casa-de-Bambu-Piura-04072022a-scaled.webp\" \/>\n\t<meta property=\"og:image:width\" content=\"2560\" \/>\n\t<meta property=\"og:image:height\" content=\"1409\" \/>\n\t<meta property=\"og:image:type\" content=\"image\/webp\" \/>\n<meta name=\"twitter:card\" content=\"summary_large_image\" \/>\n<meta name=\"twitter:label1\" content=\"Est. reading time\" \/>\n\t<meta name=\"twitter:data1\" content=\"3 minutes\" \/>\n<script type=\"application\/ld+json\" class=\"yoast-schema-graph\">{\"@context\":\"https:\\\/\\\/schema.org\",\"@graph\":[{\"@type\":\"WebPage\",\"@id\":\"https:\\\/\\\/bambu-arquitectura.com\\\/casa-de-bambu-piura\\\/\",\"url\":\"https:\\\/\\\/bambu-arquitectura.com\\\/casa-de-bambu-piura\\\/\",\"name\":\"Casa de Bamb\u00fa Piura - Dise\u00f1os Bamb\u00fa Arquitectura\",\"isPartOf\":{\"@id\":\"https:\\\/\\\/bambu-arquitectura.com\\\/#website\"},\"primaryImageOfPage\":{\"@id\":\"https:\\\/\\\/bambu-arquitectura.com\\\/casa-de-bambu-piura\\\/#primaryimage\"},\"image\":{\"@id\":\"https:\\\/\\\/bambu-arquitectura.com\\\/casa-de-bambu-piura\\\/#primaryimage\"},\"thumbnailUrl\":\"https:\\\/\\\/bambu-arquitectura.com\\\/wp-content\\\/uploads\\\/2022\\\/09\\\/Casa-de-Bambu-Piura-04072022a-scaled.webp\",\"datePublished\":\"2022-09-04T20:04:30+00:00\",\"dateModified\":\"2022-09-04T20:39:41+00:00\",\"breadcrumb\":{\"@id\":\"https:\\\/\\\/bambu-arquitectura.com\\\/casa-de-bambu-piura\\\/#breadcrumb\"},\"inLanguage\":\"en-US\",\"potentialAction\":[{\"@type\":\"ReadAction\",\"target\":[\"https:\\\/\\\/bambu-arquitectura.com\\\/casa-de-bambu-piura\\\/\"]}]},{\"@type\":\"ImageObject\",\"inLanguage\":\"en-US\",\"@id\":\"https:\\\/\\\/bambu-arquitectura.com\\\/casa-de-bambu-piura\\\/#primaryimage\",\"url\":\"https:\\\/\\\/bambu-arquitectura.com\\\/wp-content\\\/uploads\\\/2022\\\/09\\\/Casa-de-Bambu-Piura-04072022a-scaled.webp\",\"contentUrl\":\"https:\\\/\\\/bambu-arquitectura.com\\\/wp-content\\\/uploads\\\/2022\\\/09\\\/Casa-de-Bambu-Piura-04072022a-scaled.webp\",\"width\":2560,\"height\":1409},{\"@type\":\"BreadcrumbList\",\"@id\":\"https:\\\/\\\/bambu-arquitectura.com\\\/casa-de-bambu-piura\\\/#breadcrumb\",\"itemListElement\":[{\"@type\":\"ListItem\",\"position\":1,\"name\":\"Home\",\"item\":\"https:\\\/\\\/bambu-arquitectura.com\\\/\"},{\"@type\":\"ListItem\",\"position\":2,\"name\":\"Casa de Bamb\u00fa Piura\"}]},{\"@type\":\"WebSite\",\"@id\":\"https:\\\/\\\/bambu-arquitectura.com\\\/#website\",\"url\":\"https:\\\/\\\/bambu-arquitectura.com\\\/\",\"name\":\"Bamb\u00fa Arquitectura\",\"description\":\"Dise\u00f1os caba\u00f1as y casas de bamb\u00fa\",\"potentialAction\":[{\"@type\":\"SearchAction\",\"target\":{\"@type\":\"EntryPoint\",\"urlTemplate\":\"https:\\\/\\\/bambu-arquitectura.com\\\/?s={search_term_string}\"},\"query-input\":{\"@type\":\"PropertyValueSpecification\",\"valueRequired\":true,\"valueName\":\"search_term_string\"}}],\"inLanguage\":\"en-US\"}]}<\/script>\n<!-- \/ Yoast SEO plugin. -->","yoast_head_json":{"title":"Bamboo House Piura - Bamb\u00fa Arquitectura Designs","robots":{"index":"index","follow":"follow","max-snippet":"max-snippet:-1","max-image-preview":"max-image-preview:large","max-video-preview":"max-video-preview:-1"},"canonical":"https:\/\/bambu-arquitectura.com\/en\/casa-de-bambu-piura\/","og_locale":"en_US","og_type":"article","og_title":"Casa de Bamb\u00fa Piura - Dise\u00f1os Bamb\u00fa Arquitectura","og_description":"Dise\u00f1o Casa de Bamb\u00fa Piura Dise\u00f1o para una casa de bamb\u00fa de dos pisos en Piura, Per\u00fa. La casa es sismo resistente, tiene una estructura&hellip;","og_url":"https:\/\/bambu-arquitectura.com\/en\/casa-de-bambu-piura\/","og_site_name":"Dise\u00f1os Bamb\u00fa Arquitectura","article_modified_time":"2022-09-04T20:39:41+00:00","og_image":[{"width":2560,"height":1409,"url":"https:\/\/bambu-arquitectura.com\/wp-content\/uploads\/2022\/09\/Casa-de-Bambu-Piura-04072022a-scaled.webp","type":"image\/webp"}],"twitter_card":"summary_large_image","twitter_misc":{"Est. reading time":"3 minutes"},"schema":{"@context":"https:\/\/schema.org","@graph":[{"@type":"WebPage","@id":"https:\/\/bambu-arquitectura.com\/casa-de-bambu-piura\/","url":"https:\/\/bambu-arquitectura.com\/casa-de-bambu-piura\/","name":"Bamboo House Piura - Bamb\u00fa Arquitectura Designs","isPartOf":{"@id":"https:\/\/bambu-arquitectura.com\/#website"},"primaryImageOfPage":{"@id":"https:\/\/bambu-arquitectura.com\/casa-de-bambu-piura\/#primaryimage"},"image":{"@id":"https:\/\/bambu-arquitectura.com\/casa-de-bambu-piura\/#primaryimage"},"thumbnailUrl":"https:\/\/bambu-arquitectura.com\/wp-content\/uploads\/2022\/09\/Casa-de-Bambu-Piura-04072022a-scaled.webp","datePublished":"2022-09-04T20:04:30+00:00","dateModified":"2022-09-04T20:39:41+00:00","breadcrumb":{"@id":"https:\/\/bambu-arquitectura.com\/casa-de-bambu-piura\/#breadcrumb"},"inLanguage":"en-US","potentialAction":[{"@type":"ReadAction","target":["https:\/\/bambu-arquitectura.com\/casa-de-bambu-piura\/"]}]},{"@type":"ImageObject","inLanguage":"en-US","@id":"https:\/\/bambu-arquitectura.com\/casa-de-bambu-piura\/#primaryimage","url":"https:\/\/bambu-arquitectura.com\/wp-content\/uploads\/2022\/09\/Casa-de-Bambu-Piura-04072022a-scaled.webp","contentUrl":"https:\/\/bambu-arquitectura.com\/wp-content\/uploads\/2022\/09\/Casa-de-Bambu-Piura-04072022a-scaled.webp","width":2560,"height":1409},{"@type":"BreadcrumbList","@id":"https:\/\/bambu-arquitectura.com\/casa-de-bambu-piura\/#breadcrumb","itemListElement":[{"@type":"ListItem","position":1,"name":"Home","item":"https:\/\/bambu-arquitectura.com\/"},{"@type":"ListItem","position":2,"name":"Casa de Bamb\u00fa Piura"}]},{"@type":"WebSite","@id":"https:\/\/bambu-arquitectura.com\/#website","url":"https:\/\/bambu-arquitectura.com\/","name":"Bamb\u00fa Arquitectura","description":"Designing bamboo caba\u00f1as and bamboo houses","potentialAction":[{"@type":"SearchAction","target":{"@type":"EntryPoint","urlTemplate":"https:\/\/bambu-arquitectura.com\/?s={search_term_string}"},"query-input":{"@type":"PropertyValueSpecification","valueRequired":true,"valueName":"search_term_string"}}],"inLanguage":"en-US"}]}},"jetpack_sharing_enabled":true,"_links":{"self":[{"href":"https:\/\/bambu-arquitectura.com\/en\/wp-json\/wp\/v2\/pages\/1274","targetHints":{"allow":["GET"]}}],"collection":[{"href":"https:\/\/bambu-arquitectura.com\/en\/wp-json\/wp\/v2\/pages"}],"about":[{"href":"https:\/\/bambu-arquitectura.com\/en\/wp-json\/wp\/v2\/types\/page"}],"author":[{"embeddable":true,"href":"https:\/\/bambu-arquitectura.com\/en\/wp-json\/wp\/v2\/users\/1"}],"replies":[{"embeddable":true,"href":"https:\/\/bambu-arquitectura.com\/en\/wp-json\/wp\/v2\/comments?post=1274"}],"version-history":[{"count":15,"href":"https:\/\/bambu-arquitectura.com\/en\/wp-json\/wp\/v2\/pages\/1274\/revisions"}],"predecessor-version":[{"id":1303,"href":"https:\/\/bambu-arquitectura.com\/en\/wp-json\/wp\/v2\/pages\/1274\/revisions\/1303"}],"wp:featuredmedia":[{"embeddable":true,"href":"https:\/\/bambu-arquitectura.com\/en\/wp-json\/wp\/v2\/media\/1277"}],"wp:attachment":[{"href":"https:\/\/bambu-arquitectura.com\/en\/wp-json\/wp\/v2\/media?parent=1274"}],"curies":[{"name":"wp","href":"https:\/\/api.w.org\/{rel}","templated":true}]}}