{"id":1304,"date":"2022-09-05T02:23:50","date_gmt":"2022-09-04T21:23:50","guid":{"rendered":"https:\/\/bambu-arquitectura.com\/?page_id=1304"},"modified":"2022-09-05T02:32:49","modified_gmt":"2022-09-04T21:32:49","slug":"casa-de-bambu-colombia","status":"publish","type":"page","link":"https:\/\/bambu-arquitectura.com\/en\/casa-de-bambu-colombia\/","title":{"rendered":"Bamboo House Colombia"},"content":{"rendered":"<h5 class=\"wp-block-heading\">Design Bamboo House Colombia<\/h5>\n\n\n\n<figure class=\"wp-block-image size-large\"><img decoding=\"async\" src=\"https:\/\/bambu-arquitectura.net\/wp-content\/uploads\/2022\/05\/Casa-Colombia-28022022a-1-1400x759.jpg\" alt=\"Dise\u00f1o Casa Bamb\u00fa Colombia, Bamb\u00fa Arquitectura.\" class=\"wp-image-9795\"\/><\/figure>\n\n\n\n<p>Two-story Colombian house. First floor: open space. Second floor: living\/dining room, kitchen, bedroom, 2 bathrooms, staircase, terrace. Total area: 160 m2.<\/p>\n\n\n<div class=\"wp-block-jetpack-tiled-gallery aligncenter is-style-rectangular\">\n<div class=\"tiled-gallery__gallery\">\n<div class=\"tiled-gallery__row\">\n<div class=\"tiled-gallery__col\" style=\"flex-basis:50.00000%\">\n<figure class=\"tiled-gallery__item\"><img decoding=\"async\" alt=\"\" data-height=\"880\" data-id=\"9789\" data-link=\"https:\/\/bambu-arquitectura.net\/casa-colombia-plan-segunda-planta-28022022\/\" data-url=\"https:\/\/bambu-arquitectura.net\/wp-content\/uploads\/2022\/06\/Casa-Colombia-Plan-Segunda-Planta-28022022-1400x770.jpg\" data-width=\"1600\" src=\"https:\/\/i0.wp.com\/tienda.bambu-arquitectura.com\/wp-content\/uploads\/2022\/06\/Casa-Colombia-Plan-Segunda-Planta-28022022-1400x770.jpg?ssl=1\" data-amp-layout=\"responsive\"><\/figure>\n<\/div>\n<div class=\"tiled-gallery__col\" style=\"flex-basis:50.00000%\">\n<figure class=\"tiled-gallery__item\"><img decoding=\"async\" alt=\"\" data-height=\"880\" data-id=\"9786\" data-link=\"https:\/\/bambu-arquitectura.net\/casa-colombia-fachada-derecha-28022022\/\" data-url=\"https:\/\/bambu-arquitectura.net\/wp-content\/uploads\/2022\/06\/Casa-Colombia-Fachada-Derecha-28022022-1400x770.jpg\" data-width=\"1600\" src=\"https:\/\/i2.wp.com\/tienda.bambu-arquitectura.com\/wp-content\/uploads\/2022\/06\/Casa-Colombia-Fachada-Derecha-28022022-1400x770.jpg?ssl=1\" data-amp-layout=\"responsive\"><\/figure>\n<\/div>\n<\/div>\n<div class=\"tiled-gallery__row\">\n<div class=\"tiled-gallery__col\" style=\"flex-basis:50.00000%\">\n<figure class=\"tiled-gallery__item\"><img decoding=\"async\" alt=\"\" data-height=\"880\" data-id=\"9788\" data-link=\"https:\/\/bambu-arquitectura.net\/casa-colombia-fachada-izquierda-28022022\/\" data-url=\"https:\/\/bambu-arquitectura.net\/wp-content\/uploads\/2022\/06\/Casa-Colombia-Fachada-Izquierda-28022022-1400x770.jpg\" data-width=\"1600\" src=\"https:\/\/i2.wp.com\/tienda.bambu-arquitectura.com\/wp-content\/uploads\/2022\/06\/Casa-Colombia-Fachada-Izquierda-28022022-1400x770.jpg?ssl=1\" data-amp-layout=\"responsive\"><\/figure>\n<\/div>\n<div class=\"tiled-gallery__col\" style=\"flex-basis:50.00000%\">\n<figure class=\"tiled-gallery__item\"><img decoding=\"async\" alt=\"\" data-height=\"880\" data-id=\"9783\" data-link=\"https:\/\/bambu-arquitectura.net\/casa-colombia-28022022\/\" data-url=\"https:\/\/bambu-arquitectura.net\/wp-content\/uploads\/2022\/06\/Casa-Colombia-28022022-1400x770.jpg\" data-width=\"1600\" src=\"https:\/\/i0.wp.com\/tienda.bambu-arquitectura.com\/wp-content\/uploads\/2022\/06\/Casa-Colombia-28022022-1400x770.jpg?ssl=1\" data-amp-layout=\"responsive\"><\/figure>\n<\/div>\n<\/div>\n<\/div>\n<\/div>\n\n\n<p>Walls: sandwich panels made of chopped cane, thermal insulation, plywood boards and gypsum sheets, interior walls: plastered and painted. Bathroom walls: water resistant gypsum plates with wall tiles. Wooden doors with glass, sliding aluminum windows, bamboo bars. Ground floor: reinforced concrete, second floor: reinforced concrete on a structura of bamboo beams and chopped cane. Roof: chopped cane, covered with rooftile like Kubiteja Tradicional steel plates.<\/p>\n\n\n\n<h6 class=\"wp-block-heading\"><strong>3d model <\/strong><\/h6>\n\n\n\n<figure class=\"wp-block-embed is-type-rich is-provider-sketchfab wp-block-embed-sketchfab\"><div class=\"wp-block-embed__wrapper\">\n<div class=\"sketchfab-embed-wrapper\">    <iframe loading=\"lazy\" title=\"Bamboo House Colombia 28022022\" id=\"\" class=\"\" width=\"760\" height=\"427\" src=\"https:\/\/sketchfab.com\/models\/d8a11b389e634b498bd86c3d1a24b13b\/embed\" frameborder=\"0\" allow=\"autoplay; fullscreen; xr-spatial-tracking\" allowfullscreen=\"\" mozallowfullscreen=\"true\" webkitallowfullscreen=\"true\" xr-spatial-tracking=\"true\" execution-while-out-of-viewport=\"true\" execution-while-not-rendered=\"true\" web-share=\"true\"><\/iframe><\/div>\n<\/div><\/figure>\n\n\n\n<p><a href=\"https:\/\/sketchfab.com\/3d-models\/casa-colombia-28022022-d8a11b389e634b498bd86c3d1a24b13b?utm_medium=embed&amp;utm_campaign=share-popup&amp;utm_content=d8a11b389e634b498bd86c3d1a24b13b\" target=\"_blank\" rel=\"noreferrer noopener\">Bamboo House Colombia 28022022<\/a> by <a href=\"https:\/\/sketchfab.com\/lucaskremer57?utm_medium=embed&amp;utm_campaign=share-popup&amp;utm_content=d8a11b389e634b498bd86c3d1a24b13b\" target=\"_blank\" rel=\"noreferrer noopener\">Bamb\u00fa Arquitectura<\/a> on <a href=\"https:\/\/sketchfab.com?utm_medium=embed&amp;utm_campaign=share-popup&amp;utm_content=d8a11b389e634b498bd86c3d1a24b13b\" target=\"_blank\" rel=\"noreferrer noopener\">Sketchfab<\/a><\/p>\n\n\n\n<p><\/p>\n\n\n\n<p><br><br><\/p>","protected":false},"excerpt":{"rendered":"<p>Bamboo House Design Colombia Casa Colombia with two floors. First floor: open space. Second floor: living\/dining room, kitchen, bedroom, 2 bathrooms, staircase, terrace. Total area:\u2026<\/p>","protected":false},"author":1,"featured_media":1272,"parent":0,"menu_order":0,"comment_status":"closed","ping_status":"closed","template":"","meta":{"footnotes":""},"class_list":["post-1304","page","type-page","status-publish","has-post-thumbnail","hentry"],"yoast_head":"<!-- This site is optimized with the Yoast SEO plugin v27.4 - https:\/\/yoast.com\/product\/yoast-seo-wordpress\/ -->\n<title>Casa Colombia - Dise\u00f1os Bamb\u00fa Arquitectura<\/title>\n<meta name=\"robots\" content=\"index, follow, max-snippet:-1, max-image-preview:large, max-video-preview:-1\" \/>\n<link rel=\"canonical\" href=\"https:\/\/bambu-arquitectura.com\/en\/casa-de-bambu-colombia\/\" \/>\n<meta property=\"og:locale\" content=\"en_US\" \/>\n<meta property=\"og:type\" content=\"article\" \/>\n<meta property=\"og:title\" content=\"Casa Colombia - Dise\u00f1os Bamb\u00fa Arquitectura\" \/>\n<meta property=\"og:description\" content=\"Dise\u00f1o Casa de Bamb\u00fa Colombia Casa Colombia de dos pisos. Primea planta: espacio abierto. Segunda planta: sala\/comedor, cocina, dormitorio, 2 ba\u00f1os, escalera, terraza. Superficie total:&hellip;\" \/>\n<meta property=\"og:url\" content=\"https:\/\/bambu-arquitectura.com\/en\/casa-de-bambu-colombia\/\" \/>\n<meta property=\"og:site_name\" content=\"Dise\u00f1os Bamb\u00fa Arquitectura\" \/>\n<meta property=\"article:modified_time\" content=\"2022-09-04T21:32:49+00:00\" \/>\n<meta property=\"og:image\" content=\"https:\/\/bambu-arquitectura.com\/wp-content\/uploads\/2022\/09\/Casa-Colombia-28022022a-scaled.jpg\" \/>\n\t<meta property=\"og:image:width\" content=\"2560\" \/>\n\t<meta property=\"og:image:height\" content=\"1388\" \/>\n\t<meta property=\"og:image:type\" content=\"image\/jpeg\" \/>\n<meta name=\"twitter:card\" content=\"summary_large_image\" \/>\n<meta name=\"twitter:label1\" content=\"Est. reading time\" \/>\n\t<meta name=\"twitter:data1\" content=\"2 minutes\" \/>\n<script type=\"application\/ld+json\" class=\"yoast-schema-graph\">{\"@context\":\"https:\\\/\\\/schema.org\",\"@graph\":[{\"@type\":\"WebPage\",\"@id\":\"https:\\\/\\\/bambu-arquitectura.com\\\/casa-de-bambu-colombia\\\/\",\"url\":\"https:\\\/\\\/bambu-arquitectura.com\\\/casa-de-bambu-colombia\\\/\",\"name\":\"Casa Colombia - Dise\u00f1os Bamb\u00fa Arquitectura\",\"isPartOf\":{\"@id\":\"https:\\\/\\\/bambu-arquitectura.com\\\/#website\"},\"primaryImageOfPage\":{\"@id\":\"https:\\\/\\\/bambu-arquitectura.com\\\/casa-de-bambu-colombia\\\/#primaryimage\"},\"image\":{\"@id\":\"https:\\\/\\\/bambu-arquitectura.com\\\/casa-de-bambu-colombia\\\/#primaryimage\"},\"thumbnailUrl\":\"https:\\\/\\\/bambu-arquitectura.com\\\/wp-content\\\/uploads\\\/2022\\\/09\\\/Casa-Colombia-28022022a-scaled.jpg\",\"datePublished\":\"2022-09-04T21:23:50+00:00\",\"dateModified\":\"2022-09-04T21:32:49+00:00\",\"breadcrumb\":{\"@id\":\"https:\\\/\\\/bambu-arquitectura.com\\\/casa-de-bambu-colombia\\\/#breadcrumb\"},\"inLanguage\":\"en-US\",\"potentialAction\":[{\"@type\":\"ReadAction\",\"target\":[\"https:\\\/\\\/bambu-arquitectura.com\\\/casa-de-bambu-colombia\\\/\"]}]},{\"@type\":\"ImageObject\",\"inLanguage\":\"en-US\",\"@id\":\"https:\\\/\\\/bambu-arquitectura.com\\\/casa-de-bambu-colombia\\\/#primaryimage\",\"url\":\"https:\\\/\\\/bambu-arquitectura.com\\\/wp-content\\\/uploads\\\/2022\\\/09\\\/Casa-Colombia-28022022a-scaled.jpg\",\"contentUrl\":\"https:\\\/\\\/bambu-arquitectura.com\\\/wp-content\\\/uploads\\\/2022\\\/09\\\/Casa-Colombia-28022022a-scaled.jpg\",\"width\":2560,\"height\":1388},{\"@type\":\"BreadcrumbList\",\"@id\":\"https:\\\/\\\/bambu-arquitectura.com\\\/casa-de-bambu-colombia\\\/#breadcrumb\",\"itemListElement\":[{\"@type\":\"ListItem\",\"position\":1,\"name\":\"Home\",\"item\":\"https:\\\/\\\/bambu-arquitectura.com\\\/\"},{\"@type\":\"ListItem\",\"position\":2,\"name\":\"Casa Colombia\"}]},{\"@type\":\"WebSite\",\"@id\":\"https:\\\/\\\/bambu-arquitectura.com\\\/#website\",\"url\":\"https:\\\/\\\/bambu-arquitectura.com\\\/\",\"name\":\"Bamb\u00fa Arquitectura\",\"description\":\"Dise\u00f1os caba\u00f1as y casas de bamb\u00fa\",\"potentialAction\":[{\"@type\":\"SearchAction\",\"target\":{\"@type\":\"EntryPoint\",\"urlTemplate\":\"https:\\\/\\\/bambu-arquitectura.com\\\/?s={search_term_string}\"},\"query-input\":{\"@type\":\"PropertyValueSpecification\",\"valueRequired\":true,\"valueName\":\"search_term_string\"}}],\"inLanguage\":\"en-US\"}]}<\/script>\n<!-- \/ Yoast SEO plugin. -->","yoast_head_json":{"title":"Casa Colombia - Bamb\u00fa Arquitectura Designs","robots":{"index":"index","follow":"follow","max-snippet":"max-snippet:-1","max-image-preview":"max-image-preview:large","max-video-preview":"max-video-preview:-1"},"canonical":"https:\/\/bambu-arquitectura.com\/en\/casa-de-bambu-colombia\/","og_locale":"en_US","og_type":"article","og_title":"Casa Colombia - Dise\u00f1os Bamb\u00fa Arquitectura","og_description":"Dise\u00f1o Casa de Bamb\u00fa Colombia Casa Colombia de dos pisos. Primea planta: espacio abierto. Segunda planta: sala\/comedor, cocina, dormitorio, 2 ba\u00f1os, escalera, terraza. Superficie total:&hellip;","og_url":"https:\/\/bambu-arquitectura.com\/en\/casa-de-bambu-colombia\/","og_site_name":"Dise\u00f1os Bamb\u00fa Arquitectura","article_modified_time":"2022-09-04T21:32:49+00:00","og_image":[{"width":2560,"height":1388,"url":"https:\/\/bambu-arquitectura.com\/wp-content\/uploads\/2022\/09\/Casa-Colombia-28022022a-scaled.jpg","type":"image\/jpeg"}],"twitter_card":"summary_large_image","twitter_misc":{"Est. reading time":"2 minutes"},"schema":{"@context":"https:\/\/schema.org","@graph":[{"@type":"WebPage","@id":"https:\/\/bambu-arquitectura.com\/casa-de-bambu-colombia\/","url":"https:\/\/bambu-arquitectura.com\/casa-de-bambu-colombia\/","name":"Casa Colombia - Bamb\u00fa Arquitectura Designs","isPartOf":{"@id":"https:\/\/bambu-arquitectura.com\/#website"},"primaryImageOfPage":{"@id":"https:\/\/bambu-arquitectura.com\/casa-de-bambu-colombia\/#primaryimage"},"image":{"@id":"https:\/\/bambu-arquitectura.com\/casa-de-bambu-colombia\/#primaryimage"},"thumbnailUrl":"https:\/\/bambu-arquitectura.com\/wp-content\/uploads\/2022\/09\/Casa-Colombia-28022022a-scaled.jpg","datePublished":"2022-09-04T21:23:50+00:00","dateModified":"2022-09-04T21:32:49+00:00","breadcrumb":{"@id":"https:\/\/bambu-arquitectura.com\/casa-de-bambu-colombia\/#breadcrumb"},"inLanguage":"en-US","potentialAction":[{"@type":"ReadAction","target":["https:\/\/bambu-arquitectura.com\/casa-de-bambu-colombia\/"]}]},{"@type":"ImageObject","inLanguage":"en-US","@id":"https:\/\/bambu-arquitectura.com\/casa-de-bambu-colombia\/#primaryimage","url":"https:\/\/bambu-arquitectura.com\/wp-content\/uploads\/2022\/09\/Casa-Colombia-28022022a-scaled.jpg","contentUrl":"https:\/\/bambu-arquitectura.com\/wp-content\/uploads\/2022\/09\/Casa-Colombia-28022022a-scaled.jpg","width":2560,"height":1388},{"@type":"BreadcrumbList","@id":"https:\/\/bambu-arquitectura.com\/casa-de-bambu-colombia\/#breadcrumb","itemListElement":[{"@type":"ListItem","position":1,"name":"Home","item":"https:\/\/bambu-arquitectura.com\/"},{"@type":"ListItem","position":2,"name":"Casa Colombia"}]},{"@type":"WebSite","@id":"https:\/\/bambu-arquitectura.com\/#website","url":"https:\/\/bambu-arquitectura.com\/","name":"Bamb\u00fa Arquitectura","description":"Designing bamboo caba\u00f1as and bamboo houses","potentialAction":[{"@type":"SearchAction","target":{"@type":"EntryPoint","urlTemplate":"https:\/\/bambu-arquitectura.com\/?s={search_term_string}"},"query-input":{"@type":"PropertyValueSpecification","valueRequired":true,"valueName":"search_term_string"}}],"inLanguage":"en-US"}]}},"jetpack_sharing_enabled":true,"_links":{"self":[{"href":"https:\/\/bambu-arquitectura.com\/en\/wp-json\/wp\/v2\/pages\/1304","targetHints":{"allow":["GET"]}}],"collection":[{"href":"https:\/\/bambu-arquitectura.com\/en\/wp-json\/wp\/v2\/pages"}],"about":[{"href":"https:\/\/bambu-arquitectura.com\/en\/wp-json\/wp\/v2\/types\/page"}],"author":[{"embeddable":true,"href":"https:\/\/bambu-arquitectura.com\/en\/wp-json\/wp\/v2\/users\/1"}],"replies":[{"embeddable":true,"href":"https:\/\/bambu-arquitectura.com\/en\/wp-json\/wp\/v2\/comments?post=1304"}],"version-history":[{"count":4,"href":"https:\/\/bambu-arquitectura.com\/en\/wp-json\/wp\/v2\/pages\/1304\/revisions"}],"predecessor-version":[{"id":1313,"href":"https:\/\/bambu-arquitectura.com\/en\/wp-json\/wp\/v2\/pages\/1304\/revisions\/1313"}],"wp:featuredmedia":[{"embeddable":true,"href":"https:\/\/bambu-arquitectura.com\/en\/wp-json\/wp\/v2\/media\/1272"}],"wp:attachment":[{"href":"https:\/\/bambu-arquitectura.com\/en\/wp-json\/wp\/v2\/media?parent=1304"}],"curies":[{"name":"wp","href":"https:\/\/api.w.org\/{rel}","templated":true}]}}