{"id":189,"date":"2020-09-16T01:53:43","date_gmt":"2020-09-15T20:53:43","guid":{"rendered":"http:\/\/bambu-arquitectura.com\/?page_id=189"},"modified":"2022-09-08T02:54:20","modified_gmt":"2022-09-07T21:54:20","slug":"casa-bambu-ancon","status":"publish","type":"page","link":"https:\/\/bambu-arquitectura.com\/en\/casa-bambu-ancon\/","title":{"rendered":"Bamboo House Ancon"},"content":{"rendered":"<h5 class=\"wp-block-heading\">Design Bamboo House Anc\u00f3n<\/h5>\n\n\n\n<p>Two-story earthquake-resistant bamboo house.<\/p>\n\n\n\n<div style=\"height:10px\" aria-hidden=\"true\" class=\"wp-block-spacer\"><\/div>\n\n\n\n<figure class=\"wp-block-gallery has-nested-images columns-default is-cropped wp-block-gallery-1 is-layout-flex wp-block-gallery-is-layout-flex\">\n<figure class=\"wp-block-image size-large\"><img loading=\"lazy\" decoding=\"async\" width=\"1024\" height=\"819\" data-id=\"1435\" src=\"https:\/\/bambu-arquitectura.com\/wp-content\/uploads\/2022\/09\/Casa-de-Bambu-Ancon-Impression-1024x819.webp\" alt=\"\" class=\"wp-image-1435\" srcset=\"https:\/\/bambu-arquitectura.com\/wp-content\/uploads\/2022\/09\/Casa-de-Bambu-Ancon-Impression-1024x819.webp 1024w, https:\/\/bambu-arquitectura.com\/wp-content\/uploads\/2022\/09\/Casa-de-Bambu-Ancon-Impression-300x240.webp 300w, https:\/\/bambu-arquitectura.com\/wp-content\/uploads\/2022\/09\/Casa-de-Bambu-Ancon-Impression-768x614.webp 768w, https:\/\/bambu-arquitectura.com\/wp-content\/uploads\/2022\/09\/Casa-de-Bambu-Ancon-Impression-1536x1229.webp 1536w, https:\/\/bambu-arquitectura.com\/wp-content\/uploads\/2022\/09\/Casa-de-Bambu-Ancon-Impression-15x12.webp 15w, https:\/\/bambu-arquitectura.com\/wp-content\/uploads\/2022\/09\/Casa-de-Bambu-Ancon-Impression-375x300.webp 375w, https:\/\/bambu-arquitectura.com\/wp-content\/uploads\/2022\/09\/Casa-de-Bambu-Ancon-Impression.webp 2000w\" sizes=\"auto, (max-width: 1024px) 100vw, 1024px\" \/><\/figure>\n\n\n\n<figure class=\"wp-block-image size-full\"><img loading=\"lazy\" decoding=\"async\" width=\"1024\" height=\"819\" data-id=\"1427\" src=\"https:\/\/bambu-arquitectura.com\/wp-content\/uploads\/2022\/09\/Casa-de-Bambu-Ancon-Impression2-1024x819-1.webp\" alt=\"\" class=\"wp-image-1427\" srcset=\"https:\/\/bambu-arquitectura.com\/wp-content\/uploads\/2022\/09\/Casa-de-Bambu-Ancon-Impression2-1024x819-1.webp 1024w, https:\/\/bambu-arquitectura.com\/wp-content\/uploads\/2022\/09\/Casa-de-Bambu-Ancon-Impression2-1024x819-1-300x240.webp 300w, https:\/\/bambu-arquitectura.com\/wp-content\/uploads\/2022\/09\/Casa-de-Bambu-Ancon-Impression2-1024x819-1-768x614.webp 768w, https:\/\/bambu-arquitectura.com\/wp-content\/uploads\/2022\/09\/Casa-de-Bambu-Ancon-Impression2-1024x819-1-15x12.webp 15w, https:\/\/bambu-arquitectura.com\/wp-content\/uploads\/2022\/09\/Casa-de-Bambu-Ancon-Impression2-1024x819-1-375x300.webp 375w\" sizes=\"auto, (max-width: 1024px) 100vw, 1024px\" \/><\/figure>\n<\/figure>\n\n\n\n<div style=\"height:10px\" aria-hidden=\"true\" class=\"wp-block-spacer\"><\/div>\n\n\n\n<p>Walls: outer side chopped cane, inner side plastered.<\/p>\n\n\n\n<div class=\"wp-block-group\"><div class=\"wp-block-group__inner-container is-layout-flow wp-block-group-is-layout-flow\">\n<p>Floors. Ground floor: concrete + ceramic tiles. Second floor corridor and rooms: wood on a structure of bamboo beams. Bathrooms: concrete + ceramic tiles.<\/p>\n<\/div><\/div>\n\n\n\n<p>Roof: steel plates (zinc) with chopped cane.<\/p>\n\n\n\n<p><\/p>\n\n\n\n<figure class=\"wp-block-gallery has-nested-images columns-default is-cropped wp-block-gallery-2 is-layout-flex wp-block-gallery-is-layout-flex\">\n<figure class=\"wp-block-image size-large\"><img loading=\"lazy\" decoding=\"async\" width=\"1024\" height=\"757\" data-id=\"265\" src=\"http:\/\/bambu-arquitectura.com\/wp-content\/uploads\/2020\/09\/Casa-Ancon-1209-fachada-lateral1-1024x757.jpg\" alt=\"\" class=\"wp-image-265\" srcset=\"https:\/\/bambu-arquitectura.com\/wp-content\/uploads\/2020\/09\/Casa-Ancon-1209-fachada-lateral1-1024x757.jpg 1024w, https:\/\/bambu-arquitectura.com\/wp-content\/uploads\/2020\/09\/Casa-Ancon-1209-fachada-lateral1-300x222.jpg 300w, https:\/\/bambu-arquitectura.com\/wp-content\/uploads\/2020\/09\/Casa-Ancon-1209-fachada-lateral1-768x568.jpg 768w, https:\/\/bambu-arquitectura.com\/wp-content\/uploads\/2020\/09\/Casa-Ancon-1209-fachada-lateral1-1536x1135.jpg 1536w, https:\/\/bambu-arquitectura.com\/wp-content\/uploads\/2020\/09\/Casa-Ancon-1209-fachada-lateral1-2048x1514.jpg 2048w, https:\/\/bambu-arquitectura.com\/wp-content\/uploads\/2020\/09\/Casa-Ancon-1209-fachada-lateral1-474x350.jpg 474w, https:\/\/bambu-arquitectura.com\/wp-content\/uploads\/2020\/09\/Casa-Ancon-1209-fachada-lateral1-150x111.jpg 150w\" sizes=\"auto, (max-width: 1024px) 100vw, 1024px\" \/><\/figure>\n\n\n\n<figure class=\"wp-block-image size-large\"><img loading=\"lazy\" decoding=\"async\" width=\"1024\" height=\"757\" data-id=\"266\" src=\"http:\/\/bambu-arquitectura.com\/wp-content\/uploads\/2020\/09\/Casa-Ancon-1209-fachada-posterior-1024x757.jpg\" alt=\"\" class=\"wp-image-266\" srcset=\"https:\/\/bambu-arquitectura.com\/wp-content\/uploads\/2020\/09\/Casa-Ancon-1209-fachada-posterior-1024x757.jpg 1024w, https:\/\/bambu-arquitectura.com\/wp-content\/uploads\/2020\/09\/Casa-Ancon-1209-fachada-posterior-300x222.jpg 300w, https:\/\/bambu-arquitectura.com\/wp-content\/uploads\/2020\/09\/Casa-Ancon-1209-fachada-posterior-768x568.jpg 768w, https:\/\/bambu-arquitectura.com\/wp-content\/uploads\/2020\/09\/Casa-Ancon-1209-fachada-posterior-1536x1135.jpg 1536w, https:\/\/bambu-arquitectura.com\/wp-content\/uploads\/2020\/09\/Casa-Ancon-1209-fachada-posterior-2048x1514.jpg 2048w, https:\/\/bambu-arquitectura.com\/wp-content\/uploads\/2020\/09\/Casa-Ancon-1209-fachada-posterior-474x350.jpg 474w, https:\/\/bambu-arquitectura.com\/wp-content\/uploads\/2020\/09\/Casa-Ancon-1209-fachada-posterior-150x111.jpg 150w\" sizes=\"auto, (max-width: 1024px) 100vw, 1024px\" \/><\/figure>\n\n\n\n<figure class=\"wp-block-image size-large\"><img loading=\"lazy\" decoding=\"async\" width=\"1024\" height=\"757\" data-id=\"263\" src=\"http:\/\/bambu-arquitectura.com\/wp-content\/uploads\/2020\/09\/Casa-Ancon-1209-fachada-lateral2-1024x757.jpg\" alt=\"\" class=\"wp-image-263\" srcset=\"https:\/\/bambu-arquitectura.com\/wp-content\/uploads\/2020\/09\/Casa-Ancon-1209-fachada-lateral2-1024x757.jpg 1024w, https:\/\/bambu-arquitectura.com\/wp-content\/uploads\/2020\/09\/Casa-Ancon-1209-fachada-lateral2-300x222.jpg 300w, https:\/\/bambu-arquitectura.com\/wp-content\/uploads\/2020\/09\/Casa-Ancon-1209-fachada-lateral2-768x568.jpg 768w, https:\/\/bambu-arquitectura.com\/wp-content\/uploads\/2020\/09\/Casa-Ancon-1209-fachada-lateral2-1536x1135.jpg 1536w, https:\/\/bambu-arquitectura.com\/wp-content\/uploads\/2020\/09\/Casa-Ancon-1209-fachada-lateral2-2048x1514.jpg 2048w, https:\/\/bambu-arquitectura.com\/wp-content\/uploads\/2020\/09\/Casa-Ancon-1209-fachada-lateral2-474x350.jpg 474w, https:\/\/bambu-arquitectura.com\/wp-content\/uploads\/2020\/09\/Casa-Ancon-1209-fachada-lateral2-150x111.jpg 150w\" sizes=\"auto, (max-width: 1024px) 100vw, 1024px\" \/><\/figure>\n\n\n\n<figure class=\"wp-block-image size-large\"><img loading=\"lazy\" decoding=\"async\" width=\"1024\" height=\"757\" data-id=\"264\" src=\"http:\/\/bambu-arquitectura.com\/wp-content\/uploads\/2020\/09\/Casa-Ancon-1209-fachada-frontal-1024x757.jpg\" alt=\"\" class=\"wp-image-264\" srcset=\"https:\/\/bambu-arquitectura.com\/wp-content\/uploads\/2020\/09\/Casa-Ancon-1209-fachada-frontal-1024x757.jpg 1024w, https:\/\/bambu-arquitectura.com\/wp-content\/uploads\/2020\/09\/Casa-Ancon-1209-fachada-frontal-300x222.jpg 300w, https:\/\/bambu-arquitectura.com\/wp-content\/uploads\/2020\/09\/Casa-Ancon-1209-fachada-frontal-768x568.jpg 768w, https:\/\/bambu-arquitectura.com\/wp-content\/uploads\/2020\/09\/Casa-Ancon-1209-fachada-frontal-1536x1135.jpg 1536w, https:\/\/bambu-arquitectura.com\/wp-content\/uploads\/2020\/09\/Casa-Ancon-1209-fachada-frontal-2048x1514.jpg 2048w, https:\/\/bambu-arquitectura.com\/wp-content\/uploads\/2020\/09\/Casa-Ancon-1209-fachada-frontal-474x350.jpg 474w, https:\/\/bambu-arquitectura.com\/wp-content\/uploads\/2020\/09\/Casa-Ancon-1209-fachada-frontal-150x111.jpg 150w\" sizes=\"auto, (max-width: 1024px) 100vw, 1024px\" \/><\/figure>\n\n\n\n<figure class=\"wp-block-image size-large\"><img loading=\"lazy\" decoding=\"async\" width=\"1024\" height=\"757\" data-id=\"262\" src=\"http:\/\/bambu-arquitectura.com\/wp-content\/uploads\/2020\/09\/Casa-Ancon-1209-perspectiva-1024x757.jpg\" alt=\"\" class=\"wp-image-262\" srcset=\"https:\/\/bambu-arquitectura.com\/wp-content\/uploads\/2020\/09\/Casa-Ancon-1209-perspectiva-1024x757.jpg 1024w, https:\/\/bambu-arquitectura.com\/wp-content\/uploads\/2020\/09\/Casa-Ancon-1209-perspectiva-300x222.jpg 300w, https:\/\/bambu-arquitectura.com\/wp-content\/uploads\/2020\/09\/Casa-Ancon-1209-perspectiva-768x568.jpg 768w, https:\/\/bambu-arquitectura.com\/wp-content\/uploads\/2020\/09\/Casa-Ancon-1209-perspectiva-1536x1135.jpg 1536w, https:\/\/bambu-arquitectura.com\/wp-content\/uploads\/2020\/09\/Casa-Ancon-1209-perspectiva-2048x1514.jpg 2048w, https:\/\/bambu-arquitectura.com\/wp-content\/uploads\/2020\/09\/Casa-Ancon-1209-perspectiva-474x350.jpg 474w, https:\/\/bambu-arquitectura.com\/wp-content\/uploads\/2020\/09\/Casa-Ancon-1209-perspectiva-150x111.jpg 150w\" sizes=\"auto, (max-width: 1024px) 100vw, 1024px\" \/><\/figure>\n<\/figure>\n\n\n\n<figure class=\"wp-block-image size-large is-style-default\"><img loading=\"lazy\" decoding=\"async\" width=\"1798\" height=\"1328\" src=\"https:\/\/bambu-arquitectura.com\/wp-content\/uploads\/2020\/09\/Casa-Ancon-1209-planta-baja-edited.jpg\" alt=\"\" class=\"wp-image-276\" srcset=\"https:\/\/bambu-arquitectura.com\/wp-content\/uploads\/2020\/09\/Casa-Ancon-1209-planta-baja-edited.jpg 1798w, https:\/\/bambu-arquitectura.com\/wp-content\/uploads\/2020\/09\/Casa-Ancon-1209-planta-baja-edited-300x222.jpg 300w, https:\/\/bambu-arquitectura.com\/wp-content\/uploads\/2020\/09\/Casa-Ancon-1209-planta-baja-edited-1024x756.jpg 1024w, https:\/\/bambu-arquitectura.com\/wp-content\/uploads\/2020\/09\/Casa-Ancon-1209-planta-baja-edited-768x567.jpg 768w, https:\/\/bambu-arquitectura.com\/wp-content\/uploads\/2020\/09\/Casa-Ancon-1209-planta-baja-edited-1536x1134.jpg 1536w, https:\/\/bambu-arquitectura.com\/wp-content\/uploads\/2020\/09\/Casa-Ancon-1209-planta-baja-edited-474x350.jpg 474w, https:\/\/bambu-arquitectura.com\/wp-content\/uploads\/2020\/09\/Casa-Ancon-1209-planta-baja-edited-150x111.jpg 150w\" sizes=\"auto, (max-width: 1798px) 100vw, 1798px\" \/><\/figure>\n\n\n\n<figure class=\"wp-block-image size-large is-style-default\"><img loading=\"lazy\" decoding=\"async\" width=\"2055\" height=\"1518\" src=\"https:\/\/bambu-arquitectura.com\/wp-content\/uploads\/2020\/09\/Casa-Ancon-1209-segunda-planta-edited.jpg\" alt=\"\" class=\"wp-image-277\" srcset=\"https:\/\/bambu-arquitectura.com\/wp-content\/uploads\/2020\/09\/Casa-Ancon-1209-segunda-planta-edited.jpg 2055w, https:\/\/bambu-arquitectura.com\/wp-content\/uploads\/2020\/09\/Casa-Ancon-1209-segunda-planta-edited-300x222.jpg 300w, https:\/\/bambu-arquitectura.com\/wp-content\/uploads\/2020\/09\/Casa-Ancon-1209-segunda-planta-edited-1024x756.jpg 1024w, https:\/\/bambu-arquitectura.com\/wp-content\/uploads\/2020\/09\/Casa-Ancon-1209-segunda-planta-edited-768x567.jpg 768w, https:\/\/bambu-arquitectura.com\/wp-content\/uploads\/2020\/09\/Casa-Ancon-1209-segunda-planta-edited-1536x1135.jpg 1536w, https:\/\/bambu-arquitectura.com\/wp-content\/uploads\/2020\/09\/Casa-Ancon-1209-segunda-planta-edited-2048x1513.jpg 2048w, https:\/\/bambu-arquitectura.com\/wp-content\/uploads\/2020\/09\/Casa-Ancon-1209-segunda-planta-edited-474x350.jpg 474w, https:\/\/bambu-arquitectura.com\/wp-content\/uploads\/2020\/09\/Casa-Ancon-1209-segunda-planta-edited-150x111.jpg 150w\" sizes=\"auto, (max-width: 2055px) 100vw, 2055px\" \/><\/figure>\n\n\n\n<p>Ground floor: living\/dining room\/kitchen, entrance hall, bathroom with toilet, sink and shower, staircase. <\/p>\n\n\n\n<p>Second floor: hallway, 2 or 3 bedrooms, bathroom with toilet, sink and shower. <\/p>\n\n\n\n<p>Total area: 72 m<sup>2<\/sup>.<\/p>\n\n\n\n<figure class=\"wp-block-image size-large is-style-default\"><a href=\"https:\/\/bambu-arquitectura.com\/wp-content\/uploads\/2022\/09\/Casa-Ancon-1609a-edited.webp\" target=\"_blank\" rel=\"noopener noreferrer\"><img loading=\"lazy\" decoding=\"async\" width=\"1024\" height=\"819\" src=\"https:\/\/bambu-arquitectura.com\/wp-content\/uploads\/2022\/09\/Casa-Ancon-1609a-edited-1024x819.webp\" alt=\"\" class=\"wp-image-1425\" srcset=\"https:\/\/bambu-arquitectura.com\/wp-content\/uploads\/2022\/09\/Casa-Ancon-1609a-edited-1024x819.webp 1024w, https:\/\/bambu-arquitectura.com\/wp-content\/uploads\/2022\/09\/Casa-Ancon-1609a-edited-300x240.webp 300w, https:\/\/bambu-arquitectura.com\/wp-content\/uploads\/2022\/09\/Casa-Ancon-1609a-edited-768x614.webp 768w, https:\/\/bambu-arquitectura.com\/wp-content\/uploads\/2022\/09\/Casa-Ancon-1609a-edited-1536x1228.webp 1536w, https:\/\/bambu-arquitectura.com\/wp-content\/uploads\/2022\/09\/Casa-Ancon-1609a-edited-15x12.webp 15w, https:\/\/bambu-arquitectura.com\/wp-content\/uploads\/2022\/09\/Casa-Ancon-1609a-edited-375x300.webp 375w, https:\/\/bambu-arquitectura.com\/wp-content\/uploads\/2022\/09\/Casa-Ancon-1609a-edited.webp 1667w\" sizes=\"auto, (max-width: 1024px) 100vw, 1024px\" \/><\/a><\/figure>\n\n\n\n<figure class=\"wp-block-image size-large is-style-default\"><a href=\"https:\/\/bambu-arquitectura.com\/wp-content\/uploads\/2022\/09\/Casa-Ancon-1609-edited.webp\" target=\"_blank\" rel=\"noopener noreferrer\"><img loading=\"lazy\" decoding=\"async\" width=\"1024\" height=\"819\" src=\"https:\/\/bambu-arquitectura.com\/wp-content\/uploads\/2022\/09\/Casa-Ancon-1609-edited-1024x819.webp\" alt=\"\" class=\"wp-image-1426\" srcset=\"https:\/\/bambu-arquitectura.com\/wp-content\/uploads\/2022\/09\/Casa-Ancon-1609-edited-1024x819.webp 1024w, https:\/\/bambu-arquitectura.com\/wp-content\/uploads\/2022\/09\/Casa-Ancon-1609-edited-300x240.webp 300w, https:\/\/bambu-arquitectura.com\/wp-content\/uploads\/2022\/09\/Casa-Ancon-1609-edited-768x614.webp 768w, https:\/\/bambu-arquitectura.com\/wp-content\/uploads\/2022\/09\/Casa-Ancon-1609-edited-1536x1228.webp 1536w, https:\/\/bambu-arquitectura.com\/wp-content\/uploads\/2022\/09\/Casa-Ancon-1609-edited-15x12.webp 15w, https:\/\/bambu-arquitectura.com\/wp-content\/uploads\/2022\/09\/Casa-Ancon-1609-edited-375x300.webp 375w, https:\/\/bambu-arquitectura.com\/wp-content\/uploads\/2022\/09\/Casa-Ancon-1609-edited.webp 1667w\" sizes=\"auto, (max-width: 1024px) 100vw, 1024px\" \/><\/a><\/figure>\n\n\n\n<p>Without changing the structure of this house, concrete blocks or bricks can be used for the walls, instead of chopped cane.<\/p>\n\n\n\n<h6 class=\"wp-block-heading\"><strong>3D model<\/strong><\/h6>\n\n\n\n<figure class=\"wp-block-embed is-type-rich is-provider-sketchfab wp-block-embed-sketchfab\"><div class=\"wp-block-embed__wrapper\">\n<div class=\"sketchfab-embed-wrapper\">    <iframe loading=\"lazy\" title=\"Bamboo House Ancon 10012021\" id=\"\" class=\"\" width=\"760\" height=\"427\" src=\"https:\/\/sketchfab.com\/models\/141b21c197ec4fb8913d603e9b32d9d1\/embed\" frameborder=\"0\" allow=\"autoplay; fullscreen; xr-spatial-tracking\" allowfullscreen=\"\" mozallowfullscreen=\"true\" webkitallowfullscreen=\"true\" xr-spatial-tracking=\"true\" execution-while-out-of-viewport=\"true\" execution-while-not-rendered=\"true\" web-share=\"true\"><\/iframe><\/div>\n<\/div><\/figure>\n\n\n\n<p><a href=\"https:\/\/sketchfab.com\/3d-models\/casa-ancon-10012021-141b21c197ec4fb8913d603e9b32d9d1?utm_medium=embed&amp;utm_campaign=share-popup&amp;utm_content=141b21c197ec4fb8913d603e9b32d9d1\" target=\"_blank\" rel=\"noreferrer noopener\">Bamboo House Ancon 10012021<\/a> by <a href=\"https:\/\/sketchfab.com\/lucaskremer57?utm_medium=embed&amp;utm_campaign=share-popup&amp;utm_content=141b21c197ec4fb8913d603e9b32d9d1\" target=\"_blank\" rel=\"noreferrer noopener\">Bamb\u00fa Arquitectura<\/a> on <a href=\"https:\/\/sketchfab.com?utm_medium=embed&amp;utm_campaign=share-popup&amp;utm_content=141b21c197ec4fb8913d603e9b32d9d1\" target=\"_blank\" rel=\"noreferrer noopener\">Sketchfab<\/a><\/p>","protected":false},"excerpt":{"rendered":"<p>Anc\u00f3n Bamboo House Design Two-story, earthquake-resistant bamboo house. Walls: outer side chopped cane, inner side plastered. Floors. Ground floor: concrete +\u2026<\/p>","protected":false},"author":1,"featured_media":1435,"parent":0,"menu_order":0,"comment_status":"closed","ping_status":"closed","template":"","meta":{"footnotes":""},"class_list":["post-189","page","type-page","status-publish","has-post-thumbnail","hentry"],"yoast_head":"<!-- This site is optimized with the Yoast SEO plugin v27.4 - https:\/\/yoast.com\/product\/yoast-seo-wordpress\/ -->\n<title>Casa Anc\u00f3n - Dise\u00f1os Bamb\u00fa Arquitectura<\/title>\n<meta name=\"robots\" content=\"index, follow, max-snippet:-1, max-image-preview:large, max-video-preview:-1\" \/>\n<link rel=\"canonical\" href=\"https:\/\/bambu-arquitectura.com\/en\/casa-bambu-ancon\/\" \/>\n<meta property=\"og:locale\" content=\"en_US\" \/>\n<meta property=\"og:type\" content=\"article\" \/>\n<meta property=\"og:title\" content=\"Casa Anc\u00f3n - Dise\u00f1os Bamb\u00fa Arquitectura\" \/>\n<meta property=\"og:description\" content=\"Dise\u00f1o Casa de Bamb\u00fa Anc\u00f3n Casa de bamb\u00fa de dos pisos, sismo-resistente. Paredes: lado exterior ca\u00f1a picada, lado interior enlucido. Pisos. Planta baja: hormig\u00f3n +&hellip;\" \/>\n<meta property=\"og:url\" content=\"https:\/\/bambu-arquitectura.com\/en\/casa-bambu-ancon\/\" \/>\n<meta property=\"og:site_name\" content=\"Dise\u00f1os Bamb\u00fa Arquitectura\" \/>\n<meta property=\"article:modified_time\" content=\"2022-09-07T21:54:20+00:00\" \/>\n<meta property=\"og:image\" content=\"https:\/\/bambu-arquitectura.com\/wp-content\/uploads\/2022\/09\/Casa-de-Bambu-Ancon-Impression.webp\" \/>\n\t<meta property=\"og:image:width\" content=\"2000\" \/>\n\t<meta property=\"og:image:height\" content=\"1600\" \/>\n\t<meta property=\"og:image:type\" content=\"image\/webp\" \/>\n<meta name=\"twitter:card\" content=\"summary_large_image\" \/>\n<meta name=\"twitter:label1\" content=\"Est. reading time\" \/>\n\t<meta name=\"twitter:data1\" content=\"3 minutes\" \/>\n<script type=\"application\/ld+json\" class=\"yoast-schema-graph\">{\"@context\":\"https:\\\/\\\/schema.org\",\"@graph\":[{\"@type\":\"WebPage\",\"@id\":\"https:\\\/\\\/bambu-arquitectura.com\\\/casa-bambu-ancon\\\/\",\"url\":\"https:\\\/\\\/bambu-arquitectura.com\\\/casa-bambu-ancon\\\/\",\"name\":\"Casa Anc\u00f3n - Dise\u00f1os Bamb\u00fa Arquitectura\",\"isPartOf\":{\"@id\":\"https:\\\/\\\/bambu-arquitectura.com\\\/#website\"},\"primaryImageOfPage\":{\"@id\":\"https:\\\/\\\/bambu-arquitectura.com\\\/casa-bambu-ancon\\\/#primaryimage\"},\"image\":{\"@id\":\"https:\\\/\\\/bambu-arquitectura.com\\\/casa-bambu-ancon\\\/#primaryimage\"},\"thumbnailUrl\":\"https:\\\/\\\/bambu-arquitectura.com\\\/wp-content\\\/uploads\\\/2022\\\/09\\\/Casa-de-Bambu-Ancon-Impression.webp\",\"datePublished\":\"2020-09-15T20:53:43+00:00\",\"dateModified\":\"2022-09-07T21:54:20+00:00\",\"breadcrumb\":{\"@id\":\"https:\\\/\\\/bambu-arquitectura.com\\\/casa-bambu-ancon\\\/#breadcrumb\"},\"inLanguage\":\"en-US\",\"potentialAction\":[{\"@type\":\"ReadAction\",\"target\":[\"https:\\\/\\\/bambu-arquitectura.com\\\/casa-bambu-ancon\\\/\"]}]},{\"@type\":\"ImageObject\",\"inLanguage\":\"en-US\",\"@id\":\"https:\\\/\\\/bambu-arquitectura.com\\\/casa-bambu-ancon\\\/#primaryimage\",\"url\":\"https:\\\/\\\/bambu-arquitectura.com\\\/wp-content\\\/uploads\\\/2022\\\/09\\\/Casa-de-Bambu-Ancon-Impression.webp\",\"contentUrl\":\"https:\\\/\\\/bambu-arquitectura.com\\\/wp-content\\\/uploads\\\/2022\\\/09\\\/Casa-de-Bambu-Ancon-Impression.webp\",\"width\":2000,\"height\":1600},{\"@type\":\"BreadcrumbList\",\"@id\":\"https:\\\/\\\/bambu-arquitectura.com\\\/casa-bambu-ancon\\\/#breadcrumb\",\"itemListElement\":[{\"@type\":\"ListItem\",\"position\":1,\"name\":\"Home\",\"item\":\"https:\\\/\\\/bambu-arquitectura.com\\\/\"},{\"@type\":\"ListItem\",\"position\":2,\"name\":\"Casa Anc\u00f3n\"}]},{\"@type\":\"WebSite\",\"@id\":\"https:\\\/\\\/bambu-arquitectura.com\\\/#website\",\"url\":\"https:\\\/\\\/bambu-arquitectura.com\\\/\",\"name\":\"Bamb\u00fa Arquitectura\",\"description\":\"Dise\u00f1os caba\u00f1as y casas de bamb\u00fa\",\"potentialAction\":[{\"@type\":\"SearchAction\",\"target\":{\"@type\":\"EntryPoint\",\"urlTemplate\":\"https:\\\/\\\/bambu-arquitectura.com\\\/?s={search_term_string}\"},\"query-input\":{\"@type\":\"PropertyValueSpecification\",\"valueRequired\":true,\"valueName\":\"search_term_string\"}}],\"inLanguage\":\"en-US\"}]}<\/script>\n<!-- \/ Yoast SEO plugin. -->","yoast_head_json":{"title":"Casa Anc\u00f3n - Dise\u00f1os Bamb\u00fa Arquitectura","robots":{"index":"index","follow":"follow","max-snippet":"max-snippet:-1","max-image-preview":"max-image-preview:large","max-video-preview":"max-video-preview:-1"},"canonical":"https:\/\/bambu-arquitectura.com\/en\/casa-bambu-ancon\/","og_locale":"en_US","og_type":"article","og_title":"Casa Anc\u00f3n - Dise\u00f1os Bamb\u00fa Arquitectura","og_description":"Dise\u00f1o Casa de Bamb\u00fa Anc\u00f3n Casa de bamb\u00fa de dos pisos, sismo-resistente. Paredes: lado exterior ca\u00f1a picada, lado interior enlucido. Pisos. Planta baja: hormig\u00f3n +&hellip;","og_url":"https:\/\/bambu-arquitectura.com\/en\/casa-bambu-ancon\/","og_site_name":"Dise\u00f1os Bamb\u00fa Arquitectura","article_modified_time":"2022-09-07T21:54:20+00:00","og_image":[{"width":2000,"height":1600,"url":"https:\/\/bambu-arquitectura.com\/wp-content\/uploads\/2022\/09\/Casa-de-Bambu-Ancon-Impression.webp","type":"image\/webp"}],"twitter_card":"summary_large_image","twitter_misc":{"Est. reading time":"3 minutes"},"schema":{"@context":"https:\/\/schema.org","@graph":[{"@type":"WebPage","@id":"https:\/\/bambu-arquitectura.com\/casa-bambu-ancon\/","url":"https:\/\/bambu-arquitectura.com\/casa-bambu-ancon\/","name":"Casa Anc\u00f3n - Dise\u00f1os Bamb\u00fa Arquitectura","isPartOf":{"@id":"https:\/\/bambu-arquitectura.com\/#website"},"primaryImageOfPage":{"@id":"https:\/\/bambu-arquitectura.com\/casa-bambu-ancon\/#primaryimage"},"image":{"@id":"https:\/\/bambu-arquitectura.com\/casa-bambu-ancon\/#primaryimage"},"thumbnailUrl":"https:\/\/bambu-arquitectura.com\/wp-content\/uploads\/2022\/09\/Casa-de-Bambu-Ancon-Impression.webp","datePublished":"2020-09-15T20:53:43+00:00","dateModified":"2022-09-07T21:54:20+00:00","breadcrumb":{"@id":"https:\/\/bambu-arquitectura.com\/casa-bambu-ancon\/#breadcrumb"},"inLanguage":"en-US","potentialAction":[{"@type":"ReadAction","target":["https:\/\/bambu-arquitectura.com\/casa-bambu-ancon\/"]}]},{"@type":"ImageObject","inLanguage":"en-US","@id":"https:\/\/bambu-arquitectura.com\/casa-bambu-ancon\/#primaryimage","url":"https:\/\/bambu-arquitectura.com\/wp-content\/uploads\/2022\/09\/Casa-de-Bambu-Ancon-Impression.webp","contentUrl":"https:\/\/bambu-arquitectura.com\/wp-content\/uploads\/2022\/09\/Casa-de-Bambu-Ancon-Impression.webp","width":2000,"height":1600},{"@type":"BreadcrumbList","@id":"https:\/\/bambu-arquitectura.com\/casa-bambu-ancon\/#breadcrumb","itemListElement":[{"@type":"ListItem","position":1,"name":"Home","item":"https:\/\/bambu-arquitectura.com\/"},{"@type":"ListItem","position":2,"name":"Casa Anc\u00f3n"}]},{"@type":"WebSite","@id":"https:\/\/bambu-arquitectura.com\/#website","url":"https:\/\/bambu-arquitectura.com\/","name":"Bamb\u00fa Arquitectura","description":"Designing bamboo caba\u00f1as and bamboo houses","potentialAction":[{"@type":"SearchAction","target":{"@type":"EntryPoint","urlTemplate":"https:\/\/bambu-arquitectura.com\/?s={search_term_string}"},"query-input":{"@type":"PropertyValueSpecification","valueRequired":true,"valueName":"search_term_string"}}],"inLanguage":"en-US"}]}},"jetpack_sharing_enabled":true,"_links":{"self":[{"href":"https:\/\/bambu-arquitectura.com\/en\/wp-json\/wp\/v2\/pages\/189","targetHints":{"allow":["GET"]}}],"collection":[{"href":"https:\/\/bambu-arquitectura.com\/en\/wp-json\/wp\/v2\/pages"}],"about":[{"href":"https:\/\/bambu-arquitectura.com\/en\/wp-json\/wp\/v2\/types\/page"}],"author":[{"embeddable":true,"href":"https:\/\/bambu-arquitectura.com\/en\/wp-json\/wp\/v2\/users\/1"}],"replies":[{"embeddable":true,"href":"https:\/\/bambu-arquitectura.com\/en\/wp-json\/wp\/v2\/comments?post=189"}],"version-history":[{"count":7,"href":"https:\/\/bambu-arquitectura.com\/en\/wp-json\/wp\/v2\/pages\/189\/revisions"}],"predecessor-version":[{"id":1436,"href":"https:\/\/bambu-arquitectura.com\/en\/wp-json\/wp\/v2\/pages\/189\/revisions\/1436"}],"wp:featuredmedia":[{"embeddable":true,"href":"https:\/\/bambu-arquitectura.com\/en\/wp-json\/wp\/v2\/media\/1435"}],"wp:attachment":[{"href":"https:\/\/bambu-arquitectura.com\/en\/wp-json\/wp\/v2\/media?parent=189"}],"curies":[{"name":"wp","href":"https:\/\/api.w.org\/{rel}","templated":true}]}}