{"id":198,"date":"2020-09-16T02:08:37","date_gmt":"2020-09-15T21:08:37","guid":{"rendered":"http:\/\/bambu-arquitectura.com\/?page_id=198"},"modified":"2022-09-08T02:33:22","modified_gmt":"2022-09-07T21:33:22","slug":"cabanas-de-bambu","status":"publish","type":"page","link":"https:\/\/bambu-arquitectura.com\/en\/cabanas-de-bambu\/","title":{"rendered":"Caba\u00f1as"},"content":{"rendered":"<p><\/p>\n\n\n\n<div class=\"wp-block-media-text alignwide is-stacked-on-mobile\"><figure class=\"wp-block-media-text__media\"><a href=\"https:\/\/bambu-arquitectura.com\/index.php\/cabana-ballenita-xs\/\" target=\"_blank\" rel=\"noopener noreferrer\"><img loading=\"lazy\" decoding=\"async\" width=\"1024\" height=\"512\" src=\"https:\/\/bambu-arquitectura.com\/wp-content\/uploads\/2022\/09\/cabana-bambu-Ballenita-0308-1024x512.webp\" alt=\"Caba\u00f1a Ballenita XS\" class=\"wp-image-1419 size-full\" srcset=\"https:\/\/bambu-arquitectura.com\/wp-content\/uploads\/2022\/09\/cabana-bambu-Ballenita-0308-1024x512.webp 1024w, https:\/\/bambu-arquitectura.com\/wp-content\/uploads\/2022\/09\/cabana-bambu-Ballenita-0308-300x150.webp 300w, https:\/\/bambu-arquitectura.com\/wp-content\/uploads\/2022\/09\/cabana-bambu-Ballenita-0308-768x384.webp 768w, https:\/\/bambu-arquitectura.com\/wp-content\/uploads\/2022\/09\/cabana-bambu-Ballenita-0308-1536x768.webp 1536w, https:\/\/bambu-arquitectura.com\/wp-content\/uploads\/2022\/09\/cabana-bambu-Ballenita-0308-18x9.webp 18w, https:\/\/bambu-arquitectura.com\/wp-content\/uploads\/2022\/09\/cabana-bambu-Ballenita-0308-421x211.webp 421w, https:\/\/bambu-arquitectura.com\/wp-content\/uploads\/2022\/09\/cabana-bambu-Ballenita-0308.webp 1600w\" sizes=\"auto, (max-width: 1024px) 100vw, 1024px\" \/><\/a><\/figure><div class=\"wp-block-media-text__content\">\n<p style=\"font-size:18px\"><a href=\"https:\/\/bambu-arquitectura.com\/index.php\/cabana-ballenita-xs\/\" target=\"_blank\" rel=\"noreferrer noopener\"><strong>Caba\u00f1a Ballenita<\/strong> <strong>XS<\/strong><\/a><\/p>\n<\/div><\/div>\n\n\n\n<p><\/p>\n\n\n\n<div class=\"wp-block-media-text alignwide is-stacked-on-mobile\"><figure class=\"wp-block-media-text__media\"><a href=\"https:\/\/bambu-arquitectura.com\/index.php\/cabana-ballenita-xl\/\" target=\"_blank\" rel=\"noopener noreferrer\"><img loading=\"lazy\" decoding=\"async\" width=\"1024\" height=\"512\" src=\"https:\/\/bambu-arquitectura.com\/wp-content\/uploads\/2021\/01\/Cabana-Ballenita-030121-1024x512.jpg\" alt=\"\" class=\"wp-image-649 size-full\" srcset=\"https:\/\/bambu-arquitectura.com\/wp-content\/uploads\/2021\/01\/Cabana-Ballenita-030121-1024x512.jpg 1024w, https:\/\/bambu-arquitectura.com\/wp-content\/uploads\/2021\/01\/Cabana-Ballenita-030121-300x150.jpg 300w, https:\/\/bambu-arquitectura.com\/wp-content\/uploads\/2021\/01\/Cabana-Ballenita-030121-768x384.jpg 768w, https:\/\/bambu-arquitectura.com\/wp-content\/uploads\/2021\/01\/Cabana-Ballenita-030121-1536x768.jpg 1536w, https:\/\/bambu-arquitectura.com\/wp-content\/uploads\/2021\/01\/Cabana-Ballenita-030121-700x350.jpg 700w, https:\/\/bambu-arquitectura.com\/wp-content\/uploads\/2021\/01\/Cabana-Ballenita-030121-150x75.jpg 150w, https:\/\/bambu-arquitectura.com\/wp-content\/uploads\/2021\/01\/Cabana-Ballenita-030121.jpg 2000w\" sizes=\"auto, (max-width: 1024px) 100vw, 1024px\" \/><\/a><\/figure><div class=\"wp-block-media-text__content\">\n<p style=\"font-size:18px\"><a href=\"https:\/\/bambu-arquitectura.com\/index.php\/cabana-ballenita-xl\/\" target=\"_blank\" rel=\"noreferrer noopener\"><strong>Caba\u00f1a<\/strong> <strong>Ballenita XL<\/strong><\/a><\/p>\n<\/div><\/div>\n\n\n\n<p><\/p>\n\n\n\n<div class=\"wp-block-media-text alignwide is-stacked-on-mobile\"><figure class=\"wp-block-media-text__media\"><a href=\"https:\/\/bambu-arquitectura.com\/index.php\/cabana-punta-blanca\/\" target=\"_blank\" rel=\"noopener noreferrer\"><img loading=\"lazy\" decoding=\"async\" width=\"1024\" height=\"576\" src=\"https:\/\/bambu-arquitectura.com\/wp-content\/uploads\/2022\/06\/Cabana-Punta-Blanca-0909a-1024x576.jpg\" alt=\"\" class=\"wp-image-1007 size-full\" srcset=\"https:\/\/bambu-arquitectura.com\/wp-content\/uploads\/2022\/06\/Cabana-Punta-Blanca-0909a-1024x576.jpg 1024w, https:\/\/bambu-arquitectura.com\/wp-content\/uploads\/2022\/06\/Cabana-Punta-Blanca-0909a-300x169.jpg 300w, https:\/\/bambu-arquitectura.com\/wp-content\/uploads\/2022\/06\/Cabana-Punta-Blanca-0909a-768x432.jpg 768w, https:\/\/bambu-arquitectura.com\/wp-content\/uploads\/2022\/06\/Cabana-Punta-Blanca-0909a-1536x864.jpg 1536w, https:\/\/bambu-arquitectura.com\/wp-content\/uploads\/2022\/06\/Cabana-Punta-Blanca-0909a-2048x1152.jpg 2048w, https:\/\/bambu-arquitectura.com\/wp-content\/uploads\/2022\/06\/Cabana-Punta-Blanca-0909a-421x237.jpg 421w, https:\/\/bambu-arquitectura.com\/wp-content\/uploads\/2022\/06\/Cabana-Punta-Blanca-0909a-622x350.jpg 622w, https:\/\/bambu-arquitectura.com\/wp-content\/uploads\/2022\/06\/Cabana-Punta-Blanca-0909a-150x84.jpg 150w\" sizes=\"auto, (max-width: 1024px) 100vw, 1024px\" \/><\/a><\/figure><div class=\"wp-block-media-text__content\">\n<p style=\"font-size:18px\"><strong><a href=\"https:\/\/bambu-arquitectura.com\/index.php\/cabana-punta-blanca\/\" data-type=\"page\" data-id=\"153\">Caba\u00f1a Punta Blanca<\/a><\/strong><\/p>\n<\/div><\/div>","protected":false},"excerpt":{"rendered":"<p>Caba\u00f1a Ballenita XS Caba\u00f1a Ballenita XL Punta Blanca Cabin<\/p>","protected":false},"author":1,"featured_media":649,"parent":0,"menu_order":0,"comment_status":"closed","ping_status":"closed","template":"","meta":{"footnotes":""},"class_list":["post-198","page","type-page","status-publish","has-post-thumbnail","hentry"],"yoast_head":"<!-- This site is optimized with the Yoast SEO plugin v27.4 - https:\/\/yoast.com\/product\/yoast-seo-wordpress\/ -->\n<title>Caba\u00f1as - Dise\u00f1os Bamb\u00fa Arquitectura<\/title>\n<meta name=\"description\" content=\"Caba\u00f1as de bamb\u00fa. Estructura: bamb\u00fa Guadua. Revestimientos paredes y techo: bamb\u00fa Gigante. Ventanas y puertas: latillas de bamb\u00fa Gigante.\" \/>\n<meta name=\"robots\" content=\"index, follow, max-snippet:-1, max-image-preview:large, max-video-preview:-1\" \/>\n<link rel=\"canonical\" href=\"https:\/\/bambu-arquitectura.com\/en\/cabanas-de-bambu\/\" \/>\n<meta property=\"og:locale\" content=\"en_US\" \/>\n<meta property=\"og:type\" content=\"article\" \/>\n<meta property=\"og:title\" content=\"Caba\u00f1as - Dise\u00f1os Bamb\u00fa Arquitectura\" \/>\n<meta property=\"og:description\" content=\"Caba\u00f1as de bamb\u00fa. Estructura: bamb\u00fa Guadua. Revestimientos paredes y techo: bamb\u00fa Gigante. Ventanas y puertas: latillas de bamb\u00fa Gigante.\" \/>\n<meta property=\"og:url\" content=\"https:\/\/bambu-arquitectura.com\/en\/cabanas-de-bambu\/\" \/>\n<meta property=\"og:site_name\" content=\"Dise\u00f1os Bamb\u00fa Arquitectura\" \/>\n<meta property=\"article:modified_time\" content=\"2022-09-07T21:33:22+00:00\" \/>\n<meta property=\"og:image\" content=\"https:\/\/bambu-arquitectura.com\/wp-content\/uploads\/2021\/01\/Cabana-Ballenita-030121.jpg\" \/>\n\t<meta property=\"og:image:width\" content=\"2000\" \/>\n\t<meta property=\"og:image:height\" content=\"1000\" \/>\n\t<meta property=\"og:image:type\" content=\"image\/jpeg\" \/>\n<meta name=\"twitter:card\" content=\"summary_large_image\" \/>\n<meta name=\"twitter:label1\" content=\"Est. reading time\" \/>\n\t<meta name=\"twitter:data1\" content=\"1 minute\" \/>\n<script type=\"application\/ld+json\" class=\"yoast-schema-graph\">{\"@context\":\"https:\\\/\\\/schema.org\",\"@graph\":[{\"@type\":\"WebPage\",\"@id\":\"https:\\\/\\\/bambu-arquitectura.com\\\/cabanas-de-bambu\\\/\",\"url\":\"https:\\\/\\\/bambu-arquitectura.com\\\/cabanas-de-bambu\\\/\",\"name\":\"Caba\u00f1as - Dise\u00f1os Bamb\u00fa Arquitectura\",\"isPartOf\":{\"@id\":\"https:\\\/\\\/bambu-arquitectura.com\\\/#website\"},\"primaryImageOfPage\":{\"@id\":\"https:\\\/\\\/bambu-arquitectura.com\\\/cabanas-de-bambu\\\/#primaryimage\"},\"image\":{\"@id\":\"https:\\\/\\\/bambu-arquitectura.com\\\/cabanas-de-bambu\\\/#primaryimage\"},\"thumbnailUrl\":\"https:\\\/\\\/bambu-arquitectura.com\\\/wp-content\\\/uploads\\\/2021\\\/01\\\/Cabana-Ballenita-030121.jpg\",\"datePublished\":\"2020-09-15T21:08:37+00:00\",\"dateModified\":\"2022-09-07T21:33:22+00:00\",\"description\":\"Caba\u00f1as de bamb\u00fa. Estructura: bamb\u00fa Guadua. Revestimientos paredes y techo: bamb\u00fa Gigante. Ventanas y puertas: latillas de bamb\u00fa Gigante.\",\"breadcrumb\":{\"@id\":\"https:\\\/\\\/bambu-arquitectura.com\\\/cabanas-de-bambu\\\/#breadcrumb\"},\"inLanguage\":\"en-US\",\"potentialAction\":[{\"@type\":\"ReadAction\",\"target\":[\"https:\\\/\\\/bambu-arquitectura.com\\\/cabanas-de-bambu\\\/\"]}]},{\"@type\":\"ImageObject\",\"inLanguage\":\"en-US\",\"@id\":\"https:\\\/\\\/bambu-arquitectura.com\\\/cabanas-de-bambu\\\/#primaryimage\",\"url\":\"https:\\\/\\\/bambu-arquitectura.com\\\/wp-content\\\/uploads\\\/2021\\\/01\\\/Cabana-Ballenita-030121.jpg\",\"contentUrl\":\"https:\\\/\\\/bambu-arquitectura.com\\\/wp-content\\\/uploads\\\/2021\\\/01\\\/Cabana-Ballenita-030121.jpg\",\"width\":2000,\"height\":1000},{\"@type\":\"BreadcrumbList\",\"@id\":\"https:\\\/\\\/bambu-arquitectura.com\\\/cabanas-de-bambu\\\/#breadcrumb\",\"itemListElement\":[{\"@type\":\"ListItem\",\"position\":1,\"name\":\"Home\",\"item\":\"https:\\\/\\\/bambu-arquitectura.com\\\/\"},{\"@type\":\"ListItem\",\"position\":2,\"name\":\"Caba\u00f1as\"}]},{\"@type\":\"WebSite\",\"@id\":\"https:\\\/\\\/bambu-arquitectura.com\\\/#website\",\"url\":\"https:\\\/\\\/bambu-arquitectura.com\\\/\",\"name\":\"Bamb\u00fa Arquitectura\",\"description\":\"Dise\u00f1os caba\u00f1as y casas de bamb\u00fa\",\"potentialAction\":[{\"@type\":\"SearchAction\",\"target\":{\"@type\":\"EntryPoint\",\"urlTemplate\":\"https:\\\/\\\/bambu-arquitectura.com\\\/?s={search_term_string}\"},\"query-input\":{\"@type\":\"PropertyValueSpecification\",\"valueRequired\":true,\"valueName\":\"search_term_string\"}}],\"inLanguage\":\"en-US\"}]}<\/script>\n<!-- \/ Yoast SEO plugin. -->","yoast_head_json":{"title":"Caba\u00f1as - Bamb\u00fa Arquitectura Designs","description":"Caba\u00f1as bamboo. Structure: Guadua bamboo. Wall and ceiling cladding: Giant bamboo. Windows and doors: Giant bamboo slats.","robots":{"index":"index","follow":"follow","max-snippet":"max-snippet:-1","max-image-preview":"max-image-preview:large","max-video-preview":"max-video-preview:-1"},"canonical":"https:\/\/bambu-arquitectura.com\/en\/cabanas-de-bambu\/","og_locale":"en_US","og_type":"article","og_title":"Caba\u00f1as - Dise\u00f1os Bamb\u00fa Arquitectura","og_description":"Caba\u00f1as de bamb\u00fa. Estructura: bamb\u00fa Guadua. Revestimientos paredes y techo: bamb\u00fa Gigante. Ventanas y puertas: latillas de bamb\u00fa Gigante.","og_url":"https:\/\/bambu-arquitectura.com\/en\/cabanas-de-bambu\/","og_site_name":"Dise\u00f1os Bamb\u00fa Arquitectura","article_modified_time":"2022-09-07T21:33:22+00:00","og_image":[{"width":2000,"height":1000,"url":"https:\/\/bambu-arquitectura.com\/wp-content\/uploads\/2021\/01\/Cabana-Ballenita-030121.jpg","type":"image\/jpeg"}],"twitter_card":"summary_large_image","twitter_misc":{"Est. reading time":"1 minute"},"schema":{"@context":"https:\/\/schema.org","@graph":[{"@type":"WebPage","@id":"https:\/\/bambu-arquitectura.com\/cabanas-de-bambu\/","url":"https:\/\/bambu-arquitectura.com\/cabanas-de-bambu\/","name":"Caba\u00f1as - Bamb\u00fa Arquitectura Designs","isPartOf":{"@id":"https:\/\/bambu-arquitectura.com\/#website"},"primaryImageOfPage":{"@id":"https:\/\/bambu-arquitectura.com\/cabanas-de-bambu\/#primaryimage"},"image":{"@id":"https:\/\/bambu-arquitectura.com\/cabanas-de-bambu\/#primaryimage"},"thumbnailUrl":"https:\/\/bambu-arquitectura.com\/wp-content\/uploads\/2021\/01\/Cabana-Ballenita-030121.jpg","datePublished":"2020-09-15T21:08:37+00:00","dateModified":"2022-09-07T21:33:22+00:00","description":"Caba\u00f1as bamboo. Structure: Guadua bamboo. Wall and ceiling cladding: Giant bamboo. Windows and doors: Giant bamboo slats.","breadcrumb":{"@id":"https:\/\/bambu-arquitectura.com\/cabanas-de-bambu\/#breadcrumb"},"inLanguage":"en-US","potentialAction":[{"@type":"ReadAction","target":["https:\/\/bambu-arquitectura.com\/cabanas-de-bambu\/"]}]},{"@type":"ImageObject","inLanguage":"en-US","@id":"https:\/\/bambu-arquitectura.com\/cabanas-de-bambu\/#primaryimage","url":"https:\/\/bambu-arquitectura.com\/wp-content\/uploads\/2021\/01\/Cabana-Ballenita-030121.jpg","contentUrl":"https:\/\/bambu-arquitectura.com\/wp-content\/uploads\/2021\/01\/Cabana-Ballenita-030121.jpg","width":2000,"height":1000},{"@type":"BreadcrumbList","@id":"https:\/\/bambu-arquitectura.com\/cabanas-de-bambu\/#breadcrumb","itemListElement":[{"@type":"ListItem","position":1,"name":"Home","item":"https:\/\/bambu-arquitectura.com\/"},{"@type":"ListItem","position":2,"name":"Caba\u00f1as"}]},{"@type":"WebSite","@id":"https:\/\/bambu-arquitectura.com\/#website","url":"https:\/\/bambu-arquitectura.com\/","name":"Bamb\u00fa Arquitectura","description":"Designing bamboo caba\u00f1as and bamboo houses","potentialAction":[{"@type":"SearchAction","target":{"@type":"EntryPoint","urlTemplate":"https:\/\/bambu-arquitectura.com\/?s={search_term_string}"},"query-input":{"@type":"PropertyValueSpecification","valueRequired":true,"valueName":"search_term_string"}}],"inLanguage":"en-US"}]}},"jetpack_sharing_enabled":true,"_links":{"self":[{"href":"https:\/\/bambu-arquitectura.com\/en\/wp-json\/wp\/v2\/pages\/198","targetHints":{"allow":["GET"]}}],"collection":[{"href":"https:\/\/bambu-arquitectura.com\/en\/wp-json\/wp\/v2\/pages"}],"about":[{"href":"https:\/\/bambu-arquitectura.com\/en\/wp-json\/wp\/v2\/types\/page"}],"author":[{"embeddable":true,"href":"https:\/\/bambu-arquitectura.com\/en\/wp-json\/wp\/v2\/users\/1"}],"replies":[{"embeddable":true,"href":"https:\/\/bambu-arquitectura.com\/en\/wp-json\/wp\/v2\/comments?post=198"}],"version-history":[{"count":3,"href":"https:\/\/bambu-arquitectura.com\/en\/wp-json\/wp\/v2\/pages\/198\/revisions"}],"predecessor-version":[{"id":1421,"href":"https:\/\/bambu-arquitectura.com\/en\/wp-json\/wp\/v2\/pages\/198\/revisions\/1421"}],"wp:featuredmedia":[{"embeddable":true,"href":"https:\/\/bambu-arquitectura.com\/en\/wp-json\/wp\/v2\/media\/649"}],"wp:attachment":[{"href":"https:\/\/bambu-arquitectura.com\/en\/wp-json\/wp\/v2\/media?parent=198"}],"curies":[{"name":"wp","href":"https:\/\/api.w.org\/{rel}","templated":true}]}}