{"id":201,"date":"2020-09-16T02:10:39","date_gmt":"2020-09-15T21:10:39","guid":{"rendered":"http:\/\/bambu-arquitectura.com\/?page_id=201"},"modified":"2022-09-08T02:44:45","modified_gmt":"2022-09-07T21:44:45","slug":"casas-de-bambu","status":"publish","type":"page","link":"https:\/\/bambu-arquitectura.com\/en\/casas-de-bambu\/","title":{"rendered":"Bamboo Houses"},"content":{"rendered":"<div class=\"wp-block-media-text alignwide is-stacked-on-mobile\"><figure class=\"wp-block-media-text__media\"><a href=\"https:\/\/bambu-arquitectura.com\/index.php\/casa-de-bambu-piura\/\" target=\"_blank\" rel=\"noopener noreferrer\"><img loading=\"lazy\" decoding=\"async\" width=\"1024\" height=\"563\" src=\"https:\/\/bambu-arquitectura.com\/wp-content\/uploads\/2022\/09\/Casa-de-Bambu-Piura-04072022a-1024x563.webp\" alt=\"\" class=\"wp-image-1277 size-full\" srcset=\"https:\/\/bambu-arquitectura.com\/wp-content\/uploads\/2022\/09\/Casa-de-Bambu-Piura-04072022a-1024x563.webp 1024w, https:\/\/bambu-arquitectura.com\/wp-content\/uploads\/2022\/09\/Casa-de-Bambu-Piura-04072022a-300x165.webp 300w, https:\/\/bambu-arquitectura.com\/wp-content\/uploads\/2022\/09\/Casa-de-Bambu-Piura-04072022a-768x423.webp 768w, https:\/\/bambu-arquitectura.com\/wp-content\/uploads\/2022\/09\/Casa-de-Bambu-Piura-04072022a-1536x845.webp 1536w, https:\/\/bambu-arquitectura.com\/wp-content\/uploads\/2022\/09\/Casa-de-Bambu-Piura-04072022a-2048x1127.webp 2048w, https:\/\/bambu-arquitectura.com\/wp-content\/uploads\/2022\/09\/Casa-de-Bambu-Piura-04072022a-421x232.webp 421w\" sizes=\"auto, (max-width: 1024px) 100vw, 1024px\" \/><\/a><\/figure><div class=\"wp-block-media-text__content\">\n<p style=\"font-size:18px\"><a href=\"https:\/\/bambu-arquitectura.com\/index.php\/casa-de-bambu-piura\/\" target=\"_blank\" rel=\"noreferrer noopener\"><strong>Bamboo House Piura<\/strong><\/a><\/p>\n<\/div><\/div>\n\n\n\n<div style=\"height:25px\" aria-hidden=\"true\" class=\"wp-block-spacer\"><\/div>\n\n\n\n<div class=\"wp-block-media-text alignwide is-stacked-on-mobile\"><figure class=\"wp-block-media-text__media\"><a href=\"https:\/\/bambu-arquitectura.com\/index.php\/casa-bambu-dos-mangas\/\" target=\"_blank\" rel=\"noopener noreferrer\"><img loading=\"lazy\" decoding=\"async\" width=\"1024\" height=\"512\" src=\"https:\/\/bambu-arquitectura.com\/wp-content\/uploads\/2022\/09\/Casa-Dos-Mangas-060421a-1024x512.webp\" alt=\"\" class=\"wp-image-1422 size-full\" srcset=\"https:\/\/bambu-arquitectura.com\/wp-content\/uploads\/2022\/09\/Casa-Dos-Mangas-060421a-1024x512.webp 1024w, https:\/\/bambu-arquitectura.com\/wp-content\/uploads\/2022\/09\/Casa-Dos-Mangas-060421a-300x150.webp 300w, https:\/\/bambu-arquitectura.com\/wp-content\/uploads\/2022\/09\/Casa-Dos-Mangas-060421a-768x384.webp 768w, https:\/\/bambu-arquitectura.com\/wp-content\/uploads\/2022\/09\/Casa-Dos-Mangas-060421a-1536x768.webp 1536w, https:\/\/bambu-arquitectura.com\/wp-content\/uploads\/2022\/09\/Casa-Dos-Mangas-060421a-2048x1024.webp 2048w, https:\/\/bambu-arquitectura.com\/wp-content\/uploads\/2022\/09\/Casa-Dos-Mangas-060421a-18x9.webp 18w, https:\/\/bambu-arquitectura.com\/wp-content\/uploads\/2022\/09\/Casa-Dos-Mangas-060421a-421x211.webp 421w\" sizes=\"auto, (max-width: 1024px) 100vw, 1024px\" \/><\/a><\/figure><div class=\"wp-block-media-text__content\">\n<p style=\"font-size:18px\"><strong><a href=\"https:\/\/bambu-arquitectura.com\/index.php\/casa-bambu-dos-mangas\/\">Bamboo House Dos Mangas<\/a><\/strong><\/p>\n<\/div><\/div>\n\n\n\n<div style=\"height:25px\" aria-hidden=\"true\" class=\"wp-block-spacer\"><\/div>\n\n\n\n<div class=\"wp-block-media-text alignwide is-stacked-on-mobile\"><figure class=\"wp-block-media-text__media\"><a href=\"https:\/\/bambu-arquitectura.com\/index.php\/casa-bambu-manglaralto\/\" target=\"_blank\" rel=\"noopener noreferrer\"><img loading=\"lazy\" decoding=\"async\" width=\"1024\" height=\"576\" src=\"https:\/\/bambu-arquitectura.com\/wp-content\/uploads\/2022\/09\/Casa-Manglaralto-040121b-1024x576.webp\" alt=\"\" class=\"wp-image-1424 size-full\" srcset=\"https:\/\/bambu-arquitectura.com\/wp-content\/uploads\/2022\/09\/Casa-Manglaralto-040121b-1024x576.webp 1024w, https:\/\/bambu-arquitectura.com\/wp-content\/uploads\/2022\/09\/Casa-Manglaralto-040121b-300x169.webp 300w, https:\/\/bambu-arquitectura.com\/wp-content\/uploads\/2022\/09\/Casa-Manglaralto-040121b-768x432.webp 768w, https:\/\/bambu-arquitectura.com\/wp-content\/uploads\/2022\/09\/Casa-Manglaralto-040121b-1536x864.webp 1536w, https:\/\/bambu-arquitectura.com\/wp-content\/uploads\/2022\/09\/Casa-Manglaralto-040121b-18x10.webp 18w, https:\/\/bambu-arquitectura.com\/wp-content\/uploads\/2022\/09\/Casa-Manglaralto-040121b-421x237.webp 421w, https:\/\/bambu-arquitectura.com\/wp-content\/uploads\/2022\/09\/Casa-Manglaralto-040121b.webp 1885w\" sizes=\"auto, (max-width: 1024px) 100vw, 1024px\" \/><\/a><\/figure><div class=\"wp-block-media-text__content\">\n<p style=\"font-size:18px\"><a href=\"https:\/\/bambu-arquitectura.com\/index.php\/casa-bambu-manglaralto\/\"><strong>Bamboo House Manglaralto<\/strong><\/a><\/p>\n<\/div><\/div>\n\n\n\n<div style=\"height:25px\" aria-hidden=\"true\" class=\"wp-block-spacer\"><\/div>\n\n\n\n<div class=\"wp-block-media-text alignwide is-stacked-on-mobile\"><figure class=\"wp-block-media-text__media\"><a href=\"https:\/\/bambu-arquitectura.com\/index.php\/casa-bambu-olon\/\" target=\"_blank\" rel=\"noopener noreferrer\"><img loading=\"lazy\" decoding=\"async\" width=\"1024\" height=\"768\" src=\"https:\/\/bambu-arquitectura.com\/wp-content\/uploads\/2021\/08\/casa-de-bambu-olon-20200206-100-1024x768.jpg\" alt=\"\" class=\"wp-image-754 size-full\" srcset=\"https:\/\/bambu-arquitectura.com\/wp-content\/uploads\/2021\/08\/casa-de-bambu-olon-20200206-100-1024x768.jpg 1024w, https:\/\/bambu-arquitectura.com\/wp-content\/uploads\/2021\/08\/casa-de-bambu-olon-20200206-100-300x225.jpg 300w, https:\/\/bambu-arquitectura.com\/wp-content\/uploads\/2021\/08\/casa-de-bambu-olon-20200206-100-768x576.jpg 768w, https:\/\/bambu-arquitectura.com\/wp-content\/uploads\/2021\/08\/casa-de-bambu-olon-20200206-100-400x300.jpg 400w, https:\/\/bambu-arquitectura.com\/wp-content\/uploads\/2021\/08\/casa-de-bambu-olon-20200206-100-467x350.jpg 467w, https:\/\/bambu-arquitectura.com\/wp-content\/uploads\/2021\/08\/casa-de-bambu-olon-20200206-100-150x113.jpg 150w, https:\/\/bambu-arquitectura.com\/wp-content\/uploads\/2021\/08\/casa-de-bambu-olon-20200206-100.jpg 1200w\" sizes=\"auto, (max-width: 1024px) 100vw, 1024px\" \/><\/a><\/figure><div class=\"wp-block-media-text__content\">\n<p style=\"font-size:18px\"><strong><a href=\"https:\/\/bambu-arquitectura.com\/index.php\/casa-bambu-olon\/\">Bamboo House Olon<\/a><\/strong><\/p>\n<\/div><\/div>\n\n\n\n<div style=\"height:25px\" aria-hidden=\"true\" class=\"wp-block-spacer\"><\/div>\n\n\n\n<div class=\"wp-block-media-text alignwide is-stacked-on-mobile\"><figure class=\"wp-block-media-text__media\"><a href=\"https:\/\/bambu-arquitectura.com\/index.php\/casa-de-bambu-colombia\/\" target=\"_blank\" rel=\"noopener noreferrer\"><img loading=\"lazy\" decoding=\"async\" width=\"1024\" height=\"555\" src=\"https:\/\/bambu-arquitectura.com\/wp-content\/uploads\/2022\/09\/Casa-Colombia-28022022a-1024x555.jpg\" alt=\"\" class=\"wp-image-1272 size-full\" srcset=\"https:\/\/bambu-arquitectura.com\/wp-content\/uploads\/2022\/09\/Casa-Colombia-28022022a-1024x555.jpg 1024w, https:\/\/bambu-arquitectura.com\/wp-content\/uploads\/2022\/09\/Casa-Colombia-28022022a-300x163.jpg 300w, https:\/\/bambu-arquitectura.com\/wp-content\/uploads\/2022\/09\/Casa-Colombia-28022022a-768x416.jpg 768w, https:\/\/bambu-arquitectura.com\/wp-content\/uploads\/2022\/09\/Casa-Colombia-28022022a-1536x833.jpg 1536w, https:\/\/bambu-arquitectura.com\/wp-content\/uploads\/2022\/09\/Casa-Colombia-28022022a-2048x1111.jpg 2048w, https:\/\/bambu-arquitectura.com\/wp-content\/uploads\/2022\/09\/Casa-Colombia-28022022a-421x228.jpg 421w\" sizes=\"auto, (max-width: 1024px) 100vw, 1024px\" \/><\/a><\/figure><div class=\"wp-block-media-text__content\">\n<p style=\"font-size:18px\"><a href=\"https:\/\/bambu-arquitectura.com\/index.php\/casa-de-bambu-colombia\/\"><strong>Bamboo House Colombia<\/strong><\/a><\/p>\n<\/div><\/div>\n\n\n\n<div style=\"height:25px\" aria-hidden=\"true\" class=\"wp-block-spacer\"><\/div>\n\n\n\n<div class=\"wp-block-media-text alignwide is-stacked-on-mobile\"><figure class=\"wp-block-media-text__media\"><a href=\"https:\/\/bambu-arquitectura.com\/index.php\/casa-de-bambu-libertador-bolivar\/\" target=\"_blank\" rel=\"noopener noreferrer\"><img loading=\"lazy\" decoding=\"async\" width=\"1024\" height=\"768\" src=\"https:\/\/bambu-arquitectura.com\/wp-content\/uploads\/2020\/11\/casa-de-bambu-libertador-bolivar-105-1024x768.jpg\" alt=\"\" class=\"wp-image-516 size-full\" srcset=\"https:\/\/bambu-arquitectura.com\/wp-content\/uploads\/2020\/11\/casa-de-bambu-libertador-bolivar-105-1024x768.jpg 1024w, https:\/\/bambu-arquitectura.com\/wp-content\/uploads\/2020\/11\/casa-de-bambu-libertador-bolivar-105-300x225.jpg 300w, https:\/\/bambu-arquitectura.com\/wp-content\/uploads\/2020\/11\/casa-de-bambu-libertador-bolivar-105-768x576.jpg 768w, https:\/\/bambu-arquitectura.com\/wp-content\/uploads\/2020\/11\/casa-de-bambu-libertador-bolivar-105-467x350.jpg 467w, https:\/\/bambu-arquitectura.com\/wp-content\/uploads\/2020\/11\/casa-de-bambu-libertador-bolivar-105-150x113.jpg 150w, https:\/\/bambu-arquitectura.com\/wp-content\/uploads\/2020\/11\/casa-de-bambu-libertador-bolivar-105.jpg 1200w\" sizes=\"auto, (max-width: 1024px) 100vw, 1024px\" \/><\/a><\/figure><div class=\"wp-block-media-text__content\">\n<p style=\"font-size:18px\"><strong><a href=\"https:\/\/bambu-arquitectura.com\/en\/casa-de-bambu-libertador-bolivar\/\" target=\"_blank\" rel=\"noreferrer noopener\">Bamboo House Liberator Bolivar<\/a><\/strong><\/p>\n<\/div><\/div>\n\n\n\n<div style=\"height:25px\" aria-hidden=\"true\" class=\"wp-block-spacer\"><\/div>\n\n\n\n<div class=\"wp-block-media-text alignwide is-stacked-on-mobile\"><figure class=\"wp-block-media-text__media\"><a href=\"https:\/\/bambu-arquitectura.com\/index.php\/casa-bambu-ancon\/\" target=\"_blank\" rel=\"noopener noreferrer\"><img loading=\"lazy\" decoding=\"async\" width=\"1024\" height=\"819\" src=\"https:\/\/bambu-arquitectura.com\/wp-content\/uploads\/2022\/09\/Casa-Ancon-1609a-edited-1024x819.webp\" alt=\"\" class=\"wp-image-1425 size-full\" srcset=\"https:\/\/bambu-arquitectura.com\/wp-content\/uploads\/2022\/09\/Casa-Ancon-1609a-edited-1024x819.webp 1024w, https:\/\/bambu-arquitectura.com\/wp-content\/uploads\/2022\/09\/Casa-Ancon-1609a-edited-300x240.webp 300w, https:\/\/bambu-arquitectura.com\/wp-content\/uploads\/2022\/09\/Casa-Ancon-1609a-edited-768x614.webp 768w, https:\/\/bambu-arquitectura.com\/wp-content\/uploads\/2022\/09\/Casa-Ancon-1609a-edited-1536x1228.webp 1536w, https:\/\/bambu-arquitectura.com\/wp-content\/uploads\/2022\/09\/Casa-Ancon-1609a-edited-15x12.webp 15w, https:\/\/bambu-arquitectura.com\/wp-content\/uploads\/2022\/09\/Casa-Ancon-1609a-edited-375x300.webp 375w, https:\/\/bambu-arquitectura.com\/wp-content\/uploads\/2022\/09\/Casa-Ancon-1609a-edited.webp 1667w\" sizes=\"auto, (max-width: 1024px) 100vw, 1024px\" \/><\/a><\/figure><div class=\"wp-block-media-text__content\">\n<p style=\"font-size:18px\"><strong><a href=\"https:\/\/bambu-arquitectura.com\/index.php\/casa-bambu-ancon\/\">Bamboo House Ancon<\/a><\/strong><\/p>\n<\/div><\/div>\n\n\n\n<div style=\"height:25px\" aria-hidden=\"true\" class=\"wp-block-spacer\"><\/div>","protected":false},"excerpt":{"rendered":"<p>Piura House Dos Mangas House Manglaralto House Ol\u00f3n House Colombia House Libertador Bol\u00edvar House Anc\u00f3n House<\/p>","protected":false},"author":1,"featured_media":1422,"parent":0,"menu_order":0,"comment_status":"closed","ping_status":"closed","template":"","meta":{"footnotes":""},"class_list":["post-201","page","type-page","status-publish","has-post-thumbnail","hentry"],"yoast_head":"<!-- This site is optimized with the Yoast SEO plugin v27.4 - https:\/\/yoast.com\/product\/yoast-seo-wordpress\/ -->\n<title>Casas de Bamb\u00fa - Dise\u00f1os Bamb\u00fa Arquitectura<\/title>\n<meta name=\"robots\" content=\"index, follow, max-snippet:-1, max-image-preview:large, max-video-preview:-1\" \/>\n<link rel=\"canonical\" href=\"https:\/\/bambu-arquitectura.com\/en\/casas-de-bambu\/\" \/>\n<meta property=\"og:locale\" content=\"en_US\" \/>\n<meta property=\"og:type\" content=\"article\" \/>\n<meta property=\"og:title\" content=\"Casas de Bamb\u00fa - Dise\u00f1os Bamb\u00fa Arquitectura\" \/>\n<meta property=\"og:description\" content=\"Casa Piura Casa Dos Mangas Casa Manglaralto Casa Ol\u00f3n Casa Colombia Casa Libertador Bol\u00edvar Casa Anc\u00f3n\" \/>\n<meta property=\"og:url\" content=\"https:\/\/bambu-arquitectura.com\/en\/casas-de-bambu\/\" \/>\n<meta property=\"og:site_name\" content=\"Dise\u00f1os Bamb\u00fa Arquitectura\" \/>\n<meta property=\"article:modified_time\" content=\"2022-09-07T21:44:45+00:00\" \/>\n<meta property=\"og:image\" content=\"https:\/\/bambu-arquitectura.com\/wp-content\/uploads\/2022\/09\/Casa-Dos-Mangas-060421a-scaled.webp\" \/>\n\t<meta property=\"og:image:width\" content=\"2560\" \/>\n\t<meta property=\"og:image:height\" content=\"1280\" \/>\n\t<meta property=\"og:image:type\" content=\"image\/webp\" \/>\n<meta name=\"twitter:card\" content=\"summary_large_image\" \/>\n<meta name=\"twitter:label1\" content=\"Est. reading time\" \/>\n\t<meta name=\"twitter:data1\" content=\"2 minutes\" \/>\n<script type=\"application\/ld+json\" class=\"yoast-schema-graph\">{\"@context\":\"https:\\\/\\\/schema.org\",\"@graph\":[{\"@type\":\"WebPage\",\"@id\":\"https:\\\/\\\/bambu-arquitectura.com\\\/casas-de-bambu\\\/\",\"url\":\"https:\\\/\\\/bambu-arquitectura.com\\\/casas-de-bambu\\\/\",\"name\":\"Casas de Bamb\u00fa - Dise\u00f1os Bamb\u00fa Arquitectura\",\"isPartOf\":{\"@id\":\"https:\\\/\\\/bambu-arquitectura.com\\\/#website\"},\"primaryImageOfPage\":{\"@id\":\"https:\\\/\\\/bambu-arquitectura.com\\\/casas-de-bambu\\\/#primaryimage\"},\"image\":{\"@id\":\"https:\\\/\\\/bambu-arquitectura.com\\\/casas-de-bambu\\\/#primaryimage\"},\"thumbnailUrl\":\"https:\\\/\\\/bambu-arquitectura.com\\\/wp-content\\\/uploads\\\/2022\\\/09\\\/Casa-Dos-Mangas-060421a-scaled.webp\",\"datePublished\":\"2020-09-15T21:10:39+00:00\",\"dateModified\":\"2022-09-07T21:44:45+00:00\",\"breadcrumb\":{\"@id\":\"https:\\\/\\\/bambu-arquitectura.com\\\/casas-de-bambu\\\/#breadcrumb\"},\"inLanguage\":\"en-US\",\"potentialAction\":[{\"@type\":\"ReadAction\",\"target\":[\"https:\\\/\\\/bambu-arquitectura.com\\\/casas-de-bambu\\\/\"]}]},{\"@type\":\"ImageObject\",\"inLanguage\":\"en-US\",\"@id\":\"https:\\\/\\\/bambu-arquitectura.com\\\/casas-de-bambu\\\/#primaryimage\",\"url\":\"https:\\\/\\\/bambu-arquitectura.com\\\/wp-content\\\/uploads\\\/2022\\\/09\\\/Casa-Dos-Mangas-060421a-scaled.webp\",\"contentUrl\":\"https:\\\/\\\/bambu-arquitectura.com\\\/wp-content\\\/uploads\\\/2022\\\/09\\\/Casa-Dos-Mangas-060421a-scaled.webp\",\"width\":2560,\"height\":1280},{\"@type\":\"BreadcrumbList\",\"@id\":\"https:\\\/\\\/bambu-arquitectura.com\\\/casas-de-bambu\\\/#breadcrumb\",\"itemListElement\":[{\"@type\":\"ListItem\",\"position\":1,\"name\":\"Home\",\"item\":\"https:\\\/\\\/bambu-arquitectura.com\\\/\"},{\"@type\":\"ListItem\",\"position\":2,\"name\":\"Casas de Bamb\u00fa\"}]},{\"@type\":\"WebSite\",\"@id\":\"https:\\\/\\\/bambu-arquitectura.com\\\/#website\",\"url\":\"https:\\\/\\\/bambu-arquitectura.com\\\/\",\"name\":\"Bamb\u00fa Arquitectura\",\"description\":\"Dise\u00f1os caba\u00f1as y casas de bamb\u00fa\",\"potentialAction\":[{\"@type\":\"SearchAction\",\"target\":{\"@type\":\"EntryPoint\",\"urlTemplate\":\"https:\\\/\\\/bambu-arquitectura.com\\\/?s={search_term_string}\"},\"query-input\":{\"@type\":\"PropertyValueSpecification\",\"valueRequired\":true,\"valueName\":\"search_term_string\"}}],\"inLanguage\":\"en-US\"}]}<\/script>\n<!-- \/ Yoast SEO plugin. -->","yoast_head_json":{"title":"Bamboo Houses - Bamb\u00fa Arquitectura Designs","robots":{"index":"index","follow":"follow","max-snippet":"max-snippet:-1","max-image-preview":"max-image-preview:large","max-video-preview":"max-video-preview:-1"},"canonical":"https:\/\/bambu-arquitectura.com\/en\/casas-de-bambu\/","og_locale":"en_US","og_type":"article","og_title":"Casas de Bamb\u00fa - Dise\u00f1os Bamb\u00fa Arquitectura","og_description":"Casa Piura Casa Dos Mangas Casa Manglaralto Casa Ol\u00f3n Casa Colombia Casa Libertador Bol\u00edvar Casa Anc\u00f3n","og_url":"https:\/\/bambu-arquitectura.com\/en\/casas-de-bambu\/","og_site_name":"Dise\u00f1os Bamb\u00fa Arquitectura","article_modified_time":"2022-09-07T21:44:45+00:00","og_image":[{"width":2560,"height":1280,"url":"https:\/\/bambu-arquitectura.com\/wp-content\/uploads\/2022\/09\/Casa-Dos-Mangas-060421a-scaled.webp","type":"image\/webp"}],"twitter_card":"summary_large_image","twitter_misc":{"Est. reading time":"2 minutes"},"schema":{"@context":"https:\/\/schema.org","@graph":[{"@type":"WebPage","@id":"https:\/\/bambu-arquitectura.com\/casas-de-bambu\/","url":"https:\/\/bambu-arquitectura.com\/casas-de-bambu\/","name":"Bamboo Houses - Bamb\u00fa Arquitectura Designs","isPartOf":{"@id":"https:\/\/bambu-arquitectura.com\/#website"},"primaryImageOfPage":{"@id":"https:\/\/bambu-arquitectura.com\/casas-de-bambu\/#primaryimage"},"image":{"@id":"https:\/\/bambu-arquitectura.com\/casas-de-bambu\/#primaryimage"},"thumbnailUrl":"https:\/\/bambu-arquitectura.com\/wp-content\/uploads\/2022\/09\/Casa-Dos-Mangas-060421a-scaled.webp","datePublished":"2020-09-15T21:10:39+00:00","dateModified":"2022-09-07T21:44:45+00:00","breadcrumb":{"@id":"https:\/\/bambu-arquitectura.com\/casas-de-bambu\/#breadcrumb"},"inLanguage":"en-US","potentialAction":[{"@type":"ReadAction","target":["https:\/\/bambu-arquitectura.com\/casas-de-bambu\/"]}]},{"@type":"ImageObject","inLanguage":"en-US","@id":"https:\/\/bambu-arquitectura.com\/casas-de-bambu\/#primaryimage","url":"https:\/\/bambu-arquitectura.com\/wp-content\/uploads\/2022\/09\/Casa-Dos-Mangas-060421a-scaled.webp","contentUrl":"https:\/\/bambu-arquitectura.com\/wp-content\/uploads\/2022\/09\/Casa-Dos-Mangas-060421a-scaled.webp","width":2560,"height":1280},{"@type":"BreadcrumbList","@id":"https:\/\/bambu-arquitectura.com\/casas-de-bambu\/#breadcrumb","itemListElement":[{"@type":"ListItem","position":1,"name":"Home","item":"https:\/\/bambu-arquitectura.com\/"},{"@type":"ListItem","position":2,"name":"Casas de Bamb\u00fa"}]},{"@type":"WebSite","@id":"https:\/\/bambu-arquitectura.com\/#website","url":"https:\/\/bambu-arquitectura.com\/","name":"Bamb\u00fa Arquitectura","description":"Designing bamboo caba\u00f1as and bamboo houses","potentialAction":[{"@type":"SearchAction","target":{"@type":"EntryPoint","urlTemplate":"https:\/\/bambu-arquitectura.com\/?s={search_term_string}"},"query-input":{"@type":"PropertyValueSpecification","valueRequired":true,"valueName":"search_term_string"}}],"inLanguage":"en-US"}]}},"jetpack_sharing_enabled":true,"_links":{"self":[{"href":"https:\/\/bambu-arquitectura.com\/en\/wp-json\/wp\/v2\/pages\/201","targetHints":{"allow":["GET"]}}],"collection":[{"href":"https:\/\/bambu-arquitectura.com\/en\/wp-json\/wp\/v2\/pages"}],"about":[{"href":"https:\/\/bambu-arquitectura.com\/en\/wp-json\/wp\/v2\/types\/page"}],"author":[{"embeddable":true,"href":"https:\/\/bambu-arquitectura.com\/en\/wp-json\/wp\/v2\/users\/1"}],"replies":[{"embeddable":true,"href":"https:\/\/bambu-arquitectura.com\/en\/wp-json\/wp\/v2\/comments?post=201"}],"version-history":[{"count":19,"href":"https:\/\/bambu-arquitectura.com\/en\/wp-json\/wp\/v2\/pages\/201\/revisions"}],"predecessor-version":[{"id":1431,"href":"https:\/\/bambu-arquitectura.com\/en\/wp-json\/wp\/v2\/pages\/201\/revisions\/1431"}],"wp:featuredmedia":[{"embeddable":true,"href":"https:\/\/bambu-arquitectura.com\/en\/wp-json\/wp\/v2\/media\/1422"}],"wp:attachment":[{"href":"https:\/\/bambu-arquitectura.com\/en\/wp-json\/wp\/v2\/media?parent=201"}],"curies":[{"name":"wp","href":"https:\/\/api.w.org\/{rel}","templated":true}]}}