{"id":32,"date":"2020-09-02T21:01:20","date_gmt":"2020-09-02T21:01:20","guid":{"rendered":"http:\/\/bambu-arquitectura.com\/?page_id=32"},"modified":"2022-09-05T03:37:04","modified_gmt":"2022-09-04T22:37:04","slug":"casa-bambu-manglaralto","status":"publish","type":"page","link":"https:\/\/bambu-arquitectura.com\/en\/casa-bambu-manglaralto\/","title":{"rendered":"Bamboo House Manglaralto"},"content":{"rendered":"<h5 class=\"wp-block-heading\">Design Bamboo House Manglaralto<\/h5>\n\n\n\n<p>Mixed construction of one plant, earthquake resistant with a base of reinforced concrete and a structure of colums and beams of preserved bamboo.&nbsp;<\/p>\n\n\n\n<figure class=\"wp-block-image size-large\"><a href=\"https:\/\/bambu-arquitectura.com\/wp-content\/uploads\/2021\/01\/Casa-Manglaralto-040121b.jpg\" target=\"_blank\" rel=\"noopener noreferrer\"><img loading=\"lazy\" decoding=\"async\" width=\"1024\" height=\"576\" src=\"https:\/\/bambu-arquitectura.com\/wp-content\/uploads\/2021\/01\/Casa-Manglaralto-040121b-1024x576.jpg\" alt=\"\" class=\"wp-image-655\" srcset=\"https:\/\/bambu-arquitectura.com\/wp-content\/uploads\/2021\/01\/Casa-Manglaralto-040121b-1024x576.jpg 1024w, https:\/\/bambu-arquitectura.com\/wp-content\/uploads\/2021\/01\/Casa-Manglaralto-040121b-300x169.jpg 300w, https:\/\/bambu-arquitectura.com\/wp-content\/uploads\/2021\/01\/Casa-Manglaralto-040121b-768x432.jpg 768w, https:\/\/bambu-arquitectura.com\/wp-content\/uploads\/2021\/01\/Casa-Manglaralto-040121b-1536x864.jpg 1536w, https:\/\/bambu-arquitectura.com\/wp-content\/uploads\/2021\/01\/Casa-Manglaralto-040121b-622x350.jpg 622w, https:\/\/bambu-arquitectura.com\/wp-content\/uploads\/2021\/01\/Casa-Manglaralto-040121b-150x84.jpg 150w, https:\/\/bambu-arquitectura.com\/wp-content\/uploads\/2021\/01\/Casa-Manglaralto-040121b.jpg 1885w\" sizes=\"auto, (max-width: 1024px) 100vw, 1024px\" \/><\/a><\/figure>\n\n\n\n<p>Spaces: living room\/dining room\/kitchen, entrance hall, 2 bedrooms, 2 bathrooms with toilet, sink and shower, terraces on three sides of the house.<\/p>\n\n\n\n<p>Concrete base: 134 m<sup>2<\/sup>.&nbsp;<\/p>\n\n\n\n<p>Living area: 74 m<sup>2<\/sup>.<\/p>\n\n\n<div class=\"wp-block-image\">\n<figure class=\"aligncenter size-large\"><img loading=\"lazy\" decoding=\"async\" width=\"1024\" height=\"572\" src=\"https:\/\/bambu-arquitectura.com\/wp-content\/uploads\/2020\/11\/Casa-Manglaralto-plan-estructura-1024x572.jpg\" alt=\"\" class=\"wp-image-527\" srcset=\"https:\/\/bambu-arquitectura.com\/wp-content\/uploads\/2020\/11\/Casa-Manglaralto-plan-estructura-1024x572.jpg 1024w, https:\/\/bambu-arquitectura.com\/wp-content\/uploads\/2020\/11\/Casa-Manglaralto-plan-estructura-300x168.jpg 300w, https:\/\/bambu-arquitectura.com\/wp-content\/uploads\/2020\/11\/Casa-Manglaralto-plan-estructura-768x429.jpg 768w, https:\/\/bambu-arquitectura.com\/wp-content\/uploads\/2020\/11\/Casa-Manglaralto-plan-estructura-627x350.jpg 627w, https:\/\/bambu-arquitectura.com\/wp-content\/uploads\/2020\/11\/Casa-Manglaralto-plan-estructura-150x84.jpg 150w, https:\/\/bambu-arquitectura.com\/wp-content\/uploads\/2020\/11\/Casa-Manglaralto-plan-estructura.jpg 1488w\" sizes=\"auto, (max-width: 1024px) 100vw, 1024px\" \/><\/figure>\n<\/div>\n\n\n<p>The house is sustainable, due to the use of bamboo for the structure and for wall, floor and ceiling coverings.&nbsp;<\/p>\n\n\n\n<p>Because of the use of bamboo in the roof, roof and walls and because of the shape of the house (the large eaves prevent the walls from heating up, the space between the roof and roof prevents heat from the roof from entering the house and the cross-ventilation by the location of the windows), there is a pleasant climate inside the house.&nbsp;<\/p>\n\n\n\n<p>Bamboo grows fast and is CO\u2082 neutral. The construction of this bamboo house is an effective remedy in the fight against climate change.<\/p>\n\n\n\n<figure class=\"wp-block-gallery has-nested-images columns-default is-cropped wp-block-gallery-1 is-layout-flex wp-block-gallery-is-layout-flex\">\n<figure class=\"wp-block-image size-large is-style-default\"><img loading=\"lazy\" decoding=\"async\" width=\"1024\" height=\"533\" data-id=\"525\" src=\"https:\/\/bambu-arquitectura.com\/wp-content\/uploads\/2020\/11\/Casa-Manglaralto-fachada4-1024x533.jpg\" alt=\"\" class=\"wp-image-525\" srcset=\"https:\/\/bambu-arquitectura.com\/wp-content\/uploads\/2020\/11\/Casa-Manglaralto-fachada4-1024x533.jpg 1024w, https:\/\/bambu-arquitectura.com\/wp-content\/uploads\/2020\/11\/Casa-Manglaralto-fachada4-300x156.jpg 300w, https:\/\/bambu-arquitectura.com\/wp-content\/uploads\/2020\/11\/Casa-Manglaralto-fachada4-768x399.jpg 768w, https:\/\/bambu-arquitectura.com\/wp-content\/uploads\/2020\/11\/Casa-Manglaralto-fachada4-1536x799.jpg 1536w, https:\/\/bambu-arquitectura.com\/wp-content\/uploads\/2020\/11\/Casa-Manglaralto-fachada4-2048x1065.jpg 2048w, https:\/\/bambu-arquitectura.com\/wp-content\/uploads\/2020\/11\/Casa-Manglaralto-fachada4-673x350.jpg 673w, https:\/\/bambu-arquitectura.com\/wp-content\/uploads\/2020\/11\/Casa-Manglaralto-fachada4-150x78.jpg 150w\" sizes=\"auto, (max-width: 1024px) 100vw, 1024px\" \/><\/figure>\n\n\n\n<figure class=\"wp-block-image size-large is-style-default\"><img loading=\"lazy\" decoding=\"async\" width=\"1024\" height=\"533\" data-id=\"524\" src=\"https:\/\/bambu-arquitectura.com\/wp-content\/uploads\/2020\/11\/Casa-Manglaralto-fachada3-1024x533.jpg\" alt=\"\" class=\"wp-image-524\" srcset=\"https:\/\/bambu-arquitectura.com\/wp-content\/uploads\/2020\/11\/Casa-Manglaralto-fachada3-1024x533.jpg 1024w, https:\/\/bambu-arquitectura.com\/wp-content\/uploads\/2020\/11\/Casa-Manglaralto-fachada3-300x156.jpg 300w, https:\/\/bambu-arquitectura.com\/wp-content\/uploads\/2020\/11\/Casa-Manglaralto-fachada3-768x399.jpg 768w, https:\/\/bambu-arquitectura.com\/wp-content\/uploads\/2020\/11\/Casa-Manglaralto-fachada3-1536x799.jpg 1536w, https:\/\/bambu-arquitectura.com\/wp-content\/uploads\/2020\/11\/Casa-Manglaralto-fachada3-2048x1065.jpg 2048w, https:\/\/bambu-arquitectura.com\/wp-content\/uploads\/2020\/11\/Casa-Manglaralto-fachada3-673x350.jpg 673w, https:\/\/bambu-arquitectura.com\/wp-content\/uploads\/2020\/11\/Casa-Manglaralto-fachada3-150x78.jpg 150w\" sizes=\"auto, (max-width: 1024px) 100vw, 1024px\" \/><\/figure>\n\n\n\n<figure class=\"wp-block-image size-large is-style-default\"><img loading=\"lazy\" decoding=\"async\" width=\"1024\" height=\"533\" data-id=\"523\" src=\"https:\/\/bambu-arquitectura.com\/wp-content\/uploads\/2020\/11\/Casa-Manglaralto-fachada2-1024x533.jpg\" alt=\"\" class=\"wp-image-523\" srcset=\"https:\/\/bambu-arquitectura.com\/wp-content\/uploads\/2020\/11\/Casa-Manglaralto-fachada2-1024x533.jpg 1024w, https:\/\/bambu-arquitectura.com\/wp-content\/uploads\/2020\/11\/Casa-Manglaralto-fachada2-300x156.jpg 300w, https:\/\/bambu-arquitectura.com\/wp-content\/uploads\/2020\/11\/Casa-Manglaralto-fachada2-768x399.jpg 768w, https:\/\/bambu-arquitectura.com\/wp-content\/uploads\/2020\/11\/Casa-Manglaralto-fachada2-1536x799.jpg 1536w, https:\/\/bambu-arquitectura.com\/wp-content\/uploads\/2020\/11\/Casa-Manglaralto-fachada2-2048x1065.jpg 2048w, https:\/\/bambu-arquitectura.com\/wp-content\/uploads\/2020\/11\/Casa-Manglaralto-fachada2-673x350.jpg 673w, https:\/\/bambu-arquitectura.com\/wp-content\/uploads\/2020\/11\/Casa-Manglaralto-fachada2-150x78.jpg 150w\" sizes=\"auto, (max-width: 1024px) 100vw, 1024px\" \/><\/figure>\n\n\n\n<figure class=\"wp-block-image size-large is-style-default\"><img loading=\"lazy\" decoding=\"async\" width=\"1024\" height=\"533\" data-id=\"522\" src=\"https:\/\/bambu-arquitectura.com\/wp-content\/uploads\/2020\/11\/Casa-Manglaralto-fachada1-1024x533.jpg\" alt=\"\" class=\"wp-image-522\" srcset=\"https:\/\/bambu-arquitectura.com\/wp-content\/uploads\/2020\/11\/Casa-Manglaralto-fachada1-1024x533.jpg 1024w, https:\/\/bambu-arquitectura.com\/wp-content\/uploads\/2020\/11\/Casa-Manglaralto-fachada1-300x156.jpg 300w, https:\/\/bambu-arquitectura.com\/wp-content\/uploads\/2020\/11\/Casa-Manglaralto-fachada1-768x399.jpg 768w, https:\/\/bambu-arquitectura.com\/wp-content\/uploads\/2020\/11\/Casa-Manglaralto-fachada1-1536x799.jpg 1536w, https:\/\/bambu-arquitectura.com\/wp-content\/uploads\/2020\/11\/Casa-Manglaralto-fachada1-2048x1065.jpg 2048w, https:\/\/bambu-arquitectura.com\/wp-content\/uploads\/2020\/11\/Casa-Manglaralto-fachada1-673x350.jpg 673w, https:\/\/bambu-arquitectura.com\/wp-content\/uploads\/2020\/11\/Casa-Manglaralto-fachada1-150x78.jpg 150w\" sizes=\"auto, (max-width: 1024px) 100vw, 1024px\" \/><\/figure>\n\n\n\n<figure class=\"wp-block-image size-large is-style-default\"><img loading=\"lazy\" decoding=\"async\" width=\"1024\" height=\"533\" data-id=\"526\" src=\"https:\/\/bambu-arquitectura.com\/wp-content\/uploads\/2020\/11\/Casa-Manglaralto-perspectiva-1024x533.jpg\" alt=\"\" class=\"wp-image-526\" srcset=\"https:\/\/bambu-arquitectura.com\/wp-content\/uploads\/2020\/11\/Casa-Manglaralto-perspectiva-1024x533.jpg 1024w, https:\/\/bambu-arquitectura.com\/wp-content\/uploads\/2020\/11\/Casa-Manglaralto-perspectiva-300x156.jpg 300w, https:\/\/bambu-arquitectura.com\/wp-content\/uploads\/2020\/11\/Casa-Manglaralto-perspectiva-768x399.jpg 768w, https:\/\/bambu-arquitectura.com\/wp-content\/uploads\/2020\/11\/Casa-Manglaralto-perspectiva-1536x799.jpg 1536w, https:\/\/bambu-arquitectura.com\/wp-content\/uploads\/2020\/11\/Casa-Manglaralto-perspectiva-2048x1065.jpg 2048w, https:\/\/bambu-arquitectura.com\/wp-content\/uploads\/2020\/11\/Casa-Manglaralto-perspectiva-673x350.jpg 673w, https:\/\/bambu-arquitectura.com\/wp-content\/uploads\/2020\/11\/Casa-Manglaralto-perspectiva-150x78.jpg 150w\" sizes=\"auto, (max-width: 1024px) 100vw, 1024px\" \/><\/figure>\n<\/figure>\n\n\n\n<h5 class=\"wp-block-heading\">3d model<\/h5>\n\n\n\n<p>The model of this house can be viewed on Sketchfab with the following link:<\/p>\n\n\n\n<p><a href=\"https:\/\/sketchfab.com\/3d-models\/casa-manglaralto-cb92aff42629409c9bf5e8bbe51135bf?utm_medium=embed&amp;utm_source=website&amp;utm_campaign=share-popup\" target=\"_blank\" rel=\"noreferrer noopener\">Bamboo House Manglaralto<\/a> by <a href=\"https:\/\/sketchfab.com\/lucaskremer57?utm_medium=embed&amp;utm_source=website&amp;utm_campaign=share-popup\" target=\"_blank\" rel=\"noreferrer noopener\">Bamb\u00fa Arquitectura<\/a> on <a href=\"https:\/\/sketchfab.com?utm_medium=embed&amp;utm_source=website&amp;utm_campaign=share-popup\" target=\"_blank\" rel=\"noreferrer noopener\">Sketchfab<\/a><\/p>","protected":false},"excerpt":{"rendered":"<p>Bamboo House Design Manglaralto One-story mixed construction, earthquake resistant with a reinforced concrete base and a cured bamboo structure. Spaces:\u2026<\/p>","protected":false},"author":1,"featured_media":218,"parent":0,"menu_order":0,"comment_status":"closed","ping_status":"closed","template":"","meta":{"footnotes":""},"class_list":["post-32","page","type-page","status-publish","has-post-thumbnail","hentry"],"yoast_head":"<!-- This site is optimized with the Yoast SEO plugin v27.3 - https:\/\/yoast.com\/product\/yoast-seo-wordpress\/ -->\n<title>Casa Manglaralto - Dise\u00f1os Bamb\u00fa Arquitectura<\/title>\n<meta name=\"robots\" content=\"index, follow, max-snippet:-1, max-image-preview:large, max-video-preview:-1\" \/>\n<link rel=\"canonical\" href=\"https:\/\/bambu-arquitectura.com\/en\/casa-bambu-manglaralto\/\" \/>\n<meta property=\"og:locale\" content=\"en_US\" \/>\n<meta property=\"og:type\" content=\"article\" \/>\n<meta property=\"og:title\" content=\"Casa Manglaralto - Dise\u00f1os Bamb\u00fa Arquitectura\" \/>\n<meta property=\"og:description\" content=\"Dise\u00f1o Casa de Bamb\u00fa Manglaralto Construcci\u00f3n mixta de una planta, sismo resistente con una base de hormig\u00f3n armado y una estructura de bamb\u00fa curado.&nbsp; Espacios:&hellip;\" \/>\n<meta property=\"og:url\" content=\"https:\/\/bambu-arquitectura.com\/en\/casa-bambu-manglaralto\/\" \/>\n<meta property=\"og:site_name\" content=\"Dise\u00f1os Bamb\u00fa Arquitectura\" \/>\n<meta property=\"article:modified_time\" content=\"2022-09-04T22:37:04+00:00\" \/>\n<meta property=\"og:image\" content=\"https:\/\/bambu-arquitectura.com\/wp-content\/uploads\/2020\/09\/Casa-Manglaralto.jpg\" \/>\n\t<meta property=\"og:image:width\" content=\"2400\" \/>\n\t<meta property=\"og:image:height\" content=\"1350\" \/>\n\t<meta property=\"og:image:type\" content=\"image\/jpeg\" \/>\n<meta name=\"twitter:card\" content=\"summary_large_image\" \/>\n<meta name=\"twitter:label1\" content=\"Est. reading time\" \/>\n\t<meta name=\"twitter:data1\" content=\"3 minutes\" \/>\n<script type=\"application\/ld+json\" class=\"yoast-schema-graph\">{\"@context\":\"https:\\\/\\\/schema.org\",\"@graph\":[{\"@type\":\"WebPage\",\"@id\":\"https:\\\/\\\/bambu-arquitectura.com\\\/casa-bambu-manglaralto\\\/\",\"url\":\"https:\\\/\\\/bambu-arquitectura.com\\\/casa-bambu-manglaralto\\\/\",\"name\":\"Casa Manglaralto - Dise\u00f1os Bamb\u00fa Arquitectura\",\"isPartOf\":{\"@id\":\"https:\\\/\\\/bambu-arquitectura.com\\\/#website\"},\"primaryImageOfPage\":{\"@id\":\"https:\\\/\\\/bambu-arquitectura.com\\\/casa-bambu-manglaralto\\\/#primaryimage\"},\"image\":{\"@id\":\"https:\\\/\\\/bambu-arquitectura.com\\\/casa-bambu-manglaralto\\\/#primaryimage\"},\"thumbnailUrl\":\"https:\\\/\\\/bambu-arquitectura.com\\\/wp-content\\\/uploads\\\/2020\\\/09\\\/Casa-Manglaralto.jpg\",\"datePublished\":\"2020-09-02T21:01:20+00:00\",\"dateModified\":\"2022-09-04T22:37:04+00:00\",\"breadcrumb\":{\"@id\":\"https:\\\/\\\/bambu-arquitectura.com\\\/casa-bambu-manglaralto\\\/#breadcrumb\"},\"inLanguage\":\"en-US\",\"potentialAction\":[{\"@type\":\"ReadAction\",\"target\":[\"https:\\\/\\\/bambu-arquitectura.com\\\/casa-bambu-manglaralto\\\/\"]}]},{\"@type\":\"ImageObject\",\"inLanguage\":\"en-US\",\"@id\":\"https:\\\/\\\/bambu-arquitectura.com\\\/casa-bambu-manglaralto\\\/#primaryimage\",\"url\":\"https:\\\/\\\/bambu-arquitectura.com\\\/wp-content\\\/uploads\\\/2020\\\/09\\\/Casa-Manglaralto.jpg\",\"contentUrl\":\"https:\\\/\\\/bambu-arquitectura.com\\\/wp-content\\\/uploads\\\/2020\\\/09\\\/Casa-Manglaralto.jpg\",\"width\":2400,\"height\":1350},{\"@type\":\"BreadcrumbList\",\"@id\":\"https:\\\/\\\/bambu-arquitectura.com\\\/casa-bambu-manglaralto\\\/#breadcrumb\",\"itemListElement\":[{\"@type\":\"ListItem\",\"position\":1,\"name\":\"Home\",\"item\":\"https:\\\/\\\/bambu-arquitectura.com\\\/\"},{\"@type\":\"ListItem\",\"position\":2,\"name\":\"Casa Manglaralto\"}]},{\"@type\":\"WebSite\",\"@id\":\"https:\\\/\\\/bambu-arquitectura.com\\\/#website\",\"url\":\"https:\\\/\\\/bambu-arquitectura.com\\\/\",\"name\":\"Bamb\u00fa Arquitectura\",\"description\":\"Dise\u00f1os caba\u00f1as y casas de bamb\u00fa\",\"potentialAction\":[{\"@type\":\"SearchAction\",\"target\":{\"@type\":\"EntryPoint\",\"urlTemplate\":\"https:\\\/\\\/bambu-arquitectura.com\\\/?s={search_term_string}\"},\"query-input\":{\"@type\":\"PropertyValueSpecification\",\"valueRequired\":true,\"valueName\":\"search_term_string\"}}],\"inLanguage\":\"en-US\"}]}<\/script>\n<!-- \/ Yoast SEO plugin. -->","yoast_head_json":{"title":"Casa Manglaralto - Dise\u00f1os Bamb\u00fa Arquitectura","robots":{"index":"index","follow":"follow","max-snippet":"max-snippet:-1","max-image-preview":"max-image-preview:large","max-video-preview":"max-video-preview:-1"},"canonical":"https:\/\/bambu-arquitectura.com\/en\/casa-bambu-manglaralto\/","og_locale":"en_US","og_type":"article","og_title":"Casa Manglaralto - Dise\u00f1os Bamb\u00fa Arquitectura","og_description":"Dise\u00f1o Casa de Bamb\u00fa Manglaralto Construcci\u00f3n mixta de una planta, sismo resistente con una base de hormig\u00f3n armado y una estructura de bamb\u00fa curado.&nbsp; Espacios:&hellip;","og_url":"https:\/\/bambu-arquitectura.com\/en\/casa-bambu-manglaralto\/","og_site_name":"Dise\u00f1os Bamb\u00fa Arquitectura","article_modified_time":"2022-09-04T22:37:04+00:00","og_image":[{"width":2400,"height":1350,"url":"https:\/\/bambu-arquitectura.com\/wp-content\/uploads\/2020\/09\/Casa-Manglaralto.jpg","type":"image\/jpeg"}],"twitter_card":"summary_large_image","twitter_misc":{"Est. reading time":"3 minutes"},"schema":{"@context":"https:\/\/schema.org","@graph":[{"@type":"WebPage","@id":"https:\/\/bambu-arquitectura.com\/casa-bambu-manglaralto\/","url":"https:\/\/bambu-arquitectura.com\/casa-bambu-manglaralto\/","name":"Casa Manglaralto - Dise\u00f1os Bamb\u00fa Arquitectura","isPartOf":{"@id":"https:\/\/bambu-arquitectura.com\/#website"},"primaryImageOfPage":{"@id":"https:\/\/bambu-arquitectura.com\/casa-bambu-manglaralto\/#primaryimage"},"image":{"@id":"https:\/\/bambu-arquitectura.com\/casa-bambu-manglaralto\/#primaryimage"},"thumbnailUrl":"https:\/\/bambu-arquitectura.com\/wp-content\/uploads\/2020\/09\/Casa-Manglaralto.jpg","datePublished":"2020-09-02T21:01:20+00:00","dateModified":"2022-09-04T22:37:04+00:00","breadcrumb":{"@id":"https:\/\/bambu-arquitectura.com\/casa-bambu-manglaralto\/#breadcrumb"},"inLanguage":"en-US","potentialAction":[{"@type":"ReadAction","target":["https:\/\/bambu-arquitectura.com\/casa-bambu-manglaralto\/"]}]},{"@type":"ImageObject","inLanguage":"en-US","@id":"https:\/\/bambu-arquitectura.com\/casa-bambu-manglaralto\/#primaryimage","url":"https:\/\/bambu-arquitectura.com\/wp-content\/uploads\/2020\/09\/Casa-Manglaralto.jpg","contentUrl":"https:\/\/bambu-arquitectura.com\/wp-content\/uploads\/2020\/09\/Casa-Manglaralto.jpg","width":2400,"height":1350},{"@type":"BreadcrumbList","@id":"https:\/\/bambu-arquitectura.com\/casa-bambu-manglaralto\/#breadcrumb","itemListElement":[{"@type":"ListItem","position":1,"name":"Home","item":"https:\/\/bambu-arquitectura.com\/"},{"@type":"ListItem","position":2,"name":"Casa Manglaralto"}]},{"@type":"WebSite","@id":"https:\/\/bambu-arquitectura.com\/#website","url":"https:\/\/bambu-arquitectura.com\/","name":"Bamb\u00fa Arquitectura","description":"Designing bamboo caba\u00f1as and bamboo houses","potentialAction":[{"@type":"SearchAction","target":{"@type":"EntryPoint","urlTemplate":"https:\/\/bambu-arquitectura.com\/?s={search_term_string}"},"query-input":{"@type":"PropertyValueSpecification","valueRequired":true,"valueName":"search_term_string"}}],"inLanguage":"en-US"}]}},"jetpack_sharing_enabled":true,"_links":{"self":[{"href":"https:\/\/bambu-arquitectura.com\/en\/wp-json\/wp\/v2\/pages\/32","targetHints":{"allow":["GET"]}}],"collection":[{"href":"https:\/\/bambu-arquitectura.com\/en\/wp-json\/wp\/v2\/pages"}],"about":[{"href":"https:\/\/bambu-arquitectura.com\/en\/wp-json\/wp\/v2\/types\/page"}],"author":[{"embeddable":true,"href":"https:\/\/bambu-arquitectura.com\/en\/wp-json\/wp\/v2\/users\/1"}],"replies":[{"embeddable":true,"href":"https:\/\/bambu-arquitectura.com\/en\/wp-json\/wp\/v2\/comments?post=32"}],"version-history":[{"count":2,"href":"https:\/\/bambu-arquitectura.com\/en\/wp-json\/wp\/v2\/pages\/32\/revisions"}],"predecessor-version":[{"id":1345,"href":"https:\/\/bambu-arquitectura.com\/en\/wp-json\/wp\/v2\/pages\/32\/revisions\/1345"}],"wp:featuredmedia":[{"embeddable":true,"href":"https:\/\/bambu-arquitectura.com\/en\/wp-json\/wp\/v2\/media\/218"}],"wp:attachment":[{"href":"https:\/\/bambu-arquitectura.com\/en\/wp-json\/wp\/v2\/media?parent=32"}],"curies":[{"name":"wp","href":"https:\/\/api.w.org\/{rel}","templated":true}]}}