{"id":35,"date":"2020-09-02T21:04:38","date_gmt":"2020-09-02T21:04:38","guid":{"rendered":"http:\/\/bambu-arquitectura.com\/?page_id=35"},"modified":"2020-11-01T07:29:15","modified_gmt":"2020-11-01T02:29:15","slug":"casas-libertador-bolivar","status":"publish","type":"page","link":"https:\/\/bambu-arquitectura.com\/en\/casas-libertador-bolivar\/","title":{"rendered":"Bamboo Houses Libertador Bolivar"},"content":{"rendered":"<p>Bamboo houses, earthquake resistant with a reinforced concrete base and a cured bamboo structure, built in Libertador Bol\u00edvar, for people who lost their homes due to the strong earthquake of April 2016.<\/p>\n\n\n\n<p><\/p>\n\n\n\n<div class=\"wp-block-image\"><figure class=\"aligncenter size-large is-resized\"><a href=\"https:\/\/bambu-arquitectura.com\/wp-content\/uploads\/2020\/11\/casa-de-bambu-libertador-bolivar-100.jpg\" target=\"_blank\" rel=\"noopener noreferrer\"><img loading=\"lazy\" decoding=\"async\" src=\"https:\/\/bambu-arquitectura.com\/wp-content\/uploads\/2020\/11\/casa-de-bambu-libertador-bolivar-100-1024x768.jpg\" alt=\"\" class=\"wp-image-512\" width=\"512\" height=\"384\" srcset=\"https:\/\/bambu-arquitectura.com\/wp-content\/uploads\/2020\/11\/casa-de-bambu-libertador-bolivar-100-1024x768.jpg 1024w, https:\/\/bambu-arquitectura.com\/wp-content\/uploads\/2020\/11\/casa-de-bambu-libertador-bolivar-100-300x225.jpg 300w, https:\/\/bambu-arquitectura.com\/wp-content\/uploads\/2020\/11\/casa-de-bambu-libertador-bolivar-100-768x576.jpg 768w, https:\/\/bambu-arquitectura.com\/wp-content\/uploads\/2020\/11\/casa-de-bambu-libertador-bolivar-100-467x350.jpg 467w, https:\/\/bambu-arquitectura.com\/wp-content\/uploads\/2020\/11\/casa-de-bambu-libertador-bolivar-100-150x113.jpg 150w, https:\/\/bambu-arquitectura.com\/wp-content\/uploads\/2020\/11\/casa-de-bambu-libertador-bolivar-100.jpg 1200w\" sizes=\"auto, (max-width: 512px) 100vw, 512px\" \/><\/a><figcaption>House of 35 m2 (5x7m)<\/figcaption><\/figure><\/div>\n\n\n\n<div class=\"wp-block-image\"><figure class=\"aligncenter size-large is-resized\"><a href=\"https:\/\/bambu-arquitectura.com\/wp-content\/uploads\/2020\/11\/casa-de-bambu-libertador-bolivar-101.jpg\" target=\"_blank\" rel=\"noopener noreferrer\"><img loading=\"lazy\" decoding=\"async\" src=\"https:\/\/bambu-arquitectura.com\/wp-content\/uploads\/2020\/11\/casa-de-bambu-libertador-bolivar-101-1024x768.jpg\" alt=\"\" class=\"wp-image-513\" width=\"512\" height=\"384\" srcset=\"https:\/\/bambu-arquitectura.com\/wp-content\/uploads\/2020\/11\/casa-de-bambu-libertador-bolivar-101-1024x768.jpg 1024w, https:\/\/bambu-arquitectura.com\/wp-content\/uploads\/2020\/11\/casa-de-bambu-libertador-bolivar-101-300x225.jpg 300w, https:\/\/bambu-arquitectura.com\/wp-content\/uploads\/2020\/11\/casa-de-bambu-libertador-bolivar-101-768x576.jpg 768w, https:\/\/bambu-arquitectura.com\/wp-content\/uploads\/2020\/11\/casa-de-bambu-libertador-bolivar-101-467x350.jpg 467w, https:\/\/bambu-arquitectura.com\/wp-content\/uploads\/2020\/11\/casa-de-bambu-libertador-bolivar-101-150x113.jpg 150w, https:\/\/bambu-arquitectura.com\/wp-content\/uploads\/2020\/11\/casa-de-bambu-libertador-bolivar-101.jpg 1200w\" sizes=\"auto, (max-width: 512px) 100vw, 512px\" \/><\/a><figcaption>Detail house of 35 m2<\/figcaption><\/figure><\/div>\n\n\n\n<div class=\"wp-block-image\"><figure class=\"aligncenter size-large is-resized\"><a href=\"https:\/\/bambu-arquitectura.com\/wp-content\/uploads\/2020\/11\/casa-de-bambu-libertador-bolivar-102.jpg\" target=\"_blank\" rel=\"noopener noreferrer\"><img loading=\"lazy\" decoding=\"async\" src=\"https:\/\/bambu-arquitectura.com\/wp-content\/uploads\/2020\/11\/casa-de-bambu-libertador-bolivar-102-1024x768.jpg\" alt=\"\" class=\"wp-image-514\" width=\"512\" height=\"384\" srcset=\"https:\/\/bambu-arquitectura.com\/wp-content\/uploads\/2020\/11\/casa-de-bambu-libertador-bolivar-102-1024x768.jpg 1024w, https:\/\/bambu-arquitectura.com\/wp-content\/uploads\/2020\/11\/casa-de-bambu-libertador-bolivar-102-300x225.jpg 300w, https:\/\/bambu-arquitectura.com\/wp-content\/uploads\/2020\/11\/casa-de-bambu-libertador-bolivar-102-768x576.jpg 768w, https:\/\/bambu-arquitectura.com\/wp-content\/uploads\/2020\/11\/casa-de-bambu-libertador-bolivar-102-467x350.jpg 467w, https:\/\/bambu-arquitectura.com\/wp-content\/uploads\/2020\/11\/casa-de-bambu-libertador-bolivar-102-150x113.jpg 150w, https:\/\/bambu-arquitectura.com\/wp-content\/uploads\/2020\/11\/casa-de-bambu-libertador-bolivar-102.jpg 1200w\" sizes=\"auto, (max-width: 512px) 100vw, 512px\" \/><\/a><figcaption>House of 42 m2 (6x7m)<\/figcaption><\/figure><\/div>\n\n\n\n<div class=\"wp-block-image\"><figure class=\"aligncenter size-large is-resized\"><a href=\"https:\/\/bambu-arquitectura.com\/wp-content\/uploads\/2020\/11\/casa-de-bambu-libertador-bolivar-109.jpg\" target=\"_blank\" rel=\"noopener noreferrer\"><img loading=\"lazy\" decoding=\"async\" src=\"https:\/\/bambu-arquitectura.com\/wp-content\/uploads\/2020\/11\/casa-de-bambu-libertador-bolivar-109-1024x768.jpg\" alt=\"\" class=\"wp-image-520\" width=\"512\" height=\"384\" srcset=\"https:\/\/bambu-arquitectura.com\/wp-content\/uploads\/2020\/11\/casa-de-bambu-libertador-bolivar-109-1024x768.jpg 1024w, https:\/\/bambu-arquitectura.com\/wp-content\/uploads\/2020\/11\/casa-de-bambu-libertador-bolivar-109-300x225.jpg 300w, https:\/\/bambu-arquitectura.com\/wp-content\/uploads\/2020\/11\/casa-de-bambu-libertador-bolivar-109-768x576.jpg 768w, https:\/\/bambu-arquitectura.com\/wp-content\/uploads\/2020\/11\/casa-de-bambu-libertador-bolivar-109-467x350.jpg 467w, https:\/\/bambu-arquitectura.com\/wp-content\/uploads\/2020\/11\/casa-de-bambu-libertador-bolivar-109-150x113.jpg 150w, https:\/\/bambu-arquitectura.com\/wp-content\/uploads\/2020\/11\/casa-de-bambu-libertador-bolivar-109.jpg 1200w\" sizes=\"auto, (max-width: 512px) 100vw, 512px\" \/><\/a><figcaption>Interior detail house of 42 m2<\/figcaption><\/figure><\/div>\n\n\n\n<div class=\"wp-block-image\"><figure class=\"aligncenter size-large is-resized\"><a href=\"https:\/\/bambu-arquitectura.com\/wp-content\/uploads\/2020\/11\/casa-de-bambu-libertador-bolivar-105.jpg\" target=\"_blank\" rel=\"noopener noreferrer\"><img loading=\"lazy\" decoding=\"async\" src=\"https:\/\/bambu-arquitectura.com\/wp-content\/uploads\/2020\/11\/casa-de-bambu-libertador-bolivar-105-1024x768.jpg\" alt=\"\" class=\"wp-image-516\" width=\"512\" height=\"384\" srcset=\"https:\/\/bambu-arquitectura.com\/wp-content\/uploads\/2020\/11\/casa-de-bambu-libertador-bolivar-105-1024x768.jpg 1024w, https:\/\/bambu-arquitectura.com\/wp-content\/uploads\/2020\/11\/casa-de-bambu-libertador-bolivar-105-300x225.jpg 300w, https:\/\/bambu-arquitectura.com\/wp-content\/uploads\/2020\/11\/casa-de-bambu-libertador-bolivar-105-768x576.jpg 768w, https:\/\/bambu-arquitectura.com\/wp-content\/uploads\/2020\/11\/casa-de-bambu-libertador-bolivar-105-467x350.jpg 467w, https:\/\/bambu-arquitectura.com\/wp-content\/uploads\/2020\/11\/casa-de-bambu-libertador-bolivar-105-150x113.jpg 150w, https:\/\/bambu-arquitectura.com\/wp-content\/uploads\/2020\/11\/casa-de-bambu-libertador-bolivar-105.jpg 1200w\" sizes=\"auto, (max-width: 512px) 100vw, 512px\" \/><\/a><figcaption>House of 42 m2 (6x7m)<\/figcaption><\/figure><\/div>\n\n\n\n<div class=\"wp-block-image wp-image-306\"><figure class=\"aligncenter size-large is-resized\"><a href=\"https:\/\/bambu-arquitectura.com\/wp-content\/uploads\/2020\/11\/casa-de-bambu-libertador-bolivar-107.jpg\" target=\"_blank\" rel=\"noopener noreferrer\"><img loading=\"lazy\" decoding=\"async\" src=\"https:\/\/bambu-arquitectura.com\/wp-content\/uploads\/2020\/11\/casa-de-bambu-libertador-bolivar-107-1024x768.jpg\" alt=\"\" class=\"wp-image-518\" width=\"512\" height=\"384\" srcset=\"https:\/\/bambu-arquitectura.com\/wp-content\/uploads\/2020\/11\/casa-de-bambu-libertador-bolivar-107-1024x768.jpg 1024w, https:\/\/bambu-arquitectura.com\/wp-content\/uploads\/2020\/11\/casa-de-bambu-libertador-bolivar-107-300x225.jpg 300w, https:\/\/bambu-arquitectura.com\/wp-content\/uploads\/2020\/11\/casa-de-bambu-libertador-bolivar-107-768x576.jpg 768w, https:\/\/bambu-arquitectura.com\/wp-content\/uploads\/2020\/11\/casa-de-bambu-libertador-bolivar-107-467x350.jpg 467w, https:\/\/bambu-arquitectura.com\/wp-content\/uploads\/2020\/11\/casa-de-bambu-libertador-bolivar-107-150x113.jpg 150w, https:\/\/bambu-arquitectura.com\/wp-content\/uploads\/2020\/11\/casa-de-bambu-libertador-bolivar-107.jpg 1200w\" sizes=\"auto, (max-width: 512px) 100vw, 512px\" \/><\/a><figcaption>House of 42 m2 (6x7m)<\/figcaption><\/figure><\/div>\n\n\n\n<div class=\"wp-block-image is-style-default\"><figure class=\"aligncenter size-large is-resized\"><a href=\"https:\/\/bambu-arquitectura.com\/wp-content\/uploads\/2020\/11\/casa-de-bambu-libertador-bolivar-106.jpg\" target=\"_blank\" rel=\"noopener noreferrer\"><img loading=\"lazy\" decoding=\"async\" src=\"https:\/\/bambu-arquitectura.com\/wp-content\/uploads\/2020\/11\/casa-de-bambu-libertador-bolivar-106-1024x768.jpg\" alt=\"\" class=\"wp-image-517\" width=\"512\" height=\"384\" srcset=\"https:\/\/bambu-arquitectura.com\/wp-content\/uploads\/2020\/11\/casa-de-bambu-libertador-bolivar-106-1024x768.jpg 1024w, https:\/\/bambu-arquitectura.com\/wp-content\/uploads\/2020\/11\/casa-de-bambu-libertador-bolivar-106-300x225.jpg 300w, https:\/\/bambu-arquitectura.com\/wp-content\/uploads\/2020\/11\/casa-de-bambu-libertador-bolivar-106-768x576.jpg 768w, https:\/\/bambu-arquitectura.com\/wp-content\/uploads\/2020\/11\/casa-de-bambu-libertador-bolivar-106-467x350.jpg 467w, https:\/\/bambu-arquitectura.com\/wp-content\/uploads\/2020\/11\/casa-de-bambu-libertador-bolivar-106-150x113.jpg 150w, https:\/\/bambu-arquitectura.com\/wp-content\/uploads\/2020\/11\/casa-de-bambu-libertador-bolivar-106.jpg 1200w\" sizes=\"auto, (max-width: 512px) 100vw, 512px\" \/><\/a><figcaption>House of 42 m2 (6\u00d77 m)<\/figcaption><\/figure><\/div>\n\n\n\n<div class=\"wp-block-image\"><figure class=\"aligncenter size-large is-resized\"><a href=\"https:\/\/bambu-arquitectura.com\/wp-content\/uploads\/2020\/11\/casa-de-bambu-libertador-bolivar-108.jpg\" target=\"_blank\" rel=\"noopener noreferrer\"><img loading=\"lazy\" decoding=\"async\" src=\"https:\/\/bambu-arquitectura.com\/wp-content\/uploads\/2020\/11\/casa-de-bambu-libertador-bolivar-108-1024x768.jpg\" alt=\"\" class=\"wp-image-519\" width=\"512\" height=\"384\" srcset=\"https:\/\/bambu-arquitectura.com\/wp-content\/uploads\/2020\/11\/casa-de-bambu-libertador-bolivar-108-1024x768.jpg 1024w, https:\/\/bambu-arquitectura.com\/wp-content\/uploads\/2020\/11\/casa-de-bambu-libertador-bolivar-108-300x225.jpg 300w, https:\/\/bambu-arquitectura.com\/wp-content\/uploads\/2020\/11\/casa-de-bambu-libertador-bolivar-108-768x576.jpg 768w, https:\/\/bambu-arquitectura.com\/wp-content\/uploads\/2020\/11\/casa-de-bambu-libertador-bolivar-108-467x350.jpg 467w, https:\/\/bambu-arquitectura.com\/wp-content\/uploads\/2020\/11\/casa-de-bambu-libertador-bolivar-108-150x113.jpg 150w, https:\/\/bambu-arquitectura.com\/wp-content\/uploads\/2020\/11\/casa-de-bambu-libertador-bolivar-108.jpg 1200w\" sizes=\"auto, (max-width: 512px) 100vw, 512px\" \/><\/a><figcaption>Two houses of 42 m2 (6x7m)<\/figcaption><\/figure><\/div>","protected":false},"excerpt":{"rendered":"<p>Bamboo houses, earthquake resistant with a reinforced concrete base and a cured bamboo structure, built in Libertador Bol\u00edvar, for people who...<\/p>","protected":false},"author":1,"featured_media":0,"parent":0,"menu_order":0,"comment_status":"closed","ping_status":"closed","template":"","meta":{"footnotes":""},"class_list":["post-35","page","type-page","status-publish","hentry"],"yoast_head":"<!-- This site is optimized with the Yoast SEO plugin v27.3 - https:\/\/yoast.com\/product\/yoast-seo-wordpress\/ -->\n<title>Casas Libertador Bol\u00edvar - Dise\u00f1os Bamb\u00fa Arquitectura<\/title>\n<meta name=\"robots\" content=\"index, follow, max-snippet:-1, max-image-preview:large, max-video-preview:-1\" \/>\n<link rel=\"canonical\" href=\"https:\/\/bambu-arquitectura.com\/en\/casas-libertador-bolivar\/\" \/>\n<meta property=\"og:locale\" content=\"en_US\" \/>\n<meta property=\"og:type\" content=\"article\" \/>\n<meta property=\"og:title\" content=\"Casas Libertador Bol\u00edvar - Dise\u00f1os Bamb\u00fa Arquitectura\" \/>\n<meta property=\"og:description\" content=\"Casas de bamb\u00fa, sismo resistentes con una base de hormig\u00f3n armado y una estructura de bamb\u00fa curado, construidas en Libertador Bol\u00edvar, para la gente que&hellip;\" \/>\n<meta property=\"og:url\" content=\"https:\/\/bambu-arquitectura.com\/en\/casas-libertador-bolivar\/\" \/>\n<meta property=\"og:site_name\" content=\"Dise\u00f1os Bamb\u00fa Arquitectura\" \/>\n<meta property=\"article:modified_time\" content=\"2020-11-01T02:29:15+00:00\" \/>\n<meta property=\"og:image\" content=\"https:\/\/bambu-arquitectura.com\/wp-content\/uploads\/2020\/11\/casa-de-bambu-libertador-bolivar-100-1024x768.jpg\" \/>\n<meta name=\"twitter:card\" content=\"summary_large_image\" \/>\n<script type=\"application\/ld+json\" class=\"yoast-schema-graph\">{\"@context\":\"https:\\\/\\\/schema.org\",\"@graph\":[{\"@type\":\"WebPage\",\"@id\":\"https:\\\/\\\/bambu-arquitectura.com\\\/casas-libertador-bolivar\\\/\",\"url\":\"https:\\\/\\\/bambu-arquitectura.com\\\/casas-libertador-bolivar\\\/\",\"name\":\"Casas Libertador Bol\u00edvar - Dise\u00f1os Bamb\u00fa Arquitectura\",\"isPartOf\":{\"@id\":\"https:\\\/\\\/bambu-arquitectura.com\\\/#website\"},\"primaryImageOfPage\":{\"@id\":\"https:\\\/\\\/bambu-arquitectura.com\\\/casas-libertador-bolivar\\\/#primaryimage\"},\"image\":{\"@id\":\"https:\\\/\\\/bambu-arquitectura.com\\\/casas-libertador-bolivar\\\/#primaryimage\"},\"thumbnailUrl\":\"https:\\\/\\\/bambu-arquitectura.com\\\/wp-content\\\/uploads\\\/2020\\\/11\\\/casa-de-bambu-libertador-bolivar-100-1024x768.jpg\",\"datePublished\":\"2020-09-02T21:04:38+00:00\",\"dateModified\":\"2020-11-01T02:29:15+00:00\",\"breadcrumb\":{\"@id\":\"https:\\\/\\\/bambu-arquitectura.com\\\/casas-libertador-bolivar\\\/#breadcrumb\"},\"inLanguage\":\"en-US\",\"potentialAction\":[{\"@type\":\"ReadAction\",\"target\":[\"https:\\\/\\\/bambu-arquitectura.com\\\/casas-libertador-bolivar\\\/\"]}]},{\"@type\":\"ImageObject\",\"inLanguage\":\"en-US\",\"@id\":\"https:\\\/\\\/bambu-arquitectura.com\\\/casas-libertador-bolivar\\\/#primaryimage\",\"url\":\"https:\\\/\\\/bambu-arquitectura.com\\\/wp-content\\\/uploads\\\/2020\\\/11\\\/casa-de-bambu-libertador-bolivar-100-1024x768.jpg\",\"contentUrl\":\"https:\\\/\\\/bambu-arquitectura.com\\\/wp-content\\\/uploads\\\/2020\\\/11\\\/casa-de-bambu-libertador-bolivar-100-1024x768.jpg\"},{\"@type\":\"BreadcrumbList\",\"@id\":\"https:\\\/\\\/bambu-arquitectura.com\\\/casas-libertador-bolivar\\\/#breadcrumb\",\"itemListElement\":[{\"@type\":\"ListItem\",\"position\":1,\"name\":\"Home\",\"item\":\"https:\\\/\\\/bambu-arquitectura.com\\\/\"},{\"@type\":\"ListItem\",\"position\":2,\"name\":\"Casas Libertador Bol\u00edvar\"}]},{\"@type\":\"WebSite\",\"@id\":\"https:\\\/\\\/bambu-arquitectura.com\\\/#website\",\"url\":\"https:\\\/\\\/bambu-arquitectura.com\\\/\",\"name\":\"Bamb\u00fa Arquitectura\",\"description\":\"Dise\u00f1os caba\u00f1as y casas de bamb\u00fa\",\"potentialAction\":[{\"@type\":\"SearchAction\",\"target\":{\"@type\":\"EntryPoint\",\"urlTemplate\":\"https:\\\/\\\/bambu-arquitectura.com\\\/?s={search_term_string}\"},\"query-input\":{\"@type\":\"PropertyValueSpecification\",\"valueRequired\":true,\"valueName\":\"search_term_string\"}}],\"inLanguage\":\"en-US\"}]}<\/script>\n<!-- \/ Yoast SEO plugin. -->","yoast_head_json":{"title":"Casas Libertador Bol\u00edvar - Dise\u00f1os Bamb\u00fa Arquitectura","robots":{"index":"index","follow":"follow","max-snippet":"max-snippet:-1","max-image-preview":"max-image-preview:large","max-video-preview":"max-video-preview:-1"},"canonical":"https:\/\/bambu-arquitectura.com\/en\/casas-libertador-bolivar\/","og_locale":"en_US","og_type":"article","og_title":"Casas Libertador Bol\u00edvar - Dise\u00f1os Bamb\u00fa Arquitectura","og_description":"Casas de bamb\u00fa, sismo resistentes con una base de hormig\u00f3n armado y una estructura de bamb\u00fa curado, construidas en Libertador Bol\u00edvar, para la gente que&hellip;","og_url":"https:\/\/bambu-arquitectura.com\/en\/casas-libertador-bolivar\/","og_site_name":"Dise\u00f1os Bamb\u00fa Arquitectura","article_modified_time":"2020-11-01T02:29:15+00:00","og_image":[{"url":"https:\/\/bambu-arquitectura.com\/wp-content\/uploads\/2020\/11\/casa-de-bambu-libertador-bolivar-100-1024x768.jpg","type":"","width":"","height":""}],"twitter_card":"summary_large_image","schema":{"@context":"https:\/\/schema.org","@graph":[{"@type":"WebPage","@id":"https:\/\/bambu-arquitectura.com\/casas-libertador-bolivar\/","url":"https:\/\/bambu-arquitectura.com\/casas-libertador-bolivar\/","name":"Casas Libertador Bol\u00edvar - Dise\u00f1os Bamb\u00fa Arquitectura","isPartOf":{"@id":"https:\/\/bambu-arquitectura.com\/#website"},"primaryImageOfPage":{"@id":"https:\/\/bambu-arquitectura.com\/casas-libertador-bolivar\/#primaryimage"},"image":{"@id":"https:\/\/bambu-arquitectura.com\/casas-libertador-bolivar\/#primaryimage"},"thumbnailUrl":"https:\/\/bambu-arquitectura.com\/wp-content\/uploads\/2020\/11\/casa-de-bambu-libertador-bolivar-100-1024x768.jpg","datePublished":"2020-09-02T21:04:38+00:00","dateModified":"2020-11-01T02:29:15+00:00","breadcrumb":{"@id":"https:\/\/bambu-arquitectura.com\/casas-libertador-bolivar\/#breadcrumb"},"inLanguage":"en-US","potentialAction":[{"@type":"ReadAction","target":["https:\/\/bambu-arquitectura.com\/casas-libertador-bolivar\/"]}]},{"@type":"ImageObject","inLanguage":"en-US","@id":"https:\/\/bambu-arquitectura.com\/casas-libertador-bolivar\/#primaryimage","url":"https:\/\/bambu-arquitectura.com\/wp-content\/uploads\/2020\/11\/casa-de-bambu-libertador-bolivar-100-1024x768.jpg","contentUrl":"https:\/\/bambu-arquitectura.com\/wp-content\/uploads\/2020\/11\/casa-de-bambu-libertador-bolivar-100-1024x768.jpg"},{"@type":"BreadcrumbList","@id":"https:\/\/bambu-arquitectura.com\/casas-libertador-bolivar\/#breadcrumb","itemListElement":[{"@type":"ListItem","position":1,"name":"Home","item":"https:\/\/bambu-arquitectura.com\/"},{"@type":"ListItem","position":2,"name":"Casas Libertador Bol\u00edvar"}]},{"@type":"WebSite","@id":"https:\/\/bambu-arquitectura.com\/#website","url":"https:\/\/bambu-arquitectura.com\/","name":"Bamb\u00fa Arquitectura","description":"Designing bamboo caba\u00f1as and bamboo houses","potentialAction":[{"@type":"SearchAction","target":{"@type":"EntryPoint","urlTemplate":"https:\/\/bambu-arquitectura.com\/?s={search_term_string}"},"query-input":{"@type":"PropertyValueSpecification","valueRequired":true,"valueName":"search_term_string"}}],"inLanguage":"en-US"}]}},"jetpack_sharing_enabled":true,"_links":{"self":[{"href":"https:\/\/bambu-arquitectura.com\/en\/wp-json\/wp\/v2\/pages\/35","targetHints":{"allow":["GET"]}}],"collection":[{"href":"https:\/\/bambu-arquitectura.com\/en\/wp-json\/wp\/v2\/pages"}],"about":[{"href":"https:\/\/bambu-arquitectura.com\/en\/wp-json\/wp\/v2\/types\/page"}],"author":[{"embeddable":true,"href":"https:\/\/bambu-arquitectura.com\/en\/wp-json\/wp\/v2\/users\/1"}],"replies":[{"embeddable":true,"href":"https:\/\/bambu-arquitectura.com\/en\/wp-json\/wp\/v2\/comments?post=35"}],"version-history":[{"count":0,"href":"https:\/\/bambu-arquitectura.com\/en\/wp-json\/wp\/v2\/pages\/35\/revisions"}],"wp:attachment":[{"href":"https:\/\/bambu-arquitectura.com\/en\/wp-json\/wp\/v2\/media?parent=35"}],"curies":[{"name":"wp","href":"https:\/\/api.w.org\/{rel}","templated":true}]}}