{"id":45,"date":"2020-09-02T21:22:31","date_gmt":"2020-09-02T16:22:31","guid":{"rendered":"http:\/\/bambu-arquitectura.com\/?page_id=45"},"modified":"2022-09-05T03:19:48","modified_gmt":"2022-09-04T22:19:48","slug":"casa-de-bambu-libertador-bolivar","status":"publish","type":"page","link":"https:\/\/bambu-arquitectura.com\/en\/casa-de-bambu-libertador-bolivar\/","title":{"rendered":"Bamboo House Libertador Bol\u00edvar"},"content":{"rendered":"<h5 class=\"wp-block-heading\">Design Bamboo House Libertador Bol\u00edvar<\/h5>\n\n\n\n<figure class=\"wp-block-gallery has-nested-images columns-default is-cropped wp-block-gallery-1 is-layout-flex wp-block-gallery-is-layout-flex\">\n<figure class=\"wp-block-image size-large\"><img loading=\"lazy\" decoding=\"async\" width=\"2560\" height=\"1348\" data-id=\"282\" src=\"http:\/\/bambu-arquitectura.com\/wp-content\/uploads\/2020\/09\/Casa-Libertador-Bolivar-1709-posterior-scaled.jpg\" alt=\"\" class=\"wp-image-282\" srcset=\"https:\/\/bambu-arquitectura.com\/wp-content\/uploads\/2020\/09\/Casa-Libertador-Bolivar-1709-posterior-scaled.jpg 2560w, https:\/\/bambu-arquitectura.com\/wp-content\/uploads\/2020\/09\/Casa-Libertador-Bolivar-1709-posterior-300x158.jpg 300w\" sizes=\"auto, (max-width: 2560px) 100vw, 2560px\" \/><\/figure>\n\n\n\n<figure class=\"wp-block-image size-large\"><img loading=\"lazy\" decoding=\"async\" width=\"2560\" height=\"1348\" data-id=\"283\" src=\"http:\/\/bambu-arquitectura.com\/wp-content\/uploads\/2020\/09\/Casa-Libertador-Bolivar-1709-lateral2-scaled.jpg\" alt=\"\" class=\"wp-image-283\" srcset=\"https:\/\/bambu-arquitectura.com\/wp-content\/uploads\/2020\/09\/Casa-Libertador-Bolivar-1709-lateral2-scaled.jpg 2560w, https:\/\/bambu-arquitectura.com\/wp-content\/uploads\/2020\/09\/Casa-Libertador-Bolivar-1709-lateral2-300x158.jpg 300w\" sizes=\"auto, (max-width: 2560px) 100vw, 2560px\" \/><\/figure>\n\n\n\n<figure class=\"wp-block-image size-large\"><img loading=\"lazy\" decoding=\"async\" width=\"2560\" height=\"1348\" data-id=\"281\" src=\"http:\/\/bambu-arquitectura.com\/wp-content\/uploads\/2020\/09\/Casa-Libertador-Bolivar-1709-perspectiva-scaled.jpg\" alt=\"\" class=\"wp-image-281\" srcset=\"https:\/\/bambu-arquitectura.com\/wp-content\/uploads\/2020\/09\/Casa-Libertador-Bolivar-1709-perspectiva-scaled.jpg 2560w, https:\/\/bambu-arquitectura.com\/wp-content\/uploads\/2020\/09\/Casa-Libertador-Bolivar-1709-perspectiva-300x158.jpg 300w\" sizes=\"auto, (max-width: 2560px) 100vw, 2560px\" \/><\/figure>\n<\/figure>\n\n\n\n<p>Design for a family house, earthquake resistant with a reinforced concrete base and a structure of preserved bamboo, expandable in the future, depending on the needs of the inhabitants.<\/p>\n\n\n\n<h6 class=\"wp-block-heading\"><strong>3d model <\/strong><\/h6>\n\n\n\n<p>Casa Libertador Bol\u00edvar: three rooms, living room\/dining room\/kitchen, bathroom. Floor: concrete reinforced with ceramic tiles. Lower part of the walls: reinforced concrete, upper part of the walls: chopped cane, interior side plastered and painted, bathroom walls: ceramic tiles. Doors: wood, sliding aluminum windows.<\/p>\n\n\n\n<figure class=\"wp-block-embed is-type-rich is-provider-sketchfab wp-block-embed-sketchfab\"><div class=\"wp-block-embed__wrapper\">\n<div class=\"sketchfab-embed-wrapper\">    <iframe loading=\"lazy\" title=\"Bamboo House Libertador 17092021\" id=\"\" class=\"\" width=\"760\" height=\"427\" src=\"https:\/\/sketchfab.com\/models\/73babed01c0b4e5f9459510d58ecbaf7\/embed\" frameborder=\"0\" allow=\"autoplay; fullscreen; xr-spatial-tracking\" allowfullscreen=\"\" mozallowfullscreen=\"true\" webkitallowfullscreen=\"true\" xr-spatial-tracking=\"true\" execution-while-out-of-viewport=\"true\" execution-while-not-rendered=\"true\" web-share=\"true\"><\/iframe><\/div>\n<\/div><\/figure>\n\n\n\n<p><a href=\"https:\/\/sketchfab.com\/3d-models\/casa-libertador-17092021-73babed01c0b4e5f9459510d58ecbaf7?utm_medium=embed&amp;utm_campaign=share-popup&amp;utm_content=73babed01c0b4e5f9459510d58ecbaf7\" target=\"_blank\" rel=\"noreferrer noopener\">Bamboo House Libertador 17092021<\/a> by <a href=\"https:\/\/sketchfab.com\/lucaskremer57?utm_medium=embed&amp;utm_campaign=share-popup&amp;utm_content=73babed01c0b4e5f9459510d58ecbaf7\" target=\"_blank\" rel=\"noreferrer noopener\">Bamb\u00fa Arquitectura<\/a> on <a href=\"https:\/\/sketchfab.com?utm_medium=embed&amp;utm_campaign=share-popup&amp;utm_content=73babed01c0b4e5f9459510d58ecbaf7\" target=\"_blank\" rel=\"noreferrer noopener\">Sketchfab<\/a><\/p>\n\n\n\n<p><\/p>\n\n\n\n<p>In the Libertador Bol\u00edvar Commune of the Santa Elena province, 12 houses are build based on this design (<a href=\"https:\/\/bambu-arquitectura.com\/index.php\/casas-libertador-bolivar\/\" data-type=\"page\" data-id=\"35\">Bamboo Houses Libertador Bolivar<\/a>)<\/p>\n\n\n\n<figure class=\"wp-block-image size-large is-style-default\"><img loading=\"lazy\" decoding=\"async\" width=\"2560\" height=\"1348\" src=\"http:\/\/bambu-arquitectura.com\/wp-content\/uploads\/2020\/09\/Casa-Libertador-Bolivar-1709-estructura-scaled.jpg\" alt=\"\" class=\"wp-image-280\" srcset=\"https:\/\/bambu-arquitectura.com\/wp-content\/uploads\/2020\/09\/Casa-Libertador-Bolivar-1709-estructura-scaled.jpg 2560w, https:\/\/bambu-arquitectura.com\/wp-content\/uploads\/2020\/09\/Casa-Libertador-Bolivar-1709-estructura-300x158.jpg 300w\" sizes=\"auto, (max-width: 2560px) 100vw, 2560px\" \/><\/figure>\n\n\n\n<p>The house has one floor (living\/dining room, 2 or 3 bedrooms, kitchen with counter and dishwasher, bathroom with toilet, sink and shower).<\/p>\n\n\n\n<p>The ground floor is 42 m\u00b2 (6x7m). Within the construction system, the ground floor can easily be extended up to 60 m\u00b2 (6x10m).<\/p>\n\n\n\n<figure class=\"wp-block-image size-large is-style-default\"><img loading=\"lazy\" decoding=\"async\" width=\"2560\" height=\"1348\" src=\"http:\/\/bambu-arquitectura.com\/wp-content\/uploads\/2020\/09\/Casa-Libertador-Bolivar-1709-plan-scaled.jpg\" alt=\"\" class=\"wp-image-286\" srcset=\"https:\/\/bambu-arquitectura.com\/wp-content\/uploads\/2020\/09\/Casa-Libertador-Bolivar-1709-plan-scaled.jpg 2560w, https:\/\/bambu-arquitectura.com\/wp-content\/uploads\/2020\/09\/Casa-Libertador-Bolivar-1709-plan-300x158.jpg 300w\" sizes=\"auto, (max-width: 2560px) 100vw, 2560px\" \/><\/figure>\n\n\n\n<p>The surface of the concrete base is 56 m\u00b2 (7x8m), expandable up to 77 m\u00b2 (7x11m), that of the ceiling 74 m\u00b2 (8.4\u00d78.8m), expandable up to 99 m\u00b2 (8.4\u00d711.8m ).<\/p>\n\n\n\n<p>The volume of the house is 140 m\u00b3, expandable up to 200 m\u00b3. An average social housing construction has 100 m\u00b3.<\/p>\n\n\n\n<p>The house is sustainable, due to the use of bamboo for the structure and for the ca\u00f1a picada of the walls and ceilings.<\/p>\n\n\n\n<p>Bamboo grows fast and is CO\u2082 neutral. The construction of this bamboo house is an effective remedy in the fight against climate change.<\/p>\n\n\n\n<p>In addition, the bamboo on the ceiling and walls creates a pleasant climate inside the house.<\/p>\n\n\n\n<p>The use of bamboo and the construction of the houses by the inhabitants, generates sustainable work in the poorest areas of the country.<\/p>\n\n\n\n<p><a href=\"https:\/\/bambu-arquitectura.com\/index.php\/base-de-hormigon-casa-de-bambu\">Concrete foundation<\/a><\/p>\n\n\n\n<p><a href=\"https:\/\/bambu-arquitectura.com\/index.php\/estructura-casa-de-bambu\/\">Bamboo structure<\/a><\/p>\n\n\n\n<p><a href=\"https:\/\/bambu-arquitectura.com\/index.php\/paredes-casa-de-bambu\/\">Walls<\/a><\/p>\n\n\n\n<p><a href=\"https:\/\/bambu-arquitectura.com\/index.php\/techo-casa-de-bambu\/\">Roof<\/a><\/p>\n\n\n\n<p><a href=\"https:\/\/bambu-arquitectura.com\/index.php\/acabados-casa-de-bambu\">Finishes<\/a><\/p>\n\n\n\n<p><a href=\"https:\/\/bambu-arquitectura.com\/index.php\/planos-tecnicos\/\">Technical Drawings<\/a><\/p>\n\n\n\n<p><\/p>","protected":false},"excerpt":{"rendered":"<p>Bamboo House Design Libertador Bol\u00edvar Design for a family house, earthquake resistant with a reinforced concrete base and a cured bamboo structure,\u2026<\/p>","protected":false},"author":1,"featured_media":514,"parent":0,"menu_order":0,"comment_status":"closed","ping_status":"closed","template":"","meta":{"footnotes":""},"class_list":["post-45","page","type-page","status-publish","has-post-thumbnail","hentry"],"yoast_head":"<!-- This site is optimized with the Yoast SEO plugin v27.4 - https:\/\/yoast.com\/product\/yoast-seo-wordpress\/ -->\n<title>Casa de Bamb\u00fa Libertador Bol\u00edvar - Dise\u00f1os Bamb\u00fa Arquitectura<\/title>\n<meta name=\"robots\" content=\"index, follow, max-snippet:-1, max-image-preview:large, max-video-preview:-1\" \/>\n<link rel=\"canonical\" href=\"https:\/\/bambu-arquitectura.com\/en\/casa-de-bambu-libertador-bolivar\/\" \/>\n<meta property=\"og:locale\" content=\"en_US\" \/>\n<meta property=\"og:type\" content=\"article\" \/>\n<meta property=\"og:title\" content=\"Casa de Bamb\u00fa Libertador Bol\u00edvar - Dise\u00f1os Bamb\u00fa Arquitectura\" \/>\n<meta property=\"og:description\" content=\"Dise\u00f1o Casa de Bamb\u00fa Libertador Bol\u00edvar Dise\u00f1o para una casa familiar, sismo resistente con una base de hormig\u00f3n armado y una estructura de bamb\u00fa curado,&hellip;\" \/>\n<meta property=\"og:url\" content=\"https:\/\/bambu-arquitectura.com\/en\/casa-de-bambu-libertador-bolivar\/\" \/>\n<meta property=\"og:site_name\" content=\"Dise\u00f1os Bamb\u00fa Arquitectura\" \/>\n<meta property=\"article:modified_time\" content=\"2022-09-04T22:19:48+00:00\" \/>\n<meta property=\"og:image\" content=\"https:\/\/bambu-arquitectura.com\/wp-content\/uploads\/2020\/11\/casa-de-bambu-libertador-bolivar-102.jpg\" \/>\n\t<meta property=\"og:image:width\" content=\"1200\" \/>\n\t<meta property=\"og:image:height\" content=\"900\" \/>\n\t<meta property=\"og:image:type\" content=\"image\/jpeg\" \/>\n<meta name=\"twitter:card\" content=\"summary_large_image\" \/>\n<meta name=\"twitter:label1\" content=\"Est. reading time\" \/>\n\t<meta name=\"twitter:data1\" content=\"3 minutes\" \/>\n<script type=\"application\/ld+json\" class=\"yoast-schema-graph\">{\"@context\":\"https:\\\/\\\/schema.org\",\"@graph\":[{\"@type\":\"WebPage\",\"@id\":\"https:\\\/\\\/bambu-arquitectura.com\\\/casa-de-bambu-libertador-bolivar\\\/\",\"url\":\"https:\\\/\\\/bambu-arquitectura.com\\\/casa-de-bambu-libertador-bolivar\\\/\",\"name\":\"Casa de Bamb\u00fa Libertador Bol\u00edvar - Dise\u00f1os Bamb\u00fa Arquitectura\",\"isPartOf\":{\"@id\":\"https:\\\/\\\/bambu-arquitectura.com\\\/#website\"},\"primaryImageOfPage\":{\"@id\":\"https:\\\/\\\/bambu-arquitectura.com\\\/casa-de-bambu-libertador-bolivar\\\/#primaryimage\"},\"image\":{\"@id\":\"https:\\\/\\\/bambu-arquitectura.com\\\/casa-de-bambu-libertador-bolivar\\\/#primaryimage\"},\"thumbnailUrl\":\"https:\\\/\\\/bambu-arquitectura.com\\\/wp-content\\\/uploads\\\/2020\\\/11\\\/casa-de-bambu-libertador-bolivar-102.jpg\",\"datePublished\":\"2020-09-02T16:22:31+00:00\",\"dateModified\":\"2022-09-04T22:19:48+00:00\",\"breadcrumb\":{\"@id\":\"https:\\\/\\\/bambu-arquitectura.com\\\/casa-de-bambu-libertador-bolivar\\\/#breadcrumb\"},\"inLanguage\":\"en-US\",\"potentialAction\":[{\"@type\":\"ReadAction\",\"target\":[\"https:\\\/\\\/bambu-arquitectura.com\\\/casa-de-bambu-libertador-bolivar\\\/\"]}]},{\"@type\":\"ImageObject\",\"inLanguage\":\"en-US\",\"@id\":\"https:\\\/\\\/bambu-arquitectura.com\\\/casa-de-bambu-libertador-bolivar\\\/#primaryimage\",\"url\":\"https:\\\/\\\/bambu-arquitectura.com\\\/wp-content\\\/uploads\\\/2020\\\/11\\\/casa-de-bambu-libertador-bolivar-102.jpg\",\"contentUrl\":\"https:\\\/\\\/bambu-arquitectura.com\\\/wp-content\\\/uploads\\\/2020\\\/11\\\/casa-de-bambu-libertador-bolivar-102.jpg\",\"width\":1200,\"height\":900},{\"@type\":\"BreadcrumbList\",\"@id\":\"https:\\\/\\\/bambu-arquitectura.com\\\/casa-de-bambu-libertador-bolivar\\\/#breadcrumb\",\"itemListElement\":[{\"@type\":\"ListItem\",\"position\":1,\"name\":\"Home\",\"item\":\"https:\\\/\\\/bambu-arquitectura.com\\\/\"},{\"@type\":\"ListItem\",\"position\":2,\"name\":\"Casa de Bamb\u00fa Libertador Bol\u00edvar\"}]},{\"@type\":\"WebSite\",\"@id\":\"https:\\\/\\\/bambu-arquitectura.com\\\/#website\",\"url\":\"https:\\\/\\\/bambu-arquitectura.com\\\/\",\"name\":\"Bamb\u00fa Arquitectura\",\"description\":\"Dise\u00f1os caba\u00f1as y casas de bamb\u00fa\",\"potentialAction\":[{\"@type\":\"SearchAction\",\"target\":{\"@type\":\"EntryPoint\",\"urlTemplate\":\"https:\\\/\\\/bambu-arquitectura.com\\\/?s={search_term_string}\"},\"query-input\":{\"@type\":\"PropertyValueSpecification\",\"valueRequired\":true,\"valueName\":\"search_term_string\"}}],\"inLanguage\":\"en-US\"}]}<\/script>\n<!-- \/ Yoast SEO plugin. -->","yoast_head_json":{"title":"Libertador Bol\u00edvar Bamboo House - Bamb\u00fa Arquitectura Designs","robots":{"index":"index","follow":"follow","max-snippet":"max-snippet:-1","max-image-preview":"max-image-preview:large","max-video-preview":"max-video-preview:-1"},"canonical":"https:\/\/bambu-arquitectura.com\/en\/casa-de-bambu-libertador-bolivar\/","og_locale":"en_US","og_type":"article","og_title":"Casa de Bamb\u00fa Libertador Bol\u00edvar - Dise\u00f1os Bamb\u00fa Arquitectura","og_description":"Dise\u00f1o Casa de Bamb\u00fa Libertador Bol\u00edvar Dise\u00f1o para una casa familiar, sismo resistente con una base de hormig\u00f3n armado y una estructura de bamb\u00fa curado,&hellip;","og_url":"https:\/\/bambu-arquitectura.com\/en\/casa-de-bambu-libertador-bolivar\/","og_site_name":"Dise\u00f1os Bamb\u00fa Arquitectura","article_modified_time":"2022-09-04T22:19:48+00:00","og_image":[{"width":1200,"height":900,"url":"https:\/\/bambu-arquitectura.com\/wp-content\/uploads\/2020\/11\/casa-de-bambu-libertador-bolivar-102.jpg","type":"image\/jpeg"}],"twitter_card":"summary_large_image","twitter_misc":{"Est. reading time":"3 minutes"},"schema":{"@context":"https:\/\/schema.org","@graph":[{"@type":"WebPage","@id":"https:\/\/bambu-arquitectura.com\/casa-de-bambu-libertador-bolivar\/","url":"https:\/\/bambu-arquitectura.com\/casa-de-bambu-libertador-bolivar\/","name":"Libertador Bol\u00edvar Bamboo House - Bamb\u00fa Arquitectura Designs","isPartOf":{"@id":"https:\/\/bambu-arquitectura.com\/#website"},"primaryImageOfPage":{"@id":"https:\/\/bambu-arquitectura.com\/casa-de-bambu-libertador-bolivar\/#primaryimage"},"image":{"@id":"https:\/\/bambu-arquitectura.com\/casa-de-bambu-libertador-bolivar\/#primaryimage"},"thumbnailUrl":"https:\/\/bambu-arquitectura.com\/wp-content\/uploads\/2020\/11\/casa-de-bambu-libertador-bolivar-102.jpg","datePublished":"2020-09-02T16:22:31+00:00","dateModified":"2022-09-04T22:19:48+00:00","breadcrumb":{"@id":"https:\/\/bambu-arquitectura.com\/casa-de-bambu-libertador-bolivar\/#breadcrumb"},"inLanguage":"en-US","potentialAction":[{"@type":"ReadAction","target":["https:\/\/bambu-arquitectura.com\/casa-de-bambu-libertador-bolivar\/"]}]},{"@type":"ImageObject","inLanguage":"en-US","@id":"https:\/\/bambu-arquitectura.com\/casa-de-bambu-libertador-bolivar\/#primaryimage","url":"https:\/\/bambu-arquitectura.com\/wp-content\/uploads\/2020\/11\/casa-de-bambu-libertador-bolivar-102.jpg","contentUrl":"https:\/\/bambu-arquitectura.com\/wp-content\/uploads\/2020\/11\/casa-de-bambu-libertador-bolivar-102.jpg","width":1200,"height":900},{"@type":"BreadcrumbList","@id":"https:\/\/bambu-arquitectura.com\/casa-de-bambu-libertador-bolivar\/#breadcrumb","itemListElement":[{"@type":"ListItem","position":1,"name":"Home","item":"https:\/\/bambu-arquitectura.com\/"},{"@type":"ListItem","position":2,"name":"Casa de Bamb\u00fa Libertador Bol\u00edvar"}]},{"@type":"WebSite","@id":"https:\/\/bambu-arquitectura.com\/#website","url":"https:\/\/bambu-arquitectura.com\/","name":"Bamb\u00fa Arquitectura","description":"Designing bamboo caba\u00f1as and bamboo houses","potentialAction":[{"@type":"SearchAction","target":{"@type":"EntryPoint","urlTemplate":"https:\/\/bambu-arquitectura.com\/?s={search_term_string}"},"query-input":{"@type":"PropertyValueSpecification","valueRequired":true,"valueName":"search_term_string"}}],"inLanguage":"en-US"}]}},"jetpack_sharing_enabled":true,"_links":{"self":[{"href":"https:\/\/bambu-arquitectura.com\/en\/wp-json\/wp\/v2\/pages\/45","targetHints":{"allow":["GET"]}}],"collection":[{"href":"https:\/\/bambu-arquitectura.com\/en\/wp-json\/wp\/v2\/pages"}],"about":[{"href":"https:\/\/bambu-arquitectura.com\/en\/wp-json\/wp\/v2\/types\/page"}],"author":[{"embeddable":true,"href":"https:\/\/bambu-arquitectura.com\/en\/wp-json\/wp\/v2\/users\/1"}],"replies":[{"embeddable":true,"href":"https:\/\/bambu-arquitectura.com\/en\/wp-json\/wp\/v2\/comments?post=45"}],"version-history":[{"count":3,"href":"https:\/\/bambu-arquitectura.com\/en\/wp-json\/wp\/v2\/pages\/45\/revisions"}],"predecessor-version":[{"id":1335,"href":"https:\/\/bambu-arquitectura.com\/en\/wp-json\/wp\/v2\/pages\/45\/revisions\/1335"}],"wp:featuredmedia":[{"embeddable":true,"href":"https:\/\/bambu-arquitectura.com\/en\/wp-json\/wp\/v2\/media\/514"}],"wp:attachment":[{"href":"https:\/\/bambu-arquitectura.com\/en\/wp-json\/wp\/v2\/media?parent=45"}],"curies":[{"name":"wp","href":"https:\/\/api.w.org\/{rel}","templated":true}]}}