{"id":48,"date":"2020-09-02T21:25:01","date_gmt":"2020-09-02T16:25:01","guid":{"rendered":"http:\/\/bambu-arquitectura.com\/?page_id=48"},"modified":"2020-11-01T04:10:58","modified_gmt":"2020-10-31T23:10:58","slug":"base-de-hormigon-casa-de-bambu","status":"publish","type":"page","link":"https:\/\/bambu-arquitectura.com\/en\/base-de-hormigon-casa-de-bambu\/","title":{"rendered":"Concrete foundation"},"content":{"rendered":"<p>Floating floor: thickness 10 cm, reinforced concrete with steel reinforcement \u00d88 mm, 20\u00d720 cm.<\/p>\n\n\n\n<p>Walls to load the bamboo structure: height 50 cm, width 15 cm, reinforced concrete with \u00d812 mm and \u00d88 mm steel reinforcement. The concrete walls are plastered on two sides (interior and exterior).<\/p>\n\n\n\n<p>The anchors to arm the vertical rods: 40 steel rods, 120 cm long, \u00d812 mm.<\/p>\n\n\n\n<p>The water and drainage pipe will be embedded in the concrete base.<\/p>\n\n\n\n<p>The compressive strength of concrete 18 N\/mm2, the minimum strength of steel reinforcement 400 N\/mm2.<\/p>","protected":false},"excerpt":{"rendered":"<p>Floating floor: thickness 10 cm, reinforced concrete with \u00d88 mm steel reinforcement, 20\u00d720 cm. Small walls to carry the bamboo structure: height 50 cm,\u2026<\/p>","protected":false},"author":1,"featured_media":0,"parent":0,"menu_order":0,"comment_status":"closed","ping_status":"closed","template":"","meta":{"footnotes":""},"class_list":["post-48","page","type-page","status-publish","hentry"],"yoast_head":"<!-- This site is optimized with the Yoast SEO plugin v27.3 - https:\/\/yoast.com\/product\/yoast-seo-wordpress\/ -->\n<title>Base de hormig\u00f3n - Dise\u00f1os Bamb\u00fa Arquitectura<\/title>\n<meta name=\"robots\" content=\"index, follow, max-snippet:-1, max-image-preview:large, max-video-preview:-1\" \/>\n<link rel=\"canonical\" href=\"https:\/\/bambu-arquitectura.com\/en\/base-de-hormigon-casa-de-bambu\/\" \/>\n<meta property=\"og:locale\" content=\"en_US\" \/>\n<meta property=\"og:type\" content=\"article\" \/>\n<meta property=\"og:title\" content=\"Base de hormig\u00f3n - Dise\u00f1os Bamb\u00fa Arquitectura\" \/>\n<meta property=\"og:description\" content=\"Piso flotante: espesor 10 cm, hormig\u00f3n armado con refuerzo de acero \u00d88 mm, 20&#215;20 cm. Muritos para cargar la estructura de bamb\u00fa: alto 50 cm,&hellip;\" \/>\n<meta property=\"og:url\" content=\"https:\/\/bambu-arquitectura.com\/en\/base-de-hormigon-casa-de-bambu\/\" \/>\n<meta property=\"og:site_name\" content=\"Dise\u00f1os Bamb\u00fa Arquitectura\" \/>\n<meta property=\"article:modified_time\" content=\"2020-10-31T23:10:58+00:00\" \/>\n<meta name=\"twitter:card\" content=\"summary_large_image\" \/>\n<meta name=\"twitter:label1\" content=\"Est. reading time\" \/>\n\t<meta name=\"twitter:data1\" content=\"1 minute\" \/>\n<script type=\"application\/ld+json\" class=\"yoast-schema-graph\">{\"@context\":\"https:\\\/\\\/schema.org\",\"@graph\":[{\"@type\":\"WebPage\",\"@id\":\"https:\\\/\\\/bambu-arquitectura.com\\\/base-de-hormigon-casa-de-bambu\\\/\",\"url\":\"https:\\\/\\\/bambu-arquitectura.com\\\/base-de-hormigon-casa-de-bambu\\\/\",\"name\":\"Base de hormig\u00f3n - Dise\u00f1os Bamb\u00fa Arquitectura\",\"isPartOf\":{\"@id\":\"https:\\\/\\\/bambu-arquitectura.com\\\/#website\"},\"datePublished\":\"2020-09-02T16:25:01+00:00\",\"dateModified\":\"2020-10-31T23:10:58+00:00\",\"breadcrumb\":{\"@id\":\"https:\\\/\\\/bambu-arquitectura.com\\\/base-de-hormigon-casa-de-bambu\\\/#breadcrumb\"},\"inLanguage\":\"en-US\",\"potentialAction\":[{\"@type\":\"ReadAction\",\"target\":[\"https:\\\/\\\/bambu-arquitectura.com\\\/base-de-hormigon-casa-de-bambu\\\/\"]}]},{\"@type\":\"BreadcrumbList\",\"@id\":\"https:\\\/\\\/bambu-arquitectura.com\\\/base-de-hormigon-casa-de-bambu\\\/#breadcrumb\",\"itemListElement\":[{\"@type\":\"ListItem\",\"position\":1,\"name\":\"Home\",\"item\":\"https:\\\/\\\/bambu-arquitectura.com\\\/\"},{\"@type\":\"ListItem\",\"position\":2,\"name\":\"Base de hormig\u00f3n\"}]},{\"@type\":\"WebSite\",\"@id\":\"https:\\\/\\\/bambu-arquitectura.com\\\/#website\",\"url\":\"https:\\\/\\\/bambu-arquitectura.com\\\/\",\"name\":\"Bamb\u00fa Arquitectura\",\"description\":\"Dise\u00f1os caba\u00f1as y casas de bamb\u00fa\",\"potentialAction\":[{\"@type\":\"SearchAction\",\"target\":{\"@type\":\"EntryPoint\",\"urlTemplate\":\"https:\\\/\\\/bambu-arquitectura.com\\\/?s={search_term_string}\"},\"query-input\":{\"@type\":\"PropertyValueSpecification\",\"valueRequired\":true,\"valueName\":\"search_term_string\"}}],\"inLanguage\":\"en-US\"}]}<\/script>\n<!-- \/ Yoast SEO plugin. -->","yoast_head_json":{"title":"Base de hormig\u00f3n - Dise\u00f1os Bamb\u00fa Arquitectura","robots":{"index":"index","follow":"follow","max-snippet":"max-snippet:-1","max-image-preview":"max-image-preview:large","max-video-preview":"max-video-preview:-1"},"canonical":"https:\/\/bambu-arquitectura.com\/en\/base-de-hormigon-casa-de-bambu\/","og_locale":"en_US","og_type":"article","og_title":"Base de hormig\u00f3n - Dise\u00f1os Bamb\u00fa Arquitectura","og_description":"Piso flotante: espesor 10 cm, hormig\u00f3n armado con refuerzo de acero \u00d88 mm, 20&#215;20 cm. Muritos para cargar la estructura de bamb\u00fa: alto 50 cm,&hellip;","og_url":"https:\/\/bambu-arquitectura.com\/en\/base-de-hormigon-casa-de-bambu\/","og_site_name":"Dise\u00f1os Bamb\u00fa Arquitectura","article_modified_time":"2020-10-31T23:10:58+00:00","twitter_card":"summary_large_image","twitter_misc":{"Est. reading time":"1 minute"},"schema":{"@context":"https:\/\/schema.org","@graph":[{"@type":"WebPage","@id":"https:\/\/bambu-arquitectura.com\/base-de-hormigon-casa-de-bambu\/","url":"https:\/\/bambu-arquitectura.com\/base-de-hormigon-casa-de-bambu\/","name":"Base de hormig\u00f3n - Dise\u00f1os Bamb\u00fa Arquitectura","isPartOf":{"@id":"https:\/\/bambu-arquitectura.com\/#website"},"datePublished":"2020-09-02T16:25:01+00:00","dateModified":"2020-10-31T23:10:58+00:00","breadcrumb":{"@id":"https:\/\/bambu-arquitectura.com\/base-de-hormigon-casa-de-bambu\/#breadcrumb"},"inLanguage":"en-US","potentialAction":[{"@type":"ReadAction","target":["https:\/\/bambu-arquitectura.com\/base-de-hormigon-casa-de-bambu\/"]}]},{"@type":"BreadcrumbList","@id":"https:\/\/bambu-arquitectura.com\/base-de-hormigon-casa-de-bambu\/#breadcrumb","itemListElement":[{"@type":"ListItem","position":1,"name":"Home","item":"https:\/\/bambu-arquitectura.com\/"},{"@type":"ListItem","position":2,"name":"Base de hormig\u00f3n"}]},{"@type":"WebSite","@id":"https:\/\/bambu-arquitectura.com\/#website","url":"https:\/\/bambu-arquitectura.com\/","name":"Bamb\u00fa Arquitectura","description":"Designing bamboo caba\u00f1as and bamboo houses","potentialAction":[{"@type":"SearchAction","target":{"@type":"EntryPoint","urlTemplate":"https:\/\/bambu-arquitectura.com\/?s={search_term_string}"},"query-input":{"@type":"PropertyValueSpecification","valueRequired":true,"valueName":"search_term_string"}}],"inLanguage":"en-US"}]}},"jetpack_sharing_enabled":true,"_links":{"self":[{"href":"https:\/\/bambu-arquitectura.com\/en\/wp-json\/wp\/v2\/pages\/48","targetHints":{"allow":["GET"]}}],"collection":[{"href":"https:\/\/bambu-arquitectura.com\/en\/wp-json\/wp\/v2\/pages"}],"about":[{"href":"https:\/\/bambu-arquitectura.com\/en\/wp-json\/wp\/v2\/types\/page"}],"author":[{"embeddable":true,"href":"https:\/\/bambu-arquitectura.com\/en\/wp-json\/wp\/v2\/users\/1"}],"replies":[{"embeddable":true,"href":"https:\/\/bambu-arquitectura.com\/en\/wp-json\/wp\/v2\/comments?post=48"}],"version-history":[{"count":0,"href":"https:\/\/bambu-arquitectura.com\/en\/wp-json\/wp\/v2\/pages\/48\/revisions"}],"wp:attachment":[{"href":"https:\/\/bambu-arquitectura.com\/en\/wp-json\/wp\/v2\/media?parent=48"}],"curies":[{"name":"wp","href":"https:\/\/api.w.org\/{rel}","templated":true}]}}