{"id":50,"date":"2020-09-02T21:26:11","date_gmt":"2020-09-02T16:26:11","guid":{"rendered":"http:\/\/bambu-arquitectura.com\/?page_id=50"},"modified":"2020-11-01T04:11:42","modified_gmt":"2020-10-31T23:11:42","slug":"estructura-casa-de-bambu","status":"publish","type":"page","link":"https:\/\/bambu-arquitectura.com\/en\/estructura-casa-de-bambu\/","title":{"rendered":"Bamboo Structure"},"content":{"rendered":"<p>Species for the structure: Guadua angustifolia.<\/p>\n\n\n\n<p>Diameter of the vertical rods: \u00d810-11 cm and of the horizontal rods of the ceiling, the floor structure and the horizontal pieces for the walls: \u00d88-10 cm.<\/p>\n\n\n\n<p>The bamboo of the structure is cured for 5 days with Borax and Borax Acid.<\/p>\n\n\n\n<p>After the reinforcement, the lower part of the rods (50 cm) with anchorage will be filled with mortar.<\/p>\n\n\n\n<p>All structural joints between rods will be made with threaded rods (3\/8\u201d) with rings and nuts.<\/p>\n\n\n\n<p>Minimum steel resistance of threaded rods, rings and nuts: 400 N\/mm\u00b2.<\/p>\n\n\n\n<p>The bamboo of the structure will be finished with varnish.<\/p>","protected":false},"excerpt":{"rendered":"<p>Species for the structure: Guadua angustifolia. Diameter of the vertical rods: \u00d810-11 cm and of the horizontal rods of the roof, the floor structure and\u2026<\/p>","protected":false},"author":1,"featured_media":0,"parent":0,"menu_order":0,"comment_status":"closed","ping_status":"closed","template":"","meta":{"footnotes":""},"class_list":["post-50","page","type-page","status-publish","hentry"],"yoast_head":"<!-- This site is optimized with the Yoast SEO plugin v27.3 - https:\/\/yoast.com\/product\/yoast-seo-wordpress\/ -->\n<title>Estructura de Bamb\u00fa - Dise\u00f1os Bamb\u00fa Arquitectura<\/title>\n<meta name=\"robots\" content=\"index, follow, max-snippet:-1, max-image-preview:large, max-video-preview:-1\" \/>\n<link rel=\"canonical\" href=\"https:\/\/bambu-arquitectura.com\/en\/estructura-casa-de-bambu\/\" \/>\n<meta property=\"og:locale\" content=\"en_US\" \/>\n<meta property=\"og:type\" content=\"article\" \/>\n<meta property=\"og:title\" content=\"Estructura de Bamb\u00fa - Dise\u00f1os Bamb\u00fa Arquitectura\" \/>\n<meta property=\"og:description\" content=\"Especie para la estructura: Guadua angustifolia. Di\u00e1metro de las ca\u00f1as verticales: \u00d810-11 cm y de las ca\u00f1as horizontales del techo, la estructura del piso y&hellip;\" \/>\n<meta property=\"og:url\" content=\"https:\/\/bambu-arquitectura.com\/en\/estructura-casa-de-bambu\/\" \/>\n<meta property=\"og:site_name\" content=\"Dise\u00f1os Bamb\u00fa Arquitectura\" \/>\n<meta property=\"article:modified_time\" content=\"2020-10-31T23:11:42+00:00\" \/>\n<meta name=\"twitter:card\" content=\"summary_large_image\" \/>\n<meta name=\"twitter:label1\" content=\"Est. reading time\" \/>\n\t<meta name=\"twitter:data1\" content=\"1 minute\" \/>\n<script type=\"application\/ld+json\" class=\"yoast-schema-graph\">{\"@context\":\"https:\\\/\\\/schema.org\",\"@graph\":[{\"@type\":\"WebPage\",\"@id\":\"https:\\\/\\\/bambu-arquitectura.com\\\/estructura-casa-de-bambu\\\/\",\"url\":\"https:\\\/\\\/bambu-arquitectura.com\\\/estructura-casa-de-bambu\\\/\",\"name\":\"Estructura de Bamb\u00fa - Dise\u00f1os Bamb\u00fa Arquitectura\",\"isPartOf\":{\"@id\":\"https:\\\/\\\/bambu-arquitectura.com\\\/#website\"},\"datePublished\":\"2020-09-02T16:26:11+00:00\",\"dateModified\":\"2020-10-31T23:11:42+00:00\",\"breadcrumb\":{\"@id\":\"https:\\\/\\\/bambu-arquitectura.com\\\/estructura-casa-de-bambu\\\/#breadcrumb\"},\"inLanguage\":\"en-US\",\"potentialAction\":[{\"@type\":\"ReadAction\",\"target\":[\"https:\\\/\\\/bambu-arquitectura.com\\\/estructura-casa-de-bambu\\\/\"]}]},{\"@type\":\"BreadcrumbList\",\"@id\":\"https:\\\/\\\/bambu-arquitectura.com\\\/estructura-casa-de-bambu\\\/#breadcrumb\",\"itemListElement\":[{\"@type\":\"ListItem\",\"position\":1,\"name\":\"Home\",\"item\":\"https:\\\/\\\/bambu-arquitectura.com\\\/\"},{\"@type\":\"ListItem\",\"position\":2,\"name\":\"Estructura de Bamb\u00fa\"}]},{\"@type\":\"WebSite\",\"@id\":\"https:\\\/\\\/bambu-arquitectura.com\\\/#website\",\"url\":\"https:\\\/\\\/bambu-arquitectura.com\\\/\",\"name\":\"Bamb\u00fa Arquitectura\",\"description\":\"Dise\u00f1os caba\u00f1as y casas de bamb\u00fa\",\"potentialAction\":[{\"@type\":\"SearchAction\",\"target\":{\"@type\":\"EntryPoint\",\"urlTemplate\":\"https:\\\/\\\/bambu-arquitectura.com\\\/?s={search_term_string}\"},\"query-input\":{\"@type\":\"PropertyValueSpecification\",\"valueRequired\":true,\"valueName\":\"search_term_string\"}}],\"inLanguage\":\"en-US\"}]}<\/script>\n<!-- \/ Yoast SEO plugin. -->","yoast_head_json":{"title":"Estructura de Bamb\u00fa - Dise\u00f1os Bamb\u00fa Arquitectura","robots":{"index":"index","follow":"follow","max-snippet":"max-snippet:-1","max-image-preview":"max-image-preview:large","max-video-preview":"max-video-preview:-1"},"canonical":"https:\/\/bambu-arquitectura.com\/en\/estructura-casa-de-bambu\/","og_locale":"en_US","og_type":"article","og_title":"Estructura de Bamb\u00fa - Dise\u00f1os Bamb\u00fa Arquitectura","og_description":"Especie para la estructura: Guadua angustifolia. Di\u00e1metro de las ca\u00f1as verticales: \u00d810-11 cm y de las ca\u00f1as horizontales del techo, la estructura del piso y&hellip;","og_url":"https:\/\/bambu-arquitectura.com\/en\/estructura-casa-de-bambu\/","og_site_name":"Dise\u00f1os Bamb\u00fa Arquitectura","article_modified_time":"2020-10-31T23:11:42+00:00","twitter_card":"summary_large_image","twitter_misc":{"Est. reading time":"1 minute"},"schema":{"@context":"https:\/\/schema.org","@graph":[{"@type":"WebPage","@id":"https:\/\/bambu-arquitectura.com\/estructura-casa-de-bambu\/","url":"https:\/\/bambu-arquitectura.com\/estructura-casa-de-bambu\/","name":"Estructura de Bamb\u00fa - Dise\u00f1os Bamb\u00fa Arquitectura","isPartOf":{"@id":"https:\/\/bambu-arquitectura.com\/#website"},"datePublished":"2020-09-02T16:26:11+00:00","dateModified":"2020-10-31T23:11:42+00:00","breadcrumb":{"@id":"https:\/\/bambu-arquitectura.com\/estructura-casa-de-bambu\/#breadcrumb"},"inLanguage":"en-US","potentialAction":[{"@type":"ReadAction","target":["https:\/\/bambu-arquitectura.com\/estructura-casa-de-bambu\/"]}]},{"@type":"BreadcrumbList","@id":"https:\/\/bambu-arquitectura.com\/estructura-casa-de-bambu\/#breadcrumb","itemListElement":[{"@type":"ListItem","position":1,"name":"Home","item":"https:\/\/bambu-arquitectura.com\/"},{"@type":"ListItem","position":2,"name":"Estructura de Bamb\u00fa"}]},{"@type":"WebSite","@id":"https:\/\/bambu-arquitectura.com\/#website","url":"https:\/\/bambu-arquitectura.com\/","name":"Bamb\u00fa Arquitectura","description":"Designing bamboo caba\u00f1as and bamboo houses","potentialAction":[{"@type":"SearchAction","target":{"@type":"EntryPoint","urlTemplate":"https:\/\/bambu-arquitectura.com\/?s={search_term_string}"},"query-input":{"@type":"PropertyValueSpecification","valueRequired":true,"valueName":"search_term_string"}}],"inLanguage":"en-US"}]}},"jetpack_sharing_enabled":true,"_links":{"self":[{"href":"https:\/\/bambu-arquitectura.com\/en\/wp-json\/wp\/v2\/pages\/50","targetHints":{"allow":["GET"]}}],"collection":[{"href":"https:\/\/bambu-arquitectura.com\/en\/wp-json\/wp\/v2\/pages"}],"about":[{"href":"https:\/\/bambu-arquitectura.com\/en\/wp-json\/wp\/v2\/types\/page"}],"author":[{"embeddable":true,"href":"https:\/\/bambu-arquitectura.com\/en\/wp-json\/wp\/v2\/users\/1"}],"replies":[{"embeddable":true,"href":"https:\/\/bambu-arquitectura.com\/en\/wp-json\/wp\/v2\/comments?post=50"}],"version-history":[{"count":0,"href":"https:\/\/bambu-arquitectura.com\/en\/wp-json\/wp\/v2\/pages\/50\/revisions"}],"wp:attachment":[{"href":"https:\/\/bambu-arquitectura.com\/en\/wp-json\/wp\/v2\/media?parent=50"}],"curies":[{"name":"wp","href":"https:\/\/api.w.org\/{rel}","templated":true}]}}