{"id":54,"date":"2020-09-02T21:27:59","date_gmt":"2020-09-02T16:27:59","guid":{"rendered":"http:\/\/bambu-arquitectura.com\/?page_id=54"},"modified":"2020-11-01T04:12:48","modified_gmt":"2020-10-31T23:12:48","slug":"techo-casa-de-bambu","status":"publish","type":"page","link":"https:\/\/bambu-arquitectura.com\/en\/techo-casa-de-bambu\/","title":{"rendered":"Roof"},"content":{"rendered":"<p>Coating: chopped cane, cured with a solution of maderol and diesel (1:10, two coats) and finished on the inside with varnish (two coats).<\/p>\n\n\n\n<p>Roof: zinc plates. In the coastal zone with steel plates protected with zinc and aluminum (galvalum)<\/p>\n\n\n\n<p>Trestle: made of cane cut longitudinally, covered with Aluband (width 50cm).<\/p>","protected":false},"excerpt":{"rendered":"<p>Coating: chopped cane, cured with a solution of maderol and diesel (1:10, two coats) and finished on the inside with varnish (two coats). Cover: plates\u2026<\/p>","protected":false},"author":1,"featured_media":0,"parent":0,"menu_order":0,"comment_status":"closed","ping_status":"closed","template":"","meta":{"footnotes":""},"class_list":["post-54","page","type-page","status-publish","hentry"],"yoast_head":"<!-- This site is optimized with the Yoast SEO plugin v27.3 - https:\/\/yoast.com\/product\/yoast-seo-wordpress\/ -->\n<title>Techo - Dise\u00f1os Bamb\u00fa Arquitectura<\/title>\n<meta name=\"robots\" content=\"index, follow, max-snippet:-1, max-image-preview:large, max-video-preview:-1\" \/>\n<link rel=\"canonical\" href=\"https:\/\/bambu-arquitectura.com\/en\/techo-casa-de-bambu\/\" \/>\n<meta property=\"og:locale\" content=\"en_US\" \/>\n<meta property=\"og:type\" content=\"article\" \/>\n<meta property=\"og:title\" content=\"Techo - Dise\u00f1os Bamb\u00fa Arquitectura\" \/>\n<meta property=\"og:description\" content=\"Revestimiento: ca\u00f1a picada, curada con una disoluci\u00f3n de maderol y diesel (1:10, dos manos) y acabado al lado interior con varnish (dos manos). Cubierta: planchas&hellip;\" \/>\n<meta property=\"og:url\" content=\"https:\/\/bambu-arquitectura.com\/en\/techo-casa-de-bambu\/\" \/>\n<meta property=\"og:site_name\" content=\"Dise\u00f1os Bamb\u00fa Arquitectura\" \/>\n<meta property=\"article:modified_time\" content=\"2020-10-31T23:12:48+00:00\" \/>\n<meta name=\"twitter:card\" content=\"summary_large_image\" \/>\n<script type=\"application\/ld+json\" class=\"yoast-schema-graph\">{\"@context\":\"https:\\\/\\\/schema.org\",\"@graph\":[{\"@type\":\"WebPage\",\"@id\":\"https:\\\/\\\/bambu-arquitectura.com\\\/techo-casa-de-bambu\\\/\",\"url\":\"https:\\\/\\\/bambu-arquitectura.com\\\/techo-casa-de-bambu\\\/\",\"name\":\"Techo - Dise\u00f1os Bamb\u00fa Arquitectura\",\"isPartOf\":{\"@id\":\"https:\\\/\\\/bambu-arquitectura.com\\\/#website\"},\"datePublished\":\"2020-09-02T16:27:59+00:00\",\"dateModified\":\"2020-10-31T23:12:48+00:00\",\"breadcrumb\":{\"@id\":\"https:\\\/\\\/bambu-arquitectura.com\\\/techo-casa-de-bambu\\\/#breadcrumb\"},\"inLanguage\":\"en-US\",\"potentialAction\":[{\"@type\":\"ReadAction\",\"target\":[\"https:\\\/\\\/bambu-arquitectura.com\\\/techo-casa-de-bambu\\\/\"]}]},{\"@type\":\"BreadcrumbList\",\"@id\":\"https:\\\/\\\/bambu-arquitectura.com\\\/techo-casa-de-bambu\\\/#breadcrumb\",\"itemListElement\":[{\"@type\":\"ListItem\",\"position\":1,\"name\":\"Home\",\"item\":\"https:\\\/\\\/bambu-arquitectura.com\\\/\"},{\"@type\":\"ListItem\",\"position\":2,\"name\":\"Techo\"}]},{\"@type\":\"WebSite\",\"@id\":\"https:\\\/\\\/bambu-arquitectura.com\\\/#website\",\"url\":\"https:\\\/\\\/bambu-arquitectura.com\\\/\",\"name\":\"Bamb\u00fa Arquitectura\",\"description\":\"Dise\u00f1os caba\u00f1as y casas de bamb\u00fa\",\"potentialAction\":[{\"@type\":\"SearchAction\",\"target\":{\"@type\":\"EntryPoint\",\"urlTemplate\":\"https:\\\/\\\/bambu-arquitectura.com\\\/?s={search_term_string}\"},\"query-input\":{\"@type\":\"PropertyValueSpecification\",\"valueRequired\":true,\"valueName\":\"search_term_string\"}}],\"inLanguage\":\"en-US\"}]}<\/script>\n<!-- \/ Yoast SEO plugin. -->","yoast_head_json":{"title":"Roof - Bamb\u00fa Arquitectura Designs","robots":{"index":"index","follow":"follow","max-snippet":"max-snippet:-1","max-image-preview":"max-image-preview:large","max-video-preview":"max-video-preview:-1"},"canonical":"https:\/\/bambu-arquitectura.com\/en\/techo-casa-de-bambu\/","og_locale":"en_US","og_type":"article","og_title":"Techo - Dise\u00f1os Bamb\u00fa Arquitectura","og_description":"Revestimiento: ca\u00f1a picada, curada con una disoluci\u00f3n de maderol y diesel (1:10, dos manos) y acabado al lado interior con varnish (dos manos). Cubierta: planchas&hellip;","og_url":"https:\/\/bambu-arquitectura.com\/en\/techo-casa-de-bambu\/","og_site_name":"Dise\u00f1os Bamb\u00fa Arquitectura","article_modified_time":"2020-10-31T23:12:48+00:00","twitter_card":"summary_large_image","schema":{"@context":"https:\/\/schema.org","@graph":[{"@type":"WebPage","@id":"https:\/\/bambu-arquitectura.com\/techo-casa-de-bambu\/","url":"https:\/\/bambu-arquitectura.com\/techo-casa-de-bambu\/","name":"Roof - Bamb\u00fa Arquitectura Designs","isPartOf":{"@id":"https:\/\/bambu-arquitectura.com\/#website"},"datePublished":"2020-09-02T16:27:59+00:00","dateModified":"2020-10-31T23:12:48+00:00","breadcrumb":{"@id":"https:\/\/bambu-arquitectura.com\/techo-casa-de-bambu\/#breadcrumb"},"inLanguage":"en-US","potentialAction":[{"@type":"ReadAction","target":["https:\/\/bambu-arquitectura.com\/techo-casa-de-bambu\/"]}]},{"@type":"BreadcrumbList","@id":"https:\/\/bambu-arquitectura.com\/techo-casa-de-bambu\/#breadcrumb","itemListElement":[{"@type":"ListItem","position":1,"name":"Home","item":"https:\/\/bambu-arquitectura.com\/"},{"@type":"ListItem","position":2,"name":"Techo"}]},{"@type":"WebSite","@id":"https:\/\/bambu-arquitectura.com\/#website","url":"https:\/\/bambu-arquitectura.com\/","name":"Bamb\u00fa Arquitectura","description":"Designing bamboo caba\u00f1as and bamboo houses","potentialAction":[{"@type":"SearchAction","target":{"@type":"EntryPoint","urlTemplate":"https:\/\/bambu-arquitectura.com\/?s={search_term_string}"},"query-input":{"@type":"PropertyValueSpecification","valueRequired":true,"valueName":"search_term_string"}}],"inLanguage":"en-US"}]}},"jetpack_sharing_enabled":true,"_links":{"self":[{"href":"https:\/\/bambu-arquitectura.com\/en\/wp-json\/wp\/v2\/pages\/54","targetHints":{"allow":["GET"]}}],"collection":[{"href":"https:\/\/bambu-arquitectura.com\/en\/wp-json\/wp\/v2\/pages"}],"about":[{"href":"https:\/\/bambu-arquitectura.com\/en\/wp-json\/wp\/v2\/types\/page"}],"author":[{"embeddable":true,"href":"https:\/\/bambu-arquitectura.com\/en\/wp-json\/wp\/v2\/users\/1"}],"replies":[{"embeddable":true,"href":"https:\/\/bambu-arquitectura.com\/en\/wp-json\/wp\/v2\/comments?post=54"}],"version-history":[{"count":0,"href":"https:\/\/bambu-arquitectura.com\/en\/wp-json\/wp\/v2\/pages\/54\/revisions"}],"wp:attachment":[{"href":"https:\/\/bambu-arquitectura.com\/en\/wp-json\/wp\/v2\/media?parent=54"}],"curies":[{"name":"wp","href":"https:\/\/api.w.org\/{rel}","templated":true}]}}