{"id":548,"date":"2020-11-01T07:37:58","date_gmt":"2020-11-01T02:37:58","guid":{"rendered":"https:\/\/bambu-arquitectura.com\/?page_id=548"},"modified":"2022-09-04T23:03:07","modified_gmt":"2022-09-04T18:03:07","slug":"estructuras","status":"publish","type":"page","link":"https:\/\/bambu-arquitectura.com\/en\/estructuras\/","title":{"rendered":"Structures"},"content":{"rendered":"<p>Design for a bamboo cattle shed (50\u00d7100 m, 5,000 m2). The structure is placed on concrete columns. The shed has roofs covered with chopped cane, to create a more pleasant climate inside the shed. Varying ceiling heights allow daylight to enter throughout the entire construction. <\/p>\n\n\n\n<p>This type of structure can not only be used for the agricultural sector, but also for other productive sectors such as factories, distribution centers, warehouses, shopping centers, supermarkets.  <\/p>\n\n\n<div class=\"wp-block-image is-style-default\">\n<figure class=\"aligncenter size-large is-resized\"><a href=\"https:\/\/bambu-arquitectura.com\/wp-content\/uploads\/2020\/11\/Galpon-Esmeraldas-0310.png\" target=\"_blank\" rel=\"noopener noreferrer\"><img loading=\"lazy\" decoding=\"async\" src=\"https:\/\/bambu-arquitectura.com\/wp-content\/uploads\/2020\/11\/Galpon-Esmeraldas-0310-1024x256.png\" alt=\"\" class=\"wp-image-552\" width=\"640\" height=\"160\" srcset=\"https:\/\/bambu-arquitectura.com\/wp-content\/uploads\/2020\/11\/Galpon-Esmeraldas-0310-1024x256.png 1024w, https:\/\/bambu-arquitectura.com\/wp-content\/uploads\/2020\/11\/Galpon-Esmeraldas-0310-300x75.png 300w, https:\/\/bambu-arquitectura.com\/wp-content\/uploads\/2020\/11\/Galpon-Esmeraldas-0310-768x192.png 768w, https:\/\/bambu-arquitectura.com\/wp-content\/uploads\/2020\/11\/Galpon-Esmeraldas-0310-1536x384.png 1536w, https:\/\/bambu-arquitectura.com\/wp-content\/uploads\/2020\/11\/Galpon-Esmeraldas-0310-2048x512.png 2048w, https:\/\/bambu-arquitectura.com\/wp-content\/uploads\/2020\/11\/Galpon-Esmeraldas-0310-900x225.png 900w, https:\/\/bambu-arquitectura.com\/wp-content\/uploads\/2020\/11\/Galpon-Esmeraldas-0310-150x38.png 150w\" sizes=\"auto, (max-width: 640px) 100vw, 640px\" \/><\/a><figcaption>Design for a cattle shed<\/figcaption><\/figure>\n<\/div>\n\n<div class=\"wp-block-image is-style-default\">\n<figure class=\"aligncenter size-large is-resized\"><a href=\"https:\/\/bambu-arquitectura.com\/wp-content\/uploads\/2020\/11\/Galpon-Esmeraldas-detalle-0210.png\" target=\"_blank\" rel=\"noopener noreferrer\"><img loading=\"lazy\" decoding=\"async\" src=\"https:\/\/bambu-arquitectura.com\/wp-content\/uploads\/2020\/11\/Galpon-Esmeraldas-detalle-0210-1024x569.png\" alt=\"\" class=\"wp-image-550\" width=\"640\" height=\"356\" srcset=\"https:\/\/bambu-arquitectura.com\/wp-content\/uploads\/2020\/11\/Galpon-Esmeraldas-detalle-0210-1024x569.png 1024w, https:\/\/bambu-arquitectura.com\/wp-content\/uploads\/2020\/11\/Galpon-Esmeraldas-detalle-0210-300x167.png 300w, https:\/\/bambu-arquitectura.com\/wp-content\/uploads\/2020\/11\/Galpon-Esmeraldas-detalle-0210-768x427.png 768w, https:\/\/bambu-arquitectura.com\/wp-content\/uploads\/2020\/11\/Galpon-Esmeraldas-detalle-0210-1536x853.png 1536w, https:\/\/bambu-arquitectura.com\/wp-content\/uploads\/2020\/11\/Galpon-Esmeraldas-detalle-0210-2048x1138.png 2048w, https:\/\/bambu-arquitectura.com\/wp-content\/uploads\/2020\/11\/Galpon-Esmeraldas-detalle-0210-630x350.png 630w, https:\/\/bambu-arquitectura.com\/wp-content\/uploads\/2020\/11\/Galpon-Esmeraldas-detalle-0210-150x83.png 150w\" sizes=\"auto, (max-width: 640px) 100vw, 640px\" \/><\/a><figcaption>Detail cattle shed<\/figcaption><\/figure>\n<\/div>\n\n<div class=\"wp-block-image is-style-default\">\n<figure class=\"aligncenter size-large is-resized\"><a href=\"https:\/\/bambu-arquitectura.com\/wp-content\/uploads\/2020\/11\/Galpon-Esmeraldas-frontal-scaled.jpg\" target=\"_blank\" rel=\"noopener noreferrer\"><img loading=\"lazy\" decoding=\"async\" src=\"https:\/\/bambu-arquitectura.com\/wp-content\/uploads\/2020\/11\/Galpon-Esmeraldas-frontal-scaled.jpg\" alt=\"\" class=\"wp-image-553\" width=\"640\" height=\"337\" srcset=\"https:\/\/bambu-arquitectura.com\/wp-content\/uploads\/2020\/11\/Galpon-Esmeraldas-frontal-scaled.jpg 2560w, https:\/\/bambu-arquitectura.com\/wp-content\/uploads\/2020\/11\/Galpon-Esmeraldas-frontal-300x158.jpg 300w\" sizes=\"auto, (max-width: 640px) 100vw, 640px\" \/><\/a><figcaption>Section<\/figcaption><\/figure>\n<\/div>\n\n<div class=\"wp-block-image is-style-default\">\n<figure class=\"aligncenter size-large is-resized\"><a href=\"https:\/\/bambu-arquitectura.com\/wp-content\/uploads\/2020\/11\/Galpon-Esmeraldas-plan-scaled.jpg\" target=\"_blank\" rel=\"noopener noreferrer\"><img loading=\"lazy\" decoding=\"async\" src=\"https:\/\/bambu-arquitectura.com\/wp-content\/uploads\/2020\/11\/Galpon-Esmeraldas-plan-scaled.jpg\" alt=\"\" class=\"wp-image-555\" width=\"640\" height=\"337\" srcset=\"https:\/\/bambu-arquitectura.com\/wp-content\/uploads\/2020\/11\/Galpon-Esmeraldas-plan-scaled.jpg 2560w, https:\/\/bambu-arquitectura.com\/wp-content\/uploads\/2020\/11\/Galpon-Esmeraldas-plan-300x158.jpg 300w\" sizes=\"auto, (max-width: 640px) 100vw, 640px\" \/><\/a><figcaption>Part of the floor plan<\/figcaption><\/figure>\n<\/div>\n\n\n<p><\/p>","protected":false},"excerpt":{"rendered":"<p>Design for a bamboo cattle shed (50\u00d7100 m, 5,000 m2). The structure is placed on concrete columns. The shed has roofs covered with\u2026<\/p>","protected":false},"author":1,"featured_media":552,"parent":0,"menu_order":0,"comment_status":"closed","ping_status":"closed","template":"","meta":{"footnotes":""},"class_list":["post-548","page","type-page","status-publish","has-post-thumbnail","hentry"],"yoast_head":"<!-- This site is optimized with the Yoast SEO plugin v27.3 - https:\/\/yoast.com\/product\/yoast-seo-wordpress\/ -->\n<title>Estructuras - Dise\u00f1os Bamb\u00fa Arquitectura<\/title>\n<meta name=\"description\" content=\"Estructuras de bamb\u00fa para la agricultura, f\u00e1bricas, bodegas, talleres, centro comerciales, supermercados.\" \/>\n<meta name=\"robots\" content=\"index, follow, max-snippet:-1, max-image-preview:large, max-video-preview:-1\" \/>\n<link rel=\"canonical\" href=\"https:\/\/bambu-arquitectura.com\/en\/estructuras\/\" \/>\n<meta property=\"og:locale\" content=\"en_US\" \/>\n<meta property=\"og:type\" content=\"article\" \/>\n<meta property=\"og:title\" content=\"Estructuras - Dise\u00f1os Bamb\u00fa Arquitectura\" \/>\n<meta property=\"og:description\" content=\"Estructuras de bamb\u00fa para la agricultura, f\u00e1bricas, bodegas, talleres, centro comerciales, supermercados.\" \/>\n<meta property=\"og:url\" content=\"https:\/\/bambu-arquitectura.com\/en\/estructuras\/\" \/>\n<meta property=\"og:site_name\" content=\"Dise\u00f1os Bamb\u00fa Arquitectura\" \/>\n<meta property=\"article:modified_time\" content=\"2022-09-04T18:03:07+00:00\" \/>\n<meta property=\"og:image\" content=\"https:\/\/bambu-arquitectura.com\/wp-content\/uploads\/2020\/11\/Galpon-Esmeraldas-0310-1024x256.png\" \/>\n\t<meta property=\"og:image:width\" content=\"1024\" \/>\n\t<meta property=\"og:image:height\" content=\"256\" \/>\n\t<meta property=\"og:image:type\" content=\"image\/png\" \/>\n<meta name=\"twitter:card\" content=\"summary_large_image\" \/>\n<meta name=\"twitter:label1\" content=\"Est. reading time\" \/>\n\t<meta name=\"twitter:data1\" content=\"2 minutes\" \/>\n<script type=\"application\/ld+json\" class=\"yoast-schema-graph\">{\"@context\":\"https:\\\/\\\/schema.org\",\"@graph\":[{\"@type\":\"WebPage\",\"@id\":\"https:\\\/\\\/bambu-arquitectura.com\\\/estructuras\\\/\",\"url\":\"https:\\\/\\\/bambu-arquitectura.com\\\/estructuras\\\/\",\"name\":\"Estructuras - Dise\u00f1os Bamb\u00fa Arquitectura\",\"isPartOf\":{\"@id\":\"https:\\\/\\\/bambu-arquitectura.com\\\/#website\"},\"primaryImageOfPage\":{\"@id\":\"https:\\\/\\\/bambu-arquitectura.com\\\/estructuras\\\/#primaryimage\"},\"image\":{\"@id\":\"https:\\\/\\\/bambu-arquitectura.com\\\/estructuras\\\/#primaryimage\"},\"thumbnailUrl\":\"https:\\\/\\\/bambu-arquitectura.com\\\/wp-content\\\/uploads\\\/2020\\\/11\\\/Galpon-Esmeraldas-0310.png\",\"datePublished\":\"2020-11-01T02:37:58+00:00\",\"dateModified\":\"2022-09-04T18:03:07+00:00\",\"description\":\"Estructuras de bamb\u00fa para la agricultura, f\u00e1bricas, bodegas, talleres, centro comerciales, supermercados.\",\"breadcrumb\":{\"@id\":\"https:\\\/\\\/bambu-arquitectura.com\\\/estructuras\\\/#breadcrumb\"},\"inLanguage\":\"en-US\",\"potentialAction\":[{\"@type\":\"ReadAction\",\"target\":[\"https:\\\/\\\/bambu-arquitectura.com\\\/estructuras\\\/\"]}]},{\"@type\":\"ImageObject\",\"inLanguage\":\"en-US\",\"@id\":\"https:\\\/\\\/bambu-arquitectura.com\\\/estructuras\\\/#primaryimage\",\"url\":\"https:\\\/\\\/bambu-arquitectura.com\\\/wp-content\\\/uploads\\\/2020\\\/11\\\/Galpon-Esmeraldas-0310.png\",\"contentUrl\":\"https:\\\/\\\/bambu-arquitectura.com\\\/wp-content\\\/uploads\\\/2020\\\/11\\\/Galpon-Esmeraldas-0310.png\",\"width\":3600,\"height\":900},{\"@type\":\"BreadcrumbList\",\"@id\":\"https:\\\/\\\/bambu-arquitectura.com\\\/estructuras\\\/#breadcrumb\",\"itemListElement\":[{\"@type\":\"ListItem\",\"position\":1,\"name\":\"Home\",\"item\":\"https:\\\/\\\/bambu-arquitectura.com\\\/\"},{\"@type\":\"ListItem\",\"position\":2,\"name\":\"Estructuras\"}]},{\"@type\":\"WebSite\",\"@id\":\"https:\\\/\\\/bambu-arquitectura.com\\\/#website\",\"url\":\"https:\\\/\\\/bambu-arquitectura.com\\\/\",\"name\":\"Bamb\u00fa Arquitectura\",\"description\":\"Dise\u00f1os caba\u00f1as y casas de bamb\u00fa\",\"potentialAction\":[{\"@type\":\"SearchAction\",\"target\":{\"@type\":\"EntryPoint\",\"urlTemplate\":\"https:\\\/\\\/bambu-arquitectura.com\\\/?s={search_term_string}\"},\"query-input\":{\"@type\":\"PropertyValueSpecification\",\"valueRequired\":true,\"valueName\":\"search_term_string\"}}],\"inLanguage\":\"en-US\"}]}<\/script>\n<!-- \/ Yoast SEO plugin. -->","yoast_head_json":{"title":"Estructuras - Dise\u00f1os Bamb\u00fa Arquitectura","description":"Estructuras de bamb\u00fa para la agricultura, f\u00e1bricas, bodegas, talleres, centro comerciales, supermercados.","robots":{"index":"index","follow":"follow","max-snippet":"max-snippet:-1","max-image-preview":"max-image-preview:large","max-video-preview":"max-video-preview:-1"},"canonical":"https:\/\/bambu-arquitectura.com\/en\/estructuras\/","og_locale":"en_US","og_type":"article","og_title":"Estructuras - Dise\u00f1os Bamb\u00fa Arquitectura","og_description":"Estructuras de bamb\u00fa para la agricultura, f\u00e1bricas, bodegas, talleres, centro comerciales, supermercados.","og_url":"https:\/\/bambu-arquitectura.com\/en\/estructuras\/","og_site_name":"Dise\u00f1os Bamb\u00fa Arquitectura","article_modified_time":"2022-09-04T18:03:07+00:00","og_image":[{"width":1024,"height":256,"url":"https:\/\/bambu-arquitectura.com\/wp-content\/uploads\/2020\/11\/Galpon-Esmeraldas-0310-1024x256.png","type":"image\/png"}],"twitter_card":"summary_large_image","twitter_misc":{"Est. reading time":"2 minutes"},"schema":{"@context":"https:\/\/schema.org","@graph":[{"@type":"WebPage","@id":"https:\/\/bambu-arquitectura.com\/estructuras\/","url":"https:\/\/bambu-arquitectura.com\/estructuras\/","name":"Estructuras - Dise\u00f1os Bamb\u00fa Arquitectura","isPartOf":{"@id":"https:\/\/bambu-arquitectura.com\/#website"},"primaryImageOfPage":{"@id":"https:\/\/bambu-arquitectura.com\/estructuras\/#primaryimage"},"image":{"@id":"https:\/\/bambu-arquitectura.com\/estructuras\/#primaryimage"},"thumbnailUrl":"https:\/\/bambu-arquitectura.com\/wp-content\/uploads\/2020\/11\/Galpon-Esmeraldas-0310.png","datePublished":"2020-11-01T02:37:58+00:00","dateModified":"2022-09-04T18:03:07+00:00","description":"Estructuras de bamb\u00fa para la agricultura, f\u00e1bricas, bodegas, talleres, centro comerciales, supermercados.","breadcrumb":{"@id":"https:\/\/bambu-arquitectura.com\/estructuras\/#breadcrumb"},"inLanguage":"en-US","potentialAction":[{"@type":"ReadAction","target":["https:\/\/bambu-arquitectura.com\/estructuras\/"]}]},{"@type":"ImageObject","inLanguage":"en-US","@id":"https:\/\/bambu-arquitectura.com\/estructuras\/#primaryimage","url":"https:\/\/bambu-arquitectura.com\/wp-content\/uploads\/2020\/11\/Galpon-Esmeraldas-0310.png","contentUrl":"https:\/\/bambu-arquitectura.com\/wp-content\/uploads\/2020\/11\/Galpon-Esmeraldas-0310.png","width":3600,"height":900},{"@type":"BreadcrumbList","@id":"https:\/\/bambu-arquitectura.com\/estructuras\/#breadcrumb","itemListElement":[{"@type":"ListItem","position":1,"name":"Home","item":"https:\/\/bambu-arquitectura.com\/"},{"@type":"ListItem","position":2,"name":"Estructuras"}]},{"@type":"WebSite","@id":"https:\/\/bambu-arquitectura.com\/#website","url":"https:\/\/bambu-arquitectura.com\/","name":"Bamb\u00fa Arquitectura","description":"Designing bamboo caba\u00f1as and bamboo houses","potentialAction":[{"@type":"SearchAction","target":{"@type":"EntryPoint","urlTemplate":"https:\/\/bambu-arquitectura.com\/?s={search_term_string}"},"query-input":{"@type":"PropertyValueSpecification","valueRequired":true,"valueName":"search_term_string"}}],"inLanguage":"en-US"}]}},"jetpack_sharing_enabled":true,"_links":{"self":[{"href":"https:\/\/bambu-arquitectura.com\/en\/wp-json\/wp\/v2\/pages\/548","targetHints":{"allow":["GET"]}}],"collection":[{"href":"https:\/\/bambu-arquitectura.com\/en\/wp-json\/wp\/v2\/pages"}],"about":[{"href":"https:\/\/bambu-arquitectura.com\/en\/wp-json\/wp\/v2\/types\/page"}],"author":[{"embeddable":true,"href":"https:\/\/bambu-arquitectura.com\/en\/wp-json\/wp\/v2\/users\/1"}],"replies":[{"embeddable":true,"href":"https:\/\/bambu-arquitectura.com\/en\/wp-json\/wp\/v2\/comments?post=548"}],"version-history":[{"count":1,"href":"https:\/\/bambu-arquitectura.com\/en\/wp-json\/wp\/v2\/pages\/548\/revisions"}],"predecessor-version":[{"id":1196,"href":"https:\/\/bambu-arquitectura.com\/en\/wp-json\/wp\/v2\/pages\/548\/revisions\/1196"}],"wp:featuredmedia":[{"embeddable":true,"href":"https:\/\/bambu-arquitectura.com\/en\/wp-json\/wp\/v2\/media\/552"}],"wp:attachment":[{"href":"https:\/\/bambu-arquitectura.com\/en\/wp-json\/wp\/v2\/media?parent=548"}],"curies":[{"name":"wp","href":"https:\/\/api.w.org\/{rel}","templated":true}]}}