{"id":56,"date":"2020-09-02T21:28:53","date_gmt":"2020-09-02T16:28:53","guid":{"rendered":"http:\/\/bambu-arquitectura.com\/?page_id=56"},"modified":"2020-11-01T04:11:13","modified_gmt":"2020-10-31T23:11:13","slug":"acabados-casa-de-bambu","status":"publish","type":"page","link":"https:\/\/bambu-arquitectura.com\/en\/acabados-casa-de-bambu\/","title":{"rendered":"Finishes"},"content":{"rendered":"<p>Floor: ceramic.<\/p>\n\n\n\n<p>Bathroom: ceramic walls and floor. Sanitary included (toilet, sink, shower, keys).<\/p>\n\n\n\n<p>Kitchen: counter with dishwasher and faucet, wall and kitchen counter with ceramic.<\/p>\n\n\n\n<p>Electrical installation (110v).<\/p>\n\n\n\n<p>Laurel wood doors and swings. All doors with hinges and locks.<\/p>\n\n\n\n<h5 class=\"wp-block-heading\">HOUSE WITH BLOCK WALLS<\/h5>\n\n\n\n<p>The entrance door with extra secure lock.<\/p>\n\n\n\n<p>Sliding aluminum windows, with glass and mesh, set in a reinforced concrete frame.<\/p>\n\n\n\n<p>The wood of the swings and doors is cured with a solution of wood and diesel (1:10, two coats) and finished with varnish (two coats).<\/p>\n\n\n\n<h5 class=\"wp-block-heading\">HOUSE WITH BAMBOO WALLS<\/h5>\n\n\n\n<p>The 2 entrance doors with extra secure locks.<\/p>\n\n\n\n<p>Laurel wood casement windows, with glass and mesh, set in a Laurel wood frame, with hinges and latches.<\/p>\n\n\n\n<p>The wood of the swings, doors and windows is cured with a solution of wood and diesel (1:10, two coats) and finished with varnish (two coats).<\/p>","protected":false},"excerpt":{"rendered":"<p>Floor: ceramic. Bathroom: ceramic walls and floor. Sanitary included (toilet, sink, shower, faucets). Kitchen: counter with dishwasher and faucet, wall and kitchen counter with\u2026<\/p>","protected":false},"author":1,"featured_media":0,"parent":0,"menu_order":0,"comment_status":"closed","ping_status":"closed","template":"","meta":{"footnotes":""},"class_list":["post-56","page","type-page","status-publish","hentry"],"yoast_head":"<!-- This site is optimized with the Yoast SEO plugin v27.3 - https:\/\/yoast.com\/product\/yoast-seo-wordpress\/ -->\n<title>Acabados - Dise\u00f1os Bamb\u00fa Arquitectura<\/title>\n<meta name=\"robots\" content=\"index, follow, max-snippet:-1, max-image-preview:large, max-video-preview:-1\" \/>\n<link rel=\"canonical\" href=\"https:\/\/bambu-arquitectura.com\/en\/acabados-casa-de-bambu\/\" \/>\n<meta property=\"og:locale\" content=\"en_US\" \/>\n<meta property=\"og:type\" content=\"article\" \/>\n<meta property=\"og:title\" content=\"Acabados - Dise\u00f1os Bamb\u00fa Arquitectura\" \/>\n<meta property=\"og:description\" content=\"Piso: cer\u00e1mica. Ba\u00f1o: paredes y piso con cer\u00e1mica. Incluido sanitario (inodoro, lavamanos, ducha, llaves). Cocina: mes\u00f3n con lavaplatos y llave, pared y mes\u00f3n cocina con&hellip;\" \/>\n<meta property=\"og:url\" content=\"https:\/\/bambu-arquitectura.com\/en\/acabados-casa-de-bambu\/\" \/>\n<meta property=\"og:site_name\" content=\"Dise\u00f1os Bamb\u00fa Arquitectura\" \/>\n<meta property=\"article:modified_time\" content=\"2020-10-31T23:11:13+00:00\" \/>\n<meta name=\"twitter:card\" content=\"summary_large_image\" \/>\n<meta name=\"twitter:label1\" content=\"Est. reading time\" \/>\n\t<meta name=\"twitter:data1\" content=\"1 minute\" \/>\n<script type=\"application\/ld+json\" class=\"yoast-schema-graph\">{\"@context\":\"https:\\\/\\\/schema.org\",\"@graph\":[{\"@type\":\"WebPage\",\"@id\":\"https:\\\/\\\/bambu-arquitectura.com\\\/acabados-casa-de-bambu\\\/\",\"url\":\"https:\\\/\\\/bambu-arquitectura.com\\\/acabados-casa-de-bambu\\\/\",\"name\":\"Acabados - Dise\u00f1os Bamb\u00fa Arquitectura\",\"isPartOf\":{\"@id\":\"https:\\\/\\\/bambu-arquitectura.com\\\/#website\"},\"datePublished\":\"2020-09-02T16:28:53+00:00\",\"dateModified\":\"2020-10-31T23:11:13+00:00\",\"breadcrumb\":{\"@id\":\"https:\\\/\\\/bambu-arquitectura.com\\\/acabados-casa-de-bambu\\\/#breadcrumb\"},\"inLanguage\":\"en-US\",\"potentialAction\":[{\"@type\":\"ReadAction\",\"target\":[\"https:\\\/\\\/bambu-arquitectura.com\\\/acabados-casa-de-bambu\\\/\"]}]},{\"@type\":\"BreadcrumbList\",\"@id\":\"https:\\\/\\\/bambu-arquitectura.com\\\/acabados-casa-de-bambu\\\/#breadcrumb\",\"itemListElement\":[{\"@type\":\"ListItem\",\"position\":1,\"name\":\"Home\",\"item\":\"https:\\\/\\\/bambu-arquitectura.com\\\/\"},{\"@type\":\"ListItem\",\"position\":2,\"name\":\"Acabados\"}]},{\"@type\":\"WebSite\",\"@id\":\"https:\\\/\\\/bambu-arquitectura.com\\\/#website\",\"url\":\"https:\\\/\\\/bambu-arquitectura.com\\\/\",\"name\":\"Bamb\u00fa Arquitectura\",\"description\":\"Dise\u00f1os caba\u00f1as y casas de bamb\u00fa\",\"potentialAction\":[{\"@type\":\"SearchAction\",\"target\":{\"@type\":\"EntryPoint\",\"urlTemplate\":\"https:\\\/\\\/bambu-arquitectura.com\\\/?s={search_term_string}\"},\"query-input\":{\"@type\":\"PropertyValueSpecification\",\"valueRequired\":true,\"valueName\":\"search_term_string\"}}],\"inLanguage\":\"en-US\"}]}<\/script>\n<!-- \/ Yoast SEO plugin. -->","yoast_head_json":{"title":"Acabados - Dise\u00f1os Bamb\u00fa Arquitectura","robots":{"index":"index","follow":"follow","max-snippet":"max-snippet:-1","max-image-preview":"max-image-preview:large","max-video-preview":"max-video-preview:-1"},"canonical":"https:\/\/bambu-arquitectura.com\/en\/acabados-casa-de-bambu\/","og_locale":"en_US","og_type":"article","og_title":"Acabados - Dise\u00f1os Bamb\u00fa Arquitectura","og_description":"Piso: cer\u00e1mica. Ba\u00f1o: paredes y piso con cer\u00e1mica. Incluido sanitario (inodoro, lavamanos, ducha, llaves). Cocina: mes\u00f3n con lavaplatos y llave, pared y mes\u00f3n cocina con&hellip;","og_url":"https:\/\/bambu-arquitectura.com\/en\/acabados-casa-de-bambu\/","og_site_name":"Dise\u00f1os Bamb\u00fa Arquitectura","article_modified_time":"2020-10-31T23:11:13+00:00","twitter_card":"summary_large_image","twitter_misc":{"Est. reading time":"1 minute"},"schema":{"@context":"https:\/\/schema.org","@graph":[{"@type":"WebPage","@id":"https:\/\/bambu-arquitectura.com\/acabados-casa-de-bambu\/","url":"https:\/\/bambu-arquitectura.com\/acabados-casa-de-bambu\/","name":"Acabados - Dise\u00f1os Bamb\u00fa Arquitectura","isPartOf":{"@id":"https:\/\/bambu-arquitectura.com\/#website"},"datePublished":"2020-09-02T16:28:53+00:00","dateModified":"2020-10-31T23:11:13+00:00","breadcrumb":{"@id":"https:\/\/bambu-arquitectura.com\/acabados-casa-de-bambu\/#breadcrumb"},"inLanguage":"en-US","potentialAction":[{"@type":"ReadAction","target":["https:\/\/bambu-arquitectura.com\/acabados-casa-de-bambu\/"]}]},{"@type":"BreadcrumbList","@id":"https:\/\/bambu-arquitectura.com\/acabados-casa-de-bambu\/#breadcrumb","itemListElement":[{"@type":"ListItem","position":1,"name":"Home","item":"https:\/\/bambu-arquitectura.com\/"},{"@type":"ListItem","position":2,"name":"Acabados"}]},{"@type":"WebSite","@id":"https:\/\/bambu-arquitectura.com\/#website","url":"https:\/\/bambu-arquitectura.com\/","name":"Bamb\u00fa Arquitectura","description":"Designing bamboo caba\u00f1as and bamboo houses","potentialAction":[{"@type":"SearchAction","target":{"@type":"EntryPoint","urlTemplate":"https:\/\/bambu-arquitectura.com\/?s={search_term_string}"},"query-input":{"@type":"PropertyValueSpecification","valueRequired":true,"valueName":"search_term_string"}}],"inLanguage":"en-US"}]}},"jetpack_sharing_enabled":true,"_links":{"self":[{"href":"https:\/\/bambu-arquitectura.com\/en\/wp-json\/wp\/v2\/pages\/56","targetHints":{"allow":["GET"]}}],"collection":[{"href":"https:\/\/bambu-arquitectura.com\/en\/wp-json\/wp\/v2\/pages"}],"about":[{"href":"https:\/\/bambu-arquitectura.com\/en\/wp-json\/wp\/v2\/types\/page"}],"author":[{"embeddable":true,"href":"https:\/\/bambu-arquitectura.com\/en\/wp-json\/wp\/v2\/users\/1"}],"replies":[{"embeddable":true,"href":"https:\/\/bambu-arquitectura.com\/en\/wp-json\/wp\/v2\/comments?post=56"}],"version-history":[{"count":0,"href":"https:\/\/bambu-arquitectura.com\/en\/wp-json\/wp\/v2\/pages\/56\/revisions"}],"wp:attachment":[{"href":"https:\/\/bambu-arquitectura.com\/en\/wp-json\/wp\/v2\/media?parent=56"}],"curies":[{"name":"wp","href":"https:\/\/api.w.org\/{rel}","templated":true}]}}