{"id":58,"date":"2020-09-02T21:30:00","date_gmt":"2020-09-02T16:30:00","guid":{"rendered":"http:\/\/bambu-arquitectura.com\/?page_id=58"},"modified":"2022-12-03T05:41:30","modified_gmt":"2022-12-03T00:41:30","slug":"planos-tecnicos","status":"publish","type":"page","link":"https:\/\/bambu-arquitectura.com\/en\/planos-tecnicos\/","title":{"rendered":"Technical Drawings"},"content":{"rendered":"<h5 class=\"wp-block-heading\">Technical plans of the Bamboo House with 3 Bedrooms and Bamboo Walls<\/h5>\n\n\n\n<p><\/p>\n\n\n<div class=\"wp-block-image\">\n<figure class=\"alignleft size-full\"><img loading=\"lazy\" decoding=\"async\" width=\"1015\" height=\"689\" src=\"https:\/\/bambu-arquitectura.com\/wp-content\/uploads\/2020\/11\/Casa-de-Bambu-6x7-m-plan.png\" alt=\"\" class=\"wp-image-509\" srcset=\"https:\/\/bambu-arquitectura.com\/wp-content\/uploads\/2020\/11\/Casa-de-Bambu-6x7-m-plan.png 1015w, https:\/\/bambu-arquitectura.com\/wp-content\/uploads\/2020\/11\/Casa-de-Bambu-6x7-m-plan-300x204.png 300w, https:\/\/bambu-arquitectura.com\/wp-content\/uploads\/2020\/11\/Casa-de-Bambu-6x7-m-plan-768x521.png 768w, https:\/\/bambu-arquitectura.com\/wp-content\/uploads\/2020\/11\/Casa-de-Bambu-6x7-m-plan-516x350.png 516w, https:\/\/bambu-arquitectura.com\/wp-content\/uploads\/2020\/11\/Casa-de-Bambu-6x7-m-plan-150x102.png 150w\" sizes=\"auto, (max-width: 1015px) 100vw, 1015px\" \/><figcaption class=\"wp-element-caption\">Plan<\/figcaption><\/figure>\n<\/div>\n\n<div class=\"wp-block-image\">\n<figure class=\"alignleft size-full\"><img loading=\"lazy\" decoding=\"async\" width=\"1015\" height=\"689\" src=\"https:\/\/bambu-arquitectura.com\/wp-content\/uploads\/2020\/11\/Casa-de-Bambu-6x7-m-piso.png\" alt=\"\" class=\"wp-image-508\" srcset=\"https:\/\/bambu-arquitectura.com\/wp-content\/uploads\/2020\/11\/Casa-de-Bambu-6x7-m-piso.png 1015w, https:\/\/bambu-arquitectura.com\/wp-content\/uploads\/2020\/11\/Casa-de-Bambu-6x7-m-piso-300x204.png 300w, https:\/\/bambu-arquitectura.com\/wp-content\/uploads\/2020\/11\/Casa-de-Bambu-6x7-m-piso-768x521.png 768w, https:\/\/bambu-arquitectura.com\/wp-content\/uploads\/2020\/11\/Casa-de-Bambu-6x7-m-piso-516x350.png 516w, https:\/\/bambu-arquitectura.com\/wp-content\/uploads\/2020\/11\/Casa-de-Bambu-6x7-m-piso-150x102.png 150w\" sizes=\"auto, (max-width: 1015px) 100vw, 1015px\" \/><figcaption class=\"wp-element-caption\">Flat<\/figcaption><\/figure>\n<\/div>\n\n<div class=\"wp-block-image\">\n<figure class=\"alignleft size-full\"><img loading=\"lazy\" decoding=\"async\" width=\"1015\" height=\"689\" src=\"https:\/\/bambu-arquitectura.com\/wp-content\/uploads\/2020\/11\/Casa-de-Bambu-6x7-m-muritos.png\" alt=\"\" class=\"wp-image-507\" srcset=\"https:\/\/bambu-arquitectura.com\/wp-content\/uploads\/2020\/11\/Casa-de-Bambu-6x7-m-muritos.png 1015w, https:\/\/bambu-arquitectura.com\/wp-content\/uploads\/2020\/11\/Casa-de-Bambu-6x7-m-muritos-300x204.png 300w, https:\/\/bambu-arquitectura.com\/wp-content\/uploads\/2020\/11\/Casa-de-Bambu-6x7-m-muritos-768x521.png 768w, https:\/\/bambu-arquitectura.com\/wp-content\/uploads\/2020\/11\/Casa-de-Bambu-6x7-m-muritos-516x350.png 516w, https:\/\/bambu-arquitectura.com\/wp-content\/uploads\/2020\/11\/Casa-de-Bambu-6x7-m-muritos-150x102.png 150w\" sizes=\"auto, (max-width: 1015px) 100vw, 1015px\" \/><figcaption class=\"wp-element-caption\">Muritos<\/figcaption><\/figure>\n<\/div>\n\n<div class=\"wp-block-image\">\n<figure class=\"alignleft size-full\"><img loading=\"lazy\" decoding=\"async\" width=\"1013\" height=\"689\" src=\"https:\/\/bambu-arquitectura.com\/wp-content\/uploads\/2020\/11\/Casa-de-Bambu-6x7-m-techo.png\" alt=\"\" class=\"wp-image-510\" srcset=\"https:\/\/bambu-arquitectura.com\/wp-content\/uploads\/2020\/11\/Casa-de-Bambu-6x7-m-techo.png 1013w, https:\/\/bambu-arquitectura.com\/wp-content\/uploads\/2020\/11\/Casa-de-Bambu-6x7-m-techo-300x204.png 300w, https:\/\/bambu-arquitectura.com\/wp-content\/uploads\/2020\/11\/Casa-de-Bambu-6x7-m-techo-768x522.png 768w, https:\/\/bambu-arquitectura.com\/wp-content\/uploads\/2020\/11\/Casa-de-Bambu-6x7-m-techo-515x350.png 515w, https:\/\/bambu-arquitectura.com\/wp-content\/uploads\/2020\/11\/Casa-de-Bambu-6x7-m-techo-150x102.png 150w\" sizes=\"auto, (max-width: 1013px) 100vw, 1013px\" \/><figcaption class=\"wp-element-caption\">Roof<\/figcaption><\/figure>\n<\/div>\n\n<div class=\"wp-block-image\">\n<figure class=\"alignleft size-full\"><img loading=\"lazy\" decoding=\"async\" width=\"1014\" height=\"689\" src=\"https:\/\/bambu-arquitectura.com\/wp-content\/uploads\/2020\/11\/Casa-de-Bambu-6x7-m-fachada-frontal.png\" alt=\"\" class=\"wp-image-502\" srcset=\"https:\/\/bambu-arquitectura.com\/wp-content\/uploads\/2020\/11\/Casa-de-Bambu-6x7-m-fachada-frontal.png 1014w, https:\/\/bambu-arquitectura.com\/wp-content\/uploads\/2020\/11\/Casa-de-Bambu-6x7-m-fachada-frontal-300x204.png 300w, https:\/\/bambu-arquitectura.com\/wp-content\/uploads\/2020\/11\/Casa-de-Bambu-6x7-m-fachada-frontal-768x522.png 768w, https:\/\/bambu-arquitectura.com\/wp-content\/uploads\/2020\/11\/Casa-de-Bambu-6x7-m-fachada-frontal-515x350.png 515w, https:\/\/bambu-arquitectura.com\/wp-content\/uploads\/2020\/11\/Casa-de-Bambu-6x7-m-fachada-frontal-150x102.png 150w\" sizes=\"auto, (max-width: 1014px) 100vw, 1014px\" \/><figcaption class=\"wp-element-caption\">Front facade<\/figcaption><\/figure>\n<\/div>\n\n<div class=\"wp-block-image\">\n<figure class=\"alignleft size-full\"><img loading=\"lazy\" decoding=\"async\" width=\"1014\" height=\"689\" src=\"https:\/\/bambu-arquitectura.com\/wp-content\/uploads\/2020\/11\/Casa-de-Bambu-6x7-m-fachada-posterior.png\" alt=\"\" class=\"wp-image-505\" srcset=\"https:\/\/bambu-arquitectura.com\/wp-content\/uploads\/2020\/11\/Casa-de-Bambu-6x7-m-fachada-posterior.png 1014w, https:\/\/bambu-arquitectura.com\/wp-content\/uploads\/2020\/11\/Casa-de-Bambu-6x7-m-fachada-posterior-300x204.png 300w, https:\/\/bambu-arquitectura.com\/wp-content\/uploads\/2020\/11\/Casa-de-Bambu-6x7-m-fachada-posterior-768x522.png 768w, https:\/\/bambu-arquitectura.com\/wp-content\/uploads\/2020\/11\/Casa-de-Bambu-6x7-m-fachada-posterior-515x350.png 515w, https:\/\/bambu-arquitectura.com\/wp-content\/uploads\/2020\/11\/Casa-de-Bambu-6x7-m-fachada-posterior-150x102.png 150w\" sizes=\"auto, (max-width: 1014px) 100vw, 1014px\" \/><figcaption class=\"wp-element-caption\">rear facade<\/figcaption><\/figure>\n<\/div>\n\n<div class=\"wp-block-image\">\n<figure class=\"alignleft size-full\"><img loading=\"lazy\" decoding=\"async\" width=\"1013\" height=\"689\" src=\"https:\/\/bambu-arquitectura.com\/wp-content\/uploads\/2020\/11\/Casa-de-Bambu-6x7-m-fachada-lateral-eje-F.png\" alt=\"\" class=\"wp-image-504\" srcset=\"https:\/\/bambu-arquitectura.com\/wp-content\/uploads\/2020\/11\/Casa-de-Bambu-6x7-m-fachada-lateral-eje-F.png 1013w, https:\/\/bambu-arquitectura.com\/wp-content\/uploads\/2020\/11\/Casa-de-Bambu-6x7-m-fachada-lateral-eje-F-300x204.png 300w, https:\/\/bambu-arquitectura.com\/wp-content\/uploads\/2020\/11\/Casa-de-Bambu-6x7-m-fachada-lateral-eje-F-768x522.png 768w, https:\/\/bambu-arquitectura.com\/wp-content\/uploads\/2020\/11\/Casa-de-Bambu-6x7-m-fachada-lateral-eje-F-515x350.png 515w, https:\/\/bambu-arquitectura.com\/wp-content\/uploads\/2020\/11\/Casa-de-Bambu-6x7-m-fachada-lateral-eje-F-150x102.png 150w\" sizes=\"auto, (max-width: 1013px) 100vw, 1013px\" \/><figcaption class=\"wp-element-caption\">side facade<\/figcaption><\/figure>\n<\/div>\n\n<div class=\"wp-block-image\">\n<figure class=\"alignleft size-full\"><img loading=\"lazy\" decoding=\"async\" width=\"1014\" height=\"686\" src=\"https:\/\/bambu-arquitectura.com\/wp-content\/uploads\/2020\/11\/Casa-de-Bambu-6x7-m-fachada-lateral-eje-A.png\" alt=\"\" class=\"wp-image-503\" srcset=\"https:\/\/bambu-arquitectura.com\/wp-content\/uploads\/2020\/11\/Casa-de-Bambu-6x7-m-fachada-lateral-eje-A.png 1014w, https:\/\/bambu-arquitectura.com\/wp-content\/uploads\/2020\/11\/Casa-de-Bambu-6x7-m-fachada-lateral-eje-A-300x203.png 300w, https:\/\/bambu-arquitectura.com\/wp-content\/uploads\/2020\/11\/Casa-de-Bambu-6x7-m-fachada-lateral-eje-A-768x520.png 768w, https:\/\/bambu-arquitectura.com\/wp-content\/uploads\/2020\/11\/Casa-de-Bambu-6x7-m-fachada-lateral-eje-A-517x350.png 517w, https:\/\/bambu-arquitectura.com\/wp-content\/uploads\/2020\/11\/Casa-de-Bambu-6x7-m-fachada-lateral-eje-A-150x101.png 150w\" sizes=\"auto, (max-width: 1014px) 100vw, 1014px\" \/><figcaption class=\"wp-element-caption\">side facade<\/figcaption><\/figure>\n<\/div>\n\n<div class=\"wp-block-image\">\n<figure class=\"alignleft size-full\"><img loading=\"lazy\" decoding=\"async\" width=\"1014\" height=\"688\" src=\"https:\/\/bambu-arquitectura.com\/wp-content\/uploads\/2020\/11\/Casa-de-Bambu-6x7-m-detalle.png\" alt=\"\" class=\"wp-image-501\" srcset=\"https:\/\/bambu-arquitectura.com\/wp-content\/uploads\/2020\/11\/Casa-de-Bambu-6x7-m-detalle.png 1014w, https:\/\/bambu-arquitectura.com\/wp-content\/uploads\/2020\/11\/Casa-de-Bambu-6x7-m-detalle-300x204.png 300w, https:\/\/bambu-arquitectura.com\/wp-content\/uploads\/2020\/11\/Casa-de-Bambu-6x7-m-detalle-768x521.png 768w, https:\/\/bambu-arquitectura.com\/wp-content\/uploads\/2020\/11\/Casa-de-Bambu-6x7-m-detalle-516x350.png 516w, https:\/\/bambu-arquitectura.com\/wp-content\/uploads\/2020\/11\/Casa-de-Bambu-6x7-m-detalle-150x102.png 150w\" sizes=\"auto, (max-width: 1014px) 100vw, 1014px\" \/><figcaption class=\"wp-element-caption\">Floor detail \u2013 low walls \u2013 bamboo<\/figcaption><\/figure>\n<\/div>\n\n<div class=\"wp-block-image\">\n<figure class=\"alignleft size-full\"><img loading=\"lazy\" decoding=\"async\" width=\"1014\" height=\"689\" src=\"https:\/\/bambu-arquitectura.com\/wp-content\/uploads\/2020\/11\/Casa-de-Bambu-6x7-m-agua-y-desague.png\" alt=\"\" class=\"wp-image-500\" srcset=\"https:\/\/bambu-arquitectura.com\/wp-content\/uploads\/2020\/11\/Casa-de-Bambu-6x7-m-agua-y-desague.png 1014w, https:\/\/bambu-arquitectura.com\/wp-content\/uploads\/2020\/11\/Casa-de-Bambu-6x7-m-agua-y-desague-300x204.png 300w, https:\/\/bambu-arquitectura.com\/wp-content\/uploads\/2020\/11\/Casa-de-Bambu-6x7-m-agua-y-desague-768x522.png 768w, https:\/\/bambu-arquitectura.com\/wp-content\/uploads\/2020\/11\/Casa-de-Bambu-6x7-m-agua-y-desague-515x350.png 515w, https:\/\/bambu-arquitectura.com\/wp-content\/uploads\/2020\/11\/Casa-de-Bambu-6x7-m-agua-y-desague-150x102.png 150w\" sizes=\"auto, (max-width: 1014px) 100vw, 1014px\" \/><figcaption class=\"wp-element-caption\">Water and drain pipe<\/figcaption><\/figure>\n<\/div>\n\n<div class=\"wp-block-image\">\n<figure class=\"alignleft size-full\"><img loading=\"lazy\" decoding=\"async\" width=\"1012\" height=\"689\" src=\"https:\/\/bambu-arquitectura.com\/wp-content\/uploads\/2020\/11\/Casa-de-Bambu-6x7-m-instalacion-electrica.png\" alt=\"\" class=\"wp-image-506\" srcset=\"https:\/\/bambu-arquitectura.com\/wp-content\/uploads\/2020\/11\/Casa-de-Bambu-6x7-m-instalacion-electrica.png 1012w, https:\/\/bambu-arquitectura.com\/wp-content\/uploads\/2020\/11\/Casa-de-Bambu-6x7-m-instalacion-electrica-300x204.png 300w, https:\/\/bambu-arquitectura.com\/wp-content\/uploads\/2020\/11\/Casa-de-Bambu-6x7-m-instalacion-electrica-768x523.png 768w, https:\/\/bambu-arquitectura.com\/wp-content\/uploads\/2020\/11\/Casa-de-Bambu-6x7-m-instalacion-electrica-514x350.png 514w, https:\/\/bambu-arquitectura.com\/wp-content\/uploads\/2020\/11\/Casa-de-Bambu-6x7-m-instalacion-electrica-150x102.png 150w\" sizes=\"auto, (max-width: 1012px) 100vw, 1012px\" \/><figcaption class=\"wp-element-caption\">Electrical installation<\/figcaption><\/figure>\n<\/div>","protected":false},"excerpt":{"rendered":"<p>Technical plans of the Bamboo House with 3 Bedrooms and Bamboo Walls<\/p>","protected":false},"author":1,"featured_media":0,"parent":0,"menu_order":0,"comment_status":"closed","ping_status":"closed","template":"","meta":{"footnotes":""},"class_list":["post-58","page","type-page","status-publish","hentry"],"yoast_head":"<!-- This site is optimized with the Yoast SEO plugin v27.3 - https:\/\/yoast.com\/product\/yoast-seo-wordpress\/ -->\n<title>Planos t\u00e9cnicos - Dise\u00f1os Bamb\u00fa Arquitectura<\/title>\n<meta name=\"robots\" content=\"index, follow, max-snippet:-1, max-image-preview:large, max-video-preview:-1\" \/>\n<link rel=\"canonical\" href=\"https:\/\/bambu-arquitectura.com\/en\/planos-tecnicos\/\" \/>\n<meta property=\"og:locale\" content=\"en_US\" \/>\n<meta property=\"og:type\" content=\"article\" \/>\n<meta property=\"og:title\" content=\"Planos t\u00e9cnicos - Dise\u00f1os Bamb\u00fa Arquitectura\" \/>\n<meta property=\"og:description\" content=\"Planos t\u00e9cnicos de la Casa de Bamb\u00fa con 3 Dormitorios y Paredes de Bamb\u00fa\" \/>\n<meta property=\"og:url\" content=\"https:\/\/bambu-arquitectura.com\/en\/planos-tecnicos\/\" \/>\n<meta property=\"og:site_name\" content=\"Dise\u00f1os Bamb\u00fa Arquitectura\" \/>\n<meta property=\"article:modified_time\" content=\"2022-12-03T00:41:30+00:00\" \/>\n<meta property=\"og:image\" content=\"https:\/\/bambu-arquitectura.com\/wp-content\/uploads\/2020\/11\/Casa-de-Bambu-6x7-m-plan.png\" \/>\n<meta name=\"twitter:card\" content=\"summary_large_image\" \/>\n<meta name=\"twitter:label1\" content=\"Est. reading time\" \/>\n\t<meta name=\"twitter:data1\" content=\"3 minutes\" \/>\n<script type=\"application\/ld+json\" class=\"yoast-schema-graph\">{\"@context\":\"https:\\\/\\\/schema.org\",\"@graph\":[{\"@type\":\"WebPage\",\"@id\":\"https:\\\/\\\/bambu-arquitectura.com\\\/planos-tecnicos\\\/\",\"url\":\"https:\\\/\\\/bambu-arquitectura.com\\\/planos-tecnicos\\\/\",\"name\":\"Planos t\u00e9cnicos - Dise\u00f1os Bamb\u00fa Arquitectura\",\"isPartOf\":{\"@id\":\"https:\\\/\\\/bambu-arquitectura.com\\\/#website\"},\"primaryImageOfPage\":{\"@id\":\"https:\\\/\\\/bambu-arquitectura.com\\\/planos-tecnicos\\\/#primaryimage\"},\"image\":{\"@id\":\"https:\\\/\\\/bambu-arquitectura.com\\\/planos-tecnicos\\\/#primaryimage\"},\"thumbnailUrl\":\"https:\\\/\\\/bambu-arquitectura.com\\\/wp-content\\\/uploads\\\/2020\\\/11\\\/Casa-de-Bambu-6x7-m-plan.png\",\"datePublished\":\"2020-09-02T16:30:00+00:00\",\"dateModified\":\"2022-12-03T00:41:30+00:00\",\"breadcrumb\":{\"@id\":\"https:\\\/\\\/bambu-arquitectura.com\\\/planos-tecnicos\\\/#breadcrumb\"},\"inLanguage\":\"en-US\",\"potentialAction\":[{\"@type\":\"ReadAction\",\"target\":[\"https:\\\/\\\/bambu-arquitectura.com\\\/planos-tecnicos\\\/\"]}]},{\"@type\":\"ImageObject\",\"inLanguage\":\"en-US\",\"@id\":\"https:\\\/\\\/bambu-arquitectura.com\\\/planos-tecnicos\\\/#primaryimage\",\"url\":\"https:\\\/\\\/bambu-arquitectura.com\\\/wp-content\\\/uploads\\\/2020\\\/11\\\/Casa-de-Bambu-6x7-m-plan.png\",\"contentUrl\":\"https:\\\/\\\/bambu-arquitectura.com\\\/wp-content\\\/uploads\\\/2020\\\/11\\\/Casa-de-Bambu-6x7-m-plan.png\"},{\"@type\":\"BreadcrumbList\",\"@id\":\"https:\\\/\\\/bambu-arquitectura.com\\\/planos-tecnicos\\\/#breadcrumb\",\"itemListElement\":[{\"@type\":\"ListItem\",\"position\":1,\"name\":\"Home\",\"item\":\"https:\\\/\\\/bambu-arquitectura.com\\\/\"},{\"@type\":\"ListItem\",\"position\":2,\"name\":\"Planos t\u00e9cnicos\"}]},{\"@type\":\"WebSite\",\"@id\":\"https:\\\/\\\/bambu-arquitectura.com\\\/#website\",\"url\":\"https:\\\/\\\/bambu-arquitectura.com\\\/\",\"name\":\"Bamb\u00fa Arquitectura\",\"description\":\"Dise\u00f1os caba\u00f1as y casas de bamb\u00fa\",\"potentialAction\":[{\"@type\":\"SearchAction\",\"target\":{\"@type\":\"EntryPoint\",\"urlTemplate\":\"https:\\\/\\\/bambu-arquitectura.com\\\/?s={search_term_string}\"},\"query-input\":{\"@type\":\"PropertyValueSpecification\",\"valueRequired\":true,\"valueName\":\"search_term_string\"}}],\"inLanguage\":\"en-US\"}]}<\/script>\n<!-- \/ Yoast SEO plugin. -->","yoast_head_json":{"title":"Planos t\u00e9cnicos - Dise\u00f1os Bamb\u00fa Arquitectura","robots":{"index":"index","follow":"follow","max-snippet":"max-snippet:-1","max-image-preview":"max-image-preview:large","max-video-preview":"max-video-preview:-1"},"canonical":"https:\/\/bambu-arquitectura.com\/en\/planos-tecnicos\/","og_locale":"en_US","og_type":"article","og_title":"Planos t\u00e9cnicos - Dise\u00f1os Bamb\u00fa Arquitectura","og_description":"Planos t\u00e9cnicos de la Casa de Bamb\u00fa con 3 Dormitorios y Paredes de Bamb\u00fa","og_url":"https:\/\/bambu-arquitectura.com\/en\/planos-tecnicos\/","og_site_name":"Dise\u00f1os Bamb\u00fa Arquitectura","article_modified_time":"2022-12-03T00:41:30+00:00","og_image":[{"url":"https:\/\/bambu-arquitectura.com\/wp-content\/uploads\/2020\/11\/Casa-de-Bambu-6x7-m-plan.png","type":"","width":"","height":""}],"twitter_card":"summary_large_image","twitter_misc":{"Est. reading time":"3 minutes"},"schema":{"@context":"https:\/\/schema.org","@graph":[{"@type":"WebPage","@id":"https:\/\/bambu-arquitectura.com\/planos-tecnicos\/","url":"https:\/\/bambu-arquitectura.com\/planos-tecnicos\/","name":"Planos t\u00e9cnicos - Dise\u00f1os Bamb\u00fa Arquitectura","isPartOf":{"@id":"https:\/\/bambu-arquitectura.com\/#website"},"primaryImageOfPage":{"@id":"https:\/\/bambu-arquitectura.com\/planos-tecnicos\/#primaryimage"},"image":{"@id":"https:\/\/bambu-arquitectura.com\/planos-tecnicos\/#primaryimage"},"thumbnailUrl":"https:\/\/bambu-arquitectura.com\/wp-content\/uploads\/2020\/11\/Casa-de-Bambu-6x7-m-plan.png","datePublished":"2020-09-02T16:30:00+00:00","dateModified":"2022-12-03T00:41:30+00:00","breadcrumb":{"@id":"https:\/\/bambu-arquitectura.com\/planos-tecnicos\/#breadcrumb"},"inLanguage":"en-US","potentialAction":[{"@type":"ReadAction","target":["https:\/\/bambu-arquitectura.com\/planos-tecnicos\/"]}]},{"@type":"ImageObject","inLanguage":"en-US","@id":"https:\/\/bambu-arquitectura.com\/planos-tecnicos\/#primaryimage","url":"https:\/\/bambu-arquitectura.com\/wp-content\/uploads\/2020\/11\/Casa-de-Bambu-6x7-m-plan.png","contentUrl":"https:\/\/bambu-arquitectura.com\/wp-content\/uploads\/2020\/11\/Casa-de-Bambu-6x7-m-plan.png"},{"@type":"BreadcrumbList","@id":"https:\/\/bambu-arquitectura.com\/planos-tecnicos\/#breadcrumb","itemListElement":[{"@type":"ListItem","position":1,"name":"Home","item":"https:\/\/bambu-arquitectura.com\/"},{"@type":"ListItem","position":2,"name":"Planos t\u00e9cnicos"}]},{"@type":"WebSite","@id":"https:\/\/bambu-arquitectura.com\/#website","url":"https:\/\/bambu-arquitectura.com\/","name":"Bamb\u00fa Arquitectura","description":"Designing bamboo caba\u00f1as and bamboo houses","potentialAction":[{"@type":"SearchAction","target":{"@type":"EntryPoint","urlTemplate":"https:\/\/bambu-arquitectura.com\/?s={search_term_string}"},"query-input":{"@type":"PropertyValueSpecification","valueRequired":true,"valueName":"search_term_string"}}],"inLanguage":"en-US"}]}},"jetpack_sharing_enabled":true,"_links":{"self":[{"href":"https:\/\/bambu-arquitectura.com\/en\/wp-json\/wp\/v2\/pages\/58","targetHints":{"allow":["GET"]}}],"collection":[{"href":"https:\/\/bambu-arquitectura.com\/en\/wp-json\/wp\/v2\/pages"}],"about":[{"href":"https:\/\/bambu-arquitectura.com\/en\/wp-json\/wp\/v2\/types\/page"}],"author":[{"embeddable":true,"href":"https:\/\/bambu-arquitectura.com\/en\/wp-json\/wp\/v2\/users\/1"}],"replies":[{"embeddable":true,"href":"https:\/\/bambu-arquitectura.com\/en\/wp-json\/wp\/v2\/comments?post=58"}],"version-history":[{"count":1,"href":"https:\/\/bambu-arquitectura.com\/en\/wp-json\/wp\/v2\/pages\/58\/revisions"}],"predecessor-version":[{"id":1493,"href":"https:\/\/bambu-arquitectura.com\/en\/wp-json\/wp\/v2\/pages\/58\/revisions\/1493"}],"wp:attachment":[{"href":"https:\/\/bambu-arquitectura.com\/en\/wp-json\/wp\/v2\/media?parent=58"}],"curies":[{"name":"wp","href":"https:\/\/api.w.org\/{rel}","templated":true}]}}