{"id":61,"date":"2020-09-02T21:32:32","date_gmt":"2020-09-02T16:32:32","guid":{"rendered":"http:\/\/bambu-arquitectura.com\/?page_id=61"},"modified":"2022-09-08T02:31:53","modified_gmt":"2022-09-07T21:31:53","slug":"cabana-ballenita-xs","status":"publish","type":"page","link":"https:\/\/bambu-arquitectura.com\/en\/cabana-ballenita-xs\/","title":{"rendered":"Caba\u00f1a Ballenita XS"},"content":{"rendered":"<h5 class=\"wp-block-heading\" id=\"block-7c175354-f352-4a7b-953d-85cc43026624\">Design Bamboo Caba\u00f1a Ballenita XS<\/h5>\n\n\n\n<p>Bamboo caba\u00f1a, with wooden floor and chopped cane walls.<\/p>\n\n\n\n<figure class=\"wp-block-image size-large is-style-default\" id=\"block-dca110db-cbed-4496-955a-4502f9eb5633\"><a href=\"https:\/\/bambu-arquitectura.com\/wp-content\/uploads\/2022\/09\/cabana-bambu-Ballenita-0308.webp\" target=\"_blank\" rel=\"noopener noreferrer\"><img loading=\"lazy\" decoding=\"async\" width=\"1024\" height=\"512\" src=\"https:\/\/bambu-arquitectura.com\/wp-content\/uploads\/2022\/09\/cabana-bambu-Ballenita-0308-1024x512.webp\" alt=\"Caba\u00f1a Ballenita XS\" class=\"wp-image-1419\" srcset=\"https:\/\/bambu-arquitectura.com\/wp-content\/uploads\/2022\/09\/cabana-bambu-Ballenita-0308-1024x512.webp 1024w, https:\/\/bambu-arquitectura.com\/wp-content\/uploads\/2022\/09\/cabana-bambu-Ballenita-0308-300x150.webp 300w, https:\/\/bambu-arquitectura.com\/wp-content\/uploads\/2022\/09\/cabana-bambu-Ballenita-0308-768x384.webp 768w, https:\/\/bambu-arquitectura.com\/wp-content\/uploads\/2022\/09\/cabana-bambu-Ballenita-0308-1536x768.webp 1536w, https:\/\/bambu-arquitectura.com\/wp-content\/uploads\/2022\/09\/cabana-bambu-Ballenita-0308-18x9.webp 18w, https:\/\/bambu-arquitectura.com\/wp-content\/uploads\/2022\/09\/cabana-bambu-Ballenita-0308-421x211.webp 421w, https:\/\/bambu-arquitectura.com\/wp-content\/uploads\/2022\/09\/cabana-bambu-Ballenita-0308.webp 1600w\" sizes=\"auto, (max-width: 1024px) 100vw, 1024px\" \/><\/a><figcaption>Render Caba\u00f1a Ballenita XS<\/figcaption><\/figure>\n\n\n\n<p id=\"block-5083b0f7-e2dc-45a1-b51a-e17d3d4ba381\">The structure is self-supporting, it is placed on a \"foundation\" made of chopped cane. Due to the dry climate in Ballenita (average 150 mm of rainfall per year), a concrete foundation is not needed. Roof: chopped cane covered with steel plates (zinc).<\/p>\n\n\n\n<p id=\"block-4b17309c-5938-4ccf-b7f1-2eed97eca89b\">The bamboo of the structure and walls is preserved with Maderol and diesel.<\/p>\n\n\n\n<figure class=\"wp-block-gallery has-nested-images columns-default is-cropped wp-block-gallery-1 is-layout-flex wp-block-gallery-is-layout-flex\">\n<figure class=\"wp-block-image size-large is-style-default\"><img loading=\"lazy\" decoding=\"async\" width=\"1024\" height=\"572\" data-id=\"129\" src=\"https:\/\/bambu-arquitectura.com\/wp-content\/uploads\/2020\/09\/cabana-bambu-Ballenita-1705-lateral-1024x572.jpg\" alt=\"\" class=\"wp-image-129\" srcset=\"https:\/\/bambu-arquitectura.com\/wp-content\/uploads\/2020\/09\/cabana-bambu-Ballenita-1705-lateral-1024x572.jpg 1024w, https:\/\/bambu-arquitectura.com\/wp-content\/uploads\/2020\/09\/cabana-bambu-Ballenita-1705-lateral-300x168.jpg 300w, https:\/\/bambu-arquitectura.com\/wp-content\/uploads\/2020\/09\/cabana-bambu-Ballenita-1705-lateral-768x429.jpg 768w, https:\/\/bambu-arquitectura.com\/wp-content\/uploads\/2020\/09\/cabana-bambu-Ballenita-1705-lateral-627x350.jpg 627w, https:\/\/bambu-arquitectura.com\/wp-content\/uploads\/2020\/09\/cabana-bambu-Ballenita-1705-lateral-150x84.jpg 150w, https:\/\/bambu-arquitectura.com\/wp-content\/uploads\/2020\/09\/cabana-bambu-Ballenita-1705-lateral.jpg 1488w\" sizes=\"auto, (max-width: 1024px) 100vw, 1024px\" \/><\/figure>\n\n\n\n<figure class=\"wp-block-image size-large is-style-default\"><img loading=\"lazy\" decoding=\"async\" width=\"1024\" height=\"572\" data-id=\"128\" src=\"https:\/\/bambu-arquitectura.com\/wp-content\/uploads\/2020\/09\/cabana-bambu-Ballenita-1705-frontal-1024x572.jpg\" alt=\"\" class=\"wp-image-128\" srcset=\"https:\/\/bambu-arquitectura.com\/wp-content\/uploads\/2020\/09\/cabana-bambu-Ballenita-1705-frontal-1024x572.jpg 1024w, https:\/\/bambu-arquitectura.com\/wp-content\/uploads\/2020\/09\/cabana-bambu-Ballenita-1705-frontal-300x168.jpg 300w, https:\/\/bambu-arquitectura.com\/wp-content\/uploads\/2020\/09\/cabana-bambu-Ballenita-1705-frontal-768x429.jpg 768w, https:\/\/bambu-arquitectura.com\/wp-content\/uploads\/2020\/09\/cabana-bambu-Ballenita-1705-frontal-627x350.jpg 627w, https:\/\/bambu-arquitectura.com\/wp-content\/uploads\/2020\/09\/cabana-bambu-Ballenita-1705-frontal-150x84.jpg 150w, https:\/\/bambu-arquitectura.com\/wp-content\/uploads\/2020\/09\/cabana-bambu-Ballenita-1705-frontal.jpg 1488w\" sizes=\"auto, (max-width: 1024px) 100vw, 1024px\" \/><\/figure>\n<\/figure>\n\n\n\n<p id=\"block-92547a1c-8fb4-48b3-99aa-7dc904d5efc5\">Interior surface 12 m2 (2\u00d76 m), front height 2.4 m, back height 2 m.<\/p>\n\n\n\n<p><\/p>\n\n\n\n<p class=\"has-text-align-center\"><strong>Construction 2018.<\/strong><\/p>\n\n\n<div class=\"wp-block-image is-style-default\">\n<figure class=\"aligncenter size-large is-resized\"><img loading=\"lazy\" decoding=\"async\" src=\"https:\/\/bambu-arquitectura.com\/wp-content\/uploads\/2020\/09\/cabana-bambu-101-768x1024.jpg\" alt=\"\" class=\"wp-image-95\" width=\"384\" height=\"512\" srcset=\"https:\/\/bambu-arquitectura.com\/wp-content\/uploads\/2020\/09\/cabana-bambu-101-768x1024.jpg 768w, https:\/\/bambu-arquitectura.com\/wp-content\/uploads\/2020\/09\/cabana-bambu-101-225x300.jpg 225w, https:\/\/bambu-arquitectura.com\/wp-content\/uploads\/2020\/09\/cabana-bambu-101-263x350.jpg 263w, https:\/\/bambu-arquitectura.com\/wp-content\/uploads\/2020\/09\/cabana-bambu-101-113x150.jpg 113w, https:\/\/bambu-arquitectura.com\/wp-content\/uploads\/2020\/09\/cabana-bambu-101.jpg 900w\" sizes=\"auto, (max-width: 384px) 100vw, 384px\" \/><figcaption>Bamboo for the structure <\/figcaption><\/figure>\n<\/div>\n\n<div class=\"wp-block-image is-style-default\">\n<figure class=\"aligncenter size-large is-resized\"><img loading=\"lazy\" decoding=\"async\" src=\"https:\/\/bambu-arquitectura.com\/wp-content\/uploads\/2020\/09\/cabana-bambu-107-1024x768.jpg\" alt=\"\" class=\"wp-image-101\" width=\"512\" height=\"384\" srcset=\"https:\/\/bambu-arquitectura.com\/wp-content\/uploads\/2020\/09\/cabana-bambu-107-1024x768.jpg 1024w, https:\/\/bambu-arquitectura.com\/wp-content\/uploads\/2020\/09\/cabana-bambu-107-300x225.jpg 300w, https:\/\/bambu-arquitectura.com\/wp-content\/uploads\/2020\/09\/cabana-bambu-107-768x576.jpg 768w, https:\/\/bambu-arquitectura.com\/wp-content\/uploads\/2020\/09\/cabana-bambu-107-467x350.jpg 467w, https:\/\/bambu-arquitectura.com\/wp-content\/uploads\/2020\/09\/cabana-bambu-107-150x113.jpg 150w, https:\/\/bambu-arquitectura.com\/wp-content\/uploads\/2020\/09\/cabana-bambu-107.jpg 1200w\" sizes=\"auto, (max-width: 512px) 100vw, 512px\" \/><figcaption>Bamboo for the structure cut to size<\/figcaption><\/figure>\n<\/div>\n\n<div class=\"wp-block-image is-style-default\">\n<figure class=\"aligncenter size-large is-resized\"><img loading=\"lazy\" decoding=\"async\" src=\"https:\/\/bambu-arquitectura.com\/wp-content\/uploads\/2020\/09\/cabana-bambu-110-768x1024.jpg\" alt=\"\" class=\"wp-image-104\" width=\"384\" height=\"512\" srcset=\"https:\/\/bambu-arquitectura.com\/wp-content\/uploads\/2020\/09\/cabana-bambu-110-768x1024.jpg 768w, https:\/\/bambu-arquitectura.com\/wp-content\/uploads\/2020\/09\/cabana-bambu-110-225x300.jpg 225w, https:\/\/bambu-arquitectura.com\/wp-content\/uploads\/2020\/09\/cabana-bambu-110-263x350.jpg 263w, https:\/\/bambu-arquitectura.com\/wp-content\/uploads\/2020\/09\/cabana-bambu-110-113x150.jpg 113w, https:\/\/bambu-arquitectura.com\/wp-content\/uploads\/2020\/09\/cabana-bambu-110.jpg 900w\" sizes=\"auto, (max-width: 384px) 100vw, 384px\" \/><figcaption>Side wall structure standing without supports<\/figcaption><\/figure>\n<\/div>\n\n<div class=\"wp-block-image is-style-default\">\n<figure class=\"aligncenter size-large is-resized\"><img loading=\"lazy\" decoding=\"async\" src=\"https:\/\/bambu-arquitectura.com\/wp-content\/uploads\/2020\/09\/cabana-bambu-121-1024x768.jpg\" alt=\"\" class=\"wp-image-115\" width=\"512\" height=\"384\" srcset=\"https:\/\/bambu-arquitectura.com\/wp-content\/uploads\/2020\/09\/cabana-bambu-121-1024x768.jpg 1024w, https:\/\/bambu-arquitectura.com\/wp-content\/uploads\/2020\/09\/cabana-bambu-121-300x225.jpg 300w, https:\/\/bambu-arquitectura.com\/wp-content\/uploads\/2020\/09\/cabana-bambu-121-768x576.jpg 768w, https:\/\/bambu-arquitectura.com\/wp-content\/uploads\/2020\/09\/cabana-bambu-121-467x350.jpg 467w, https:\/\/bambu-arquitectura.com\/wp-content\/uploads\/2020\/09\/cabana-bambu-121-150x113.jpg 150w, https:\/\/bambu-arquitectura.com\/wp-content\/uploads\/2020\/09\/cabana-bambu-121.jpg 1200w\" sizes=\"auto, (max-width: 512px) 100vw, 512px\" \/><figcaption>Chopped cane: the \u201cfoundation\u201d for the caba\u00f1a<\/figcaption><\/figure>\n<\/div>\n\n<div class=\"wp-block-image is-style-default\">\n<figure class=\"aligncenter size-large is-resized\"><img loading=\"lazy\" decoding=\"async\" src=\"https:\/\/bambu-arquitectura.com\/wp-content\/uploads\/2020\/09\/cabana-bambu-126-1024x768.jpg\" alt=\"\" class=\"wp-image-120\" width=\"512\" height=\"384\" srcset=\"https:\/\/bambu-arquitectura.com\/wp-content\/uploads\/2020\/09\/cabana-bambu-126-1024x768.jpg 1024w, https:\/\/bambu-arquitectura.com\/wp-content\/uploads\/2020\/09\/cabana-bambu-126-300x225.jpg 300w, https:\/\/bambu-arquitectura.com\/wp-content\/uploads\/2020\/09\/cabana-bambu-126-768x576.jpg 768w, https:\/\/bambu-arquitectura.com\/wp-content\/uploads\/2020\/09\/cabana-bambu-126-467x350.jpg 467w, https:\/\/bambu-arquitectura.com\/wp-content\/uploads\/2020\/09\/cabana-bambu-126-150x113.jpg 150w, https:\/\/bambu-arquitectura.com\/wp-content\/uploads\/2020\/09\/cabana-bambu-126.jpg 1200w\" sizes=\"auto, (max-width: 512px) 100vw, 512px\" \/><figcaption>Next step: assembly of the structure <\/figcaption><\/figure>\n<\/div>\n\n<div class=\"wp-block-image is-style-default\">\n<figure class=\"aligncenter size-large is-resized\"><img loading=\"lazy\" decoding=\"async\" src=\"https:\/\/bambu-arquitectura.com\/wp-content\/uploads\/2020\/09\/cabana-bambu-125-1024x768.jpg\" alt=\"\" class=\"wp-image-119\" width=\"512\" height=\"384\" srcset=\"https:\/\/bambu-arquitectura.com\/wp-content\/uploads\/2020\/09\/cabana-bambu-125-1024x768.jpg 1024w, https:\/\/bambu-arquitectura.com\/wp-content\/uploads\/2020\/09\/cabana-bambu-125-300x225.jpg 300w, https:\/\/bambu-arquitectura.com\/wp-content\/uploads\/2020\/09\/cabana-bambu-125-768x576.jpg 768w, https:\/\/bambu-arquitectura.com\/wp-content\/uploads\/2020\/09\/cabana-bambu-125-467x350.jpg 467w, https:\/\/bambu-arquitectura.com\/wp-content\/uploads\/2020\/09\/cabana-bambu-125-150x113.jpg 150w, https:\/\/bambu-arquitectura.com\/wp-content\/uploads\/2020\/09\/cabana-bambu-125.jpg 1200w\" sizes=\"auto, (max-width: 512px) 100vw, 512px\" \/><figcaption>Detail: bolts in three directions stabilizing the structure<\/figcaption><\/figure>\n<\/div>\n\n<div class=\"wp-block-image is-style-default\">\n<figure class=\"aligncenter size-large is-resized\"><img loading=\"lazy\" decoding=\"async\" src=\"https:\/\/bambu-arquitectura.com\/wp-content\/uploads\/2020\/09\/cabana-bambu-128-1024x768.jpg\" alt=\"\" class=\"wp-image-122\" width=\"512\" height=\"384\" srcset=\"https:\/\/bambu-arquitectura.com\/wp-content\/uploads\/2020\/09\/cabana-bambu-128-1024x768.jpg 1024w, https:\/\/bambu-arquitectura.com\/wp-content\/uploads\/2020\/09\/cabana-bambu-128-300x225.jpg 300w, https:\/\/bambu-arquitectura.com\/wp-content\/uploads\/2020\/09\/cabana-bambu-128-768x576.jpg 768w, https:\/\/bambu-arquitectura.com\/wp-content\/uploads\/2020\/09\/cabana-bambu-128-467x350.jpg 467w, https:\/\/bambu-arquitectura.com\/wp-content\/uploads\/2020\/09\/cabana-bambu-128-150x113.jpg 150w, https:\/\/bambu-arquitectura.com\/wp-content\/uploads\/2020\/09\/cabana-bambu-128.jpg 1200w\" sizes=\"auto, (max-width: 512px) 100vw, 512px\" \/><figcaption>The structure of the caba\u00f1a with ca\u00f1a picada on top<\/figcaption><\/figure>\n<\/div>\n\n<div class=\"wp-block-image is-style-default\">\n<figure class=\"aligncenter size-large is-resized\"><img loading=\"lazy\" decoding=\"async\" src=\"https:\/\/bambu-arquitectura.com\/wp-content\/uploads\/2020\/09\/cabana-bambu-Ballenita-111-1024x768.jpg\" alt=\"\" class=\"wp-image-126\" width=\"512\" height=\"384\" srcset=\"https:\/\/bambu-arquitectura.com\/wp-content\/uploads\/2020\/09\/cabana-bambu-Ballenita-111-1024x768.jpg 1024w, https:\/\/bambu-arquitectura.com\/wp-content\/uploads\/2020\/09\/cabana-bambu-Ballenita-111-300x225.jpg 300w, https:\/\/bambu-arquitectura.com\/wp-content\/uploads\/2020\/09\/cabana-bambu-Ballenita-111-768x576.jpg 768w, https:\/\/bambu-arquitectura.com\/wp-content\/uploads\/2020\/09\/cabana-bambu-Ballenita-111-467x350.jpg 467w, https:\/\/bambu-arquitectura.com\/wp-content\/uploads\/2020\/09\/cabana-bambu-Ballenita-111-150x113.jpg 150w, https:\/\/bambu-arquitectura.com\/wp-content\/uploads\/2020\/09\/cabana-bambu-Ballenita-111.jpg 1200w\" sizes=\"auto, (max-width: 512px) 100vw, 512px\" \/><figcaption>The caba\u00f1a with bamboo doors and windows<\/figcaption><\/figure>\n<\/div>\n\n\n<h6 class=\"wp-block-heading\">Products of this caba\u00f1a<\/h6>\n\n\n\n<p><a href=\"https:\/\/bambu-arquitectura.net\/product-category\/cabanas-de-bambu\/cabana-ballenita-xs\/\" target=\"_blank\" rel=\"noreferrer noopener\">https:\/\/bambu-arquitectura.net\/product-category\/cabanas-de-bambu\/cabana-ballenita-xs\/<\/a><\/p>","protected":false},"excerpt":{"rendered":"<p>Ballenita XS Bamboo Cabin Design Bamboo cabin, with wooden floor and chopped cane walls. The structure is self-supporting, it is placed on\u2026<\/p>","protected":false},"author":1,"featured_media":1419,"parent":0,"menu_order":0,"comment_status":"closed","ping_status":"closed","template":"","meta":{"footnotes":""},"class_list":["post-61","page","type-page","status-publish","has-post-thumbnail","hentry"],"yoast_head":"<!-- This site is optimized with the Yoast SEO plugin v27.6 - https:\/\/yoast.com\/product\/yoast-seo-wordpress\/ -->\n<title>Caba\u00f1a Ballenita XS - Dise\u00f1os Bamb\u00fa Arquitectura<\/title>\n<meta name=\"description\" content=\"Caba\u00f1a de Bamb\u00fa, construida en 2018 en Ballenita\" \/>\n<meta name=\"robots\" content=\"index, follow, max-snippet:-1, max-image-preview:large, max-video-preview:-1\" \/>\n<link rel=\"canonical\" href=\"https:\/\/bambu-arquitectura.com\/en\/cabana-ballenita-xs\/\" \/>\n<meta property=\"og:locale\" content=\"en_US\" \/>\n<meta property=\"og:type\" content=\"article\" \/>\n<meta property=\"og:title\" content=\"Caba\u00f1a Ballenita XS - Dise\u00f1os Bamb\u00fa Arquitectura\" \/>\n<meta property=\"og:description\" content=\"Caba\u00f1a de Bamb\u00fa, construida en 2018 en Ballenita\" \/>\n<meta property=\"og:url\" content=\"https:\/\/bambu-arquitectura.com\/en\/cabana-ballenita-xs\/\" \/>\n<meta property=\"og:site_name\" content=\"Dise\u00f1os Bamb\u00fa Arquitectura\" \/>\n<meta property=\"article:modified_time\" content=\"2022-09-07T21:31:53+00:00\" \/>\n<meta property=\"og:image\" content=\"https:\/\/bambu-arquitectura.com\/wp-content\/uploads\/2022\/09\/cabana-bambu-Ballenita-0308.webp\" \/>\n\t<meta property=\"og:image:width\" content=\"1600\" \/>\n\t<meta property=\"og:image:height\" content=\"800\" \/>\n\t<meta property=\"og:image:type\" content=\"image\/webp\" \/>\n<meta name=\"twitter:card\" content=\"summary_large_image\" \/>\n<meta name=\"twitter:label1\" content=\"Est. reading time\" \/>\n\t<meta name=\"twitter:data1\" content=\"3 minutes\" \/>\n<script type=\"application\/ld+json\" class=\"yoast-schema-graph\">{\"@context\":\"https:\\\/\\\/schema.org\",\"@graph\":[{\"@type\":\"WebPage\",\"@id\":\"https:\\\/\\\/bambu-arquitectura.com\\\/cabana-ballenita-xs\\\/\",\"url\":\"https:\\\/\\\/bambu-arquitectura.com\\\/cabana-ballenita-xs\\\/\",\"name\":\"Caba\u00f1a Ballenita XS - Dise\u00f1os Bamb\u00fa Arquitectura\",\"isPartOf\":{\"@id\":\"https:\\\/\\\/bambu-arquitectura.com\\\/#website\"},\"primaryImageOfPage\":{\"@id\":\"https:\\\/\\\/bambu-arquitectura.com\\\/cabana-ballenita-xs\\\/#primaryimage\"},\"image\":{\"@id\":\"https:\\\/\\\/bambu-arquitectura.com\\\/cabana-ballenita-xs\\\/#primaryimage\"},\"thumbnailUrl\":\"https:\\\/\\\/bambu-arquitectura.com\\\/wp-content\\\/uploads\\\/2022\\\/09\\\/cabana-bambu-Ballenita-0308.webp\",\"datePublished\":\"2020-09-02T16:32:32+00:00\",\"dateModified\":\"2022-09-07T21:31:53+00:00\",\"description\":\"Caba\u00f1a de Bamb\u00fa, construida en 2018 en Ballenita\",\"breadcrumb\":{\"@id\":\"https:\\\/\\\/bambu-arquitectura.com\\\/cabana-ballenita-xs\\\/#breadcrumb\"},\"inLanguage\":\"en-US\",\"potentialAction\":[{\"@type\":\"ReadAction\",\"target\":[\"https:\\\/\\\/bambu-arquitectura.com\\\/cabana-ballenita-xs\\\/\"]}]},{\"@type\":\"ImageObject\",\"inLanguage\":\"en-US\",\"@id\":\"https:\\\/\\\/bambu-arquitectura.com\\\/cabana-ballenita-xs\\\/#primaryimage\",\"url\":\"https:\\\/\\\/bambu-arquitectura.com\\\/wp-content\\\/uploads\\\/2022\\\/09\\\/cabana-bambu-Ballenita-0308.webp\",\"contentUrl\":\"https:\\\/\\\/bambu-arquitectura.com\\\/wp-content\\\/uploads\\\/2022\\\/09\\\/cabana-bambu-Ballenita-0308.webp\",\"width\":1600,\"height\":800,\"caption\":\"Render Caba\u00f1a Ballenita XS\"},{\"@type\":\"BreadcrumbList\",\"@id\":\"https:\\\/\\\/bambu-arquitectura.com\\\/cabana-ballenita-xs\\\/#breadcrumb\",\"itemListElement\":[{\"@type\":\"ListItem\",\"position\":1,\"name\":\"Home\",\"item\":\"https:\\\/\\\/bambu-arquitectura.com\\\/\"},{\"@type\":\"ListItem\",\"position\":2,\"name\":\"Caba\u00f1a Ballenita XS\"}]},{\"@type\":\"WebSite\",\"@id\":\"https:\\\/\\\/bambu-arquitectura.com\\\/#website\",\"url\":\"https:\\\/\\\/bambu-arquitectura.com\\\/\",\"name\":\"Bamb\u00fa Arquitectura\",\"description\":\"Dise\u00f1os caba\u00f1as y casas de bamb\u00fa\",\"potentialAction\":[{\"@type\":\"SearchAction\",\"target\":{\"@type\":\"EntryPoint\",\"urlTemplate\":\"https:\\\/\\\/bambu-arquitectura.com\\\/?s={search_term_string}\"},\"query-input\":{\"@type\":\"PropertyValueSpecification\",\"valueRequired\":true,\"valueName\":\"search_term_string\"}}],\"inLanguage\":\"en-US\"}]}<\/script>\n<!-- \/ Yoast SEO plugin. -->","yoast_head_json":{"title":"Caba\u00f1a Ballenita XS - Bamb\u00fa Arquitectura Designs","description":"Bamboo cabin, built in 2018 in Ballenita","robots":{"index":"index","follow":"follow","max-snippet":"max-snippet:-1","max-image-preview":"max-image-preview:large","max-video-preview":"max-video-preview:-1"},"canonical":"https:\/\/bambu-arquitectura.com\/en\/cabana-ballenita-xs\/","og_locale":"en_US","og_type":"article","og_title":"Caba\u00f1a Ballenita XS - Dise\u00f1os Bamb\u00fa Arquitectura","og_description":"Caba\u00f1a de Bamb\u00fa, construida en 2018 en Ballenita","og_url":"https:\/\/bambu-arquitectura.com\/en\/cabana-ballenita-xs\/","og_site_name":"Dise\u00f1os Bamb\u00fa Arquitectura","article_modified_time":"2022-09-07T21:31:53+00:00","og_image":[{"width":1600,"height":800,"url":"https:\/\/bambu-arquitectura.com\/wp-content\/uploads\/2022\/09\/cabana-bambu-Ballenita-0308.webp","type":"image\/webp"}],"twitter_card":"summary_large_image","twitter_misc":{"Est. reading time":"3 minutes"},"schema":{"@context":"https:\/\/schema.org","@graph":[{"@type":"WebPage","@id":"https:\/\/bambu-arquitectura.com\/cabana-ballenita-xs\/","url":"https:\/\/bambu-arquitectura.com\/cabana-ballenita-xs\/","name":"Caba\u00f1a Ballenita XS - Bamb\u00fa Arquitectura Designs","isPartOf":{"@id":"https:\/\/bambu-arquitectura.com\/#website"},"primaryImageOfPage":{"@id":"https:\/\/bambu-arquitectura.com\/cabana-ballenita-xs\/#primaryimage"},"image":{"@id":"https:\/\/bambu-arquitectura.com\/cabana-ballenita-xs\/#primaryimage"},"thumbnailUrl":"https:\/\/bambu-arquitectura.com\/wp-content\/uploads\/2022\/09\/cabana-bambu-Ballenita-0308.webp","datePublished":"2020-09-02T16:32:32+00:00","dateModified":"2022-09-07T21:31:53+00:00","description":"Bamboo cabin, built in 2018 in Ballenita","breadcrumb":{"@id":"https:\/\/bambu-arquitectura.com\/cabana-ballenita-xs\/#breadcrumb"},"inLanguage":"en-US","potentialAction":[{"@type":"ReadAction","target":["https:\/\/bambu-arquitectura.com\/cabana-ballenita-xs\/"]}]},{"@type":"ImageObject","inLanguage":"en-US","@id":"https:\/\/bambu-arquitectura.com\/cabana-ballenita-xs\/#primaryimage","url":"https:\/\/bambu-arquitectura.com\/wp-content\/uploads\/2022\/09\/cabana-bambu-Ballenita-0308.webp","contentUrl":"https:\/\/bambu-arquitectura.com\/wp-content\/uploads\/2022\/09\/cabana-bambu-Ballenita-0308.webp","width":1600,"height":800,"caption":"Render Caba\u00f1a Ballenita XS"},{"@type":"BreadcrumbList","@id":"https:\/\/bambu-arquitectura.com\/cabana-ballenita-xs\/#breadcrumb","itemListElement":[{"@type":"ListItem","position":1,"name":"Home","item":"https:\/\/bambu-arquitectura.com\/"},{"@type":"ListItem","position":2,"name":"Caba\u00f1a Ballenita XS"}]},{"@type":"WebSite","@id":"https:\/\/bambu-arquitectura.com\/#website","url":"https:\/\/bambu-arquitectura.com\/","name":"Bamb\u00fa Arquitectura","description":"Designing bamboo caba\u00f1as and bamboo houses","potentialAction":[{"@type":"SearchAction","target":{"@type":"EntryPoint","urlTemplate":"https:\/\/bambu-arquitectura.com\/?s={search_term_string}"},"query-input":{"@type":"PropertyValueSpecification","valueRequired":true,"valueName":"search_term_string"}}],"inLanguage":"en-US"}]}},"jetpack_sharing_enabled":true,"_links":{"self":[{"href":"https:\/\/bambu-arquitectura.com\/en\/wp-json\/wp\/v2\/pages\/61","targetHints":{"allow":["GET"]}}],"collection":[{"href":"https:\/\/bambu-arquitectura.com\/en\/wp-json\/wp\/v2\/pages"}],"about":[{"href":"https:\/\/bambu-arquitectura.com\/en\/wp-json\/wp\/v2\/types\/page"}],"author":[{"embeddable":true,"href":"https:\/\/bambu-arquitectura.com\/en\/wp-json\/wp\/v2\/users\/1"}],"replies":[{"embeddable":true,"href":"https:\/\/bambu-arquitectura.com\/en\/wp-json\/wp\/v2\/comments?post=61"}],"version-history":[{"count":4,"href":"https:\/\/bambu-arquitectura.com\/en\/wp-json\/wp\/v2\/pages\/61\/revisions"}],"predecessor-version":[{"id":1420,"href":"https:\/\/bambu-arquitectura.com\/en\/wp-json\/wp\/v2\/pages\/61\/revisions\/1420"}],"wp:featuredmedia":[{"embeddable":true,"href":"https:\/\/bambu-arquitectura.com\/en\/wp-json\/wp\/v2\/media\/1419"}],"wp:attachment":[{"href":"https:\/\/bambu-arquitectura.com\/en\/wp-json\/wp\/v2\/media?parent=61"}],"curies":[{"name":"wp","href":"https:\/\/api.w.org\/{rel}","templated":true}]}}