{"id":64,"date":"2020-09-02T21:34:55","date_gmt":"2020-09-02T16:34:55","guid":{"rendered":"http:\/\/bambu-arquitectura.com\/?page_id=64"},"modified":"2022-09-10T08:13:42","modified_gmt":"2022-09-10T03:13:42","slug":"servicios-bambu-arquitectura","status":"publish","type":"page","link":"https:\/\/bambu-arquitectura.com\/en\/servicios-bambu-arquitectura\/","title":{"rendered":"Services"},"content":{"rendered":"<p>Bamb\u00fa Arquitectura offers the following services:<\/p>\n\n\n\n<ul class=\"wp-block-list\"><li>Architectural Drawings<\/li><li>Technical Drawings<\/li><li>Cost Estimate<\/li><\/ul>\n\n\n\n<h6 class=\"wp-block-heading\"><strong>Architectural Drawings<\/strong><\/h6>\n\n\n\n<ul class=\"wp-block-list\"><li>Terrain plan<\/li><li>Foundation Plan<\/li><li>Plan of each floor with distribution of spaces<\/li><li>Elevations<\/li><li>Two cross-sections<\/li><li>Perspective of the design<\/li><li>Technical specification<\/li><li>Rendering of the design<\/li><\/ul>\n\n\n\n<p>Architectural drawings: 1:50 scale, except terrain plan (1:200 or 1:500 scale) and design perspective (no scale), A1 or A2 format, pdf file.<\/p>\n\n\n\n<p>Technical specification: description of each construction item with the technical specification and the use of materials and colors. Technical specification file: pdf, A4 format.<\/p>\n\n\n\n<p>Render of the design: made with&nbsp;<a href=\"https:\/\/maxwellrender.com\/products\/maxwell-studio\/\" target=\"_blank\" rel=\"noreferrer noopener\">Maxwell Studio<\/a>, dimensions approx. 3,000\u00d71,500 pixels, format: png.<\/p>\n\n\n\n<h6 class=\"wp-block-heading\"><strong>Technical Drawings<\/strong><\/h6>\n\n\n\n<ul class=\"wp-block-list\"><li>Plan and details of the foundation<\/li><li>Plan and details of the slab of each floor<\/li><li>Plans and details of the bamboo structure<ul><li>columns<\/li><li>floor beams<\/li><li>ceiling beams<\/li><li>roof beams<\/li><li>columns and beams of walls<\/li><\/ul><\/li><li>Cross section of each axis of the construction<\/li><li>Perspective of the bamboo structure<\/li><li>Plan and details of the stairs<\/li><li>Bathroom and kitchen plans<\/li><li>Plan and details of doors and windows<\/li><li>Piping plan for water and sewage<\/li><li>Electrical installation<\/li><li>Technical specification<\/li><\/ul>\n\n\n\n<p>Technical drawings: 1:20 scale, A1 or A2 format, pdf file. Tecnical details: 1:10 or 1:5 scale, A4 format, pdf file.<\/p>\n\n\n\n<p>Technical specification: description of each construction item with the technical specification and the use of materials and colors. Technical specification file: pdf, A4 format.<\/p>\n\n\n\n<h6 class=\"wp-block-heading\"><strong>Cost Estimate<\/strong><\/h6>\n\n\n\n<p>Estimated costs of each construction item with the costs of materials (including the cost of transportation, tools and machinery) and labor costs. The cost estimate is made in US dollars, based on prices of materials, transportation and labor.<\/p>\n\n\n\n<h6 class=\"wp-block-heading\" style=\"font-style:normal;font-weight:600\"><a href=\"https:\/\/bambu-arquitectura.com\/en\/precios-servicios-bambu-arquitectura\/\">Prices Services<\/a><\/h6>\n\n\n\n<p><\/p>\n\n\n\n<p><\/p>","protected":false},"excerpt":{"rendered":"<p>Bamb\u00fa Arquitectura offers the following services: Architectural Plans Technical Plans Cost Estimate Architectural Plans Site plan Foundation plan Plan of each\u2026<\/p>","protected":false},"author":1,"featured_media":0,"parent":0,"menu_order":0,"comment_status":"closed","ping_status":"closed","template":"","meta":{"footnotes":""},"class_list":["post-64","page","type-page","status-publish","hentry"],"yoast_head":"<!-- This site is optimized with the Yoast SEO plugin v27.4 - https:\/\/yoast.com\/product\/yoast-seo-wordpress\/ -->\n<title>Servicios - Dise\u00f1os Bamb\u00fa Arquitectura<\/title>\n<meta name=\"robots\" content=\"index, follow, max-snippet:-1, max-image-preview:large, max-video-preview:-1\" \/>\n<link rel=\"canonical\" href=\"https:\/\/bambu-arquitectura.com\/en\/servicios-bambu-arquitectura\/\" \/>\n<meta property=\"og:locale\" content=\"en_US\" \/>\n<meta property=\"og:type\" content=\"article\" \/>\n<meta property=\"og:title\" content=\"Servicios - Dise\u00f1os Bamb\u00fa Arquitectura\" \/>\n<meta property=\"og:description\" content=\"Bamb\u00fa Arquitectura ofrece los siguientes servicios: Planos Arquitect\u00f3nicos Planos T\u00e9cnicos Estimaci\u00f3n de Costos Planos Arquitect\u00f3nicos Plan del terreno Plan de la cimentaci\u00f3n Plan de cada&hellip;\" \/>\n<meta property=\"og:url\" content=\"https:\/\/bambu-arquitectura.com\/en\/servicios-bambu-arquitectura\/\" \/>\n<meta property=\"og:site_name\" content=\"Dise\u00f1os Bamb\u00fa Arquitectura\" \/>\n<meta property=\"article:modified_time\" content=\"2022-09-10T03:13:42+00:00\" \/>\n<meta name=\"twitter:card\" content=\"summary_large_image\" \/>\n<meta name=\"twitter:label1\" content=\"Est. reading time\" \/>\n\t<meta name=\"twitter:data1\" content=\"2 minutes\" \/>\n<script type=\"application\/ld+json\" class=\"yoast-schema-graph\">{\"@context\":\"https:\\\/\\\/schema.org\",\"@graph\":[{\"@type\":\"WebPage\",\"@id\":\"https:\\\/\\\/bambu-arquitectura.com\\\/servicios-bambu-arquitectura\\\/\",\"url\":\"https:\\\/\\\/bambu-arquitectura.com\\\/servicios-bambu-arquitectura\\\/\",\"name\":\"Servicios - Dise\u00f1os Bamb\u00fa Arquitectura\",\"isPartOf\":{\"@id\":\"https:\\\/\\\/bambu-arquitectura.com\\\/#website\"},\"datePublished\":\"2020-09-02T16:34:55+00:00\",\"dateModified\":\"2022-09-10T03:13:42+00:00\",\"breadcrumb\":{\"@id\":\"https:\\\/\\\/bambu-arquitectura.com\\\/servicios-bambu-arquitectura\\\/#breadcrumb\"},\"inLanguage\":\"en-US\",\"potentialAction\":[{\"@type\":\"ReadAction\",\"target\":[\"https:\\\/\\\/bambu-arquitectura.com\\\/servicios-bambu-arquitectura\\\/\"]}]},{\"@type\":\"BreadcrumbList\",\"@id\":\"https:\\\/\\\/bambu-arquitectura.com\\\/servicios-bambu-arquitectura\\\/#breadcrumb\",\"itemListElement\":[{\"@type\":\"ListItem\",\"position\":1,\"name\":\"Home\",\"item\":\"https:\\\/\\\/bambu-arquitectura.com\\\/\"},{\"@type\":\"ListItem\",\"position\":2,\"name\":\"Servicios\"}]},{\"@type\":\"WebSite\",\"@id\":\"https:\\\/\\\/bambu-arquitectura.com\\\/#website\",\"url\":\"https:\\\/\\\/bambu-arquitectura.com\\\/\",\"name\":\"Bamb\u00fa Arquitectura\",\"description\":\"Dise\u00f1os caba\u00f1as y casas de bamb\u00fa\",\"potentialAction\":[{\"@type\":\"SearchAction\",\"target\":{\"@type\":\"EntryPoint\",\"urlTemplate\":\"https:\\\/\\\/bambu-arquitectura.com\\\/?s={search_term_string}\"},\"query-input\":{\"@type\":\"PropertyValueSpecification\",\"valueRequired\":true,\"valueName\":\"search_term_string\"}}],\"inLanguage\":\"en-US\"}]}<\/script>\n<!-- \/ Yoast SEO plugin. -->","yoast_head_json":{"title":"Services - Bamb\u00fa Arquitectura Designs","robots":{"index":"index","follow":"follow","max-snippet":"max-snippet:-1","max-image-preview":"max-image-preview:large","max-video-preview":"max-video-preview:-1"},"canonical":"https:\/\/bambu-arquitectura.com\/en\/servicios-bambu-arquitectura\/","og_locale":"en_US","og_type":"article","og_title":"Servicios - Dise\u00f1os Bamb\u00fa Arquitectura","og_description":"Bamb\u00fa Arquitectura ofrece los siguientes servicios: Planos Arquitect\u00f3nicos Planos T\u00e9cnicos Estimaci\u00f3n de Costos Planos Arquitect\u00f3nicos Plan del terreno Plan de la cimentaci\u00f3n Plan de cada&hellip;","og_url":"https:\/\/bambu-arquitectura.com\/en\/servicios-bambu-arquitectura\/","og_site_name":"Dise\u00f1os Bamb\u00fa Arquitectura","article_modified_time":"2022-09-10T03:13:42+00:00","twitter_card":"summary_large_image","twitter_misc":{"Est. reading time":"2 minutes"},"schema":{"@context":"https:\/\/schema.org","@graph":[{"@type":"WebPage","@id":"https:\/\/bambu-arquitectura.com\/servicios-bambu-arquitectura\/","url":"https:\/\/bambu-arquitectura.com\/servicios-bambu-arquitectura\/","name":"Services - Bamb\u00fa Arquitectura Designs","isPartOf":{"@id":"https:\/\/bambu-arquitectura.com\/#website"},"datePublished":"2020-09-02T16:34:55+00:00","dateModified":"2022-09-10T03:13:42+00:00","breadcrumb":{"@id":"https:\/\/bambu-arquitectura.com\/servicios-bambu-arquitectura\/#breadcrumb"},"inLanguage":"en-US","potentialAction":[{"@type":"ReadAction","target":["https:\/\/bambu-arquitectura.com\/servicios-bambu-arquitectura\/"]}]},{"@type":"BreadcrumbList","@id":"https:\/\/bambu-arquitectura.com\/servicios-bambu-arquitectura\/#breadcrumb","itemListElement":[{"@type":"ListItem","position":1,"name":"Home","item":"https:\/\/bambu-arquitectura.com\/"},{"@type":"ListItem","position":2,"name":"Servicios"}]},{"@type":"WebSite","@id":"https:\/\/bambu-arquitectura.com\/#website","url":"https:\/\/bambu-arquitectura.com\/","name":"Bamb\u00fa Arquitectura","description":"Designing bamboo caba\u00f1as and bamboo houses","potentialAction":[{"@type":"SearchAction","target":{"@type":"EntryPoint","urlTemplate":"https:\/\/bambu-arquitectura.com\/?s={search_term_string}"},"query-input":{"@type":"PropertyValueSpecification","valueRequired":true,"valueName":"search_term_string"}}],"inLanguage":"en-US"}]}},"jetpack_sharing_enabled":true,"_links":{"self":[{"href":"https:\/\/bambu-arquitectura.com\/en\/wp-json\/wp\/v2\/pages\/64","targetHints":{"allow":["GET"]}}],"collection":[{"href":"https:\/\/bambu-arquitectura.com\/en\/wp-json\/wp\/v2\/pages"}],"about":[{"href":"https:\/\/bambu-arquitectura.com\/en\/wp-json\/wp\/v2\/types\/page"}],"author":[{"embeddable":true,"href":"https:\/\/bambu-arquitectura.com\/en\/wp-json\/wp\/v2\/users\/1"}],"replies":[{"embeddable":true,"href":"https:\/\/bambu-arquitectura.com\/en\/wp-json\/wp\/v2\/comments?post=64"}],"version-history":[{"count":6,"href":"https:\/\/bambu-arquitectura.com\/en\/wp-json\/wp\/v2\/pages\/64\/revisions"}],"predecessor-version":[{"id":1460,"href":"https:\/\/bambu-arquitectura.com\/en\/wp-json\/wp\/v2\/pages\/64\/revisions\/1460"}],"wp:attachment":[{"href":"https:\/\/bambu-arquitectura.com\/en\/wp-json\/wp\/v2\/media?parent=64"}],"curies":[{"name":"wp","href":"https:\/\/api.w.org\/{rel}","templated":true}]}}