{"id":66,"date":"2020-09-02T21:36:41","date_gmt":"2020-09-02T16:36:41","guid":{"rendered":"http:\/\/bambu-arquitectura.com\/?page_id=66"},"modified":"2025-09-23T01:19:51","modified_gmt":"2025-09-22T20:19:51","slug":"precios-servicios-bambu-arquitectura","status":"publish","type":"page","link":"https:\/\/bambu-arquitectura.com\/en\/precios-servicios-bambu-arquitectura\/","title":{"rendered":"Prices"},"content":{"rendered":"<h5 class=\"wp-block-heading\">Prices Custom Bamboo Designs<\/h5>\n\n\n\n<div style=\"height:25px\" aria-hidden=\"true\" class=\"wp-block-spacer\"><\/div>\n\n\n\n<figure class=\"wp-block-table is-style-stripes\"><table><tbody><tr><td class=\"has-text-align-left\" data-align=\"left\">Architectural Drawings<\/td><td class=\"has-text-align-center\" data-align=\"center\">$5.00\/m2<\/td><\/tr><tr><td class=\"has-text-align-left\" data-align=\"left\">Technical Drawings<\/td><td class=\"has-text-align-center\" data-align=\"center\">$20.00\/m2<\/td><\/tr><tr><td class=\"has-text-align-left\" data-align=\"left\">Technical Specification<\/td><td class=\"has-text-align-center\" data-align=\"center\">including Architectural Plans<\/td><\/tr><tr><td class=\"has-text-align-left\" data-align=\"left\">Cost Estimate<\/td><td class=\"has-text-align-center\" data-align=\"center\">$5.00\/m2<\/td><\/tr><\/tbody><\/table><\/figure>\n\n\n\n<p style=\"font-size:12px\">Prices Services: per m2 of the construction, digital files at scale in pdf format. <\/p>\n\n\n\n<p style=\"font-size:12px\">Price for A1 format prints: $25 per sheet, plus shipping costs.<\/p>\n\n\n\n<p style=\"font-size:12px\">Technical Drawings and Cost Estimate: only possible in combination with Architectural Drawings.<\/p>\n\n\n\n<p style=\"font-size:12px\">Cost Estimate: based on the 3D model of the construction of the Technical Plans. <\/p>\n\n\n\n<p style=\"font-size:12px\">For each service applies: payment 50% at the start and 50% upon delivery of the service. We will send you an invoice through the Stripe payment system.<\/p>\n\n\n\n<p><\/p>","protected":false},"excerpt":{"rendered":"<p>Custom Designs Architectural Plans $5.00\/m2 Technical Plans $20.00\/m2 Technical Specifications including Architectural Plans Cost Estimates $5.00\/m2 Prices: per m2 of construction, digital, files available\u2026<\/p>","protected":false},"author":1,"featured_media":0,"parent":0,"menu_order":0,"comment_status":"closed","ping_status":"closed","template":"","meta":{"footnotes":""},"class_list":["post-66","page","type-page","status-publish","hentry"],"yoast_head":"<!-- This site is optimized with the Yoast SEO plugin v27.4 - https:\/\/yoast.com\/product\/yoast-seo-wordpress\/ -->\n<title>Precios - Dise\u00f1os Bamb\u00fa Arquitectura<\/title>\n<meta name=\"robots\" content=\"index, follow, max-snippet:-1, max-image-preview:large, max-video-preview:-1\" \/>\n<link rel=\"canonical\" href=\"https:\/\/bambu-arquitectura.com\/en\/precios-servicios-bambu-arquitectura\/\" \/>\n<meta property=\"og:locale\" content=\"en_US\" \/>\n<meta property=\"og:type\" content=\"article\" \/>\n<meta property=\"og:title\" content=\"Precios - Dise\u00f1os Bamb\u00fa Arquitectura\" \/>\n<meta property=\"og:description\" content=\"Dise\u00f1os personalizados Planos Arquitect\u00f3nicos $5,00\/m2 Planos T\u00e9cnicos $20,00\/m2 Especificaci\u00f3n T\u00e9cnica incluso Planos Arquitect\u00f3nicos Estimaci\u00f3n de Costos $5,00\/m2 Precios: por m2 de construcci\u00f3n, digital, archivos a&hellip;\" \/>\n<meta property=\"og:url\" content=\"https:\/\/bambu-arquitectura.com\/en\/precios-servicios-bambu-arquitectura\/\" \/>\n<meta property=\"og:site_name\" content=\"Dise\u00f1os Bamb\u00fa Arquitectura\" \/>\n<meta property=\"article:modified_time\" content=\"2025-09-22T20:19:51+00:00\" \/>\n<meta name=\"twitter:card\" content=\"summary_large_image\" \/>\n<meta name=\"twitter:label1\" content=\"Est. reading time\" \/>\n\t<meta name=\"twitter:data1\" content=\"1 minute\" \/>\n<script type=\"application\/ld+json\" class=\"yoast-schema-graph\">{\"@context\":\"https:\\\/\\\/schema.org\",\"@graph\":[{\"@type\":\"WebPage\",\"@id\":\"https:\\\/\\\/bambu-arquitectura.com\\\/precios-servicios-bambu-arquitectura\\\/\",\"url\":\"https:\\\/\\\/bambu-arquitectura.com\\\/precios-servicios-bambu-arquitectura\\\/\",\"name\":\"Precios - Dise\u00f1os Bamb\u00fa Arquitectura\",\"isPartOf\":{\"@id\":\"https:\\\/\\\/bambu-arquitectura.com\\\/#website\"},\"datePublished\":\"2020-09-02T16:36:41+00:00\",\"dateModified\":\"2025-09-22T20:19:51+00:00\",\"breadcrumb\":{\"@id\":\"https:\\\/\\\/bambu-arquitectura.com\\\/precios-servicios-bambu-arquitectura\\\/#breadcrumb\"},\"inLanguage\":\"en-US\",\"potentialAction\":[{\"@type\":\"ReadAction\",\"target\":[\"https:\\\/\\\/bambu-arquitectura.com\\\/precios-servicios-bambu-arquitectura\\\/\"]}]},{\"@type\":\"BreadcrumbList\",\"@id\":\"https:\\\/\\\/bambu-arquitectura.com\\\/precios-servicios-bambu-arquitectura\\\/#breadcrumb\",\"itemListElement\":[{\"@type\":\"ListItem\",\"position\":1,\"name\":\"Home\",\"item\":\"https:\\\/\\\/bambu-arquitectura.com\\\/\"},{\"@type\":\"ListItem\",\"position\":2,\"name\":\"Precios\"}]},{\"@type\":\"WebSite\",\"@id\":\"https:\\\/\\\/bambu-arquitectura.com\\\/#website\",\"url\":\"https:\\\/\\\/bambu-arquitectura.com\\\/\",\"name\":\"Bamb\u00fa Arquitectura\",\"description\":\"Dise\u00f1os caba\u00f1as y casas de bamb\u00fa\",\"potentialAction\":[{\"@type\":\"SearchAction\",\"target\":{\"@type\":\"EntryPoint\",\"urlTemplate\":\"https:\\\/\\\/bambu-arquitectura.com\\\/?s={search_term_string}\"},\"query-input\":{\"@type\":\"PropertyValueSpecification\",\"valueRequired\":true,\"valueName\":\"search_term_string\"}}],\"inLanguage\":\"en-US\"}]}<\/script>\n<!-- \/ Yoast SEO plugin. -->","yoast_head_json":{"title":"Prices - Bamb\u00fa Arquitectura Designs","robots":{"index":"index","follow":"follow","max-snippet":"max-snippet:-1","max-image-preview":"max-image-preview:large","max-video-preview":"max-video-preview:-1"},"canonical":"https:\/\/bambu-arquitectura.com\/en\/precios-servicios-bambu-arquitectura\/","og_locale":"en_US","og_type":"article","og_title":"Precios - Dise\u00f1os Bamb\u00fa Arquitectura","og_description":"Dise\u00f1os personalizados Planos Arquitect\u00f3nicos $5,00\/m2 Planos T\u00e9cnicos $20,00\/m2 Especificaci\u00f3n T\u00e9cnica incluso Planos Arquitect\u00f3nicos Estimaci\u00f3n de Costos $5,00\/m2 Precios: por m2 de construcci\u00f3n, digital, archivos a&hellip;","og_url":"https:\/\/bambu-arquitectura.com\/en\/precios-servicios-bambu-arquitectura\/","og_site_name":"Dise\u00f1os Bamb\u00fa Arquitectura","article_modified_time":"2025-09-22T20:19:51+00:00","twitter_card":"summary_large_image","twitter_misc":{"Est. reading time":"1 minute"},"schema":{"@context":"https:\/\/schema.org","@graph":[{"@type":"WebPage","@id":"https:\/\/bambu-arquitectura.com\/precios-servicios-bambu-arquitectura\/","url":"https:\/\/bambu-arquitectura.com\/precios-servicios-bambu-arquitectura\/","name":"Prices - Bamb\u00fa Arquitectura Designs","isPartOf":{"@id":"https:\/\/bambu-arquitectura.com\/#website"},"datePublished":"2020-09-02T16:36:41+00:00","dateModified":"2025-09-22T20:19:51+00:00","breadcrumb":{"@id":"https:\/\/bambu-arquitectura.com\/precios-servicios-bambu-arquitectura\/#breadcrumb"},"inLanguage":"en-US","potentialAction":[{"@type":"ReadAction","target":["https:\/\/bambu-arquitectura.com\/precios-servicios-bambu-arquitectura\/"]}]},{"@type":"BreadcrumbList","@id":"https:\/\/bambu-arquitectura.com\/precios-servicios-bambu-arquitectura\/#breadcrumb","itemListElement":[{"@type":"ListItem","position":1,"name":"Home","item":"https:\/\/bambu-arquitectura.com\/"},{"@type":"ListItem","position":2,"name":"Precios"}]},{"@type":"WebSite","@id":"https:\/\/bambu-arquitectura.com\/#website","url":"https:\/\/bambu-arquitectura.com\/","name":"Bamb\u00fa Arquitectura","description":"Designing bamboo caba\u00f1as and bamboo houses","potentialAction":[{"@type":"SearchAction","target":{"@type":"EntryPoint","urlTemplate":"https:\/\/bambu-arquitectura.com\/?s={search_term_string}"},"query-input":{"@type":"PropertyValueSpecification","valueRequired":true,"valueName":"search_term_string"}}],"inLanguage":"en-US"}]}},"jetpack_sharing_enabled":true,"_links":{"self":[{"href":"https:\/\/bambu-arquitectura.com\/en\/wp-json\/wp\/v2\/pages\/66","targetHints":{"allow":["GET"]}}],"collection":[{"href":"https:\/\/bambu-arquitectura.com\/en\/wp-json\/wp\/v2\/pages"}],"about":[{"href":"https:\/\/bambu-arquitectura.com\/en\/wp-json\/wp\/v2\/types\/page"}],"author":[{"embeddable":true,"href":"https:\/\/bambu-arquitectura.com\/en\/wp-json\/wp\/v2\/users\/1"}],"replies":[{"embeddable":true,"href":"https:\/\/bambu-arquitectura.com\/en\/wp-json\/wp\/v2\/comments?post=66"}],"version-history":[{"count":29,"href":"https:\/\/bambu-arquitectura.com\/en\/wp-json\/wp\/v2\/pages\/66\/revisions"}],"predecessor-version":[{"id":1655,"href":"https:\/\/bambu-arquitectura.com\/en\/wp-json\/wp\/v2\/pages\/66\/revisions\/1655"}],"wp:attachment":[{"href":"https:\/\/bambu-arquitectura.com\/en\/wp-json\/wp\/v2\/media?parent=66"}],"curies":[{"name":"wp","href":"https:\/\/api.w.org\/{rel}","templated":true}]}}