{"id":667,"date":"2021-04-06T21:50:36","date_gmt":"2021-04-06T16:50:36","guid":{"rendered":"https:\/\/bambu-arquitectura.com\/?page_id=667"},"modified":"2022-09-08T02:45:31","modified_gmt":"2022-09-07T21:45:31","slug":"casa-bambu-dos-mangas","status":"publish","type":"page","link":"https:\/\/bambu-arquitectura.com\/en\/casa-bambu-dos-mangas\/","title":{"rendered":"Bamboo House Dos Mangas"},"content":{"rendered":"<h5 class=\"wp-block-heading\">Design Bamboo House Dos Mangas<\/h5>\n\n\n\n<p>Construction of one plant, earthquake resistant. Foundation: reinforced concrete. Structure: preserved bamboo, mixed floor (bamboo composite beams, permanent formwork of chopped cane, reinforced concrete), walls of central part: concrete blocks both sides plastered, bedroom walls: chopped cane interior side plastered.&nbsp;<\/p>\n\n\n\n<figure class=\"wp-block-image size-large is-style-default\"><a href=\"https:\/\/bambu-arquitectura.com\/wp-content\/uploads\/2022\/09\/Casa-Dos-Mangas-060421a-scaled.webp\" target=\"_blank\" rel=\"noopener\"><img loading=\"lazy\" decoding=\"async\" width=\"1024\" height=\"512\" src=\"https:\/\/bambu-arquitectura.com\/wp-content\/uploads\/2022\/09\/Casa-Dos-Mangas-060421a-1024x512.webp\" alt=\"\" class=\"wp-image-1422\" srcset=\"https:\/\/bambu-arquitectura.com\/wp-content\/uploads\/2022\/09\/Casa-Dos-Mangas-060421a-1024x512.webp 1024w, https:\/\/bambu-arquitectura.com\/wp-content\/uploads\/2022\/09\/Casa-Dos-Mangas-060421a-300x150.webp 300w, https:\/\/bambu-arquitectura.com\/wp-content\/uploads\/2022\/09\/Casa-Dos-Mangas-060421a-768x384.webp 768w, https:\/\/bambu-arquitectura.com\/wp-content\/uploads\/2022\/09\/Casa-Dos-Mangas-060421a-1536x768.webp 1536w, https:\/\/bambu-arquitectura.com\/wp-content\/uploads\/2022\/09\/Casa-Dos-Mangas-060421a-2048x1024.webp 2048w, https:\/\/bambu-arquitectura.com\/wp-content\/uploads\/2022\/09\/Casa-Dos-Mangas-060421a-18x9.webp 18w, https:\/\/bambu-arquitectura.com\/wp-content\/uploads\/2022\/09\/Casa-Dos-Mangas-060421a-421x211.webp 421w\" sizes=\"auto, (max-width: 1024px) 100vw, 1024px\" \/><\/a><\/figure>\n\n\n\n<p>Spaces: living\/dining room\/kitchen, entrance, 2 bedrooms, 2 bathrooms with toilet, sink and shower, terrace. Area: 77 m<sup>2<\/sup>.<\/p>\n\n\n\n<p><\/p>\n\n\n\n<figure class=\"wp-block-gallery aligncenter has-nested-images columns-2 is-cropped wp-block-gallery-1 is-layout-flex wp-block-gallery-is-layout-flex\">\n<figure class=\"wp-block-image size-large is-style-default\"><img loading=\"lazy\" decoding=\"async\" width=\"1200\" height=\"652\" data-id=\"678\" src=\"https:\/\/bambu-arquitectura.com\/wp-content\/uploads\/2021\/04\/Casa-Dos-Mangas-29032021-atras.jpg\" alt=\"\" class=\"wp-image-678\" srcset=\"https:\/\/bambu-arquitectura.com\/wp-content\/uploads\/2021\/04\/Casa-Dos-Mangas-29032021-atras.jpg 1200w, https:\/\/bambu-arquitectura.com\/wp-content\/uploads\/2021\/04\/Casa-Dos-Mangas-29032021-atras-300x163.jpg 300w, https:\/\/bambu-arquitectura.com\/wp-content\/uploads\/2021\/04\/Casa-Dos-Mangas-29032021-atras-1024x556.jpg 1024w, https:\/\/bambu-arquitectura.com\/wp-content\/uploads\/2021\/04\/Casa-Dos-Mangas-29032021-atras-768x417.jpg 768w, https:\/\/bambu-arquitectura.com\/wp-content\/uploads\/2021\/04\/Casa-Dos-Mangas-29032021-atras-644x350.jpg 644w, https:\/\/bambu-arquitectura.com\/wp-content\/uploads\/2021\/04\/Casa-Dos-Mangas-29032021-atras-150x82.jpg 150w\" sizes=\"auto, (max-width: 1200px) 100vw, 1200px\" \/><\/figure>\n\n\n\n<figure class=\"wp-block-image size-large is-style-default\"><img loading=\"lazy\" decoding=\"async\" width=\"1200\" height=\"652\" data-id=\"677\" src=\"https:\/\/bambu-arquitectura.com\/wp-content\/uploads\/2021\/04\/Casa-Dos-Mangas-29032021-lateral.jpg\" alt=\"\" class=\"wp-image-677\" srcset=\"https:\/\/bambu-arquitectura.com\/wp-content\/uploads\/2021\/04\/Casa-Dos-Mangas-29032021-lateral.jpg 1200w, https:\/\/bambu-arquitectura.com\/wp-content\/uploads\/2021\/04\/Casa-Dos-Mangas-29032021-lateral-300x163.jpg 300w, https:\/\/bambu-arquitectura.com\/wp-content\/uploads\/2021\/04\/Casa-Dos-Mangas-29032021-lateral-1024x556.jpg 1024w, https:\/\/bambu-arquitectura.com\/wp-content\/uploads\/2021\/04\/Casa-Dos-Mangas-29032021-lateral-768x417.jpg 768w, https:\/\/bambu-arquitectura.com\/wp-content\/uploads\/2021\/04\/Casa-Dos-Mangas-29032021-lateral-644x350.jpg 644w, https:\/\/bambu-arquitectura.com\/wp-content\/uploads\/2021\/04\/Casa-Dos-Mangas-29032021-lateral-150x82.jpg 150w\" sizes=\"auto, (max-width: 1200px) 100vw, 1200px\" \/><\/figure>\n\n\n\n<figure class=\"wp-block-image size-large is-style-default\"><img loading=\"lazy\" decoding=\"async\" width=\"600\" height=\"326\" data-id=\"675\" src=\"https:\/\/bambu-arquitectura.com\/wp-content\/uploads\/2021\/04\/Casa-Dos-Mangas-29032021-e1651184014552.jpg\" alt=\"\" class=\"wp-image-675\"\/><\/figure>\n\n\n\n<figure class=\"wp-block-image size-large is-style-default\"><img loading=\"lazy\" decoding=\"async\" width=\"1200\" height=\"652\" data-id=\"672\" src=\"https:\/\/bambu-arquitectura.com\/wp-content\/uploads\/2021\/04\/Casa-Dos-Mangas-29032021-plan.jpg\" alt=\"\" class=\"wp-image-672\" srcset=\"https:\/\/bambu-arquitectura.com\/wp-content\/uploads\/2021\/04\/Casa-Dos-Mangas-29032021-plan.jpg 1200w, https:\/\/bambu-arquitectura.com\/wp-content\/uploads\/2021\/04\/Casa-Dos-Mangas-29032021-plan-300x163.jpg 300w, https:\/\/bambu-arquitectura.com\/wp-content\/uploads\/2021\/04\/Casa-Dos-Mangas-29032021-plan-1024x556.jpg 1024w, https:\/\/bambu-arquitectura.com\/wp-content\/uploads\/2021\/04\/Casa-Dos-Mangas-29032021-plan-768x417.jpg 768w, https:\/\/bambu-arquitectura.com\/wp-content\/uploads\/2021\/04\/Casa-Dos-Mangas-29032021-plan-644x350.jpg 644w, https:\/\/bambu-arquitectura.com\/wp-content\/uploads\/2021\/04\/Casa-Dos-Mangas-29032021-plan-150x82.jpg 150w\" sizes=\"auto, (max-width: 1200px) 100vw, 1200px\" \/><\/figure>\n<\/figure>\n\n\n\n<p><\/p>\n\n\n\n<p class=\"has-text-align-center\">Construction June 2021 \u2013 December 2021.<\/p>\n\n\n<div class=\"wp-block-image is-style-default\">\n<figure class=\"aligncenter size-large is-resized\"><img loading=\"lazy\" decoding=\"async\" src=\"https:\/\/bambu-arquitectura.com\/wp-content\/uploads\/2021\/11\/Casa-Dos-Mangas-25112021-1024x576.jpg\" alt=\"\" class=\"wp-image-787\" width=\"1024\" height=\"576\" srcset=\"https:\/\/bambu-arquitectura.com\/wp-content\/uploads\/2021\/11\/Casa-Dos-Mangas-25112021-1024x576.jpg 1024w, https:\/\/bambu-arquitectura.com\/wp-content\/uploads\/2021\/11\/Casa-Dos-Mangas-25112021-300x169.jpg 300w, https:\/\/bambu-arquitectura.com\/wp-content\/uploads\/2021\/11\/Casa-Dos-Mangas-25112021-768x432.jpg 768w, https:\/\/bambu-arquitectura.com\/wp-content\/uploads\/2021\/11\/Casa-Dos-Mangas-25112021-1536x864.jpg 1536w, https:\/\/bambu-arquitectura.com\/wp-content\/uploads\/2021\/11\/Casa-Dos-Mangas-25112021-2048x1152.jpg 2048w, https:\/\/bambu-arquitectura.com\/wp-content\/uploads\/2021\/11\/Casa-Dos-Mangas-25112021-421x237.jpg 421w, https:\/\/bambu-arquitectura.com\/wp-content\/uploads\/2021\/11\/Casa-Dos-Mangas-25112021-622x350.jpg 622w, https:\/\/bambu-arquitectura.com\/wp-content\/uploads\/2021\/11\/Casa-Dos-Mangas-25112021-150x84.jpg 150w\" sizes=\"auto, (max-width: 1024px) 100vw, 1024px\" \/><\/figure>\n<\/div>\n\n\n<p><\/p>\n\n\n<div class=\"wp-block-image is-style-default\">\n<figure class=\"aligncenter size-large is-resized\"><img loading=\"lazy\" decoding=\"async\" src=\"https:\/\/bambu-arquitectura.com\/wp-content\/uploads\/2021\/08\/WhatsApp-Image-2021-07-16-at-13.20.01-1024x473.jpeg\" alt=\"\" class=\"wp-image-737\" width=\"512\" height=\"237\" srcset=\"https:\/\/bambu-arquitectura.com\/wp-content\/uploads\/2021\/08\/WhatsApp-Image-2021-07-16-at-13.20.01-1024x473.jpeg 1024w, https:\/\/bambu-arquitectura.com\/wp-content\/uploads\/2021\/08\/WhatsApp-Image-2021-07-16-at-13.20.01-300x139.jpeg 300w, https:\/\/bambu-arquitectura.com\/wp-content\/uploads\/2021\/08\/WhatsApp-Image-2021-07-16-at-13.20.01-768x355.jpeg 768w, https:\/\/bambu-arquitectura.com\/wp-content\/uploads\/2021\/08\/WhatsApp-Image-2021-07-16-at-13.20.01-421x195.jpeg 421w, https:\/\/bambu-arquitectura.com\/wp-content\/uploads\/2021\/08\/WhatsApp-Image-2021-07-16-at-13.20.01-757x350.jpeg 757w, https:\/\/bambu-arquitectura.com\/wp-content\/uploads\/2021\/08\/WhatsApp-Image-2021-07-16-at-13.20.01-150x69.jpeg 150w, https:\/\/bambu-arquitectura.com\/wp-content\/uploads\/2021\/08\/WhatsApp-Image-2021-07-16-at-13.20.01.jpeg 1032w\" sizes=\"auto, (max-width: 512px) 100vw, 512px\" \/><\/figure>\n<\/div>\n\n<div class=\"wp-block-image is-style-default\">\n<figure class=\"aligncenter size-large is-resized\"><img loading=\"lazy\" decoding=\"async\" src=\"https:\/\/bambu-arquitectura.com\/wp-content\/uploads\/2021\/08\/WhatsApp-Image-2021-07-23-at-19.01.24-1024x473.jpeg\" alt=\"\" class=\"wp-image-739\" width=\"512\" height=\"237\" srcset=\"https:\/\/bambu-arquitectura.com\/wp-content\/uploads\/2021\/08\/WhatsApp-Image-2021-07-23-at-19.01.24-1024x473.jpeg 1024w, https:\/\/bambu-arquitectura.com\/wp-content\/uploads\/2021\/08\/WhatsApp-Image-2021-07-23-at-19.01.24-300x139.jpeg 300w, https:\/\/bambu-arquitectura.com\/wp-content\/uploads\/2021\/08\/WhatsApp-Image-2021-07-23-at-19.01.24-768x355.jpeg 768w, https:\/\/bambu-arquitectura.com\/wp-content\/uploads\/2021\/08\/WhatsApp-Image-2021-07-23-at-19.01.24-1536x709.jpeg 1536w, https:\/\/bambu-arquitectura.com\/wp-content\/uploads\/2021\/08\/WhatsApp-Image-2021-07-23-at-19.01.24-421x194.jpeg 421w, https:\/\/bambu-arquitectura.com\/wp-content\/uploads\/2021\/08\/WhatsApp-Image-2021-07-23-at-19.01.24-758x350.jpeg 758w, https:\/\/bambu-arquitectura.com\/wp-content\/uploads\/2021\/08\/WhatsApp-Image-2021-07-23-at-19.01.24-150x69.jpeg 150w, https:\/\/bambu-arquitectura.com\/wp-content\/uploads\/2021\/08\/WhatsApp-Image-2021-07-23-at-19.01.24.jpeg 1600w\" sizes=\"auto, (max-width: 512px) 100vw, 512px\" \/><\/figure>\n<\/div>\n\n<div class=\"wp-block-image is-style-default\">\n<figure class=\"aligncenter size-large is-resized\"><a href=\"https:\/\/bambu-arquitectura.com\/wp-content\/uploads\/2021\/08\/WhatsApp-Image-2021-08-07-at-13.14.07.jpeg\" target=\"_blank\" rel=\"noopener\"><img loading=\"lazy\" decoding=\"async\" src=\"https:\/\/bambu-arquitectura.com\/wp-content\/uploads\/2021\/08\/WhatsApp-Image-2021-08-07-at-13.14.07-1024x473.jpeg\" alt=\"\" class=\"wp-image-746\" width=\"512\" height=\"237\" srcset=\"https:\/\/bambu-arquitectura.com\/wp-content\/uploads\/2021\/08\/WhatsApp-Image-2021-08-07-at-13.14.07-1024x473.jpeg 1024w, https:\/\/bambu-arquitectura.com\/wp-content\/uploads\/2021\/08\/WhatsApp-Image-2021-08-07-at-13.14.07-300x139.jpeg 300w, https:\/\/bambu-arquitectura.com\/wp-content\/uploads\/2021\/08\/WhatsApp-Image-2021-08-07-at-13.14.07-768x355.jpeg 768w, https:\/\/bambu-arquitectura.com\/wp-content\/uploads\/2021\/08\/WhatsApp-Image-2021-08-07-at-13.14.07-421x195.jpeg 421w, https:\/\/bambu-arquitectura.com\/wp-content\/uploads\/2021\/08\/WhatsApp-Image-2021-08-07-at-13.14.07-757x350.jpeg 757w, https:\/\/bambu-arquitectura.com\/wp-content\/uploads\/2021\/08\/WhatsApp-Image-2021-08-07-at-13.14.07-150x69.jpeg 150w, https:\/\/bambu-arquitectura.com\/wp-content\/uploads\/2021\/08\/WhatsApp-Image-2021-08-07-at-13.14.07.jpeg 1032w\" sizes=\"auto, (max-width: 512px) 100vw, 512px\" \/><\/a><\/figure>\n<\/div>\n\n<div class=\"wp-block-image is-style-default\">\n<figure class=\"aligncenter size-large is-resized\"><a href=\"https:\/\/bambu-arquitectura.com\/wp-content\/uploads\/2021\/08\/WhatsApp-Image-2021-08-11-at-17.49.42-3.jpeg\" target=\"_blank\" rel=\"noopener\"><img loading=\"lazy\" decoding=\"async\" src=\"https:\/\/bambu-arquitectura.com\/wp-content\/uploads\/2021\/08\/WhatsApp-Image-2021-08-11-at-17.49.42-3-1024x473.jpeg\" alt=\"\" class=\"wp-image-747\" width=\"512\" height=\"237\" srcset=\"https:\/\/bambu-arquitectura.com\/wp-content\/uploads\/2021\/08\/WhatsApp-Image-2021-08-11-at-17.49.42-3-1024x473.jpeg 1024w, https:\/\/bambu-arquitectura.com\/wp-content\/uploads\/2021\/08\/WhatsApp-Image-2021-08-11-at-17.49.42-3-300x139.jpeg 300w, https:\/\/bambu-arquitectura.com\/wp-content\/uploads\/2021\/08\/WhatsApp-Image-2021-08-11-at-17.49.42-3-768x355.jpeg 768w, https:\/\/bambu-arquitectura.com\/wp-content\/uploads\/2021\/08\/WhatsApp-Image-2021-08-11-at-17.49.42-3-1536x709.jpeg 1536w, https:\/\/bambu-arquitectura.com\/wp-content\/uploads\/2021\/08\/WhatsApp-Image-2021-08-11-at-17.49.42-3-421x194.jpeg 421w, https:\/\/bambu-arquitectura.com\/wp-content\/uploads\/2021\/08\/WhatsApp-Image-2021-08-11-at-17.49.42-3-758x350.jpeg 758w, https:\/\/bambu-arquitectura.com\/wp-content\/uploads\/2021\/08\/WhatsApp-Image-2021-08-11-at-17.49.42-3-150x69.jpeg 150w, https:\/\/bambu-arquitectura.com\/wp-content\/uploads\/2021\/08\/WhatsApp-Image-2021-08-11-at-17.49.42-3.jpeg 1600w\" sizes=\"auto, (max-width: 512px) 100vw, 512px\" \/><\/a><\/figure>\n<\/div>\n\n<div class=\"wp-block-image is-style-default\">\n<figure class=\"aligncenter size-large is-resized\"><img loading=\"lazy\" decoding=\"async\" src=\"https:\/\/bambu-arquitectura.com\/wp-content\/uploads\/2021\/08\/WhatsApp-Image-2021-08-13-at-08.31.34-1024x473.jpeg\" alt=\"\" class=\"wp-image-748\" width=\"512\" height=\"237\" srcset=\"https:\/\/bambu-arquitectura.com\/wp-content\/uploads\/2021\/08\/WhatsApp-Image-2021-08-13-at-08.31.34-1024x473.jpeg 1024w, https:\/\/bambu-arquitectura.com\/wp-content\/uploads\/2021\/08\/WhatsApp-Image-2021-08-13-at-08.31.34-300x139.jpeg 300w, https:\/\/bambu-arquitectura.com\/wp-content\/uploads\/2021\/08\/WhatsApp-Image-2021-08-13-at-08.31.34-768x355.jpeg 768w, https:\/\/bambu-arquitectura.com\/wp-content\/uploads\/2021\/08\/WhatsApp-Image-2021-08-13-at-08.31.34-1536x709.jpeg 1536w, https:\/\/bambu-arquitectura.com\/wp-content\/uploads\/2021\/08\/WhatsApp-Image-2021-08-13-at-08.31.34-421x194.jpeg 421w, https:\/\/bambu-arquitectura.com\/wp-content\/uploads\/2021\/08\/WhatsApp-Image-2021-08-13-at-08.31.34-758x350.jpeg 758w, https:\/\/bambu-arquitectura.com\/wp-content\/uploads\/2021\/08\/WhatsApp-Image-2021-08-13-at-08.31.34-150x69.jpeg 150w, https:\/\/bambu-arquitectura.com\/wp-content\/uploads\/2021\/08\/WhatsApp-Image-2021-08-13-at-08.31.34.jpeg 1600w\" sizes=\"auto, (max-width: 512px) 100vw, 512px\" \/><\/figure>\n<\/div>\n\n<div class=\"wp-block-image is-style-default\">\n<figure class=\"aligncenter size-large is-resized\"><img loading=\"lazy\" decoding=\"async\" src=\"https:\/\/bambu-arquitectura.com\/wp-content\/uploads\/2021\/08\/WhatsApp-Image-2021-08-13-at-16.16.37-1024x473.jpeg\" alt=\"\" class=\"wp-image-749\" width=\"512\" height=\"237\" srcset=\"https:\/\/bambu-arquitectura.com\/wp-content\/uploads\/2021\/08\/WhatsApp-Image-2021-08-13-at-16.16.37-1024x473.jpeg 1024w, https:\/\/bambu-arquitectura.com\/wp-content\/uploads\/2021\/08\/WhatsApp-Image-2021-08-13-at-16.16.37-300x139.jpeg 300w, https:\/\/bambu-arquitectura.com\/wp-content\/uploads\/2021\/08\/WhatsApp-Image-2021-08-13-at-16.16.37-768x355.jpeg 768w, https:\/\/bambu-arquitectura.com\/wp-content\/uploads\/2021\/08\/WhatsApp-Image-2021-08-13-at-16.16.37-1536x709.jpeg 1536w, https:\/\/bambu-arquitectura.com\/wp-content\/uploads\/2021\/08\/WhatsApp-Image-2021-08-13-at-16.16.37-421x194.jpeg 421w, https:\/\/bambu-arquitectura.com\/wp-content\/uploads\/2021\/08\/WhatsApp-Image-2021-08-13-at-16.16.37-758x350.jpeg 758w, https:\/\/bambu-arquitectura.com\/wp-content\/uploads\/2021\/08\/WhatsApp-Image-2021-08-13-at-16.16.37-150x69.jpeg 150w, https:\/\/bambu-arquitectura.com\/wp-content\/uploads\/2021\/08\/WhatsApp-Image-2021-08-13-at-16.16.37.jpeg 1600w\" sizes=\"auto, (max-width: 512px) 100vw, 512px\" \/><\/figure>\n<\/div>\n\n<div class=\"wp-block-image is-style-default\">\n<figure class=\"aligncenter size-large is-resized\"><img loading=\"lazy\" decoding=\"async\" src=\"https:\/\/bambu-arquitectura.com\/wp-content\/uploads\/2021\/08\/WhatsApp-Image-2021-08-13-at-16.16.41-1-1024x473.jpeg\" alt=\"\" class=\"wp-image-750\" width=\"512\" height=\"237\" srcset=\"https:\/\/bambu-arquitectura.com\/wp-content\/uploads\/2021\/08\/WhatsApp-Image-2021-08-13-at-16.16.41-1-1024x473.jpeg 1024w, https:\/\/bambu-arquitectura.com\/wp-content\/uploads\/2021\/08\/WhatsApp-Image-2021-08-13-at-16.16.41-1-300x139.jpeg 300w, https:\/\/bambu-arquitectura.com\/wp-content\/uploads\/2021\/08\/WhatsApp-Image-2021-08-13-at-16.16.41-1-768x355.jpeg 768w, https:\/\/bambu-arquitectura.com\/wp-content\/uploads\/2021\/08\/WhatsApp-Image-2021-08-13-at-16.16.41-1-1536x709.jpeg 1536w, https:\/\/bambu-arquitectura.com\/wp-content\/uploads\/2021\/08\/WhatsApp-Image-2021-08-13-at-16.16.41-1-421x194.jpeg 421w, https:\/\/bambu-arquitectura.com\/wp-content\/uploads\/2021\/08\/WhatsApp-Image-2021-08-13-at-16.16.41-1-758x350.jpeg 758w, https:\/\/bambu-arquitectura.com\/wp-content\/uploads\/2021\/08\/WhatsApp-Image-2021-08-13-at-16.16.41-1-150x69.jpeg 150w, https:\/\/bambu-arquitectura.com\/wp-content\/uploads\/2021\/08\/WhatsApp-Image-2021-08-13-at-16.16.41-1.jpeg 1600w\" sizes=\"auto, (max-width: 512px) 100vw, 512px\" \/><\/figure>\n<\/div>\n\n\n<div style=\"height:25px\" aria-hidden=\"true\" class=\"wp-block-spacer\"><\/div>\n\n\n\n<h6 class=\"wp-block-heading\">3d model<\/h6>\n\n\n\n<figure class=\"wp-block-embed is-type-rich is-provider-sketchfab wp-block-embed-sketchfab\"><div class=\"wp-block-embed__wrapper\">\n<div class=\"sketchfab-embed-wrapper\">    <iframe loading=\"lazy\" title=\"Bamboo House Dos Mangas\" id=\"\" class=\"\" width=\"760\" height=\"427\" src=\"https:\/\/sketchfab.com\/models\/c6ef37e0ec7241a2aeccebb3f8ddbcd5\/embed\" frameborder=\"0\" allow=\"autoplay; fullscreen; xr-spatial-tracking\" allowfullscreen=\"\" mozallowfullscreen=\"true\" webkitallowfullscreen=\"true\" xr-spatial-tracking=\"true\" execution-while-out-of-viewport=\"true\" execution-while-not-rendered=\"true\" web-share=\"true\"><\/iframe><\/div>\n<\/div><\/figure>\n\n\n\n<p><a href=\"https:\/\/sketchfab.com\/3d-models\/casa-de-bambu-dos-mangas-c6ef37e0ec7241a2aeccebb3f8ddbcd5?utm_medium=embed&amp;utm_campaign=share-popup&amp;utm_content=c6ef37e0ec7241a2aeccebb3f8ddbcd5\" target=\"_blank\" rel=\"noreferrer noopener\">Bamboo House Dos Mangas<\/a> by <a href=\"https:\/\/sketchfab.com\/lucaskremer57?utm_medium=embed&amp;utm_campaign=share-popup&amp;utm_content=c6ef37e0ec7241a2aeccebb3f8ddbcd5\" target=\"_blank\" rel=\"noreferrer noopener\">Bamb\u00fa Arquitectura<\/a> on <a href=\"https:\/\/sketchfab.com?utm_medium=embed&amp;utm_campaign=share-popup&amp;utm_content=c6ef37e0ec7241a2aeccebb3f8ddbcd5\" target=\"_blank\" rel=\"noreferrer noopener\">Sketchfab<\/a><\/p>\n\n\n\n<div style=\"height:10px\" aria-hidden=\"true\" class=\"wp-block-spacer\"><\/div>","protected":false},"excerpt":{"rendered":"<p>Design Bamboo House Dos Mangas One-story construction, earthquake resistant. Foundation: reinforced concrete, structure: cured bamboo, mixed floor (composite bamboo beams, formwork\u2026<\/p>","protected":false},"author":1,"featured_media":1422,"parent":0,"menu_order":0,"comment_status":"closed","ping_status":"closed","template":"","meta":{"footnotes":""},"class_list":["post-667","page","type-page","status-publish","has-post-thumbnail","hentry"],"yoast_head":"<!-- This site is optimized with the Yoast SEO plugin v27.3 - https:\/\/yoast.com\/product\/yoast-seo-wordpress\/ -->\n<title>Casa Dos Mangas - Dise\u00f1os Bamb\u00fa Arquitectura<\/title>\n<meta name=\"robots\" content=\"index, follow, max-snippet:-1, max-image-preview:large, max-video-preview:-1\" \/>\n<link rel=\"canonical\" href=\"https:\/\/bambu-arquitectura.com\/en\/casa-bambu-dos-mangas\/\" \/>\n<meta property=\"og:locale\" content=\"en_US\" \/>\n<meta property=\"og:type\" content=\"article\" \/>\n<meta property=\"og:title\" content=\"Casa Dos Mangas - Dise\u00f1os Bamb\u00fa Arquitectura\" \/>\n<meta property=\"og:description\" content=\"Dise\u00f1o Casa de Bamb\u00fa Dos Mangas Construcci\u00f3n de una planta, sismo resistente. Cimentaci\u00f3n: hormig\u00f3n armado, estructura: bamb\u00fa curado, piso mixto (vigas compuestas de bamb\u00fa, encofrado&hellip;\" \/>\n<meta property=\"og:url\" content=\"https:\/\/bambu-arquitectura.com\/en\/casa-bambu-dos-mangas\/\" \/>\n<meta property=\"og:site_name\" content=\"Dise\u00f1os Bamb\u00fa Arquitectura\" \/>\n<meta property=\"article:modified_time\" content=\"2022-09-07T21:45:31+00:00\" \/>\n<meta property=\"og:image\" content=\"https:\/\/bambu-arquitectura.com\/wp-content\/uploads\/2022\/09\/Casa-Dos-Mangas-060421a-scaled.webp\" \/>\n\t<meta property=\"og:image:width\" content=\"2560\" \/>\n\t<meta property=\"og:image:height\" content=\"1280\" \/>\n\t<meta property=\"og:image:type\" content=\"image\/webp\" \/>\n<meta name=\"twitter:card\" content=\"summary_large_image\" \/>\n<meta name=\"twitter:label1\" content=\"Est. reading time\" \/>\n\t<meta name=\"twitter:data1\" content=\"3 minutes\" \/>\n<script type=\"application\/ld+json\" class=\"yoast-schema-graph\">{\"@context\":\"https:\\\/\\\/schema.org\",\"@graph\":[{\"@type\":\"WebPage\",\"@id\":\"https:\\\/\\\/bambu-arquitectura.com\\\/casa-bambu-dos-mangas\\\/\",\"url\":\"https:\\\/\\\/bambu-arquitectura.com\\\/casa-bambu-dos-mangas\\\/\",\"name\":\"Casa Dos Mangas - Dise\u00f1os Bamb\u00fa Arquitectura\",\"isPartOf\":{\"@id\":\"https:\\\/\\\/bambu-arquitectura.com\\\/#website\"},\"primaryImageOfPage\":{\"@id\":\"https:\\\/\\\/bambu-arquitectura.com\\\/casa-bambu-dos-mangas\\\/#primaryimage\"},\"image\":{\"@id\":\"https:\\\/\\\/bambu-arquitectura.com\\\/casa-bambu-dos-mangas\\\/#primaryimage\"},\"thumbnailUrl\":\"https:\\\/\\\/bambu-arquitectura.com\\\/wp-content\\\/uploads\\\/2022\\\/09\\\/Casa-Dos-Mangas-060421a-scaled.webp\",\"datePublished\":\"2021-04-06T16:50:36+00:00\",\"dateModified\":\"2022-09-07T21:45:31+00:00\",\"breadcrumb\":{\"@id\":\"https:\\\/\\\/bambu-arquitectura.com\\\/casa-bambu-dos-mangas\\\/#breadcrumb\"},\"inLanguage\":\"en-US\",\"potentialAction\":[{\"@type\":\"ReadAction\",\"target\":[\"https:\\\/\\\/bambu-arquitectura.com\\\/casa-bambu-dos-mangas\\\/\"]}]},{\"@type\":\"ImageObject\",\"inLanguage\":\"en-US\",\"@id\":\"https:\\\/\\\/bambu-arquitectura.com\\\/casa-bambu-dos-mangas\\\/#primaryimage\",\"url\":\"https:\\\/\\\/bambu-arquitectura.com\\\/wp-content\\\/uploads\\\/2022\\\/09\\\/Casa-Dos-Mangas-060421a-scaled.webp\",\"contentUrl\":\"https:\\\/\\\/bambu-arquitectura.com\\\/wp-content\\\/uploads\\\/2022\\\/09\\\/Casa-Dos-Mangas-060421a-scaled.webp\",\"width\":2560,\"height\":1280},{\"@type\":\"BreadcrumbList\",\"@id\":\"https:\\\/\\\/bambu-arquitectura.com\\\/casa-bambu-dos-mangas\\\/#breadcrumb\",\"itemListElement\":[{\"@type\":\"ListItem\",\"position\":1,\"name\":\"Home\",\"item\":\"https:\\\/\\\/bambu-arquitectura.com\\\/\"},{\"@type\":\"ListItem\",\"position\":2,\"name\":\"Casa Dos Mangas\"}]},{\"@type\":\"WebSite\",\"@id\":\"https:\\\/\\\/bambu-arquitectura.com\\\/#website\",\"url\":\"https:\\\/\\\/bambu-arquitectura.com\\\/\",\"name\":\"Bamb\u00fa Arquitectura\",\"description\":\"Dise\u00f1os caba\u00f1as y casas de bamb\u00fa\",\"potentialAction\":[{\"@type\":\"SearchAction\",\"target\":{\"@type\":\"EntryPoint\",\"urlTemplate\":\"https:\\\/\\\/bambu-arquitectura.com\\\/?s={search_term_string}\"},\"query-input\":{\"@type\":\"PropertyValueSpecification\",\"valueRequired\":true,\"valueName\":\"search_term_string\"}}],\"inLanguage\":\"en-US\"}]}<\/script>\n<!-- \/ Yoast SEO plugin. -->","yoast_head_json":{"title":"House Dos Mangas - Bamb\u00fa Arquitectura Designs","robots":{"index":"index","follow":"follow","max-snippet":"max-snippet:-1","max-image-preview":"max-image-preview:large","max-video-preview":"max-video-preview:-1"},"canonical":"https:\/\/bambu-arquitectura.com\/en\/casa-bambu-dos-mangas\/","og_locale":"en_US","og_type":"article","og_title":"Casa Dos Mangas - Dise\u00f1os Bamb\u00fa Arquitectura","og_description":"Dise\u00f1o Casa de Bamb\u00fa Dos Mangas Construcci\u00f3n de una planta, sismo resistente. Cimentaci\u00f3n: hormig\u00f3n armado, estructura: bamb\u00fa curado, piso mixto (vigas compuestas de bamb\u00fa, encofrado&hellip;","og_url":"https:\/\/bambu-arquitectura.com\/en\/casa-bambu-dos-mangas\/","og_site_name":"Dise\u00f1os Bamb\u00fa Arquitectura","article_modified_time":"2022-09-07T21:45:31+00:00","og_image":[{"width":2560,"height":1280,"url":"https:\/\/bambu-arquitectura.com\/wp-content\/uploads\/2022\/09\/Casa-Dos-Mangas-060421a-scaled.webp","type":"image\/webp"}],"twitter_card":"summary_large_image","twitter_misc":{"Est. reading time":"3 minutes"},"schema":{"@context":"https:\/\/schema.org","@graph":[{"@type":"WebPage","@id":"https:\/\/bambu-arquitectura.com\/casa-bambu-dos-mangas\/","url":"https:\/\/bambu-arquitectura.com\/casa-bambu-dos-mangas\/","name":"House Dos Mangas - Bamb\u00fa Arquitectura Designs","isPartOf":{"@id":"https:\/\/bambu-arquitectura.com\/#website"},"primaryImageOfPage":{"@id":"https:\/\/bambu-arquitectura.com\/casa-bambu-dos-mangas\/#primaryimage"},"image":{"@id":"https:\/\/bambu-arquitectura.com\/casa-bambu-dos-mangas\/#primaryimage"},"thumbnailUrl":"https:\/\/bambu-arquitectura.com\/wp-content\/uploads\/2022\/09\/Casa-Dos-Mangas-060421a-scaled.webp","datePublished":"2021-04-06T16:50:36+00:00","dateModified":"2022-09-07T21:45:31+00:00","breadcrumb":{"@id":"https:\/\/bambu-arquitectura.com\/casa-bambu-dos-mangas\/#breadcrumb"},"inLanguage":"en-US","potentialAction":[{"@type":"ReadAction","target":["https:\/\/bambu-arquitectura.com\/casa-bambu-dos-mangas\/"]}]},{"@type":"ImageObject","inLanguage":"en-US","@id":"https:\/\/bambu-arquitectura.com\/casa-bambu-dos-mangas\/#primaryimage","url":"https:\/\/bambu-arquitectura.com\/wp-content\/uploads\/2022\/09\/Casa-Dos-Mangas-060421a-scaled.webp","contentUrl":"https:\/\/bambu-arquitectura.com\/wp-content\/uploads\/2022\/09\/Casa-Dos-Mangas-060421a-scaled.webp","width":2560,"height":1280},{"@type":"BreadcrumbList","@id":"https:\/\/bambu-arquitectura.com\/casa-bambu-dos-mangas\/#breadcrumb","itemListElement":[{"@type":"ListItem","position":1,"name":"Home","item":"https:\/\/bambu-arquitectura.com\/"},{"@type":"ListItem","position":2,"name":"Casa Dos Mangas"}]},{"@type":"WebSite","@id":"https:\/\/bambu-arquitectura.com\/#website","url":"https:\/\/bambu-arquitectura.com\/","name":"Bamb\u00fa Arquitectura","description":"Designing bamboo caba\u00f1as and bamboo houses","potentialAction":[{"@type":"SearchAction","target":{"@type":"EntryPoint","urlTemplate":"https:\/\/bambu-arquitectura.com\/?s={search_term_string}"},"query-input":{"@type":"PropertyValueSpecification","valueRequired":true,"valueName":"search_term_string"}}],"inLanguage":"en-US"}]}},"jetpack_sharing_enabled":true,"_links":{"self":[{"href":"https:\/\/bambu-arquitectura.com\/en\/wp-json\/wp\/v2\/pages\/667","targetHints":{"allow":["GET"]}}],"collection":[{"href":"https:\/\/bambu-arquitectura.com\/en\/wp-json\/wp\/v2\/pages"}],"about":[{"href":"https:\/\/bambu-arquitectura.com\/en\/wp-json\/wp\/v2\/types\/page"}],"author":[{"embeddable":true,"href":"https:\/\/bambu-arquitectura.com\/en\/wp-json\/wp\/v2\/users\/1"}],"replies":[{"embeddable":true,"href":"https:\/\/bambu-arquitectura.com\/en\/wp-json\/wp\/v2\/comments?post=667"}],"version-history":[{"count":13,"href":"https:\/\/bambu-arquitectura.com\/en\/wp-json\/wp\/v2\/pages\/667\/revisions"}],"predecessor-version":[{"id":1432,"href":"https:\/\/bambu-arquitectura.com\/en\/wp-json\/wp\/v2\/pages\/667\/revisions\/1432"}],"wp:featuredmedia":[{"embeddable":true,"href":"https:\/\/bambu-arquitectura.com\/en\/wp-json\/wp\/v2\/media\/1422"}],"wp:attachment":[{"href":"https:\/\/bambu-arquitectura.com\/en\/wp-json\/wp\/v2\/media?parent=667"}],"curies":[{"name":"wp","href":"https:\/\/api.w.org\/{rel}","templated":true}]}}