{"id":7,"date":"2020-09-02T19:30:49","date_gmt":"2020-09-02T19:30:49","guid":{"rendered":"http:\/\/bambu-arquitectura.com\/?page_id=7"},"modified":"2025-09-24T21:36:28","modified_gmt":"2025-09-24T16:36:28","slug":"bambu-arquitectura","status":"publish","type":"page","link":"https:\/\/bambu-arquitectura.com\/en\/","title":{"rendered":"Bamb\u00fa Arquitectura"},"content":{"rendered":"<h6 class=\"wp-block-heading\"><strong>Sustainable designs with bamboo<\/strong><\/h6>\n\n\n\n<p>Bamb\u00fa Arquitectura, the initiative of engineer Lucas Kremer, is dedicated to designing sustainable buildings, primarily using bamboo, the most sustainable material on our planet.<\/p>\n\n\n\n<h6 class=\"wp-block-heading\"><strong>Bamboo, the most sustainable material on the planet<\/strong><\/h6>\n\n\n\n<p>Bamboo and wood use energy from the sun and carbon dioxide to grow. During their growth, bamboo and wood consume large amounts of carbon dioxide and produce large amounts of oxygen. Excelent for the environmental balance. For the production of all other building materials, the process is reversed: large amounts of oxygen and a lot of energy (electricity, oil) are needed while large amounts of carbon dioxide are emitted. The construction industry (cement, bricks, concrete, steel, aluminum, plastic, asphalt, etc.) is causing much of the pollution and imbalance of our planet. <\/p>\n\n\n\n<p>Bamboo or wood? The bamboo used for constructions, Guadua angustifolia, grows in 5 years, much faster than wood (25 or more years). That is why it is preferable to use bamboo instead of wood. <\/p>\n\n\n\n<p>To make a truly sustainable construction, with a balance of zero carbon dioxide emission, you need bamboo.<\/p>\n\n\n\n<figure class=\"wp-block-image is-style-default\"><img loading=\"lazy\" decoding=\"async\" width=\"1024\" height=\"512\" src=\"https:\/\/bambu-arquitectura.com\/wp-content\/uploads\/2021\/04\/Casa-Dos-Mangas-060421a-1024x512.jpg\" alt=\"\" class=\"wp-image-690\" srcset=\"https:\/\/bambu-arquitectura.com\/wp-content\/uploads\/2021\/04\/Casa-Dos-Mangas-060421a-1024x512.jpg 1024w, https:\/\/bambu-arquitectura.com\/wp-content\/uploads\/2021\/04\/Casa-Dos-Mangas-060421a-300x150.jpg 300w, https:\/\/bambu-arquitectura.com\/wp-content\/uploads\/2021\/04\/Casa-Dos-Mangas-060421a-768x384.jpg 768w, https:\/\/bambu-arquitectura.com\/wp-content\/uploads\/2021\/04\/Casa-Dos-Mangas-060421a-1536x768.jpg 1536w, https:\/\/bambu-arquitectura.com\/wp-content\/uploads\/2021\/04\/Casa-Dos-Mangas-060421a-2048x1024.jpg 2048w, https:\/\/bambu-arquitectura.com\/wp-content\/uploads\/2021\/04\/Casa-Dos-Mangas-060421a-700x350.jpg 700w, https:\/\/bambu-arquitectura.com\/wp-content\/uploads\/2021\/04\/Casa-Dos-Mangas-060421a-150x75.jpg 150w\" sizes=\"auto, (max-width: 1024px) 100vw, 1024px\" \/><figcaption class=\"wp-element-caption\"><sup>Rendering<\/sup> <sup>of the design of a bamboo house in Dos Mangas made with Maxwell Studio<\/sup><\/figcaption><\/figure>\n\n\n\n<h6 class=\"wp-block-heading\"><strong>Construction method<\/strong><\/h6>\n\n\n\n<p>Bamboo is not very popular in the construction sector. With the industrialization of the construction sector, the use and knowledge of bamboo disappeared. Today it is difficult to find experienced workers. There are almost no engineers specialized in bamboo. The construction industry seems more attractive.<\/p>\n\n\n\n<p>To promote the use of bamboo in constructions, Bamb\u00fa Arquitectura developed a <a href=\"https:\/\/bambu-arquitectura.com\/en\/metodo-de-construccion\/\" target=\"_blank\" rel=\"noreferrer noopener\">new method<\/a> for the construction of caba\u00f1as and houses. An engineering-based method applicable for common workers in the construction sector. The method can also be used in the self-construction sector, common in the Americas.<\/p>\n\n\n\n<p>Using this new method, Bamb\u00fa Arquitectura offers architectural plans, technical drawings and cost estimates to build caba\u00f1as and bamboo houses.<\/p>\n\n\n\n<h6 class=\"wp-block-heading\"><strong>Bamboo<\/strong><\/h6>\n\n\n\n<p>Bamboo has strength, flexibility and beauty. It is an excellent material for earthquake resistant constructions.<\/p>\n\n\n\n<p>There are two species that can be used for construction: Guadua angustifolia and Bamb\u00fa gigante.<\/p>\n\n\n\n<p>Guadua angustifolia is strong and, due to its strength, very suitable for the structure of a construction.<\/p>\n\n\n\n<p>Bamb\u00fa gigante grows regularly, due to its regularity it is suitable for making wall coverings, ceilings, etc..<\/p>\n\n\n\n<p>Guadua can also be used for wall covering, ceilings, etc. Due to its irregularity, the Guadua gives a more rustic effect than Bamb\u00fa gigante.<\/p>\n\n\n\n<p>The technical standards for construction in Colombia, Ecuador and Peru allow the structural use of Guadua angustifolia.<\/p>\n\n\n\n<div data-wp-interactive=\"core\/file\" class=\"wp-block-file\"><object data-wp-bind--hidden=\"!state.hasPdfPreview\" hidden class=\"wp-block-file__embed\" data=\"https:\/\/bambu-arquitectura.com\/wp-content\/uploads\/2022\/12\/Casa-de-Bambu.pdf\" type=\"application\/pdf\" style=\"width:100%;height:440px\" aria-label=\"Embed of Download Bamboo House Presentation.\"><\/object><a id=\"wp-block-file--media-46f640f6-d5bd-4592-9e8d-c58445aaece1\" href=\"https:\/\/bambu-arquitectura.com\/wp-content\/uploads\/2022\/12\/Casa-de-Bambu.pdf\" target=\"_blank\" rel=\"noreferrer noopener\">Download Bamboo House Presentation<\/a><\/div>\n\n\n\n<p><\/p>\n\n\n\n<h6 class=\"wp-block-heading\"><strong>Preservation of bamboo<\/strong> <\/h6>\n\n\n\n<p>All bamboo in a building must be well preserved, otherwise insects quicly damage the bamboo.<\/p>\n\n\n\n<p>To preserve it, a basin with a solution of borax and boric acid can be used during 5 days. During these 5 days the preservative enters into the bamboo.<\/p>\n\n\n\n<p>To preserve the bamboo for the wall coverings, ceilings and roofs, the same solution of borax and boric acid can be used for three days. Instead of this treatment, a solution of maderol and diesel (1:10) can be used and applied with a brush (twice).<\/p>\n\n\n\n<p><\/p>","protected":false},"excerpt":{"rendered":"<p>Sustainable Bamboo Designs Bamb\u00fa Arquitectura, the initiative of engineer Lucas Kremer, is dedicated to designing sustainable buildings, primarily using bamboo, the most\u2026<\/p>","protected":false},"author":1,"featured_media":0,"parent":0,"menu_order":0,"comment_status":"closed","ping_status":"closed","template":"","meta":{"footnotes":""},"class_list":["post-7","page","type-page","status-publish","hentry"],"yoast_head":"<!-- This site is optimized with the Yoast SEO plugin v27.3 - https:\/\/yoast.com\/product\/yoast-seo-wordpress\/ -->\n<title>Bamb\u00fa Arquitectura - Dise\u00f1os Bamb\u00fa Arquitectura<\/title>\n<meta name=\"robots\" content=\"index, follow, max-snippet:-1, max-image-preview:large, max-video-preview:-1\" \/>\n<link rel=\"canonical\" href=\"https:\/\/bambu-arquitectura.com\/en\/\" \/>\n<meta property=\"og:locale\" content=\"en_US\" \/>\n<meta property=\"og:type\" content=\"article\" \/>\n<meta property=\"og:title\" content=\"Bamb\u00fa Arquitectura - Dise\u00f1os Bamb\u00fa Arquitectura\" \/>\n<meta property=\"og:description\" content=\"Dise\u00f1os sostenibles en bamb\u00fa Bamb\u00fa Arquitectura, la iniciativa del ingeniero Lucas Kremer, se dedica a dise\u00f1ar construcciones sostenibles, usando principalmente el bamb\u00fa, el material m\u00e1s&hellip;\" \/>\n<meta property=\"og:url\" content=\"https:\/\/bambu-arquitectura.com\/en\/\" \/>\n<meta property=\"og:site_name\" content=\"Dise\u00f1os Bamb\u00fa Arquitectura\" \/>\n<meta property=\"article:modified_time\" content=\"2025-09-24T16:36:28+00:00\" \/>\n<meta property=\"og:image\" content=\"https:\/\/bambu-arquitectura.com\/wp-content\/uploads\/2021\/04\/Casa-Dos-Mangas-060421a-scaled.jpg\" \/>\n\t<meta property=\"og:image:width\" content=\"2560\" \/>\n\t<meta property=\"og:image:height\" content=\"1280\" \/>\n\t<meta property=\"og:image:type\" content=\"image\/jpeg\" \/>\n<meta name=\"twitter:card\" content=\"summary_large_image\" \/>\n<meta name=\"twitter:label1\" content=\"Est. reading time\" \/>\n\t<meta name=\"twitter:data1\" content=\"3 minutes\" \/>\n<script type=\"application\/ld+json\" class=\"yoast-schema-graph\">{\"@context\":\"https:\\\/\\\/schema.org\",\"@graph\":[{\"@type\":[\"WebPage\",\"AboutPage\"],\"@id\":\"https:\\\/\\\/bambu-arquitectura.com\\\/\",\"url\":\"https:\\\/\\\/bambu-arquitectura.com\\\/\",\"name\":\"Bamb\u00fa Arquitectura - Dise\u00f1os Bamb\u00fa Arquitectura\",\"isPartOf\":{\"@id\":\"https:\\\/\\\/bambu-arquitectura.com\\\/#website\"},\"primaryImageOfPage\":{\"@id\":\"https:\\\/\\\/bambu-arquitectura.com\\\/#primaryimage\"},\"image\":{\"@id\":\"https:\\\/\\\/bambu-arquitectura.com\\\/#primaryimage\"},\"thumbnailUrl\":\"https:\\\/\\\/bambu-arquitectura.com\\\/wp-content\\\/uploads\\\/2021\\\/04\\\/Casa-Dos-Mangas-060421a-1024x512.jpg\",\"datePublished\":\"2020-09-02T19:30:49+00:00\",\"dateModified\":\"2025-09-24T16:36:28+00:00\",\"breadcrumb\":{\"@id\":\"https:\\\/\\\/bambu-arquitectura.com\\\/#breadcrumb\"},\"inLanguage\":\"en-US\",\"potentialAction\":[{\"@type\":\"ReadAction\",\"target\":[\"https:\\\/\\\/bambu-arquitectura.com\\\/\"]}]},{\"@type\":\"ImageObject\",\"inLanguage\":\"en-US\",\"@id\":\"https:\\\/\\\/bambu-arquitectura.com\\\/#primaryimage\",\"url\":\"https:\\\/\\\/bambu-arquitectura.com\\\/wp-content\\\/uploads\\\/2021\\\/04\\\/Casa-Dos-Mangas-060421a-1024x512.jpg\",\"contentUrl\":\"https:\\\/\\\/bambu-arquitectura.com\\\/wp-content\\\/uploads\\\/2021\\\/04\\\/Casa-Dos-Mangas-060421a-1024x512.jpg\"},{\"@type\":\"BreadcrumbList\",\"@id\":\"https:\\\/\\\/bambu-arquitectura.com\\\/#breadcrumb\",\"itemListElement\":[{\"@type\":\"ListItem\",\"position\":1,\"name\":\"Home\",\"item\":\"https:\\\/\\\/bambu-arquitectura.com\\\/\"},{\"@type\":\"ListItem\",\"position\":2,\"name\":\"Bamb\u00fa Arquitectura\"}]},{\"@type\":\"WebSite\",\"@id\":\"https:\\\/\\\/bambu-arquitectura.com\\\/#website\",\"url\":\"https:\\\/\\\/bambu-arquitectura.com\\\/\",\"name\":\"Bamb\u00fa Arquitectura\",\"description\":\"Dise\u00f1os caba\u00f1as y casas de bamb\u00fa\",\"potentialAction\":[{\"@type\":\"SearchAction\",\"target\":{\"@type\":\"EntryPoint\",\"urlTemplate\":\"https:\\\/\\\/bambu-arquitectura.com\\\/?s={search_term_string}\"},\"query-input\":{\"@type\":\"PropertyValueSpecification\",\"valueRequired\":true,\"valueName\":\"search_term_string\"}}],\"inLanguage\":\"en-US\"}]}<\/script>\n<!-- \/ Yoast SEO plugin. -->","yoast_head_json":{"title":"Bamb\u00fa Arquitectura - Bamb\u00fa Arquitectura Designs","robots":{"index":"index","follow":"follow","max-snippet":"max-snippet:-1","max-image-preview":"max-image-preview:large","max-video-preview":"max-video-preview:-1"},"canonical":"https:\/\/bambu-arquitectura.com\/en\/","og_locale":"en_US","og_type":"article","og_title":"Bamb\u00fa Arquitectura - Dise\u00f1os Bamb\u00fa Arquitectura","og_description":"Dise\u00f1os sostenibles en bamb\u00fa Bamb\u00fa Arquitectura, la iniciativa del ingeniero Lucas Kremer, se dedica a dise\u00f1ar construcciones sostenibles, usando principalmente el bamb\u00fa, el material m\u00e1s&hellip;","og_url":"https:\/\/bambu-arquitectura.com\/en\/","og_site_name":"Dise\u00f1os Bamb\u00fa Arquitectura","article_modified_time":"2025-09-24T16:36:28+00:00","og_image":[{"width":2560,"height":1280,"url":"https:\/\/bambu-arquitectura.com\/wp-content\/uploads\/2021\/04\/Casa-Dos-Mangas-060421a-scaled.jpg","type":"image\/jpeg"}],"twitter_card":"summary_large_image","twitter_misc":{"Est. reading time":"3 minutes"},"schema":{"@context":"https:\/\/schema.org","@graph":[{"@type":["WebPage","AboutPage"],"@id":"https:\/\/bambu-arquitectura.com\/","url":"https:\/\/bambu-arquitectura.com\/","name":"Bamb\u00fa Arquitectura - Bamb\u00fa Arquitectura Designs","isPartOf":{"@id":"https:\/\/bambu-arquitectura.com\/#website"},"primaryImageOfPage":{"@id":"https:\/\/bambu-arquitectura.com\/#primaryimage"},"image":{"@id":"https:\/\/bambu-arquitectura.com\/#primaryimage"},"thumbnailUrl":"https:\/\/bambu-arquitectura.com\/wp-content\/uploads\/2021\/04\/Casa-Dos-Mangas-060421a-1024x512.jpg","datePublished":"2020-09-02T19:30:49+00:00","dateModified":"2025-09-24T16:36:28+00:00","breadcrumb":{"@id":"https:\/\/bambu-arquitectura.com\/#breadcrumb"},"inLanguage":"en-US","potentialAction":[{"@type":"ReadAction","target":["https:\/\/bambu-arquitectura.com\/"]}]},{"@type":"ImageObject","inLanguage":"en-US","@id":"https:\/\/bambu-arquitectura.com\/#primaryimage","url":"https:\/\/bambu-arquitectura.com\/wp-content\/uploads\/2021\/04\/Casa-Dos-Mangas-060421a-1024x512.jpg","contentUrl":"https:\/\/bambu-arquitectura.com\/wp-content\/uploads\/2021\/04\/Casa-Dos-Mangas-060421a-1024x512.jpg"},{"@type":"BreadcrumbList","@id":"https:\/\/bambu-arquitectura.com\/#breadcrumb","itemListElement":[{"@type":"ListItem","position":1,"name":"Home","item":"https:\/\/bambu-arquitectura.com\/"},{"@type":"ListItem","position":2,"name":"Bamb\u00fa Arquitectura"}]},{"@type":"WebSite","@id":"https:\/\/bambu-arquitectura.com\/#website","url":"https:\/\/bambu-arquitectura.com\/","name":"Bamb\u00fa Arquitectura","description":"Designing bamboo caba\u00f1as and bamboo houses","potentialAction":[{"@type":"SearchAction","target":{"@type":"EntryPoint","urlTemplate":"https:\/\/bambu-arquitectura.com\/?s={search_term_string}"},"query-input":{"@type":"PropertyValueSpecification","valueRequired":true,"valueName":"search_term_string"}}],"inLanguage":"en-US"}]}},"jetpack_sharing_enabled":true,"_links":{"self":[{"href":"https:\/\/bambu-arquitectura.com\/en\/wp-json\/wp\/v2\/pages\/7","targetHints":{"allow":["GET"]}}],"collection":[{"href":"https:\/\/bambu-arquitectura.com\/en\/wp-json\/wp\/v2\/pages"}],"about":[{"href":"https:\/\/bambu-arquitectura.com\/en\/wp-json\/wp\/v2\/types\/page"}],"author":[{"embeddable":true,"href":"https:\/\/bambu-arquitectura.com\/en\/wp-json\/wp\/v2\/users\/1"}],"replies":[{"embeddable":true,"href":"https:\/\/bambu-arquitectura.com\/en\/wp-json\/wp\/v2\/comments?post=7"}],"version-history":[{"count":32,"href":"https:\/\/bambu-arquitectura.com\/en\/wp-json\/wp\/v2\/pages\/7\/revisions"}],"predecessor-version":[{"id":1662,"href":"https:\/\/bambu-arquitectura.com\/en\/wp-json\/wp\/v2\/pages\/7\/revisions\/1662"}],"wp:attachment":[{"href":"https:\/\/bambu-arquitectura.com\/en\/wp-json\/wp\/v2\/media?parent=7"}],"curies":[{"name":"wp","href":"https:\/\/api.w.org\/{rel}","templated":true}]}}